{"id":41133,"date":"2022-12-22T19:38:52","date_gmt":"2022-12-22T19:38:52","guid":{"rendered":"https:\/\/www.sisinternational.com\/?page_id=41133"},"modified":"2026-01-24T21:28:54","modified_gmt":"2026-01-25T02:28:54","slug":"badania-rynku-w-saint-lucia","status":"publish","type":"page","link":"https:\/\/www.sisinternational.com\/pl\/zasieg\/badania-rynku-na-karaibach\/badania-rynku-w-saint-lucia\/","title":{"rendered":"Badania rynku w Saint Lucia"},"content":{"rendered":"<h1 class=\"wp-block-heading\">Badania rynku w Saint Lucia<\/h1>\n\n\n\n<figure class=\"gb-block-image gb-block-image-b93d64fd\"><img loading=\"lazy\" decoding=\"async\" width=\"1456\" height=\"816\" class=\"gb-image gb-image-b93d64fd\" src=\"https:\/\/www.sisinternational.com\/wp-content\/uploads\/2025\/09\/Saint-Lucia-3.jpg\" alt=\"SIS Mi\u0119dzynarodowe badania rynku i strategia\" title=\"Saint Lucia (3)\" srcset=\"https:\/\/www.sisinternational.com\/wp-content\/uploads\/2025\/09\/Saint-Lucia-3.jpg 1456w, https:\/\/www.sisinternational.com\/wp-content\/uploads\/2025\/09\/Saint-Lucia-3-300x168.jpg 300w, https:\/\/www.sisinternational.com\/wp-content\/uploads\/2025\/09\/Saint-Lucia-3-1024x574.jpg 1024w, https:\/\/www.sisinternational.com\/wp-content\/uploads\/2025\/09\/Saint-Lucia-3-768x430.jpg 768w, https:\/\/www.sisinternational.com\/wp-content\/uploads\/2025\/09\/Saint-Lucia-3-18x10.jpg 18w\" sizes=\"auto, (max-width: 1456px) 100vw, 1456px\"><\/figure>\n\n\n\n<p><\/p>\n\n\n\n<hr class=\"wp-block-separator has-alpha-channel-opacity is-style-dots\"\/>\n\n\n\n<p>Saint Lucia to wschodniokaraibskie pa\u0144stwo na Wyspach Zawietrznych, na p\u00f3\u0142nocny zach\u00f3d od Barbadosu i na p\u00f3\u0142noc\/p\u00f3\u0142nocny wsch\u00f3d od Saint Vincent. Zajmuje powierzchni\u0119 238 mil kwadratowych i jest domem dla oko\u0142o 180 000 os\u00f3b. Jest to jedno z dw\u00f3ch suwerennych pa\u0144stw nazwanych na cze\u015b\u0107 kobiety (drugim jest Irlandia).<\/p>\n\n\n\n<h2 class=\"wp-block-heading\">Kluczowe bran\u017ce<\/h2>\n\n\n\n<p>Saint Lucia has shifted from being a single-crop economy. The island\u2019s most crucial <a href=\"https:\/\/www.sisinternational.com\/pl\/rozwiazania\/badania-rynku-i-doradztwo-strategiczne-w-zakresie-sztucznej-inteligencji\/ai-adoption-travel-hospitality-tourism-industry-consulting\/\" title=\"Wdra\u017canie AI w bran\u017cy podr\u00f3\u017cy, hotelarstwa i turystyki Konsultacje\"  data-wpil-monitor-id=\"9234\">industry is now tourism<\/a>. That sector is also the primary source of income, jobs, and foreign exchange earnings. It accounts for two-thirds of the island\u2019s GDP. The biggest industry used to be banana exports. Although that has declined, farm workers comprise one-fifth of jobs. The island also exports mangoes and avocados. Saint Lucia also has a well-developed manufacturing industry, and the financial services sector is growing.<\/p>\n\n\n\n<h2 class=\"wp-block-heading\">Osiedla<\/h2>\n\n\n\n<h3 class=\"wp-block-heading\">Castries<\/h3>\n\n\n\n<p>Castries jest stolic\u0105 i siedzib\u0105 rz\u0105du. W Castries znajduj\u0105 si\u0119 r\u00f3wnie\u017c siedziby wielu lokalnych i zagranicznych firm. Jednym z miejsc wartych odwiedzenia jest Derek Walcott Square w centrum miasta.<\/p>\n\n\n\n<h3 class=\"wp-block-heading\">Anse La Raye<\/h3>\n\n\n\n<p>To urocza wioska rybacka na zachodnim wybrze\u017cu. Wie\u015b jest znana z Friday Night Seafood Street Party.<\/p>\n\n\n\n<h3 class=\"wp-block-heading\">Stary Fort<\/h3>\n\n\n\n<p>Drugie co do wielko\u015bci miasto w Saint Lucia jest domem du\u017cego lotniska. Odwiedzaj\u0105cy znajd\u0105 stare centrum miasta w pobli\u017cu portu. Ma osza\u0142amiaj\u0105cy ko\u015bci\u00f3\u0142 i pi\u0119kne zabytkowe budynki. P\u00f3\u0142nocny kraniec jest bardziej nowoczesny i jest domem dzielnicy handlowej miasta.<\/p>\n\n\n\n<h2 class=\"wp-block-heading\">Trendy<\/h2>\n\n\n\n<p>Saint Lucia stoi teraz przed wyzwaniem wojny na Ukrainie. Wyspa jest zale\u017cna od importu energii i \u017cywno\u015bci. Nadal dochodzi do siebie po niedawnym globalnym kryzysie, kt\u00f3ry wp\u0142yn\u0105\u0142 na gospodark\u0119 zale\u017cn\u0105 od turystyki. Te niepowodzenia pog\u0142\u0119bi\u0142y problemy z powodu niskiego wzrostu. Saint Lucia jest r\u00f3wnie\u017c podatna na zmiany klimatu i kl\u0119ski \u017cywio\u0142owe. Potrzeby finansowe i wysoki d\u0142ug publiczny, kt\u00f3ry wzr\u00f3s\u0142 podczas kryzysu, to inne ra\u017c\u0105ce ryzyka kr\u00f3tkoterminowe.<\/p>\n\n\n\n<h2 class=\"wp-block-heading\">Korzy\u015bci i mocne strony na rynku<\/h2>\n\n\n\n<p>St. Lucia has many strengths that make it an ideal place to invest. The country performs well on global indicators. It has economic freedom, the government is effective, and starting a business is easy. Also, there are no restrictions on capital flows. The island\u2019s <a href=\"https:\/\/www.sisinternational.com\/pl\/rozwiazania\/podroze-turystyka-hotelarstwo-doradztwo\/cultural-tourism-consulting\/\" title=\"Doradztwo w zakresie turystyki kulturowej\"  data-wpil-monitor-id=\"9236\">cultural<\/a> heritage and natural beauty are key drivers of tourism. Another vital area is the financial services industry, which is ripe for expansion and real growth.<\/p>\n\n\n\n<h2 class=\"wp-block-heading\">Baza konsument\u00f3w<\/h2>\n\n\n\n<p>Oko\u0142o 5 procent mieszka\u0144c\u00f3w Saint Lucia \u017cyje poni\u017cej granicy ub\u00f3stwa. Pozytywnym aspektem jest to, \u017ce dost\u0119p do elektryczno\u015bci wynosi prawie 100 procent. Dost\u0119p do Internetu wynosi oko\u0142o 63 procent. Dwie trzecie tych u\u017cytkownik\u00f3w korzysta z medi\u00f3w spo\u0142eczno\u015bciowych, a zasi\u0119g reklam na Facebooku wynosi prawie 50 procent. Tylko jedna pi\u0105ta mieszka\u0144c\u00f3w Saint Lucia mieszka w o\u015brodkach miejskich, a reszta pozostaje na obszarach wiejskich.<\/p>\n\n\n\n<h2 class=\"wp-block-heading\">Powody, dla kt\u00f3rych warto rozwija\u0107 sw\u00f3j biznes na rynku Saint Lucia<\/h2>\n\n\n\n<p>Saint Lucia is ideal for servicing regional, global, and virtual markets. The country offers an attractive climate for foreign investment with its sound policies and prudent planning. It also has well-tailored concessions for large and small investment projects. The private sector has good access to <a href=\"https:\/\/www.sisinternational.com\/pl\/rozwiazania\/doradztwo-strategiczne-fintech-badania\/credit-card-market-research\/\" title=\"Badania rynku kart kredytowych\"  data-wpil-monitor-id=\"9235\">credit in the local market<\/a>. Also, Saint Lucia has some of the highest literacy rates in the region.<\/p>\n\n\n\n<h2 class=\"wp-block-heading\">O badaniach rynkowych w Saint Lucia<\/h2>\n\n\n\n<p>SIS International is a leading market research company that offers Quantitative and Qualitative Market Research on trends in Saint Lucia. We conduct affordable, fast, and high-quality Strategy Market Research. We also do Competitive Analysis to provide insights to help you make critical data-driven decisions. Our Focus Groups, Surveys, and Interviews will further enhance your <a href=\"https:\/\/www.sisinternational.com\/pl\/ekspertyza\/branze\/diesel-market-research\/\" title=\"Badania rynku oleju nap\u0119dowego\"  data-wpil-monitor-id=\"3496\">Badania wej\u015bcia na rynek<\/a>.<\/p>\n\n\n\n<p><\/p>","protected":false},"excerpt":{"rendered":"<p>Saint Lucia ma wiele atut\u00f3w, co czyni j\u0105 idealnym miejscem do inwestowania. SIS International oferuje wiod\u0105ce badania rynku dotycz\u0105ce trend\u00f3w w Saint Lucia.<\/p>","protected":false},"author":1,"featured_media":66350,"parent":33287,"menu_order":17,"comment_status":"closed","ping_status":"closed","template":"","meta":{"footnotes":""},"class_list":["post-41133","page","type-page","status-publish","has-post-thumbnail"],"_links":{"self":[{"href":"https:\/\/www.sisinternational.com\/pl\/wp-json\/wp\/v2\/pages\/41133","targetHints":{"allow":["GET"]}}],"collection":[{"href":"https:\/\/www.sisinternational.com\/pl\/wp-json\/wp\/v2\/pages"}],"about":[{"href":"https:\/\/www.sisinternational.com\/pl\/wp-json\/wp\/v2\/types\/page"}],"author":[{"embeddable":true,"href":"https:\/\/www.sisinternational.com\/pl\/wp-json\/wp\/v2\/users\/1"}],"replies":[{"embeddable":true,"href":"https:\/\/www.sisinternational.com\/pl\/wp-json\/wp\/v2\/comments?post=41133"}],"version-history":[{"count":4,"href":"https:\/\/www.sisinternational.com\/pl\/wp-json\/wp\/v2\/pages\/41133\/revisions"}],"predecessor-version":[{"id":81544,"href":"https:\/\/www.sisinternational.com\/pl\/wp-json\/wp\/v2\/pages\/41133\/revisions\/81544"}],"up":[{"embeddable":true,"href":"https:\/\/www.sisinternational.com\/pl\/wp-json\/wp\/v2\/pages\/33287"}],"wp:featuredmedia":[{"embeddable":true,"href":"https:\/\/www.sisinternational.com\/pl\/wp-json\/wp\/v2\/media\/66350"}],"wp:attachment":[{"href":"https:\/\/www.sisinternational.com\/pl\/wp-json\/wp\/v2\/media?parent=41133"}],"curies":[{"name":"wp","href":"https:\/\/api.w.org\/{rel}","templated":true}]}}