{"id":41126,"date":"2022-12-22T19:21:50","date_gmt":"2022-12-22T19:21:50","guid":{"rendered":"https:\/\/www.sisinternational.com\/?page_id=41126"},"modified":"2026-01-24T21:28:56","modified_gmt":"2026-01-25T02:28:56","slug":"badania-rynku-w-anguilli","status":"publish","type":"page","link":"https:\/\/www.sisinternational.com\/pl\/zasieg\/badania-rynku-na-karaibach\/badania-rynku-w-anguilli\/","title":{"rendered":"Badania rynku w Anguilli"},"content":{"rendered":"<h1 class=\"wp-block-heading\">Badania rynku w Anguilli<\/h1>\n\n\n\n<figure class=\"gb-block-image gb-block-image-b274facd\"><img loading=\"lazy\" decoding=\"async\" width=\"1456\" height=\"816\" class=\"gb-image gb-image-b274facd\" src=\"https:\/\/www.sisinternational.com\/wp-content\/uploads\/2025\/09\/Anguilla-3.jpg\" alt=\"SIS Mi\u0119dzynarodowe badania rynku i strategia\" title=\"Anguilla (3)\" srcset=\"https:\/\/www.sisinternational.com\/wp-content\/uploads\/2025\/09\/Anguilla-3.jpg 1456w, https:\/\/www.sisinternational.com\/wp-content\/uploads\/2025\/09\/Anguilla-3-300x168.jpg 300w, https:\/\/www.sisinternational.com\/wp-content\/uploads\/2025\/09\/Anguilla-3-1024x574.jpg 1024w, https:\/\/www.sisinternational.com\/wp-content\/uploads\/2025\/09\/Anguilla-3-768x430.jpg 768w, https:\/\/www.sisinternational.com\/wp-content\/uploads\/2025\/09\/Anguilla-3-18x10.jpg 18w\" sizes=\"auto, (max-width: 1456px) 100vw, 1456px\"><\/figure>\n\n\n\n<p><\/p>\n\n\n\n<p>Anguilla to brytyjskie terytorium zamorskie na Karaibach. Le\u017cy na wsch\u00f3d od Wysp Dziewiczych i Portoryko oraz na p\u00f3\u0142noc od Saint Martin. Ca\u0142kowita powierzchnia l\u0105du wynosi 35 mil kwadratowych. Ta p\u0142aska, nisko po\u0142o\u017cona wyspa koralowa ma ma\u0142o ziemi uprawnej, poniewa\u017c jej gleba jest cienka i uboga. Stolic\u0105 Anguilli jest The Valley.<\/p>\n\n\n\n<h2 class=\"wp-block-heading\">Kluczowe bran\u017ce<\/h2>\n\n\n\n<p>Czyste, b\u0142\u0119kitne wody i pi\u0119kne rafy koralowe otaczaj\u0105 Anguill\u0119. Podobnie jak 33 dziewicze pla\u017ce otoczone palmami. Nic wi\u0119c dziwnego, \u017ce luksusowa turystyka jest jednym z filar\u00f3w gospodarki Anguilli. Innym filarem s\u0105 us\u0142ugi finansowe offshore, kt\u00f3re Anguilla oferuje szerokiej lokalnej i globalnej klienteli. Trzecim filarem jest rybo\u0142\u00f3wstwo, b\u0119d\u0105ce dzia\u0142alno\u015bci\u0105 turystyczn\u0105 i przemys\u0142em komercyjnym.<\/p>\n\n\n\n<h2 class=\"wp-block-heading\">Osiedla<\/h2>\n\n\n\n<h3 class=\"wp-block-heading\">Zatoka Mead&#039;a<\/h3>\n\n\n\n<p>Laying between Long Bay and West End Village, it is ideal for first-time visitors to the island. This prime location allows visitors to access several picturesque beaches. It\u2019s also close to the best <a href=\"https:\/\/www.sisinternational.com\/pl\/rozwiazania\/podroze-turystyka-hotelarstwo-doradztwo\/hotel-restaurant-marketing-consulting\/\" title=\"Doradztwo Marketingowe Hotelu Restauracji\"  data-wpil-monitor-id=\"9329\">hotels and restaurants<\/a>.<\/p>\n\n\n\n<h3 class=\"wp-block-heading\">Piaskowa ziemia<\/h3>\n\n\n\n<p>Blisko \u015brodka wyspy, idealne dla podr\u00f3\u017cuj\u0105cych z ograniczonym bud\u017cetem. Kilka prywatnych rezydencji jest dost\u0119pnych do wynaj\u0119cia. Dzi\u0119ki temu odwiedzaj\u0105cy mog\u0105 cieszy\u0107 si\u0119 wysp\u0105 bez nadwyr\u0119\u017cania bud\u017cetu.<\/p>\n\n\n\n<h3 class=\"wp-block-heading\">Punkt przedmuchu<\/h3>\n\n\n\n<p>Najlepsze miejsce dla rodzin. Jest blisko wszystkich atrakcji wyspy. Jest r\u00f3wnie\u017c zaledwie kilka minut od lotniska i terminalu promowego.<\/p>\n\n\n\n<h2 class=\"wp-block-heading\">Trendy<\/h2>\n\n\n\n<p>Anguilla podnosi si\u0119 po niedawnym spadku liczby turyst\u00f3w spowodowanym blokadami pandemicznymi. Mimo to wyspa ma solidne perspektywy \u015brednioterminowe. Jednym z czynnik\u00f3w nap\u0119dzaj\u0105cych wzrost jest odnowienie pasa startowego na jedynym lotnisku na wyspie. Innym czynnikiem jest sprzeda\u017c i modernizacja CuisinArt, czo\u0142owego o\u015brodka wypoczynkowego. Inflacja mocno uderzy\u0142a w Anguill\u0119, szczeg\u00f3lnie w ceny \u017cywno\u015bci. Ceny paliwa, sprz\u0119tu gospodarstwa domowego i bilet\u00f3w lotniczych r\u00f3wnie\u017c gwa\u0142townie wzros\u0142y.<\/p>\n\n\n\n<h2 class=\"wp-block-heading\">Korzy\u015bci i mocne strony na rynku<\/h2>\n\n\n\n<p>People doing business in Anguilla can enjoy the island\u2019s political stability. It also has a favorable corporate tax regime with no income taxes. Direct, corporate, capital gains, and inheritance taxes are also non-existent. The working environment is very relaxed. It has a solid but flexible legal framework based on English Common Law. This framework provides favorable laws and policies for those wishing to do business.<\/p>\n\n\n\n<h2 class=\"wp-block-heading\">Baza konsument\u00f3w<\/h2>\n\n\n\n<p>Most of the residents of Anguilla are of African descent. It has a few Whites and people of mixed race. About a quarter of the people are ex-pats. They hail from the US, the UK, <a href=\"https:\/\/www.sisinternational.com\/pl\/zasieg\/ameryka\/badania-rynku-na-karaibach\/badania-rynku-st-kitts-nevis\/\" title=\"Badania rynku w St. Kitts i Nevis\"  data-wpil-monitor-id=\"9327\">St. Kitts &amp; Nevis<\/a>, Jamaica, the Dominican Republic, and also Nigeria. Many Indian, Chinese, and Mexican workers moved to the island in 2006-2007. They came to work in the tourism industry as the local population could not supply the labor needed.<\/p>\n\n\n\n<h2 class=\"wp-block-heading\">Powody, dla kt\u00f3rych warto rozwija\u0107 sw\u00f3j biznes na rynku Anguilli<\/h2>\n\n\n\n<p>Anguilla is one of the most attractive <a href=\"https:\/\/www.sisinternational.com\/pl\/rozwiazania\/rozwiazania-w-zakresie-brandingu-i-badan-klientow\/badania-rynku-testowanie-produktow\/najlepsza-firma-zajmujaca-sie-testowaniem-lokalizacji-centralnych\/\" title=\"Najlepsza firma testuj\u0105ca w centralnej lokalizacji\"  data-wpil-monitor-id=\"9330\">locations to start a company<\/a>. It\u2019s easy for a <a href=\"https:\/\/www.sisinternational.com\/pl\/setting-up-a-business-in-turkey\/\" title=\"Zak\u0142adanie firmy w Turcji\"  data-wpil-monitor-id=\"9331\">business to set<\/a> up shop. One can incorporate an offshore company within minutes. It\u2019s straightforward if doing it online with the help of a sub-agent. The island offers investor privacy and trademark protection. Also, Anguilla does not enforce any currency controls. So investors can move their money freely and hold funds in any currency of their choice.<\/p>\n\n\n\n<h2 class=\"wp-block-heading\">O badaniach rynkowych w Anguilli<\/h2>\n\n\n\n<p>SIS International offers an in-depth guide to the <a href=\"https:\/\/www.sisinternational.com\/pl\/rozwiazania\/doradztwo-strategiczne\/market-entry-feasibility-sizing-studies\/\" title=\"Studia wej\u015bcia na rynek, wykonalno\u015bci i okre\u015blania wielko\u015bci\"  data-wpil-monitor-id=\"9326\">size and shape of the Anguilla market<\/a>. You get the best <a href=\"https:\/\/www.sisinternational.com\/pl\/ekspertyza\/branze\/diesel-market-research\/\" title=\"Badania rynku oleju nap\u0119dowego\"  data-wpil-monitor-id=\"3500\">Badania wielko\u015bci rynku<\/a>. Plus, we\u2019ll do a <a href=\"https:\/\/www.sisinternational.com\/pl\/rozwiazania\/doradztwo-strategiczne\/competitive-intelligence-training-and-strategy\/\" title=\"Szkolenia i strategie wywiadu konkurencyjnego\"  data-wpil-monitor-id=\"9332\">Competitive<\/a> Analysis to help you form your Go-to-Market Strategy. We also do Quantitative and <a href=\"https:\/\/www.sisinternational.com\/pl\/tools-and-resources-for-qualitative-market-research\/\" title=\"Tools and Resources for Qualitative Market Research\"  data-wpil-monitor-id=\"9325\">Jako\u015bciowe badania rynku<\/a>. Thus, we help you to find the sectors driving growth. Our tools include Interviews, Surveys, and Focus Groups. These give you <a href=\"https:\/\/www.sisinternational.com\/pl\/how-to-conduct-in-depth-interviews-for-market-insights\/\" title=\"Jak przeprowadza\u0107 pog\u0142\u0119bione wywiady w celu uzyskania wgl\u0105du w rynek\"  data-wpil-monitor-id=\"9328\">insights into the strength of the market<\/a> and how it will receive your products or services.<\/p>\n\n\n\n<p><\/p>","protected":false},"excerpt":{"rendered":"<p>Anguilla jest jedn\u0105 z najbardziej atrakcyjnych lokalizacji do za\u0142o\u017cenia firmy. SIS International oferuje dog\u0142\u0119bny przewodnik po badaniach rynku.<\/p>","protected":false},"author":1,"featured_media":66204,"parent":33287,"menu_order":16,"comment_status":"closed","ping_status":"closed","template":"","meta":{"footnotes":""},"class_list":["post-41126","page","type-page","status-publish","has-post-thumbnail"],"_links":{"self":[{"href":"https:\/\/www.sisinternational.com\/pl\/wp-json\/wp\/v2\/pages\/41126","targetHints":{"allow":["GET"]}}],"collection":[{"href":"https:\/\/www.sisinternational.com\/pl\/wp-json\/wp\/v2\/pages"}],"about":[{"href":"https:\/\/www.sisinternational.com\/pl\/wp-json\/wp\/v2\/types\/page"}],"author":[{"embeddable":true,"href":"https:\/\/www.sisinternational.com\/pl\/wp-json\/wp\/v2\/users\/1"}],"replies":[{"embeddable":true,"href":"https:\/\/www.sisinternational.com\/pl\/wp-json\/wp\/v2\/comments?post=41126"}],"version-history":[{"count":4,"href":"https:\/\/www.sisinternational.com\/pl\/wp-json\/wp\/v2\/pages\/41126\/revisions"}],"predecessor-version":[{"id":81561,"href":"https:\/\/www.sisinternational.com\/pl\/wp-json\/wp\/v2\/pages\/41126\/revisions\/81561"}],"up":[{"embeddable":true,"href":"https:\/\/www.sisinternational.com\/pl\/wp-json\/wp\/v2\/pages\/33287"}],"wp:featuredmedia":[{"embeddable":true,"href":"https:\/\/www.sisinternational.com\/pl\/wp-json\/wp\/v2\/media\/66204"}],"wp:attachment":[{"href":"https:\/\/www.sisinternational.com\/pl\/wp-json\/wp\/v2\/media?parent=41126"}],"curies":[{"name":"wp","href":"https:\/\/api.w.org\/{rel}","templated":true}]}}