{"id":41094,"date":"2022-12-13T06:04:20","date_gmt":"2022-12-13T06:04:20","guid":{"rendered":"https:\/\/www.sisinternational.com\/?page_id=41094"},"modified":"2026-01-24T21:28:57","modified_gmt":"2026-01-25T02:28:57","slug":"badania-rynku-wyspy-dziewicze-usa","status":"publish","type":"page","link":"https:\/\/www.sisinternational.com\/pl\/zasieg\/badania-rynku-na-karaibach\/badania-rynku-wyspy-dziewicze-usa\/","title":{"rendered":"Badania rynku na Wyspach Dziewiczych Stan\u00f3w Zjednoczonych"},"content":{"rendered":"<h1 class=\"wp-block-heading\">Badania rynku na Wyspach Dziewiczych Stan\u00f3w Zjednoczonych<\/h1>\n\n\n\n<p><\/p>\n\n\n\n<figure class=\"gb-block-image gb-block-image-995c3e9e\"><img loading=\"lazy\" decoding=\"async\" width=\"1456\" height=\"816\" class=\"gb-image gb-image-995c3e9e\" src=\"https:\/\/www.sisinternational.com\/wp-content\/uploads\/2025\/09\/US-Virgin-islands-2.jpg\" alt=\"SIS Mi\u0119dzynarodowe badania rynku i strategia\" title=\"US Virgin islands (2)\" srcset=\"https:\/\/www.sisinternational.com\/wp-content\/uploads\/2025\/09\/US-Virgin-islands-2.jpg 1456w, https:\/\/www.sisinternational.com\/wp-content\/uploads\/2025\/09\/US-Virgin-islands-2-300x168.jpg 300w, https:\/\/www.sisinternational.com\/wp-content\/uploads\/2025\/09\/US-Virgin-islands-2-1024x574.jpg 1024w, https:\/\/www.sisinternational.com\/wp-content\/uploads\/2025\/09\/US-Virgin-islands-2-768x430.jpg 768w, https:\/\/www.sisinternational.com\/wp-content\/uploads\/2025\/09\/US-Virgin-islands-2-18x10.jpg 18w\" sizes=\"auto, (max-width: 1456px) 100vw, 1456px\"><\/figure>\n\n\n\n<p><\/p>\n\n\n\n<hr class=\"wp-block-separator has-alpha-channel-opacity is-style-dots\"\/>\n\n\n\n<p>Wyspy Dziewicze Stan\u00f3w Zjednoczonych le\u017c\u0105 w pobli\u017cu Wielkich Antyli, oko\u0142o 40 mil na wsch\u00f3d od Portoryko. Wyspy znajduj\u0105 si\u0119 w p\u00f3\u0142nocno-wschodniej cz\u0119\u015bci Morza Karaibskiego. USVI to zorganizowane, niezarejestrowane terytorium wyspiarskie USA i cz\u0119\u015b\u0107 Grupy Wysp Dziewiczych, kt\u00f3ra obejmuje s\u0105siaduj\u0105ce z ni\u0105 Brytyjskie Wyspy Dziewicze. USVI sk\u0142ada si\u0119 z trzech du\u017cych wysp \u2013 St. Thomas, St. Croix i St. John \u2013 oraz co najmniej 50 ma\u0142ych cays i wysepek.<\/p>\n\n\n\n<h2 class=\"wp-block-heading\">Kluczowe bran\u017ce<\/h2>\n\n\n\n<ul class=\"wp-block-list\">\n<li>Us\u0142ugi finansowe<\/li>\n\n\n\n<li>Destylacja rumu<\/li>\n\n\n\n<li>Monta\u017c zegarka<\/li>\n\n\n\n<li>Produkty farmaceutyczne<\/li>\n\n\n\n<li>Turystyka<\/li>\n\n\n\n<li>Informacje techniczne<\/li>\n<\/ul>\n\n\n\n<h2 class=\"wp-block-heading\">G\u0142\u00f3wne miasta<\/h2>\n\n\n\n<ul class=\"wp-block-list\">\n<li><strong>Charlotte Amalie, \u015aw. Tomasz<\/strong> \u2013 Charlotte Amalie jest stolic\u0105 Wysp Dziewiczych Stan\u00f3w Zjednoczonych. Jest to r\u00f3wnie\u017c najwi\u0119ksze miasto na wyspie St. Thomas. Znajdziesz tam najlepsze restauracje i sklepy oraz wszystkie g\u0142\u00f3wne w\u0119z\u0142y transportowe.<\/li>\n\n\n\n<li><strong>Christiansted, St. Croix<\/strong> \u2013 Za\u0142o\u017cone w 1734 r. w St. Croix, Christiansted jest najwi\u0119kszym miastem na wyspie. Wyr\u00f3\u017cnia si\u0119 unikaln\u0105 afryka\u0144sko-du\u0144sk\u0105 architektur\u0105 po\u0142\u0105czon\u0105 z wieloma zabytkowymi budynkami. Innym kluczowym punktem jest to, \u017ce nurkowanie jest g\u0142\u00f3wn\u0105 atrakcj\u0105 w tym mie\u015bcie, a kilka bardzo dobrych miejsc do nurkowania znajduje si\u0119 u wybrze\u017cy.<\/li>\n\n\n\n<li><strong>Zatoka Cruz, St. John<\/strong> \u2013 Zakupy, restauracje i \u017cycie nocne (w tym kasyno) czekaj\u0105 na odwiedzaj\u0105cych to popularne miasto. W pobli\u017cu znajduje si\u0119 pla\u017ca Cruz Bay. Bary i sklepy ci\u0105gn\u0105 si\u0119 wzd\u0142u\u017c tego ruchliwego odcinka wybrze\u017ca. Cruz Bay to kurort turystyczny, wi\u0119c oferuje szerok\u0105 gam\u0119 touroperator\u00f3w oferuj\u0105cych wiele r\u00f3\u017cnych us\u0142ug.<\/li>\n<\/ul>\n\n\n\n<h2 class=\"wp-block-heading\">Trendy<\/h2>\n\n\n\n<p>Handel, turystyka i inne us\u0142ugi to g\u0142\u00f3wne sektory. Stanowi\u0105 one ponad po\u0142ow\u0119 PKB Wysp Dziewiczych. Sektory te zapewniaj\u0105 r\u00f3wnie\u017c oko\u0142o po\u0142ow\u0119 ca\u0142kowitego zatrudnienia cywilnego. Wyspy co roku przyjmuj\u0105 miliony turyst\u00f3w, z kt\u00f3rych wi\u0119kszo\u015b\u0107 przybywa na statkach wycieczkowych. Wyspy importuj\u0105 wi\u0119kszo\u015b\u0107 \u017cywno\u015bci, poniewa\u017c sektor rolniczy jest niewielki. Rz\u0105d i przemys\u0142 odpowiadaj\u0105 za oko\u0142o jedn\u0105 pi\u0105t\u0105 PKB.<\/p>\n\n\n\n<h2 class=\"wp-block-heading\">Baza konsument\u00f3w<\/h2>\n\n\n\n<p>Wi\u0119kszo\u015b\u0107 mieszka\u0144c\u00f3w Wysp Dziewiczych mieszka na St. Thomas i St. Croix. Mniej ni\u017c pi\u0119\u0107 procent mieszka na St. John. Ludzie s\u0105 zr\u00f3\u017cnicowani. Oko\u0142o trzech czwartych to Czarni, kolejne dziesi\u0119\u0107 procent to Biali, a reszta mie\u015bci si\u0119 w kategorii \u201eInni\u201d. W rzeczywisto\u015bci wielu z nich to pracownicy migruj\u0105cy z pobliskich kraj\u00f3w. Te wyspy s\u0105 dziewicze i zapewniaj\u0105 \u015bwietne warunki \u017cycia. Naturalne pi\u0119kno i \u0142agodny klimat dodatkowo pomagaj\u0105 zapewni\u0107 doskona\u0142\u0105 jako\u015b\u0107 \u017cycia.<\/p>\n\n\n\n<h2 class=\"wp-block-heading\">Korzy\u015bci i mocne strony na rynku<\/h2>\n\n\n\n<ul class=\"wp-block-list\">\n<li>Producenci mog\u0105 dodawa\u0107 do swoich produkt\u00f3w tagi \u201eMade in USA\u201d.<\/li>\n\n\n\n<li>Wyspy Dziewicze u\u017cywaj\u0105 waluty ameryka\u0144skiej i korzystaj\u0105 z ochrony s\u0105d\u00f3w ameryka\u0144skich oraz flagi USA.<\/li>\n\n\n\n<li>Te wyspy to raj. Maj\u0105 pi\u0119kne pla\u017ce, 360-stopniowe widoki i dobrze rozwini\u0119ty produkt turystyczny.<\/li>\n\n\n\n<li>Rz\u0105d wspiera partnerstwa publiczno-prywatne. W zwi\u0105zku z tym zabezpieczy\u0142 kilka um\u00f3w na inwestycje kapita\u0142owe z prywatnymi firmami.<\/li>\n\n\n\n<li>Na wyspach pracuj\u0105 ludzie wykszta\u0142ceni, zaanga\u017cowani i stabilni.<\/li>\n<\/ul>\n\n\n\n<h2 class=\"wp-block-heading\">Reasons to Grow Your Business in the US Virgin Islands Market<\/h2>\n\n\n\n<p>The US Virgin Islands offers the Economic Development Commission or EDC program, a unique tax incentive for qualified companies moving to their shores. It reduces personal and corporate income taxes by 90 percent. It also exempts such <a href=\"https:\/\/www.sisinternational.com\/pl\/strategia-kampanii-marketingowej-na-wielu-platformach-dla-emiratyjskiej-spolki-holdingowej-i-konglomeratu-biznesowego\/\" title=\"Us\u0142ugi Reklamy Wielokulturowej dla Holdingu Emirat\u00f3w i Konglomeratu Biznesowego\"  data-wpil-monitor-id=\"9245\">companies from business<\/a> property tax. Also, goods produced in these islands may gain quota-free, duty-free entry into the US.<\/p>\n\n\n\n<h2 class=\"wp-block-heading\">About Market Research in the US Virgin Islands<\/h2>\n\n\n\n<p>SIS offers accurate and speedy market research with expert moderators and a huge, diverse database of study candidates. We also ensure quality results and peace of mind by providing Qualitative and Quantitative Market Research, Surveys, Interviews, Focus Groups, UX and Strategy Market Research, and Competitive Analysis. SIS also does Market Entry, Market Opportunity, and <a href=\"https:\/\/www.sisinternational.com\/pl\/ekspertyza\/branze\/diesel-market-research\/\" title=\"Badania rynku oleju nap\u0119dowego\"  data-wpil-monitor-id=\"3503\">Badania wielko\u015bci rynku<\/a>.<\/p>\n\n\n\n<p><\/p>","protected":false},"excerpt":{"rendered":"<p>SIS oferuje rzetelne i szybkie badania rynku, prowadzone przez do\u015bwiadczonych moderator\u00f3w oraz dysponuje ogromn\u0105, r\u00f3\u017cnorodn\u0105 baz\u0105 danych kandydat\u00f3w na studia.<\/p>","protected":false},"author":1,"featured_media":66378,"parent":33287,"menu_order":15,"comment_status":"closed","ping_status":"closed","template":"","meta":{"footnotes":""},"class_list":["post-41094","page","type-page","status-publish","has-post-thumbnail"],"_links":{"self":[{"href":"https:\/\/www.sisinternational.com\/pl\/wp-json\/wp\/v2\/pages\/41094","targetHints":{"allow":["GET"]}}],"collection":[{"href":"https:\/\/www.sisinternational.com\/pl\/wp-json\/wp\/v2\/pages"}],"about":[{"href":"https:\/\/www.sisinternational.com\/pl\/wp-json\/wp\/v2\/types\/page"}],"author":[{"embeddable":true,"href":"https:\/\/www.sisinternational.com\/pl\/wp-json\/wp\/v2\/users\/1"}],"replies":[{"embeddable":true,"href":"https:\/\/www.sisinternational.com\/pl\/wp-json\/wp\/v2\/comments?post=41094"}],"version-history":[{"count":4,"href":"https:\/\/www.sisinternational.com\/pl\/wp-json\/wp\/v2\/pages\/41094\/revisions"}],"predecessor-version":[{"id":81545,"href":"https:\/\/www.sisinternational.com\/pl\/wp-json\/wp\/v2\/pages\/41094\/revisions\/81545"}],"up":[{"embeddable":true,"href":"https:\/\/www.sisinternational.com\/pl\/wp-json\/wp\/v2\/pages\/33287"}],"wp:featuredmedia":[{"embeddable":true,"href":"https:\/\/www.sisinternational.com\/pl\/wp-json\/wp\/v2\/media\/66378"}],"wp:attachment":[{"href":"https:\/\/www.sisinternational.com\/pl\/wp-json\/wp\/v2\/media?parent=41094"}],"curies":[{"name":"wp","href":"https:\/\/api.w.org\/{rel}","templated":true}]}}