{"id":41092,"date":"2022-12-13T05:56:28","date_gmt":"2022-12-13T05:56:28","guid":{"rendered":"https:\/\/www.sisinternational.com\/?page_id=41092"},"modified":"2026-01-24T21:28:58","modified_gmt":"2026-01-25T02:28:58","slug":"badania-rynku-holenderski-karaibski","status":"publish","type":"page","link":"https:\/\/www.sisinternational.com\/pl\/zasieg\/badania-rynku-na-karaibach\/badania-rynku-holenderski-karaibski\/","title":{"rendered":"Badania rynku na Karaibach Holenderskich"},"content":{"rendered":"<h1 class=\"wp-block-heading\">Badania rynku na Karaibach Holenderskich<\/h1>\n\n\n\n<figure class=\"gb-block-image gb-block-image-04965494\"><img loading=\"lazy\" decoding=\"async\" width=\"1456\" height=\"816\" class=\"gb-image gb-image-04965494\" src=\"https:\/\/www.sisinternational.com\/wp-content\/uploads\/2025\/09\/Dutch-Caribbean-3.jpg\" alt=\"SIS Mi\u0119dzynarodowe badania rynku i strategia\" title=\"Dutch Caribbean (3)\" srcset=\"https:\/\/www.sisinternational.com\/wp-content\/uploads\/2025\/09\/Dutch-Caribbean-3.jpg 1456w, https:\/\/www.sisinternational.com\/wp-content\/uploads\/2025\/09\/Dutch-Caribbean-3-300x168.jpg 300w, https:\/\/www.sisinternational.com\/wp-content\/uploads\/2025\/09\/Dutch-Caribbean-3-1024x574.jpg 1024w, https:\/\/www.sisinternational.com\/wp-content\/uploads\/2025\/09\/Dutch-Caribbean-3-768x430.jpg 768w, https:\/\/www.sisinternational.com\/wp-content\/uploads\/2025\/09\/Dutch-Caribbean-3-18x10.jpg 18w\" sizes=\"auto, (max-width: 1456px) 100vw, 1456px\"><\/figure>\n\n\n\n<hr class=\"wp-block-separator has-alpha-channel-opacity is-style-dots\"\/>\n\n\n\n<p>Holenderskie wyspy karaibskie s\u0105 cz\u0119\u015bci\u0105 \u0142a\u0144cucha Ma\u0142ych Antyli. Trzy z wysp znajduj\u0105 si\u0119 na p\u00f3\u0142nocy, w pobli\u017cu Wysp Dziewiczych. Te trzy to Saba, Sint Eustatius i Sint Maarten.<\/p>\n\n\n\n<p>Wyspy po\u0142udniowe, znane jako \u201ewyspy ABC\u201d, to Aruba, Bonaire i Curacao. S\u0105 te\u017c Klein Bonaire (Ma\u0142e Bonaire) i Klein Curacao (Ma\u0142e Curacao).<\/p>\n\n\n\n<p>Te wyspy by\u0142y dawniej znane jako Antyle Holenderskie. W 2010 roku Antyle Holenderskie przesta\u0142y by\u0107 pa\u0144stwem. W rzeczywisto\u015bci Aruba, Curacao i Sint Maarten s\u0105 teraz unikaln\u0105 grup\u0105. Sta\u0142y si\u0119 krajami sk\u0142adowymi Kr\u00f3lestwa Niderland\u00f3w. Pozosta\u0142e wyspy, Bonaire, Sint Eustatius i Saba, sta\u0142y si\u0119 specjalnymi gminami Holandii.<\/p>\n\n\n\n<h2 class=\"wp-block-heading\">Kluczowe bran\u017ce<\/h2>\n\n\n\n<p>Gospodarka opiera si\u0119 na dw\u00f3ch kolosalnych rafineriach ropy naftowej na Arubie i Curacao. Te dwa porty nale\u017c\u0105 do najbardziej ruchliwych na \u015bwiecie ze wzgl\u0119du na du\u017c\u0105 liczb\u0119 przesy\u0142ek przychodz\u0105cych i wychodz\u0105cych.<\/p>\n\n\n\n<p>Petroleum products form the backbone of the economy. The next most important <a href=\"https:\/\/www.sisinternational.com\/pl\/rozwiazania\/badania-rynku-i-doradztwo-strategiczne-w-zakresie-sztucznej-inteligencji\/ai-adoption-travel-hospitality-tourism-industry-consulting\/\" title=\"Wdra\u017canie AI w bran\u017cy podr\u00f3\u017cy, hotelarstwa i turystyki Konsultacje\"  data-wpil-monitor-id=\"10356\">industry is tourism<\/a>, followed by banking and investments.<\/p>\n\n\n\n<h2 class=\"wp-block-heading\">Osiedla<\/h2>\n\n\n\n<p><strong>Oranjestad<\/strong>: stolica i najwi\u0119ksze miasto Aruby, po\u0142o\u017cone na po\u0142udniowym wybrze\u017cu. Miasto to szczyci si\u0119 wieloma centrami handlowymi i innymi nowoczesnymi udogodnieniami.<\/p>\n\n\n\n<p><strong>Willemstad<\/strong>: Stolica Curacao. Willemstad by\u0142o stolic\u0105 Antyli Holenderskich przed ich rozwi\u0105zaniem w 2010 r.<\/p>\n\n\n\n<p><strong>Philipsburg<\/strong>: stolica Sint Maarten. Front Street to centralna dzielnica handlowa w sercu miasta.<\/p>\n\n\n\n<h2 class=\"wp-block-heading\">Trendy<\/h2>\n\n\n\n<h3 class=\"wp-block-heading\">Gminy specjalne<\/h3>\n\n\n\n<p>Bonaire, Saba i Sint Eustatius maj\u0105 \u0142\u0105cznie 26,5 tys. mieszka\u0144c\u00f3w. Liczba ta ro\u015bnie, a na wyspach jest nieco wi\u0119cej m\u0119\u017cczyzn ni\u017c kobiet.<\/p>\n\n\n\n<p>Ponad 80 procent mieszka\u0144c\u00f3w tych trzech wysp to u\u017cytkownicy Internetu. Wi\u0119kszo\u015b\u0107 z nich to r\u00f3wnie\u017c u\u017cytkownicy medi\u00f3w spo\u0142eczno\u015bciowych. Dane sugeruj\u0105, \u017ce zasi\u0119g reklam na Facebooku jest lepszy ni\u017c na Instagramie. Jak dot\u0105d adopcja LinkedIn by\u0142a \u017ca\u0142osna.<\/p>\n\n\n\n<h3 class=\"wp-block-heading\">Kraje cz\u0142onkowskie<\/h3>\n\n\n\n<p>Kraje w tej grupie, Aruba, Curacao i Sint Maarten, s\u0105 na fali wzrostowej. Turystyka si\u0119 odradza, a liczba go\u015bci zatrzymuj\u0105cych si\u0119 na noc i korzystaj\u0105cych z rejs\u00f3w wycieczkowych ro\u015bnie. O\u017cywienie zyskuje na sile, ale napotyka na przeciwno\u015bci ze strony inflacji i innych niepowodze\u0144.<\/p>\n\n\n\n<h2 class=\"wp-block-heading\">Korzy\u015bci i mocne strony na rynku<\/h2>\n\n\n\n<p>The Dutch Caribbean features exciting nightlife. Island hopping is easy, and there are <a href=\"https:\/\/www.sisinternational.com\/pl\/mystery-shopping-for-beauty-products\/\" title=\"Mystery Shopping for Beauty Products\"  data-wpil-monitor-id=\"10359\">beautiful beaches and excellent shopping<\/a>. Most stores accept US dollars. The official language of the islands is Dutch, but most residents speak English. Several airlines provide nonstop flights from US, Canadian, and European cities. The Dutch Caribbean is also a cruising mecca.<\/p>\n\n\n\n<h2 class=\"wp-block-heading\">Baza konsument\u00f3w<\/h2>\n\n\n\n<p>Baza konsument\u00f3w holenderskich Karaib\u00f3w jest zr\u00f3\u017cnicowana, poniewa\u017c obejmuje sze\u015b\u0107 wysp. Najbardziej znane wyspy to Sint Maarten, Aruba i Curacao. Maj\u0105 dobrze rozwini\u0119te gospodarki oparte na rafinacji ropy naftowej i turystyce. Dlatego ich konsumenci maj\u0105 bardziej wyrafinowane gusta ni\u017c ci na innych wyspach. Pomimo rozwoju, wszystkie wyspy maj\u0105 swobodn\u0105 atmosfer\u0119. Ludzie odzwierciedlaj\u0105 t\u0119 atmosfer\u0119.<\/p>\n\n\n\n<h2 class=\"wp-block-heading\">Powody, dla kt\u00f3rych warto rozwija\u0107 sw\u00f3j biznes na Karaibach Holenderskich<\/h2>\n\n\n\n<p>The Dutch Caribbean is excellent for <a href=\"https:\/\/www.sisinternational.com\/pl\/publikacje\/japans-mid-market-exporting\/\" title=\"Rozwijanie Twojego Biznesu w Japonii\"  data-wpil-monitor-id=\"10357\">growing a business<\/a>. Why? Because it gives companies direct access to <a href=\"https:\/\/www.sisinternational.com\/pl\/market-research-in-europe\/\" title=\"Rynek europejski\"  data-wpil-monitor-id=\"10351\">the European market<\/a>. The Netherlands is part of the European Union. Your company can derive several benefits from that. The islands also have a well-developed tourism product. That is a boon if your <a href=\"https:\/\/www.sisinternational.com\/pl\/rozwiazania\/podroze-turystyka-hotelarstwo-doradztwo\/hotel-management-company-market-research-strategy-consulting\/\" title=\"Badania rynku i doradztwo strategiczne dla firm zarz\u0105dzaj\u0105cych hotelami\"  data-wpil-monitor-id=\"10354\">company serves that market<\/a>.<\/p>\n\n\n\n<h2 class=\"wp-block-heading\">O badaniach rynkowych na Karaibach Holenderskich<\/h2>\n\n\n\n<p>At SIS we are happy to partner with companies needing market research in the Dutch Caribbean. We offer Quantitative, Qualitative, UX, Strategy, and <a href=\"https:\/\/www.sisinternational.com\/pl\/ekspertyza\/branze\/diesel-market-research\/\" title=\"Badania rynku oleju nap\u0119dowego\"  data-wpil-monitor-id=\"3505\">Badania wej\u015bcia na rynek<\/a>. Our services also include <a href=\"https:\/\/www.sisinternational.com\/pl\/zasieg\/ameryka\/badania-rynku-ameryki-lacinskiej\/kosmetyki-w-badaniach-rynku-meksyku\/\" title=\"Badania rynku kosmetyk\u00f3w w Meksyku\"  data-wpil-monitor-id=\"3507\">Badania wielko\u015bci rynku<\/a> and Go-To-Market Strategy. We can put together <a href=\"https:\/\/www.sisinternational.com\/pl\/rozwiazania\/badania-rynku-w-grupie-fokusowej\/how-to-conduct-a-focus-group\/\" title=\"Jak przeprowadzi\u0107 grup\u0119 fokusow\u0105\"  data-wpil-monitor-id=\"10352\">Focus Groups and conduct<\/a> Surveys and Interviews. That way, we help you figure out if investing in the Dutch Caribbean is right for you.<\/p>\n\n\n\n<p><\/p>","protected":false},"excerpt":{"rendered":"<p>SIS oferuje firmom z holenderskich Karaib\u00f3w badania ilo\u015bciowe, jako\u015bciowe, UX, strategiczne i dotycz\u0105ce wej\u015bcia na rynek.<\/p>","protected":false},"author":1,"featured_media":66259,"parent":33287,"menu_order":14,"comment_status":"closed","ping_status":"closed","template":"","meta":{"footnotes":""},"class_list":["post-41092","page","type-page","status-publish","has-post-thumbnail"],"_links":{"self":[{"href":"https:\/\/www.sisinternational.com\/pl\/wp-json\/wp\/v2\/pages\/41092","targetHints":{"allow":["GET"]}}],"collection":[{"href":"https:\/\/www.sisinternational.com\/pl\/wp-json\/wp\/v2\/pages"}],"about":[{"href":"https:\/\/www.sisinternational.com\/pl\/wp-json\/wp\/v2\/types\/page"}],"author":[{"embeddable":true,"href":"https:\/\/www.sisinternational.com\/pl\/wp-json\/wp\/v2\/users\/1"}],"replies":[{"embeddable":true,"href":"https:\/\/www.sisinternational.com\/pl\/wp-json\/wp\/v2\/comments?post=41092"}],"version-history":[{"count":6,"href":"https:\/\/www.sisinternational.com\/pl\/wp-json\/wp\/v2\/pages\/41092\/revisions"}],"predecessor-version":[{"id":81708,"href":"https:\/\/www.sisinternational.com\/pl\/wp-json\/wp\/v2\/pages\/41092\/revisions\/81708"}],"up":[{"embeddable":true,"href":"https:\/\/www.sisinternational.com\/pl\/wp-json\/wp\/v2\/pages\/33287"}],"wp:featuredmedia":[{"embeddable":true,"href":"https:\/\/www.sisinternational.com\/pl\/wp-json\/wp\/v2\/media\/66259"}],"wp:attachment":[{"href":"https:\/\/www.sisinternational.com\/pl\/wp-json\/wp\/v2\/media?parent=41092"}],"curies":[{"name":"wp","href":"https:\/\/api.w.org\/{rel}","templated":true}]}}