{"id":41088,"date":"2022-12-13T05:31:50","date_gmt":"2022-12-13T05:31:50","guid":{"rendered":"https:\/\/www.sisinternational.com\/?page_id=41088"},"modified":"2026-01-24T21:30:38","modified_gmt":"2026-01-25T02:30:38","slug":"badania-rynku-brytyjskie-wyspy-dziewicze","status":"publish","type":"page","link":"https:\/\/www.sisinternational.com\/pl\/zasieg\/badania-rynku-na-karaibach\/badania-rynku-brytyjskie-wyspy-dziewicze\/","title":{"rendered":"Badania rynku na Brytyjskich Wyspach Dziewiczych"},"content":{"rendered":"<h1 class=\"wp-block-heading\">Badania rynku na Brytyjskich Wyspach Dziewiczych<\/h1>\n\n\n\n<p><\/p>\n\n\n\n<figure class=\"gb-block-image gb-block-image-35e0b830\"><img loading=\"lazy\" decoding=\"async\" width=\"1456\" height=\"816\" class=\"gb-image gb-image-35e0b830\" src=\"https:\/\/www.sisinternational.com\/wp-content\/uploads\/2025\/09\/Brittish-Virgin-Islands-1.jpg\" alt=\"SIS Mi\u0119dzynarodowe badania rynku i strategia\" title=\"Brittish Virgin Islands (1)\" srcset=\"https:\/\/www.sisinternational.com\/wp-content\/uploads\/2025\/09\/Brittish-Virgin-Islands-1.jpg 1456w, https:\/\/www.sisinternational.com\/wp-content\/uploads\/2025\/09\/Brittish-Virgin-Islands-1-300x168.jpg 300w, https:\/\/www.sisinternational.com\/wp-content\/uploads\/2025\/09\/Brittish-Virgin-Islands-1-1024x574.jpg 1024w, https:\/\/www.sisinternational.com\/wp-content\/uploads\/2025\/09\/Brittish-Virgin-Islands-1-768x430.jpg 768w, https:\/\/www.sisinternational.com\/wp-content\/uploads\/2025\/09\/Brittish-Virgin-Islands-1-18x10.jpg 18w\" sizes=\"auto, (max-width: 1456px) 100vw, 1456px\"><\/figure>\n\n\n\n<p><\/p>\n\n\n\n<hr class=\"wp-block-separator has-alpha-channel-opacity is-style-dots\"\/>\n\n\n\n<p>Brytyjskie Wyspy Dziewicze le\u017c\u0105 na p\u00f3\u0142nocny zach\u00f3d od Anguilli i na wsch\u00f3d od Portoryko. Wyspy stanowi\u0105 brytyjskie terytorium zamorskie. Tortola, Virgin Gorda, Anegada i Jost Van Dyke to g\u0142\u00f3wne wyspy BVI, ale jest te\u017c 50 mniejszych wysp i wysepek. Ludzie mieszkaj\u0105 na szesnastu wyspach. Road Town, stolica, znajduje si\u0119 na Tortoli, najwi\u0119kszej wyspie.<\/p>\n\n\n\n<h2 class=\"wp-block-heading\">Kluczowe bran\u017ce<\/h2>\n\n\n\n<p>Mo\u017cesz zapyta\u0107, jaka jest g\u0142\u00f3wna bran\u017ca na Brytyjskich Wyspach Dziewiczych? BVI maj\u0105 dwie g\u0142\u00f3wne bran\u017ce: turystyk\u0119 i us\u0142ugi finansowe. Turystyka zatrudnia wiele os\u00f3b, ale BVI szczyci si\u0119 swoim statusem centrum finans\u00f3w offshore. Wyspy produkuj\u0105 r\u00f3wnie\u017c warzywa, owoce, trzcin\u0119 cukrow\u0105, dr\u00f3b i zwierz\u0119ta gospodarskie. Budowa \u0142odzi to kolejna wa\u017cna dziedzina, podobnie jak komercyjne rybo\u0142\u00f3wstwo, budownictwo i destylacja rumu.<\/p>\n\n\n\n<h2 class=\"wp-block-heading\">Osiedla<\/h2>\n\n\n\n<ul class=\"wp-block-list\">\n<li>Road Town \u2013 stolica BVI i g\u0142\u00f3wne miasto w Tortoli<\/li>\n\n\n\n<li>Spanish Town \u2013 drugie co do wielko\u015bci miasto po\u0142o\u017cone na Virgin Gorda, trzeciej co do wielko\u015bci wyspie<\/li>\n\n\n\n<li>Cane Garden Bay \u2013 jeden z najbardziej znanych kurort\u00f3w pla\u017cowych Tortoli<\/li>\n\n\n\n<li>Scrub Island \u2013 ekskluzywna ma\u0142a enklawa na p\u00f3\u0142nocny wsch\u00f3d od Tortoli<\/li>\n\n\n\n<li>White Bay \u2013 jeden z najlepszych kurort\u00f3w pla\u017cowych na wyspie Jost Van Dyke<\/li>\n\n\n\n<li>Wyspa Petera \u2013 prywatna wyspa po\u0142o\u017cona zaledwie pi\u0119\u0107 mil na p\u00f3\u0142nocny zach\u00f3d od Road Town<\/li>\n\n\n\n<li>The Settlement \u2013 znane r\u00f3wnie\u017c jako \u201eWioska\u201d. The Settlement jest jedynym miastem na Anegadzie, drugiej co do wielko\u015bci i najbardziej odleg\u0142ej wyspie BVI.<\/li>\n\n\n\n<li>Belmont \u2013 centralne miejsce na zachodnim kra\u0144cu Tortoli<\/li>\n<\/ul>\n\n\n\n<h2 class=\"wp-block-heading\">Trendy<\/h2>\n\n\n\n<p>The British Virgin Islands is a world leader in the <a href=\"https:\/\/www.sisinternational.com\/pl\/rozwiazania\/rozwiazania-w-zakresie-badan-jakosciowych-i-ilosciowych\/field-service-market-research\/\" title=\"Badania rynku us\u0142ug terenowych\"  data-wpil-monitor-id=\"9370\">field of financial services<\/a>. For over four decades, it has allowed people and businesses to invest. It also allows them to trade across global borders. The islands have also emerged as a world-leading center for cryptos and FinTech, tapping into the vast potential of these new <a href=\"https:\/\/www.sisinternational.com\/pl\/publikacje\/scalable-business-market-research-7-ways-to-build-a-scalable-business\/\" title=\"Skalowalne badania rynku biznesowego: 7 sposob\u00f3w na zbudowanie skalowalnego biznesu\"  data-wpil-monitor-id=\"9372\">ways of doing business<\/a>. FinTech and crypto have many strengths. The BVI brings these strengths to people and businesses around the world.<\/p>\n\n\n\n<h2 class=\"wp-block-heading\">Korzy\u015bci i mocne strony na rynku<\/h2>\n\n\n\n<p>Many of the BVI\u2019s strengths are common to other countries. For example, it has no currency exchange controls, and English is the primary language. It is a stable democracy. Also, the islands subscribe to a common <a href=\"https:\/\/www.sisinternational.com\/pl\/optimized-management-system-for-a-leading-us-immigration-law-firm\/\" title=\"Optimized Management System for a Leading US Immigration law firm\"  data-wpil-monitor-id=\"9374\">law legal system<\/a>. This system allows them the final appeal to the Privy Council in London. Other benefits, such as taxation, are not standard for other countries. The BVI has no income tax. Capital gains, wealth, and corporation taxes are also non-existent.<\/p>\n\n\n\n<h2 class=\"wp-block-heading\">Baza konsument\u00f3w<\/h2>\n\n\n\n<p>The British Virgin Islands is home to a total of 30,000 people. Slightly more than half are female. Almost half of the people live in urban centers, with the rest opting for country life. The median age is 37.2, and more than three-quarters of the people in the BVI have Internet access. In this sector, there is heavy social media use. Facebook <a href=\"https:\/\/www.sisinternational.com\/pl\/rozszerzanie-zasiegu-rynkowego-poprzez-wieloplaszczyznowa-strategie-marketingowa\/\" title=\"Rozszerzanie zasi\u0119gu rynkowego poprzez wieloaspektow\u0105 strategi\u0119 marketingow\u0105\"  data-wpil-monitor-id=\"9371\">reaches more than three-quarters of the market<\/a>.<\/p>\n\n\n\n<h2 class=\"wp-block-heading\">Powody, dla kt\u00f3rych warto rozwija\u0107 swoj\u0105 dzia\u0142alno\u015b\u0107 na rynku BVI<\/h2>\n\n\n\n<p>What is unique about the British Virgin Islands? We already mentioned the tax benefits. Also, setting up shop in the BVI is a quick and easy process. It is an attractive <a href=\"https:\/\/www.sisinternational.com\/pl\/rozwiazania\/rozwiazania-w-zakresie-brandingu-i-badan-klientow\/badania-rynku-testowanie-produktow\/najlepsza-firma-zajmujaca-sie-testowaniem-lokalizacji-centralnych\/\" title=\"Najlepsza firma testuj\u0105ca w centralnej lokalizacji\"  data-wpil-monitor-id=\"9373\">location for US companies<\/a> because it\u2019s close to the US Virgin Islands. It\u2019s so close, in fact, that it uses the US dollar as its formal currency. The BVI has many further benefits. For his reason, it has long attracted businesses from around the world.<\/p>\n\n\n\n<h2 class=\"wp-block-heading\">O badaniach rynkowych na BVI<\/h2>\n\n\n\n<p>SIS International provides Qualitative, Quantitative, and <a href=\"https:\/\/www.sisinternational.com\/pl\/ekspertyza\/branze\/badania-rynku-przemyslowego\/\" title=\"Badania i Strategia Rynku Przemys\u0142owego\"  data-wpil-monitor-id=\"9369\">Strategy Research for industry<\/a> and consumer products. SIS looks at trends and lifestyles in the BVI. We use Focus Groups, Surveys, and Interviews to conduct <a href=\"https:\/\/www.sisinternational.com\/pl\/zasieg\/ameryka\/badania-rynku-ameryki-lacinskiej\/kosmetyki-w-badaniach-rynku-meksyku\/\" title=\"Badania rynku kosmetyk\u00f3w w Meksyku\"  data-wpil-monitor-id=\"3516\">Badania wej\u015bcia na rynek<\/a>, UX Market Research, Competitive Analysis, Market Opportunity Research, and Market Sizing Research and to come up with Go To Market Strategy.<\/p>\n\n\n\n<p><\/p>","protected":false},"excerpt":{"rendered":"<p>SIS zajmuje si\u0119 badaniami jako\u015bciowymi, ilo\u015bciowymi i strategicznymi w zakresie przemys\u0142u i d\u00f3br konsumpcyjnych na BVI.<\/p>","protected":false},"author":1,"featured_media":66220,"parent":33287,"menu_order":12,"comment_status":"closed","ping_status":"closed","template":"","meta":{"footnotes":""},"class_list":["post-41088","page","type-page","status-publish","has-post-thumbnail"],"_links":{"self":[{"href":"https:\/\/www.sisinternational.com\/pl\/wp-json\/wp\/v2\/pages\/41088","targetHints":{"allow":["GET"]}}],"collection":[{"href":"https:\/\/www.sisinternational.com\/pl\/wp-json\/wp\/v2\/pages"}],"about":[{"href":"https:\/\/www.sisinternational.com\/pl\/wp-json\/wp\/v2\/types\/page"}],"author":[{"embeddable":true,"href":"https:\/\/www.sisinternational.com\/pl\/wp-json\/wp\/v2\/users\/1"}],"replies":[{"embeddable":true,"href":"https:\/\/www.sisinternational.com\/pl\/wp-json\/wp\/v2\/comments?post=41088"}],"version-history":[{"count":4,"href":"https:\/\/www.sisinternational.com\/pl\/wp-json\/wp\/v2\/pages\/41088\/revisions"}],"predecessor-version":[{"id":81565,"href":"https:\/\/www.sisinternational.com\/pl\/wp-json\/wp\/v2\/pages\/41088\/revisions\/81565"}],"up":[{"embeddable":true,"href":"https:\/\/www.sisinternational.com\/pl\/wp-json\/wp\/v2\/pages\/33287"}],"wp:featuredmedia":[{"embeddable":true,"href":"https:\/\/www.sisinternational.com\/pl\/wp-json\/wp\/v2\/media\/66220"}],"wp:attachment":[{"href":"https:\/\/www.sisinternational.com\/pl\/wp-json\/wp\/v2\/media?parent=41088"}],"curies":[{"name":"wp","href":"https:\/\/api.w.org\/{rel}","templated":true}]}}