{"id":41084,"date":"2022-12-13T04:59:58","date_gmt":"2022-12-13T04:59:58","guid":{"rendered":"https:\/\/www.sisinternational.com\/?page_id=41084"},"modified":"2026-01-24T21:30:39","modified_gmt":"2026-01-25T02:30:39","slug":"badania-rynku-st-kitts-nevis","status":"publish","type":"page","link":"https:\/\/www.sisinternational.com\/pl\/zasieg\/badania-rynku-na-karaibach\/badania-rynku-st-kitts-nevis\/","title":{"rendered":"Badania rynku w St. Kitts i Nevis"},"content":{"rendered":"<h1 class=\"wp-block-heading\">Badania rynku w St. Kitts i Nevis<\/h1>\n\n\n\n<figure class=\"gb-block-image gb-block-image-3b85ade1\"><img loading=\"lazy\" decoding=\"async\" width=\"1456\" height=\"816\" class=\"gb-image gb-image-3b85ade1\" src=\"https:\/\/www.sisinternational.com\/wp-content\/uploads\/2025\/09\/St.-Kitts-Nevis-1.jpg\" alt=\"SIS Mi\u0119dzynarodowe badania rynku i strategia\" title=\"St. Kitts &amp; Nevis (1)\" srcset=\"https:\/\/www.sisinternational.com\/wp-content\/uploads\/2025\/09\/St.-Kitts-Nevis-1.jpg 1456w, https:\/\/www.sisinternational.com\/wp-content\/uploads\/2025\/09\/St.-Kitts-Nevis-1-300x168.jpg 300w, https:\/\/www.sisinternational.com\/wp-content\/uploads\/2025\/09\/St.-Kitts-Nevis-1-1024x574.jpg 1024w, https:\/\/www.sisinternational.com\/wp-content\/uploads\/2025\/09\/St.-Kitts-Nevis-1-768x430.jpg 768w, https:\/\/www.sisinternational.com\/wp-content\/uploads\/2025\/09\/St.-Kitts-Nevis-1-18x10.jpg 18w\" sizes=\"auto, (max-width: 1456px) 100vw, 1456px\"><\/figure>\n\n\n\n<hr class=\"wp-block-separator has-alpha-channel-opacity is-style-dots\"\/>\n\n\n\n<p>Saint Kitts and Nevis is a micro-state. It consists of two islands located in the Leeward Islands chain of the Lesser Antilles. St. Kitts &amp; Nevis is the smallest sovereign country in the Western Hemisphere. The capital city is Basseterre, on St. Kitts. Anguilla used to be part of this union, but that island chose to secede and is now a <a href=\"https:\/\/www.sisinternational.com\/pl\/zasieg\/ameryka\/badania-rynku-na-karaibach\/badania-rynku-brytyjskie-wyspy-dziewicze\/\" title=\"Badania rynku na Brytyjskich Wyspach Dziewiczych\"  data-wpil-monitor-id=\"9483\">British<\/a> Overseas Territory.<\/p>\n\n\n\n<h2 class=\"wp-block-heading\">Kluczowe bran\u017ce<\/h2>\n\n\n\n<p>The primary industry in Saint Kitts and Nevis is <a href=\"https:\/\/www.sisinternational.com\/pl\/rozwiazania\/badania-rynku-i-doradztwo-strategiczne-w-zakresie-sztucznej-inteligencji\/ai-adoption-travel-hospitality-tourism-industry-consulting\/\" title=\"Wdra\u017canie AI w bran\u017cy podr\u00f3\u017cy, hotelarstwa i turystyki Konsultacje\"  data-wpil-monitor-id=\"9484\">turystyka<\/a>, and the islands rely on both long-term and short-term visitors. Agriculture is another primary industry. About 39 percent of the islands are under cultivation. Sugar cane is one of the major crops. Animal husbandry is yet another, and the islanders rear sheep, goats, cattle, and pigs. The islands also export fish to the Dutch Caribbean and Puerto Rico. The people of Saint Kitts and Nevis also engage in forestry and mining.<\/p>\n\n\n\n<h2 class=\"wp-block-heading\">Osiedla<\/h2>\n\n\n\n<p>Basseterre, stolica, szczyci si\u0119 starymi budynkami i zabytkami ze wzgl\u0119du na d\u0142ug\u0105 histori\u0119 kolonialnych zmaga\u0144. Punkty zainteresowania obejmuj\u0105 Independence Square i obszar Circus. Sandy Point jest drugim co do wielko\u015bci miastem w St. Kitts. Jest domem dla obiektu UNESCO \u2013 Brimstone Hill Fortress National Park, kt\u00f3ry oferuje wspania\u0142y widok na r\u00f3wniny poni\u017cej i ocean. Charlestown jest g\u0142\u00f3wnym miastem i portem w Nevis, a tak\u017ce domem dla wielu atrakcji turystycznych.<\/p>\n\n\n\n<h2 class=\"wp-block-heading\">Trendy<\/h2>\n\n\n\n<p>Saint Kitts i Nevis odbija si\u0119 po gwa\u0142townym spadku. Malej\u0105ce ceny \u015bwiatowe zaszkodzi\u0142y przemys\u0142owi trzciny cukrowej w ostatnich latach. Wp\u0142yw obecnego kryzysu na turystyk\u0119, kt\u00f3ra jest jego filarem, mia\u0142 efekt domina. Saint Kitts i Nevis s\u0105 r\u00f3wnie\u017c podatne na wstrz\u0105sy zewn\u0119trzne. Na przyk\u0142ad kl\u0119ski \u017cywio\u0142owe, zmiany klimatu i kryzysy globalne mog\u0105 mocno uderzy\u0107. Kraj wyr\u00f3\u017cni\u0142 g\u0142\u00f3wne sektory inwestycyjne, w tym turystyk\u0119, us\u0142ugi finansowe i nieruchomo\u015bci. ICT, ograniczona produkcja lekka i energia odnawialna to inne obszary budz\u0105ce najwi\u0119ksze obawy.<\/p>\n\n\n\n<h2 class=\"wp-block-heading\">Korzy\u015bci i mocne strony na rynku<\/h2>\n\n\n\n<p>Saint Kitts i Nevis sta\u0142o si\u0119 jedn\u0105 z najszybciej rozwijaj\u0105cych si\u0119 gospodarek regionu. Ma solidn\u0105 infrastruktur\u0119 i piaszczyste, s\u0142oneczne pla\u017ce. Ponadto wyspy maj\u0105 kwitn\u0105c\u0105 spo\u0142eczno\u015b\u0107 lokaln\u0105 i emigrant\u00f3w. Ponad milion os\u00f3b odwiedza Saint Kitts i Nevis ka\u017cdego roku. Niekt\u00f3rzy z nich tak bardzo to lubi\u0105, \u017ce zostaj\u0105 na sta\u0142e. Inn\u0105 zalet\u0105 jest fakt, \u017ce Saint Kitts i Nevis to wyspy angloj\u0119zyczne. Powszechne u\u017cywanie j\u0119zyka angielskiego oznacza, \u017ce ludziom \u0142atwo jest prowadzi\u0107 interesy w tym kwitn\u0105cym kraju.<\/p>\n\n\n\n<h2 class=\"wp-block-heading\">Baza konsument\u00f3w<\/h2>\n\n\n\n<p>Saint Kitts and Nevis is home to a total of 54,000 people. Many of these people depend on foreign remittances, which comprise about 3 percent of the GDP. Almost 100 percent of households on the two islands have access to electricity. About 80 percent of people have Internet access. In 2022, the country rolled out its National Quality Policy. This policy is a <a href=\"https:\/\/www.sisinternational.com\/pl\/global-beverage-market\/\" title=\"Global Beverage Market: Market Dynamics, Growth Projections &amp; Consumer Insights\"  data-wpil-monitor-id=\"9482\">project aimed at protecting consumers<\/a> from shoddy goods.<\/p>\n\n\n\n<h2 class=\"wp-block-heading\">Powody, dla kt\u00f3rych warto rozwija\u0107 swoj\u0105 dzia\u0142alno\u015b\u0107 w Saint Kitts i Nevis<\/h2>\n\n\n\n<p>One of the reasons to <a href=\"https:\/\/www.sisinternational.com\/pl\/publikacje\/japans-mid-market-exporting\/\" title=\"Rozwijanie Twojego Biznesu w Japonii\"  data-wpil-monitor-id=\"9481\">grow a business<\/a> in Saint Kitts and Nevis is its banking sector. The <a href=\"https:\/\/www.sisinternational.com\/pl\/przewoznicy-niskokosztowi-w-branzy-lotniczej\/\" title=\"Badania rynku tanich linii lotniczych\"  data-wpil-monitor-id=\"9480\">cost of transactions is low<\/a>, and the privacy policies are sound. Companies can also receive tax benefits. In St. Kitts and Nevis, there are no taxes on capital gains, personal income, royalties, or estate. Dividends, interest, technical services, and gifts are not taxed. Moreover, the islands have a strong economy. The central bank has pegged the East Caribbean Dollar to the US dollar at XCD$2.7 = US$1 for the past 45 years.<\/p>\n\n\n\n<h2 class=\"wp-block-heading\">O badaniach rynkowych w Saint Kitts i Nevis<\/h2>\n\n\n\n<p>SIS International is a top market research company providing insights into the investing climate in Saint Kitts and Nevis. We offer <a href=\"https:\/\/www.sisinternational.com\/pl\/how-to-design-effective-surveys-for-quantitative-research\/\" title=\"How to Design Effective Surveys for Quantitative Research\"  data-wpil-monitor-id=\"9479\">Quantitative and Qualitative Research<\/a> services. We provide high-quality UX and Strategy Market Research to companies worldwide. If you need a market research company, SIS is your best bet. Another of our services is Focus Groups, which form part of <a href=\"https:\/\/www.sisinternational.com\/pl\/ekspertyza\/branze\/badania-rynku-spedycji-i-logistyki\/\" title=\"Badania rynku spedycji i logistyki\"  data-wpil-monitor-id=\"3522\">Badania wej\u015bcia na rynek<\/a>. We also do Surveys and Interviews to help you reach your target audience.<\/p>\n\n\n\n<p><\/p>","protected":false},"excerpt":{"rendered":"<p>SIS to wiod\u0105ca firma zajmuj\u0105ca si\u0119 badaniami rynku, dostarczaj\u0105ca informacji na temat klimatu inwestycyjnego w Saint Kitts i Nevis.<\/p>","protected":false},"author":1,"featured_media":66361,"parent":33287,"menu_order":10,"comment_status":"closed","ping_status":"closed","template":"","meta":{"footnotes":""},"class_list":["post-41084","page","type-page","status-publish","has-post-thumbnail"],"_links":{"self":[{"href":"https:\/\/www.sisinternational.com\/pl\/wp-json\/wp\/v2\/pages\/41084","targetHints":{"allow":["GET"]}}],"collection":[{"href":"https:\/\/www.sisinternational.com\/pl\/wp-json\/wp\/v2\/pages"}],"about":[{"href":"https:\/\/www.sisinternational.com\/pl\/wp-json\/wp\/v2\/types\/page"}],"author":[{"embeddable":true,"href":"https:\/\/www.sisinternational.com\/pl\/wp-json\/wp\/v2\/users\/1"}],"replies":[{"embeddable":true,"href":"https:\/\/www.sisinternational.com\/pl\/wp-json\/wp\/v2\/comments?post=41084"}],"version-history":[{"count":4,"href":"https:\/\/www.sisinternational.com\/pl\/wp-json\/wp\/v2\/pages\/41084\/revisions"}],"predecessor-version":[{"id":81583,"href":"https:\/\/www.sisinternational.com\/pl\/wp-json\/wp\/v2\/pages\/41084\/revisions\/81583"}],"up":[{"embeddable":true,"href":"https:\/\/www.sisinternational.com\/pl\/wp-json\/wp\/v2\/pages\/33287"}],"wp:featuredmedia":[{"embeddable":true,"href":"https:\/\/www.sisinternational.com\/pl\/wp-json\/wp\/v2\/media\/66361"}],"wp:attachment":[{"href":"https:\/\/www.sisinternational.com\/pl\/wp-json\/wp\/v2\/media?parent=41084"}],"curies":[{"name":"wp","href":"https:\/\/api.w.org\/{rel}","templated":true}]}}