{"id":41082,"date":"2022-12-13T04:54:32","date_gmt":"2022-12-13T04:54:32","guid":{"rendered":"https:\/\/www.sisinternational.com\/?page_id=41082"},"modified":"2026-01-25T18:54:04","modified_gmt":"2026-01-25T23:54:04","slug":"badania-rynku-st-barthelemy","status":"publish","type":"page","link":"https:\/\/www.sisinternational.com\/pl\/zasieg\/badania-rynku-na-karaibach\/badania-rynku-st-barthelemy\/","title":{"rendered":"Badania rynku w Saint-Barthelemy"},"content":{"rendered":"<h1 class=\"wp-block-heading\">Badania rynku w Saint-Barthelemy<\/h1>\n\n\n\n<figure class=\"gb-block-image gb-block-image-795aa881\"><img loading=\"lazy\" decoding=\"async\" width=\"1456\" height=\"816\" class=\"gb-image gb-image-795aa881\" src=\"https:\/\/www.sisinternational.com\/wp-content\/uploads\/2025\/09\/St.-Barthelemy-2.jpg\" alt=\"SIS Mi\u0119dzynarodowe badania rynku i strategia\" title=\"St. Barthelemy (2)\" srcset=\"https:\/\/www.sisinternational.com\/wp-content\/uploads\/2025\/09\/St.-Barthelemy-2.jpg 1456w, https:\/\/www.sisinternational.com\/wp-content\/uploads\/2025\/09\/St.-Barthelemy-2-300x168.jpg 300w, https:\/\/www.sisinternational.com\/wp-content\/uploads\/2025\/09\/St.-Barthelemy-2-1024x574.jpg 1024w, https:\/\/www.sisinternational.com\/wp-content\/uploads\/2025\/09\/St.-Barthelemy-2-768x430.jpg 768w, https:\/\/www.sisinternational.com\/wp-content\/uploads\/2025\/09\/St.-Barthelemy-2-18x10.jpg 18w\" sizes=\"auto, (max-width: 1456px) 100vw, 1456px\"><\/figure>\n\n\n\n<hr class=\"wp-block-separator has-alpha-channel-opacity is-style-dots\"\/>\n\n\n\n<p>Saint-Barth\u00e9lemy to francuska wsp\u00f3lnota zamorska po\u0142o\u017cona na Karaibach. Jest domem dla oko\u0142o 10 000 os\u00f3b. Po francusku skr\u00f3cona nazwa wyspy to Saint Barth, a po angielsku St. Barts. Le\u017cy na p\u00f3\u0142nocny wsch\u00f3d od Sint Eustatius, Saba, Saint Kitts, Nevis i na po\u0142udnie od Saint Martin. Przez wiele lat wyspa by\u0142a francusk\u0105 gmin\u0105 stanowi\u0105c\u0105 cz\u0119\u015b\u0107 Gwadelupy. Jej obywatele zag\u0142osowali za secesj\u0105 w 2003 r.<\/p>\n\n\n\n<h2 class=\"wp-block-heading\">Kluczowe bran\u017ce<\/h2>\n\n\n\n<p>Miliarder David Rockefeller kupi\u0142 nieruchomo\u015b\u0107 w Saint Barth w 1957 r., umieszczaj\u0105c j\u0105 na mapie. Od tego czasu przekszta\u0142ci\u0142a si\u0119 w ekskluzywne miejsce turystyczne na Karaibach. Turystyka jest g\u0142\u00f3wnym \u017ar\u00f3d\u0142em dochodu. Wyspa jest pe\u0142na naturalnego pi\u0119kna i wspiera bogate \u017cycie morskie i r\u00f3\u017cnorodn\u0105 faun\u0119. Sektor turystyczny zatrudnia oko\u0142o jednej trzeciej populacji. Roboty publiczne i budownictwo to inne niezb\u0119dne sektory.<\/p>\n\n\n\n<h2 class=\"wp-block-heading\">Osiedla<\/h2>\n\n\n\n<p>Gustavia jest g\u0142\u00f3wnym miastem Saint-Barth. Jego poprzednia nazwa to \u201eCarenage\u201d, ale zmieni\u0142a si\u0119, gdy Ludwik XVI przekaza\u0142 wysp\u0119 Gustawowi III Szwedzkiemu. Public to nowe miasto po\u0142o\u017cone w dawnym stawie solnym. Obecnie jest to g\u0142\u00f3wna strefa przemys\u0142owa wyspy. Corossol to ma\u0142a wioska rybacka, kt\u00f3rej g\u0142\u00f3wnym przemys\u0142em jest tkanie li\u015bci palmowych r\u0119cznie w przedmioty ze s\u0142omy. Inn\u0105 popularn\u0105 dzielnic\u0105 jest Flamands. Mieszka\u0144cy tego nadmorskiego miasteczka emanuj\u0105 typowym urokiem Saint-Barth.<\/p>\n\n\n\n<h2 class=\"wp-block-heading\">Trendy<\/h2>\n\n\n\n<p>Podobnie jak w innych krajach karaibskich, turystyka zyskuje na popularno\u015bci w okolicach g\u0142\u00f3wnych \u015bwi\u0105t w USA. Zawsze jest wzrost na \u015awi\u0119to Dzi\u0119kczynienia, Bo\u017ce Narodzenie i Nowy Rok. Gwiazdy odwiedzaj\u0105 wysp\u0119. Uwielbiaj\u0105 j\u0105, poniewa\u017c miejscowi i inni go\u015bcie zapewniaj\u0105 im prywatno\u015b\u0107, kt\u00f3rej pragn\u0105. Ponadto, jest mn\u00f3stwo okazji biznesowych i inwestycyjnych. Ka\u017cda z wysp ma wyj\u0105tkowe zalety. Jednak inwestowanie na Karaibach jest niestabilne i nie daje gwarancji sukcesu. Firma musi upewni\u0107 si\u0119, \u017ce ma najlepsz\u0105 nisz\u0119 dla wybranego kraju.<\/p>\n\n\n\n<h2 class=\"wp-block-heading\">Korzy\u015bci i mocne strony na rynku<\/h2>\n\n\n\n<p>Gospodarka tutaj jest zdrowa, z solidn\u0105 infrastruktur\u0105 i niskim wska\u017anikiem ub\u00f3stwa. To luksusowe miejsce przyci\u0105ga turyst\u00f3w z ca\u0142ego \u015bwiata. To idealne karaibskie miejsce wypoczynku, a tak\u017ce bezpieczne, ze sk\u0105pym wska\u017anikiem przest\u0119pczo\u015bci. Ponadto, ka\u017cdy z europejskim paszportem mo\u017ce tu mieszka\u0107 i pracowa\u0107. Obywatele USA mog\u0105 kupi\u0107 dom bez \u017cadnych ogranicze\u0144. Inn\u0105 korzy\u015bci\u0105 jest to, \u017ce mieszka\u0144cy nie p\u0142ac\u0105 podatku dochodowego.<\/p>\n\n\n\n<h2 class=\"wp-block-heading\">Baza konsument\u00f3w<\/h2>\n\n\n\n<p>Dane pokazuj\u0105, \u017ce Saint Barth ma wi\u0119cej m\u0119\u017cczyzn ni\u017c kobiet. Oko\u0142o po\u0142owa ludzi jest aktywna w mediach spo\u0142eczno\u015bciowych. W rzeczywisto\u015bci Facebook jest zdecydowanie najpopularniejszym medium, a zaraz za nim Instagram. Popularne s\u0105 r\u00f3wnie\u017c LinkedIn i Twitter. Innym kluczowym punktem jest to, \u017ce ten karaibski raj ma ekskluzywnych konsument\u00f3w, a w sklepach w Gustavia dost\u0119pnych jest kilka luksusowych marek. Jest to jeden z plac\u00f3w zabaw bogatych i s\u0142awnych, wi\u0119c nic dziwnego, \u017ce takie towary s\u0105 po\u017c\u0105dane.<\/p>\n\n\n\n<h2 class=\"wp-block-heading\">Powody, dla kt\u00f3rych warto rozwija\u0107 sw\u00f3j biznes w Saint-Barth<\/h2>\n\n\n\n<p>Saint Barth is perfect for <a href=\"https:\/\/www.sisinternational.com\/pl\/rozwiazania\/badania-rynku-konsumenckiego\/\" title=\"Consumer Market Research Services for Smarter Business Decisions\"  data-wpil-monitor-id=\"10348\">businesses that offer upmarket goods and services<\/a>. Designer boutiques abound, and celebrities as well as super yachts are a common sight. The stunning beaches in this travel hotspot are often crowd-free, even during peak season. Colombier Beach and Saline Beach are the best, offering peace, quiet, and miles of white sand. Another unique feature is the plethora of villas. It\u2019s in direct contrast to other islands where tourists tend to stay in hotel rooms. Your business can provide further <a href=\"https:\/\/www.sisinternational.com\/pl\/rozwiazania\/doradztwo-strategiczne-fintech-badania\/financial-services-market-research\/\" title=\"Badania rynku us\u0142ug finansowych\"  data-wpil-monitor-id=\"10347\">services to this upscale market<\/a>. It also has a strategic location, four hours away from the US.<\/p>\n\n\n\n<h2 class=\"wp-block-heading\">O badaniach rynkowych w Saint Barth<\/h2>\n\n\n\n<p>SIS International is where the best in <a href=\"https:\/\/www.sisinternational.com\/pl\/rozwiazania\/doradztwo-strategiczne-fintech-badania\/badania-rynku-walutowego\/\" title=\"Badania rynku walutowego\"  data-wpil-monitor-id=\"5272\">market research exchange<\/a> ideas. Read our Qualitative and Quantitative Market Research articles and other tools. We give professionals the real-world solutions they need. We can also provide UX and Strategy <a href=\"https:\/\/www.sisinternational.com\/pl\/zasieg\/ameryka\/badania-rynku-na-karaibach\/badania-rynku-st-kitts-nevis\/\" title=\"Badania rynku w St. Kitts i Nevis\"  data-wpil-monitor-id=\"3284\">Market Research for St.<\/a> Barts across all different industries. With it, you can access the information you need to take your market research to a new level.<\/p>\n\n\n\n<p><\/p>","protected":false},"excerpt":{"rendered":"<p>SIS to miejsce, w kt\u00f3rym najlepsi w badaniach rynku wymieniaj\u0105 si\u0119 pomys\u0142ami. Przeczytaj nasze artyku\u0142y na temat jako\u015bciowych i ilo\u015bciowych bada\u0144 rynku oraz inne narz\u0119dzia.<\/p>","protected":false},"author":1,"featured_media":66359,"parent":33287,"menu_order":9,"comment_status":"closed","ping_status":"closed","template":"","meta":{"footnotes":""},"class_list":["post-41082","page","type-page","status-publish","has-post-thumbnail"],"_links":{"self":[{"href":"https:\/\/www.sisinternational.com\/pl\/wp-json\/wp\/v2\/pages\/41082","targetHints":{"allow":["GET"]}}],"collection":[{"href":"https:\/\/www.sisinternational.com\/pl\/wp-json\/wp\/v2\/pages"}],"about":[{"href":"https:\/\/www.sisinternational.com\/pl\/wp-json\/wp\/v2\/types\/page"}],"author":[{"embeddable":true,"href":"https:\/\/www.sisinternational.com\/pl\/wp-json\/wp\/v2\/users\/1"}],"replies":[{"embeddable":true,"href":"https:\/\/www.sisinternational.com\/pl\/wp-json\/wp\/v2\/comments?post=41082"}],"version-history":[{"count":5,"href":"https:\/\/www.sisinternational.com\/pl\/wp-json\/wp\/v2\/pages\/41082\/revisions"}],"predecessor-version":[{"id":81706,"href":"https:\/\/www.sisinternational.com\/pl\/wp-json\/wp\/v2\/pages\/41082\/revisions\/81706"}],"up":[{"embeddable":true,"href":"https:\/\/www.sisinternational.com\/pl\/wp-json\/wp\/v2\/pages\/33287"}],"wp:featuredmedia":[{"embeddable":true,"href":"https:\/\/www.sisinternational.com\/pl\/wp-json\/wp\/v2\/media\/66359"}],"wp:attachment":[{"href":"https:\/\/www.sisinternational.com\/pl\/wp-json\/wp\/v2\/media?parent=41082"}],"curies":[{"name":"wp","href":"https:\/\/api.w.org\/{rel}","templated":true}]}}