{"id":41080,"date":"2022-12-13T04:48:52","date_gmt":"2022-12-13T04:48:52","guid":{"rendered":"https:\/\/www.sisinternational.com\/?page_id=41080"},"modified":"2025-10-01T22:13:09","modified_gmt":"2025-10-02T02:13:09","slug":"badania-rynku-montserrat","status":"publish","type":"page","link":"https:\/\/www.sisinternational.com\/pl\/zasieg\/badania-rynku-na-karaibach\/badania-rynku-montserrat\/","title":{"rendered":"Badania rynku w Montserrat"},"content":{"rendered":"<h1 class=\"wp-block-heading\">Badania rynku w Montserrat<\/h1>\n\n\n\n<figure class=\"gb-block-image gb-block-image-e92d175f\"><img loading=\"lazy\" decoding=\"async\" width=\"1456\" height=\"816\" class=\"gb-image gb-image-e92d175f\" src=\"https:\/\/www.sisinternational.com\/wp-content\/uploads\/2025\/09\/Dutch-Caribbean-4-1.jpg\" alt=\"SIS Mi\u0119dzynarodowe badania rynku i strategia\" title=\"Dutch Caribbean 4\" srcset=\"https:\/\/www.sisinternational.com\/wp-content\/uploads\/2025\/09\/Dutch-Caribbean-4-1.jpg 1456w, https:\/\/www.sisinternational.com\/wp-content\/uploads\/2025\/09\/Dutch-Caribbean-4-1-300x168.jpg 300w, https:\/\/www.sisinternational.com\/wp-content\/uploads\/2025\/09\/Dutch-Caribbean-4-1-1024x574.jpg 1024w, https:\/\/www.sisinternational.com\/wp-content\/uploads\/2025\/09\/Dutch-Caribbean-4-1-768x430.jpg 768w, https:\/\/www.sisinternational.com\/wp-content\/uploads\/2025\/09\/Dutch-Caribbean-4-1-18x10.jpg 18w\" sizes=\"auto, (max-width: 1456px) 100vw, 1456px\"><\/figure>\n\n\n\n<hr class=\"wp-block-separator has-alpha-channel-opacity is-style-dots\"\/>\n\n\n\n<p>Montserrat jest brytyjskim terytorium zamorskim. Wyspa le\u017cy oko\u0142o 27 mil na po\u0142udniowy zach\u00f3d od Antigui i 30 mil na p\u00f3\u0142nocny zach\u00f3d od Gwadelupy. Stolica, Plymouth, znajduje si\u0119 na po\u0142udniu i by\u0142a jedynym portem wjazdowym do 1997 roku. W tym roku wybuchy wulkan\u00f3w zniszczy\u0142y znaczn\u0105 cz\u0119\u015b\u0107 miasta. W rezultacie rz\u0105d przeni\u00f3s\u0142 wi\u0119kszo\u015b\u0107 swoich interes\u00f3w do Brades Estate. Cz\u0119sto nazywane \u201eBrades\u201d, to nowe miasto znajduje si\u0119 w p\u00f3\u0142nocnej po\u0142owie wyspy.<\/p>\n\n\n\n<h2 class=\"wp-block-heading\">Osiedla<\/h2>\n\n\n\n<ul class=\"wp-block-list\">\n<li>Brades Estate jest faktyczn\u0105 stolic\u0105 Montserratu od 1998 roku. Znajduj\u0105 si\u0119 tam bank, kilka ma\u0142ych sklep\u00f3w, urz\u0105d pocztowy, urz\u0119dy rz\u0105dowe, apteka i biblioteka.<\/li>\n\n\n\n<li>Davy Hill znajduje si\u0119 blisko Brades Estate. Osada St. John le\u017cy nieco ponad mil\u0119 na po\u0142udniowy wsch\u00f3d.<\/li>\n\n\n\n<li>Little Bay to miasto portowe budowane jako przysz\u0142a stolica Montserrat. Znajduje si\u0119 obok Brades Estate.<\/li>\n<\/ul>\n\n\n\n<h2 class=\"wp-block-heading\">Kluczowe bran\u017ce<\/h2>\n\n\n\n<p>Montserrat\u2019s primary <a href=\"https:\/\/www.sisinternational.com\/pl\/rozwiazania\/badania-rynku-i-doradztwo-strategiczne-w-zakresie-sztucznej-inteligencji\/ai-adoption-travel-hospitality-tourism-industry-consulting\/\" title=\"Wdra\u017canie AI w bran\u017cy podr\u00f3\u017cy, hotelarstwa i turystyki Konsultacje\"  data-wpil-monitor-id=\"8950\">industries are tourism<\/a>, textiles, and rum. Most of the exports consist of electronic parts sold to the United States. Other exports include plastic bags, limes, hot peppers, live plants, and cattle. The economy is small and open, and centered on tourism and construction. Tourism is the most important sector and accounts for about one-fifth of the GDP. Agriculture is also a key industry in Montserrat.<\/p>\n\n\n\n<h2 class=\"wp-block-heading\">Trendy<\/h2>\n\n\n\n<p>Wyspa wci\u0105\u017c dochodzi do siebie po erupcji wulkanu Soufriere Hills w 1997 r. Liczba ludno\u015bci spad\u0142a z 13 000 w 1994 r. do oko\u0142o 5000 obecnie. Rz\u0105d brytyjski pokrywa wi\u0119kszo\u015b\u0107 bud\u017cetu operacyjnego wyspy, kt\u00f3ry obejmuje oko\u0142o <strong>25 milion\u00f3w funt\u00f3w rocznie<\/strong>. Zabezpiecza inne dochody z licencji, op\u0142at i podatk\u00f3w od nieruchomo\u015bci. Zarabia r\u00f3wnie\u017c na c\u0142ach pobieranych od importowanych towar\u00f3w.<\/p>\n\n\n\n<h2 class=\"wp-block-heading\">Korzy\u015bci i mocne strony rynku Montserrat<\/h2>\n\n\n\n<p>This benefit may seem like a paradox. The very volcano that destroyed two-thirds of Montserrat has become a benefit. Not only does the island have a volcano, but that volcano is alive. Many people who saw the eruptions are there to <a href=\"https:\/\/www.sisinternational.com\/pl\/rozwiazania\/rozwiazania-w-zakresie-brandingu-i-badan-klientow\/badania-rynku-opowiadania-historii\/\" title=\"Badania rynku opowiadania historii\"  data-wpil-monitor-id=\"8943\">tell their stories<\/a>. It\u2019s great stuff for tourism. The island\u2019s strategic location is another benefit. <a href=\"https:\/\/www.sisinternational.com\/pl\/rozszerzanie-zasiegu-rynkowego-poprzez-wieloplaszczyznowa-strategie-marketingowa\/\" title=\"Rozszerzanie zasi\u0119gu rynkowego poprzez wieloaspektow\u0105 strategi\u0119 marketingow\u0105\"  data-wpil-monitor-id=\"8946\">Marketing efforts can reach<\/a> English-speaking visitors in Antigua. They can also get to Dutch-speaking ones in Sint Maarten and French through Guadeloupe.<\/p>\n\n\n\n<h2 class=\"wp-block-heading\">Baza konsument\u00f3w<\/h2>\n\n\n\n<p>Dane pokazuj\u0105, \u017ce po\u0142owa mieszka\u0144c\u00f3w Montserrat to kobiety, a druga po\u0142owa to m\u0119\u017cczy\u017ani. Mniej ni\u017c dziesi\u0119\u0107 procent mieszka\u0144c\u00f3w wyspy mieszka w o\u015brodkach miejskich. Reszta mieszka na terenach wiejskich. Je\u015bli chodzi o dane online, Montserrat ma oko\u0142o 3000 u\u017cytkownik\u00f3w medi\u00f3w spo\u0142eczno\u015bciowych. Ta liczba stanowi oko\u0142o 63 procent populacji. Zasi\u0119g reklam na Facebooku jest wi\u0119c ca\u0142kiem dobry. Tylko oko\u0142o jedna trzecia mieszka\u0144c\u00f3w Montserrat korzysta z Instagrama. Natomiast LinkedIn ma baz\u0119 u\u017cytkownik\u00f3w obejmuj\u0105c\u0105 dwie trzecie populacji.<\/p>\n\n\n\n<h2 class=\"wp-block-heading\">Powody, dla kt\u00f3rych warto rozwija\u0107 sw\u00f3j biznes na rynku Montserrat<\/h2>\n\n\n\n<p>The island continues to make headway since the volcanic eruptions. It has special trade agreements with Canada, the United States, and other Caribbean islands. Thus, there are potential <a href=\"https:\/\/www.sisinternational.com\/pl\/publikacje\/scalable-business-market-research-7-ways-to-build-a-scalable-business\/\" title=\"Skalowalne badania rynku biznesowego: 7 sposob\u00f3w na zbudowanie skalowalnego biznesu\"  data-wpil-monitor-id=\"8948\">markets for any business<\/a> willing to take a chance. Also, Montserrat is a British overseas territory, so it has open-door access to the EU. Another plus is that the government embraces ex-pat investments. It has made it easy to buy domestic and business properties.<\/p>\n\n\n\n<h2 class=\"wp-block-heading\">O badaniach rynku w Montserrat<\/h2>\n\n\n\n<p><a href=\"https:\/\/www.sisinternational.com\/pl\/sis-application-of-quantitative-data-analytics-to-sensory-testing\/\" title=\"SIS Application of Quantitative Data Analytics to Sensory Testing\"  data-wpil-monitor-id=\"8941\">SIS International offers Qualitative and Quantitative data<\/a>. This data is a boon for companies wishing to invest in Montserrat. Our UX and <a href=\"https:\/\/www.sisinternational.com\/pl\/rozwiazania\/podroze-turystyka-hotelarstwo-doradztwo\/hotel-management-company-market-research-strategy-consulting\/\" title=\"Badania rynku i doradztwo strategiczne dla firm zarz\u0105dzaj\u0105cych hotelami\"  data-wpil-monitor-id=\"8938\">Strategy Market Research will give your company<\/a> insights that will help it to get, keep, and grow customer relations. Together we can develop a Go-To-Market Strategy. You can bypass the maze of marketing lingo and buzzwords and go straight to making profits. <a href=\"https:\/\/www.sisinternational.com\/pl\/ekspertyza\/cv-z-doswiadczeniem\/cv-z-doswiadczeniem-w-branzy-motoryzacyjnej\/\" title=\"Firma badawcza rynku bran\u017cy motoryzacyjnej\"  data-wpil-monitor-id=\"8939\">Market Research helps companies<\/a> develop through proper planning and organization. It also allows them to control their <a href=\"https:\/\/www.sisinternational.com\/pl\/ekspertyza\/branze\/natural-resources-market-research\/\" title=\"Badania rynku zasob\u00f3w naturalnych\"  data-wpil-monitor-id=\"8944\">resources to meet market<\/a> needs.<\/p>\n\n\n\n<p><\/p>","protected":false},"excerpt":{"rendered":"<p>SIS International oferuje dane jako\u015bciowe i ilo\u015bciowe. Dane te s\u0105 dobrodziejstwem dla firm, kt\u00f3re chc\u0105 inwestowa\u0107 w Montserrat.<\/p>","protected":false},"author":1,"featured_media":66260,"parent":33287,"menu_order":8,"comment_status":"closed","ping_status":"closed","template":"","meta":{"footnotes":""},"class_list":["post-41080","page","type-page","status-publish","has-post-thumbnail"],"_links":{"self":[{"href":"https:\/\/www.sisinternational.com\/pl\/wp-json\/wp\/v2\/pages\/41080","targetHints":{"allow":["GET"]}}],"collection":[{"href":"https:\/\/www.sisinternational.com\/pl\/wp-json\/wp\/v2\/pages"}],"about":[{"href":"https:\/\/www.sisinternational.com\/pl\/wp-json\/wp\/v2\/types\/page"}],"author":[{"embeddable":true,"href":"https:\/\/www.sisinternational.com\/pl\/wp-json\/wp\/v2\/users\/1"}],"replies":[{"embeddable":true,"href":"https:\/\/www.sisinternational.com\/pl\/wp-json\/wp\/v2\/comments?post=41080"}],"version-history":[{"count":4,"href":"https:\/\/www.sisinternational.com\/pl\/wp-json\/wp\/v2\/pages\/41080\/revisions"}],"predecessor-version":[{"id":81499,"href":"https:\/\/www.sisinternational.com\/pl\/wp-json\/wp\/v2\/pages\/41080\/revisions\/81499"}],"up":[{"embeddable":true,"href":"https:\/\/www.sisinternational.com\/pl\/wp-json\/wp\/v2\/pages\/33287"}],"wp:featuredmedia":[{"embeddable":true,"href":"https:\/\/www.sisinternational.com\/pl\/wp-json\/wp\/v2\/media\/66260"}],"wp:attachment":[{"href":"https:\/\/www.sisinternational.com\/pl\/wp-json\/wp\/v2\/media?parent=41080"}],"curies":[{"name":"wp","href":"https:\/\/api.w.org\/{rel}","templated":true}]}}