{"id":41076,"date":"2022-12-13T04:33:21","date_gmt":"2022-12-13T04:33:21","guid":{"rendered":"https:\/\/www.sisinternational.com\/?page_id=41076"},"modified":"2026-01-24T21:30:40","modified_gmt":"2026-01-25T02:30:40","slug":"badania-rynku-martynika","status":"publish","type":"page","link":"https:\/\/www.sisinternational.com\/pl\/zasieg\/badania-rynku-na-karaibach\/badania-rynku-martynika\/","title":{"rendered":"Badania rynku na Martynice"},"content":{"rendered":"<h1 class=\"wp-block-heading\">Badania rynku na Martynice<\/h1>\n\n\n\n<figure class=\"gb-block-image gb-block-image-d5dd84ef\"><img loading=\"lazy\" decoding=\"async\" width=\"1456\" height=\"816\" class=\"gb-image gb-image-d5dd84ef\" src=\"https:\/\/www.sisinternational.com\/wp-content\/uploads\/2025\/09\/Martinique-1.jpg\" alt=\"SIS Mi\u0119dzynarodowe badania rynku i strategia\" title=\"Martinique (1)\" srcset=\"https:\/\/www.sisinternational.com\/wp-content\/uploads\/2025\/09\/Martinique-1.jpg 1456w, https:\/\/www.sisinternational.com\/wp-content\/uploads\/2025\/09\/Martinique-1-300x168.jpg 300w, https:\/\/www.sisinternational.com\/wp-content\/uploads\/2025\/09\/Martinique-1-1024x574.jpg 1024w, https:\/\/www.sisinternational.com\/wp-content\/uploads\/2025\/09\/Martinique-1-768x430.jpg 768w, https:\/\/www.sisinternational.com\/wp-content\/uploads\/2025\/09\/Martinique-1-18x10.jpg 18w\" sizes=\"auto, (max-width: 1456px) 100vw, 1456px\"><\/figure>\n\n\n\n<hr class=\"wp-block-separator has-alpha-channel-opacity is-style-dots\"\/>\n\n\n\n<p>Martynika, po\u0142o\u017cona we wschodnich Karaibach, jest departamentem zamorskim Francji. Ma powierzchni\u0119 436 mil kwadratowych i jest domem dla 365 000 os\u00f3b. Le\u017cy na p\u00f3\u0142nocny zach\u00f3d od Barbadosu, na p\u00f3\u0142noc od Saint Lucia i na po\u0142udnie od Dominiki. G\u0142\u00f3wnym j\u0119zykiem jest francuski, ale wi\u0119kszo\u015b\u0107 ludzi m\u00f3wi r\u00f3wnie\u017c kreolskim martynika\u0144skim. Ponadto ludzie s\u0105 obywatelami francuskimi z pe\u0142nymi prawami prawnymi i politycznymi. Walut\u0105 jest euro.<\/p>\n\n\n\n<h2 class=\"wp-block-heading\">Kluczowe bran\u017ce<\/h2>\n\n\n\n<p>Martynika ma kilka kluczowych ga\u0142\u0119zi przemys\u0142u. Na przyk\u0142ad, mieszka\u0144cy Martyniki zajmuj\u0105 si\u0119 turystyk\u0105, rybo\u0142\u00f3wstwem, agrobiznesem i rafinacj\u0105 ropy naftowej. Turystyka odnotowa\u0142a bardzo wysoki wzrost w ci\u0105gu ostatnich kilku dekad, podwajaj\u0105c liczb\u0119 odwiedzaj\u0105cych.<\/p>\n\n\n\n<p>Trzcina cukrowa i banany s\u0105 g\u0142\u00f3wnymi produktami eksportowymi Martyniki. W rzeczywisto\u015bci ziemia uprawna zajmuje oko\u0142o jednej trzeciej powierzchni wyspy, a sektor ten zatrudnia jedn\u0105 sz\u00f3st\u0105 populacji.<\/p>\n\n\n\n<h2 class=\"wp-block-heading\">Osiedla<\/h2>\n\n\n\n<p><strong>Fort-de-France<\/strong>: Stolica Martyniki ma wiele do zaoferowania. Znajdziesz tu wiele do zrobienia, niezale\u017cnie od tego, czy lubisz obserwowa\u0107 delfiny, wycieczki kulinarne, czy te\u017c ch\u0142on\u0105\u0107 lokaln\u0105 sztuk\u0119.<\/p>\n\n\n\n<p><strong>\u015awi\u0119ta Anna<\/strong>: This town has budget-friendly places to stay as well as many free activities. Sainte Anne is perfect for the low-budget traveler. In fact, it\u2019s a great place to invest. For example, one can open bistros, bed &amp; breakfasts, and similar <a href=\"https:\/\/www.sisinternational.com\/pl\/publikacje\/scalable-business-market-research-7-ways-to-build-a-scalable-business\/\" title=\"Skalowalne badania rynku biznesowego: 7 sposob\u00f3w na zbudowanie skalowalnego biznesu\"  data-wpil-monitor-id=\"9868\">businesses to serve this market<\/a>.<\/p>\n\n\n\n<p><strong>Saint-Luce<\/strong>:To miasto to raj dla smakoszy. Na ka\u017cdym rogu znajduj\u0105 si\u0119 wspania\u0142e restauracje i bary.<\/p>\n\n\n\n<h2 class=\"wp-block-heading\">Trendy<\/h2>\n\n\n\n<p>Martynika jest zale\u017cna od \u015bwiata zewn\u0119trznego w przypadku wi\u0119kszo\u015bci swoich produkt\u00f3w. Import wyspy jest co najmniej osiem razy wi\u0119kszy od jej eksportu! Przynajmniej eksport wielu produkt\u00f3w wzr\u00f3s\u0142 w ci\u0105gu ostatnich kilku lat. G\u0142\u00f3wnymi dostawcami wyspy s\u0105 Francja, UE, Azja i Ameryka P\u00f3\u0142nocna. Wi\u0119kszo\u015b\u0107 importu z Francji to nietrwa\u0142e dobra konsumpcyjne; z nich ponad po\u0142owa to produkty rolno-spo\u017cywcze. Prawie jedna czwarta to produkty farmaceutyczne.<\/p>\n\n\n\n<h2 class=\"wp-block-heading\">Korzy\u015bci i mocne strony na rynku<\/h2>\n\n\n\n<p>Wyspa ma rozleg\u0142\u0105 i dobrze utrzyman\u0105 sie\u0107 dr\u00f3g, opr\u00f3cz autostrad wok\u00f3\u0142 Fort-de-France. Z tego samego powodu, jedyne lotnisko obs\u0142uguje loty do i ze Stan\u00f3w Zjednoczonych, Kanady, Europy, Wenezueli i reszty Karaib\u00f3w. G\u0142\u00f3wny port w Fort-de-France jest si\u00f3dmym co do wielko\u015bci portem francuskim (mierzonym ruchem kontenerowym). Wyspa ma r\u00f3wnie\u017c regularne po\u0142\u0105czenia promowe do Saint Lucia, Dominiki i Gwadelupy.<\/p>\n\n\n\n<h2 class=\"wp-block-heading\">Baza konsument\u00f3w<\/h2>\n\n\n\n<p>Prawie 90 procent Martynika\u0144czyk\u00f3w mieszka w o\u015brodkach miejskich. Pozostali ludzie mieszkaj\u0105 na terenach wiejskich. Istnieje nier\u00f3wnowaga p\u0142ci, jest wi\u0119cej kobiet ni\u017c m\u0119\u017cczyzn. Dwie trzecie ludzi korzysta z Internetu regularnie, sta\u0142y wzrost w ci\u0105gu ostatnich kilku lat. Mniej ni\u017c po\u0142owa wszystkich Martynika\u0144czyk\u00f3w jest na Facebooku. Zasi\u0119g reklam tej platformy wynosi oko\u0142o 40 procent ca\u0142ej populacji.<\/p>\n\n\n\n<p>Populacja Martyniki jest jedn\u0105 z najg\u0119stszych na Karaibach. Mimo to wyspa jest jednym z najmniejszych francuskich terytori\u00f3w zamorskich.<\/p>\n\n\n\n<h2 class=\"wp-block-heading\">Powody, dla kt\u00f3rych warto rozwija\u0107 sw\u00f3j biznes na Martynice<\/h2>\n\n\n\n<p>Martynika ch\u0119tnie przyjmuje zagraniczne inwestycje. Ma solidny klimat biznesowy, kt\u00f3ry przyci\u0105ga inwestycje z ca\u0142ego \u015bwiata. Chocia\u017c proces jest skomplikowany, Francja ch\u0119tnie przyjmuje inwestycje z USA. W rzeczywisto\u015bci Stany Zjednoczone s\u0105 najwi\u0119kszym \u017ar\u00f3d\u0142em zagranicznych inwestycji bezpo\u015brednich we Francji. Istniej\u0105 mo\u017cliwo\u015bci w turystyce, finansach, handlu i naprawach, ICT, budownictwie i nieruchomo\u015bciach.<\/p>\n\n\n\n<p>Innym powodem do inwestowania jest klimat, kt\u00f3ry jest sta\u0142y i idealny dla turystyki. \u015arednie temperatury utrzymuj\u0105 si\u0119 na poziomie oko\u0142o 79\u00b0F, ze \u015brednimi minimami 68\u00b0F \u2013 72\u00b0F i \u015brednimi maksimami 86-90\u00b0. Ekstremalne temperatury to 59\u00b0F i 93\u00b0F. Pora deszczowa trwa od lipca do grudnia, a pora sucha od grudnia do czerwca.<\/p>\n\n\n\n<h2 class=\"wp-block-heading\">O badaniach rynkowych na Martynice<\/h2>\n\n\n\n<p><a href=\"https:\/\/www.sisinternational.com\/pl\/rozwiazania\/rozwiazania-w-zakresie-brandingu-i-badan-klientow\/badania-rynku-testowanie-produktow\/sis-internationals-degustacja-jedzenia\/\" title=\"Co sprawia, \u017ce SIS International Research jest najlepsz\u0105 firm\u0105 badawcz\u0105 rynku w zakresie testowania smaku \u017cywno\u015bci w Nowym Jorku\"  data-wpil-monitor-id=\"9867\">SIS International offers research<\/a> services for the island of Martinique. These services include:<\/p>\n\n\n\n<ul class=\"wp-block-list\">\n<li>Jako\u015bciowe badania rynku<\/li>\n\n\n\n<li>Ilo\u015bciowe badania rynku<\/li>\n\n\n\n<li>Badania rynku UX<\/li>\n\n\n\n<li>Strategia Badania Rynku<\/li>\n\n\n\n<li>Analiza konkurencji<\/li>\n\n\n\n<li><a href=\"https:\/\/www.sisinternational.com\/pl\/ekspertyza\/branze\/halal-market-research\/\" title=\"Badania rynku halal\"  data-wpil-monitor-id=\"3524\">Badania wej\u015bcia na rynek<\/a><\/li>\n\n\n\n<li><a href=\"https:\/\/www.sisinternational.com\/pl\/zasieg\/ameryka\/badania-rynku-na-karaibach\/badania-rynku-bahamy\/\" title=\"Badania rynku na Bahamach\"  data-wpil-monitor-id=\"3532\">Badania wielko\u015bci rynku<\/a><\/li>\n\n\n\n<li>Strategia wej\u015bcia na rynek<\/li>\n\n\n\n<li>Grupy fokusowe<\/li>\n\n\n\n<li>Ankiety<\/li>\n\n\n\n<li>Wywiady<\/li>\n<\/ul>\n\n\n\n<p><\/p>","protected":false},"excerpt":{"rendered":"<p>SIS International oferuje us\u0142ugi badawcze dla wyspy Martynika. Us\u0142ugi te obejmuj\u0105: Badania jako\u015bciowe, Badania ilo\u015bciowe<\/p>","protected":false},"author":1,"featured_media":66136,"parent":33287,"menu_order":7,"comment_status":"closed","ping_status":"closed","template":"","meta":{"footnotes":""},"class_list":["post-41076","page","type-page","status-publish","has-post-thumbnail"],"_links":{"self":[{"href":"https:\/\/www.sisinternational.com\/pl\/wp-json\/wp\/v2\/pages\/41076","targetHints":{"allow":["GET"]}}],"collection":[{"href":"https:\/\/www.sisinternational.com\/pl\/wp-json\/wp\/v2\/pages"}],"about":[{"href":"https:\/\/www.sisinternational.com\/pl\/wp-json\/wp\/v2\/types\/page"}],"author":[{"embeddable":true,"href":"https:\/\/www.sisinternational.com\/pl\/wp-json\/wp\/v2\/users\/1"}],"replies":[{"embeddable":true,"href":"https:\/\/www.sisinternational.com\/pl\/wp-json\/wp\/v2\/comments?post=41076"}],"version-history":[{"count":6,"href":"https:\/\/www.sisinternational.com\/pl\/wp-json\/wp\/v2\/pages\/41076\/revisions"}],"predecessor-version":[{"id":81638,"href":"https:\/\/www.sisinternational.com\/pl\/wp-json\/wp\/v2\/pages\/41076\/revisions\/81638"}],"up":[{"embeddable":true,"href":"https:\/\/www.sisinternational.com\/pl\/wp-json\/wp\/v2\/pages\/33287"}],"wp:featuredmedia":[{"embeddable":true,"href":"https:\/\/www.sisinternational.com\/pl\/wp-json\/wp\/v2\/media\/66136"}],"wp:attachment":[{"href":"https:\/\/www.sisinternational.com\/pl\/wp-json\/wp\/v2\/media?parent=41076"}],"curies":[{"name":"wp","href":"https:\/\/api.w.org\/{rel}","templated":true}]}}