{"id":41074,"date":"2022-12-13T04:20:27","date_gmt":"2022-12-13T04:20:27","guid":{"rendered":"https:\/\/www.sisinternational.com\/?page_id=41074"},"modified":"2026-01-24T21:30:41","modified_gmt":"2026-01-25T02:30:41","slug":"badania-rynku-gwadelupa","status":"publish","type":"page","link":"https:\/\/www.sisinternational.com\/pl\/zasieg\/badania-rynku-na-karaibach\/badania-rynku-gwadelupa\/","title":{"rendered":"Badania rynku na Gwadelupie"},"content":{"rendered":"<h1 class=\"wp-block-heading\">Badania rynku na Gwadelupie<\/h1>\n\n\n\n<figure class=\"gb-block-image gb-block-image-880192f7\"><img loading=\"lazy\" decoding=\"async\" width=\"1456\" height=\"816\" class=\"gb-image gb-image-880192f7\" src=\"https:\/\/www.sisinternational.com\/wp-content\/uploads\/2025\/09\/Guadeloupe-3.jpg\" alt=\"SIS Mi\u0119dzynarodowe badania rynku i strategia\" title=\"Guadeloupe (3)\" srcset=\"https:\/\/www.sisinternational.com\/wp-content\/uploads\/2025\/09\/Guadeloupe-3.jpg 1456w, https:\/\/www.sisinternational.com\/wp-content\/uploads\/2025\/09\/Guadeloupe-3-300x168.jpg 300w, https:\/\/www.sisinternational.com\/wp-content\/uploads\/2025\/09\/Guadeloupe-3-1024x574.jpg 1024w, https:\/\/www.sisinternational.com\/wp-content\/uploads\/2025\/09\/Guadeloupe-3-768x430.jpg 768w, https:\/\/www.sisinternational.com\/wp-content\/uploads\/2025\/09\/Guadeloupe-3-18x10.jpg 18w\" sizes=\"auto, (max-width: 1456px) 100vw, 1456px\"><\/figure>\n\n\n\n<hr class=\"wp-block-separator has-alpha-channel-opacity is-style-dots\"\/>\n\n\n\n<p>Gwadelupa to skupisko wysp na Antylach Francuskich. Jest to departament zamorski Francji. Innym kluczowym punktem jest to, \u017ce g\u0142\u00f3wny region Gwadelupy sk\u0142ada si\u0119 z dw\u00f3ch wysp. Grand-Terre znajduje si\u0119 na wschodzie, a Basse-Terre dalej na zachodzie. W\u0105ski kana\u0142 morski, Riviere Salee, przep\u0142ywa mi\u0119dzy nimi. La Desirade, kolejna wyspa w skupisku, le\u017cy na wschodzie, Marie Galante na po\u0142udniowym wschodzie, a Saintes na po\u0142udniu.<\/p>\n\n\n\n<h2 class=\"wp-block-heading\">Kluczowe bran\u017ce<\/h2>\n\n\n\n<p>Tourism, agriculture, light industry, and <a href=\"https:\/\/www.sisinternational.com\/pl\/rozwiazania\/doradztwo-strategiczne-fintech-badania\/financial-services-sourcing-consulting-2\/\" title=\"Doradztwo w zakresie pozyskiwania us\u0142ug finansowych\"  data-wpil-monitor-id=\"8273\">services are the main sources<\/a> of the islands\u2019 wealth. The islands also depend on France for imports and large grants. They import fuel and most mass produced goods.<\/p>\n\n\n\n<h3 class=\"wp-block-heading\">Turystyka<\/h3>\n\n\n\n<p>Many cruise ships visit each year, and <a href=\"https:\/\/www.sisinternational.com\/pl\/rozwiazania\/badania-rynku-i-doradztwo-strategiczne-w-zakresie-sztucznej-inteligencji\/ai-adoption-travel-hospitality-tourism-industry-consulting\/\" title=\"Wdra\u017canie AI w bran\u017cy podr\u00f3\u017cy, hotelarstwa i turystyki Konsultacje\"  data-wpil-monitor-id=\"8271\">tourism has become the main industry<\/a>.<\/p>\n\n\n\n<h3 class=\"wp-block-heading\">Rolnictwo<\/h3>\n\n\n\n<p>Inne uprawy, takie jak bak\u0142a\u017cany, banany i kwiaty, zast\u0119puj\u0105 standardow\u0105 trzcin\u0119 cukrow\u0105. Ludzie uprawiaj\u0105 r\u00f3wnie\u017c ro\u015bliny okopowe i inne warzywa.<\/p>\n\n\n\n<h3 class=\"wp-block-heading\">Przemys\u0142 lekki<\/h3>\n\n\n\n<p>Produkcja cukru i rumu stanowi trzon lekkiego przemys\u0142u na wyspach.<\/p>\n\n\n\n<h2 class=\"wp-block-heading\">Osiedla<\/h2>\n\n\n\n<p>Najlepsze miasta na tych wyspach to Baie-Mahault, Les Abymes i Petit-Bourg. Le Gosier to idealne, radosne miasto na pobyt w Grande-Terre. Jego centralne po\u0142o\u017cenie jest jego g\u0142\u00f3wn\u0105 zalet\u0105. Le Gosier ma r\u00f3wnie\u017c pla\u017ce, sklepy i \u017cycie nocne.<\/p>\n\n\n\n<p>Bouillante to jedno z najlepszych miejsc na pobyt w Basseterre. To idealne miejsce, je\u015bli lubisz nurkowa\u0107, p\u0142ywa\u0107 z rurk\u0105 lub wylegiwa\u0107 si\u0119 w gor\u0105cych \u017ar\u00f3d\u0142ach. Saint Francois na wyspie Grande-Terre to popularny wyb\u00f3r w\u015br\u00f3d rodzin. Ma kilka zabytk\u00f3w i jedn\u0105 z najlepszych pla\u017c na Gwadelupie: Raisins Clairs Beach.<\/p>\n\n\n\n<h2 class=\"wp-block-heading\">Trendy<\/h2>\n\n\n\n<p>Wyspy s\u0105 nowoczesne i od lat 90. XX wieku notuj\u0105 sta\u0142y wzrost. Sektor prywatny i g\u0142\u00f3wnie trzeciorz\u0119dny zast\u0105pi\u0142 niekt\u00f3re ze standardowych. Ten nowy sektor odpowiada za co najmniej pi\u0119\u0107 sz\u00f3stych bogactwa wysp. Znajdziesz tam r\u00f3wnie\u017c wiele mikroprzedsi\u0119biorstw, kt\u00f3re odpowiadaj\u0105 za jedn\u0105 trzeci\u0105 miejsc pracy na wyspach. W rzeczywisto\u015bci raporty pokazuj\u0105, \u017ce Gwadelupa jest wiod\u0105cym francuskim departamentem pod wzgl\u0119dem tworzenia przedsi\u0119biorstw. \u015arednio powstaje tam 5000 nowych firm rocznie.<\/p>\n\n\n\n<h2 class=\"wp-block-heading\">Korzy\u015bci i mocne strony na rynku<\/h2>\n\n\n\n<p>Kluczowa si\u0142a wysp le\u017cy w sektorach wschodz\u0105cych. Sektory te obejmuj\u0105 srebrn\u0105 gospodark\u0119, us\u0142ugi osobiste, a tak\u017ce przemys\u0142y kreatywne i kulturalne. Woda, sanitacja i oczyszczanie odpad\u00f3w r\u00f3wnie\u017c nale\u017c\u0105 do sektor\u00f3w wschodz\u0105cych.<br>The Jarry area is now a \u201cTerritoire d\u2019industrie.\u201d This move will strengthen the islands\u2019 appeal to investors. Other ambitious projects are underway, such as setting up a technopole. This technopole will bring together state-of-the-art <a href=\"https:\/\/www.sisinternational.com\/pl\/rozwiazania\/doradztwo-strategiczne-fintech-badania\/financial-services-industry-market-research\/\" title=\"Badania rynku bran\u017cy us\u0142ug finansowych\"  data-wpil-monitor-id=\"8270\">industries and services<\/a>. It will also improve <a href=\"https:\/\/www.sisinternational.com\/pl\/ekspertyza\/branze\/training-data-market-research\/\" title=\"Dane szkoleniowe Badania rynku\"  data-wpil-monitor-id=\"8274\">research capacity and make state-of-the-art training<\/a> possible.<\/p>\n\n\n\n<h2 class=\"wp-block-heading\">Baza konsument\u00f3w<\/h2>\n\n\n\n<p>Na wyspach mieszka oko\u0142o 400 000 os\u00f3b, z czego nieco wi\u0119cej jest kobiet. Tylko oko\u0142o 1,5 procent ludno\u015bci mieszka na terenach wiejskich; reszta zamieszkuje o\u015brodki miejskie.<\/p>\n\n\n\n<p>Najnowsze dane pokazuj\u0105, \u017ce oko\u0142o dwie trzecie ludzi to u\u017cytkownicy Internetu, z kt\u00f3rych wi\u0119kszo\u015b\u0107 korzysta z medi\u00f3w spo\u0142eczno\u015bciowych. Reklamy na Facebooku docieraj\u0105 do prawie po\u0142owy os\u00f3b. Zasi\u0119g reklam na Instagramie jest niemal r\u00f3wny zasi\u0119gowi Facebooka. LinkedIn ma oko\u0142o jednej trzeciej os\u00f3b, a Twitter jedn\u0105 sz\u00f3st\u0105.<\/p>\n\n\n\n<h2 class=\"wp-block-heading\">Powody, dla kt\u00f3rych warto rozwija\u0107 sw\u00f3j biznes na tym rynku<\/h2>\n\n\n\n<p>Klimat inwestycyjny we Francji (i, co za tym idzie, na Gwadelupie) jest sprzyjaj\u0105cy. Ma solidne ramy prawne antykorupcyjne. Z tego samego powodu za\u0142o\u017cenie firmy jest \u0142atwe i niedrogie. Francuski rz\u0105d oferuje szereg zach\u0119t, aby przyci\u0105gn\u0105\u0107 zagraniczne firmy. Je\u015bli zarejestrujesz firm\u0119 na Gwadelupie, mo\u017cesz zabezpieczy\u0107 po\u017cyczki przy korzystnych stopach procentowych. \u015arednie roczne stopy procentowe wynosz\u0105 zaledwie 2,2 procent.<\/p>\n\n\n\n<h2 class=\"wp-block-heading\">O badaniach rynkowych na Gwadelupie<\/h2>\n\n\n\n<p><a href=\"https:\/\/www.sisinternational.com\/pl\/wielkanocna-pascha-i-nieunikniony-czekoladowy-zajaczek\/\" title=\"Badania rynku wielkanocnego\"  data-wpil-monitor-id=\"8265\">Market research is easy with SIS<\/a>. Our high-quality <a href=\"https:\/\/www.sisinternational.com\/pl\/rozwiazania\/testowanie-smaku\/how-quantitative-sensory-testing-helps-businesses-improve-product-appeal\/\" title=\"Sensory Testing Research\"  data-wpil-monitor-id=\"8266\">research and data testing<\/a> provide insights into how you can make these islands work for you. We are here to help you make crucial decisions. SIS provides <a href=\"https:\/\/www.sisinternational.com\/pl\/how-to-design-effective-surveys-for-quantitative-research\/\" title=\"How to Design Effective Surveys for Quantitative Research\"  data-wpil-monitor-id=\"8268\">Quantitative coupled with Qualitative Research<\/a> on these islands and beyond. We also offer UX, Market Entry, and <a href=\"https:\/\/www.sisinternational.com\/pl\/the-role-of-process-and-systems-development-in-organizational-success\/\" title=\"Badania rynku projektowania organizacji\"  data-wpil-monitor-id=\"8263\">Strategia Badania Rynku<\/a>.<br>We do Competitive Analysis, <a href=\"https:\/\/www.sisinternational.com\/pl\/ekspertyza\/branze\/halal-market-research\/\" title=\"Badania rynku halal\"  data-wpil-monitor-id=\"3526\">Badania mo\u017cliwo\u015bci rynkowych<\/a>, and Market Sizing Research. You can also count on us for data to inform your Go-to-Market Strategy. We use Focus Groups, Surveys, and Interviews to gather data to help you decide to invest.<\/p>\n\n\n\n<p><\/p>","protected":false},"excerpt":{"rendered":"<p>Badania rynku s\u0105 \u0142atwe z SIS. Nasze wysokiej jako\u015bci badania i testowanie danych dostarczaj\u0105 informacji na temat tego, jak mo\u017cesz sprawi\u0107, by te wyspy dzia\u0142a\u0142y dla Ciebie.<\/p>","protected":false},"author":1,"featured_media":66125,"parent":33287,"menu_order":6,"comment_status":"closed","ping_status":"closed","template":"","meta":{"footnotes":""},"class_list":["post-41074","page","type-page","status-publish","has-post-thumbnail"],"_links":{"self":[{"href":"https:\/\/www.sisinternational.com\/pl\/wp-json\/wp\/v2\/pages\/41074","targetHints":{"allow":["GET"]}}],"collection":[{"href":"https:\/\/www.sisinternational.com\/pl\/wp-json\/wp\/v2\/pages"}],"about":[{"href":"https:\/\/www.sisinternational.com\/pl\/wp-json\/wp\/v2\/types\/page"}],"author":[{"embeddable":true,"href":"https:\/\/www.sisinternational.com\/pl\/wp-json\/wp\/v2\/users\/1"}],"replies":[{"embeddable":true,"href":"https:\/\/www.sisinternational.com\/pl\/wp-json\/wp\/v2\/comments?post=41074"}],"version-history":[{"count":6,"href":"https:\/\/www.sisinternational.com\/pl\/wp-json\/wp\/v2\/pages\/41074\/revisions"}],"predecessor-version":[{"id":81389,"href":"https:\/\/www.sisinternational.com\/pl\/wp-json\/wp\/v2\/pages\/41074\/revisions\/81389"}],"up":[{"embeddable":true,"href":"https:\/\/www.sisinternational.com\/pl\/wp-json\/wp\/v2\/pages\/33287"}],"wp:featuredmedia":[{"embeddable":true,"href":"https:\/\/www.sisinternational.com\/pl\/wp-json\/wp\/v2\/media\/66125"}],"wp:attachment":[{"href":"https:\/\/www.sisinternational.com\/pl\/wp-json\/wp\/v2\/media?parent=41074"}],"curies":[{"name":"wp","href":"https:\/\/api.w.org\/{rel}","templated":true}]}}