{"id":41072,"date":"2022-12-13T04:15:26","date_gmt":"2022-12-13T04:15:26","guid":{"rendered":"https:\/\/www.sisinternational.com\/?page_id=41072"},"modified":"2026-01-26T16:47:54","modified_gmt":"2026-01-26T21:47:54","slug":"badania-rynku-grenada","status":"publish","type":"page","link":"https:\/\/www.sisinternational.com\/pl\/zasieg\/badania-rynku-na-karaibach\/badania-rynku-grenada\/","title":{"rendered":"Badania rynku w Grenadzie"},"content":{"rendered":"<h1 class=\"wp-block-heading\">Badania rynku w Grenadzie<\/h1>\n\n\n\n<figure class=\"gb-block-image gb-block-image-abccce6c\"><img loading=\"lazy\" decoding=\"async\" width=\"1456\" height=\"816\" class=\"gb-image gb-image-abccce6c\" src=\"https:\/\/www.sisinternational.com\/wp-content\/uploads\/2025\/09\/Grenada-3.jpg\" alt=\"SIS Mi\u0119dzynarodowe badania rynku i strategia\" title=\"Grenada (3)\" srcset=\"https:\/\/www.sisinternational.com\/wp-content\/uploads\/2025\/09\/Grenada-3.jpg 1456w, https:\/\/www.sisinternational.com\/wp-content\/uploads\/2025\/09\/Grenada-3-300x168.jpg 300w, https:\/\/www.sisinternational.com\/wp-content\/uploads\/2025\/09\/Grenada-3-1024x574.jpg 1024w, https:\/\/www.sisinternational.com\/wp-content\/uploads\/2025\/09\/Grenada-3-768x430.jpg 768w, https:\/\/www.sisinternational.com\/wp-content\/uploads\/2025\/09\/Grenada-3-18x10.jpg 18w\" sizes=\"auto, (max-width: 1456px) 100vw, 1456px\"><\/figure>\n\n\n\n<hr class=\"wp-block-separator has-alpha-channel-opacity is-style-dots\"\/>\n\n\n\n<p>Grenada to pa\u0144stwo wyspiarskie na po\u0142udniowym kra\u0144cu \u0142a\u0144cucha Karaib\u00f3w. Sk\u0142ada si\u0119 z trzech zamieszkanych wysp: Grenady (kontynentalnej), Carriacou i Petit Martinique.<\/p>\n\n\n\n<p>Several islets are also part of the state of Grenada. These include Calivigny Island, White Island, and Isle de Ronde. This 133-square-mile country is home to around 115,000 people. It lies north of <a href=\"https:\/\/www.sisinternational.com\/pl\/zasieg\/ameryka\/badania-rynku-na-karaibach\/badania-rynku-trynidad-tobago\/\" title=\"Badania rynku w Trynidadzie i Tobago\"  data-wpil-monitor-id=\"6202\">Trinidad &amp; Tobago<\/a>.<\/p>\n\n\n\n<h2 class=\"wp-block-heading\">Kluczowe bran\u017ce<\/h2>\n\n\n\n<p>Grenada ma ma\u0142\u0105, otwart\u0105 gospodark\u0119 opart\u0105 na turystyce. Jej g\u0142\u00f3wnymi produktami eksportowymi s\u0105 ga\u0142ka muszkato\u0142owa, macis i kakao. W rzeczywisto\u015bci jest drugim co do wielko\u015bci eksporterem ga\u0142ki muszkato\u0142owej na \u015bwiecie. Eksportuje r\u00f3wnie\u017c go\u017adziki, cynamon, banany i cytrusy.<\/p>\n\n\n\n<p>Ryby, takie jak tu\u0144czyk \u017c\u00f3\u0142top\u0142etwy, s\u0105 kolejnym wa\u017cnym eksportem. Inne eksporty s\u0105 na ma\u0142\u0105 skal\u0119. Obejmuj\u0105 s\u0142odycze, artyku\u0142y spo\u017cywcze i napoje.<\/p>\n\n\n\n<h2 class=\"wp-block-heading\">Osiedla<\/h2>\n\n\n\n<p>St. George\u2019s is the capital city of Grenada. You\u2019ll find the main seaport, several bars, restaurants, and shopping malls here. One of the leading local <a href=\"https:\/\/www.sisinternational.com\/pl\/zasieg\/ameryka\/badania-rynku-na-karaibach\/badania-rynku-w-st-vincent-i-grenadynach\/\" title=\"Badania rynku w Saint Vincent i Grenadynach\"  data-wpil-monitor-id=\"5827\">markets is also in St.<\/a> George\u2019s.<\/p>\n\n\n\n<p>Grand Anse to centrum turystyczne z \u017cyciem nocnym, kurortami pla\u017cowymi i centrami handlowymi. Jest tak\u017ce domem \u015bwiatowej s\u0142awy pla\u017cy Grand Anse.<\/p>\n\n\n\n<p>Carriacou jest jedn\u0105 z siostrzanych wysp Grenady. Na wyspie mieszka tylko oko\u0142o 8000 os\u00f3b. Jest wi\u0119c idealna dla tych, kt\u00f3rzy szukaj\u0105 spokojnego, cichego miejsca, by uciec.<\/p>\n\n\n\n<h2 class=\"wp-block-heading\">Trendy<\/h2>\n\n\n\n<p>Krucha gospodarka Grenady oparta na turystyce nara\u017ca j\u0105 na globalne kryzysy. Na przyk\u0142ad pandemie i wojny mog\u0105 sia\u0107 spustoszenie. Mimo to kraj znajduje si\u0119 w trendzie wzrostowym pod wzgl\u0119dem fiskalnym. Nadal ro\u015bnie pomimo trudnego globalnego krajobrazu.<\/p>\n\n\n\n<p>Podobnie jak inne kraje, Grenada zmaga si\u0119 z wysok\u0105 inflacj\u0105 i ma wska\u017anik ub\u00f3stwa wynosz\u0105cy oko\u0142o 25 procent. Pracuje nad zwi\u0119kszeniem \u017ar\u00f3de\u0142 dochodu. W tym celu ustanowi\u0142a nawet program obywatelstwa za inwestycj\u0119.<\/p>\n\n\n\n<h2 class=\"wp-block-heading\">Korzy\u015bci i mocne strony na rynku<\/h2>\n\n\n\n<p>W Grenadzie nie ma podatk\u00f3w od zysk\u00f3w kapita\u0142owych, darowizn, maj\u0105tku i dochod\u00f3w zagranicznych. Kraj ten nie ogranicza r\u00f3wnie\u017c repatriacji zysk\u00f3w i importowanego kapita\u0142u.<\/p>\n\n\n\n<p>Inn\u0105 mocn\u0105 stron\u0105 Grenady jest jej przestrze\u0144 morska, kt\u00f3ra jest 70 razy wi\u0119ksza od jej powierzchni l\u0105dowej. Ta przestrze\u0144 ma potencja\u0142 do rozwoju pr\u0119\u017cnie rozwijaj\u0105cego si\u0119 przemys\u0142u rybnego. Mo\u017ce r\u00f3wnie\u017c wspiera\u0107 turystyk\u0119 morsk\u0105, rop\u0119 i gaz oraz wiele wi\u0119cej.<\/p>\n\n\n\n<h2 class=\"wp-block-heading\">Baza konsument\u00f3w<\/h2>\n\n\n\n<p>Grenada nie jest du\u017cym rynkiem dla globalnych marek i sprzedawc\u00f3w e-commerce. Dlaczego? Poniewa\u017c jej baza klient\u00f3w jest niewielka. Kraj ma wska\u017anik penetracji Internetu wynosz\u0105cy zaledwie oko\u0142o 63 procent.<\/p>\n\n\n\n<p>To kraj angloj\u0119zyczny i cz\u0119\u015b\u0107 Brytyjskiej Wsp\u00f3lnoty Narod\u00f3w. Jest to r\u00f3wnie\u017c znane miejsce turystyczne. Mo\u017ce wi\u0119c by\u0107 cz\u0119\u015bci\u0105 wi\u0119kszej strategii regionalnej ka\u017cdej marki, poniewa\u017c droga do wej\u015bcia jest \u0142atwa. Podobnie jak wi\u0119kszo\u015b\u0107 ma\u0142ych wyspiarskich pa\u0144stw w regionie, konsumenci z Grenady wol\u0105 u\u017cywa\u0107 got\u00f3wki. Niewielu konsument\u00f3w korzysta z kart debetowych i kredytowych oraz opcji p\u0142atno\u015bci portfelem cyfrowym.<\/p>\n\n\n\n<h2 class=\"wp-block-heading\">Powody, dla kt\u00f3rych warto rozwija\u0107 sw\u00f3j biznes na rynku Grenady<\/h2>\n\n\n\n<p>Grenada oferuje doskona\u0142\u0105 jako\u015b\u0107 \u017cycia. Klienci b\u0119d\u0105 bardziej sk\u0142onni pozwoli\u0107 sobie na Twoje produkty. Maj\u0105 doch\u00f3d do dyspozycji, w przeciwie\u0144stwie do niekt\u00f3rych innych rynk\u00f3w w regionie.<\/p>\n\n\n\n<p>Kraj ma r\u00f3wnie\u017c dost\u0119p do rynk\u00f3w globalnych. Jego partnerami handlowymi s\u0105 Kanada, USA, Wielka Brytania i reszta Europy. Ma r\u00f3wnie\u017c du\u017c\u0105 diaspor\u0119, kt\u00f3ra przyjmuje produkty i zapewnia marketing szeptany.<\/p>\n\n\n\n<p>Grenada zainwestowa\u0142a du\u017ce \u015brodki w swoje sieci telefoniczne i internetowe, dzi\u0119ki czemu czysta i bezpieczna woda jest \u0142atwo dost\u0119pna.<br>Dost\u0119p do elektryczno\u015bci r\u00f3wnie\u017c nie stanowi problemu. Wysy\u0142ka towar\u00f3w jest \u0142atwa, poniewa\u017c Grenada ma lotniska i port morski. System transportu \u015br\u00f3dl\u0105dowego jest r\u00f3wnie\u017c solidny.<\/p>\n\n\n\n<h2 class=\"wp-block-heading\">O badaniach rynkowych w Grenadzie<\/h2>\n\n\n\n<p>Nasza wiod\u0105ca us\u0142uga bada\u0144 rynku dostarcza szczeg\u00f3\u0142owych danych ilo\u015bciowych i jako\u015bciowych. Oferujemy analiz\u0119 inwestycji w Grenadzie i w tym celu wykorzystujemy grupy fokusowe, ankiety i wywiady.<\/p>\n\n\n\n<p>SIS also offers UX and Strategy Market Research and Competitive Analysis. We do <a href=\"https:\/\/www.sisinternational.com\/pl\/ekspertyza\/branze\/halal-market-research\/\" title=\"Badania rynku halal\"  data-wpil-monitor-id=\"3528\">Badania mo\u017cliwo\u015bci rynkowych<\/a>. Our services also include <a href=\"https:\/\/www.sisinternational.com\/pl\/zasieg\/ameryka\/badania-rynku-na-karaibach\/badania-rynku-bahamy\/\" title=\"Badania rynku na Bahamach\"  data-wpil-monitor-id=\"3533\">Badania wielko\u015bci rynku<\/a> and Go-to-Market Strategy.<\/p>\n\n\n\n<p><\/p>","protected":false},"excerpt":{"rendered":"<p>Grenada ma ma\u0142\u0105, otwart\u0105 gospodark\u0119 opart\u0105 na turystyce. Jej g\u0142\u00f3wnymi produktami eksportowymi s\u0105 ga\u0142ka muszkato\u0142owa, macis i kakao. W rzeczywisto\u015bci jest drugim co do wielko\u015bci eksporterem ga\u0142ki muszkato\u0142owej na \u015bwiecie.<\/p>","protected":false},"author":1,"featured_media":66399,"parent":33287,"menu_order":5,"comment_status":"closed","ping_status":"closed","template":"","meta":{"footnotes":""},"class_list":["post-41072","page","type-page","status-publish","has-post-thumbnail"],"_links":{"self":[{"href":"https:\/\/www.sisinternational.com\/pl\/wp-json\/wp\/v2\/pages\/41072","targetHints":{"allow":["GET"]}}],"collection":[{"href":"https:\/\/www.sisinternational.com\/pl\/wp-json\/wp\/v2\/pages"}],"about":[{"href":"https:\/\/www.sisinternational.com\/pl\/wp-json\/wp\/v2\/types\/page"}],"author":[{"embeddable":true,"href":"https:\/\/www.sisinternational.com\/pl\/wp-json\/wp\/v2\/users\/1"}],"replies":[{"embeddable":true,"href":"https:\/\/www.sisinternational.com\/pl\/wp-json\/wp\/v2\/comments?post=41072"}],"version-history":[{"count":7,"href":"https:\/\/www.sisinternational.com\/pl\/wp-json\/wp\/v2\/pages\/41072\/revisions"}],"predecessor-version":[{"id":79789,"href":"https:\/\/www.sisinternational.com\/pl\/wp-json\/wp\/v2\/pages\/41072\/revisions\/79789"}],"up":[{"embeddable":true,"href":"https:\/\/www.sisinternational.com\/pl\/wp-json\/wp\/v2\/pages\/33287"}],"wp:featuredmedia":[{"embeddable":true,"href":"https:\/\/www.sisinternational.com\/pl\/wp-json\/wp\/v2\/media\/66399"}],"wp:attachment":[{"href":"https:\/\/www.sisinternational.com\/pl\/wp-json\/wp\/v2\/media?parent=41072"}],"curies":[{"name":"wp","href":"https:\/\/api.w.org\/{rel}","templated":true}]}}