{"id":41070,"date":"2022-12-13T04:03:31","date_gmt":"2022-12-13T04:03:31","guid":{"rendered":"https:\/\/www.sisinternational.com\/?page_id=41070"},"modified":"2026-01-24T21:16:23","modified_gmt":"2026-01-25T02:16:23","slug":"badania-rynku-antigua-barbuda","status":"publish","type":"page","link":"https:\/\/www.sisinternational.com\/pl\/zasieg\/badania-rynku-na-karaibach\/badania-rynku-antigua-barbuda\/","title":{"rendered":"Badania rynku w Antigua i Barbuda"},"content":{"rendered":"<h1 class=\"wp-block-heading\">Badania rynku w Antigua i Barbuda<\/h1>\n\n\n\n<figure class=\"gb-block-image gb-block-image-73bbc5a3\"><img loading=\"lazy\" decoding=\"async\" width=\"1456\" height=\"816\" class=\"gb-image gb-image-73bbc5a3\" src=\"https:\/\/www.sisinternational.com\/wp-content\/uploads\/2025\/09\/Antigua-Barbuda-2.jpg\" alt=\"SIS Mi\u0119dzynarodowe badania rynku i strategia\" title=\"Antigua &amp; Barbuda (2)\" srcset=\"https:\/\/www.sisinternational.com\/wp-content\/uploads\/2025\/09\/Antigua-Barbuda-2.jpg 1456w, https:\/\/www.sisinternational.com\/wp-content\/uploads\/2025\/09\/Antigua-Barbuda-2-300x168.jpg 300w, https:\/\/www.sisinternational.com\/wp-content\/uploads\/2025\/09\/Antigua-Barbuda-2-1024x574.jpg 1024w, https:\/\/www.sisinternational.com\/wp-content\/uploads\/2025\/09\/Antigua-Barbuda-2-768x430.jpg 768w, https:\/\/www.sisinternational.com\/wp-content\/uploads\/2025\/09\/Antigua-Barbuda-2-18x10.jpg 18w\" sizes=\"auto, (max-width: 1456px) 100vw, 1456px\"><\/figure>\n\n\n\n<hr class=\"wp-block-separator has-alpha-channel-opacity is-style-dots\"\/>\n\n\n\n<p>Antigua i Barbuda to p\u00f3\u0142pustynny kraj sk\u0142adaj\u0105cy si\u0119 z trzech wysp na Karaibach Wschodnich. Stan ten radzi sobie bardzo dobrze w turystyce. Jest r\u00f3wnie\u017c mekk\u0105 gier online. Antigua i Barbuda le\u017c\u0105 na wsch\u00f3d-po\u0142udniowy wsch\u00f3d od Portoryko. Wyspy znajduj\u0105 si\u0119 r\u00f3wnie\u017c blisko Anguilli, Saint Kitts &amp; Nevis i Saint Barths.<\/p>\n\n\n\n<h2 class=\"wp-block-heading\">Kluczowe bran\u017ce<\/h2>\n\n\n\n<p><a href=\"https:\/\/www.sisinternational.com\/pl\/rozwiazania\/podroze-turystyka-hotelarstwo-doradztwo\/\" title=\"Doradztwo w zakresie podr\u00f3\u017cy, turystyki i go\u015bcinno\u015bci\"  data-wpil-monitor-id=\"8369\">Tourism &amp; travel<\/a> is the islands\u2019 mainstay and accounts for more than half of the GDP. Antigua and Barbuda is famous for its many resorts. Rural Antiguans also do a fair amount of animal rearing, fishing, and mining. There\u2019s quite a bit of light manufacturing, and the islands produce refined oil, rum, garments, paints, and furniture.<\/p>\n\n\n\n<h2 class=\"wp-block-heading\">Osiedla<\/h2>\n\n\n\n<h3 class=\"wp-block-heading\">\u015aw. Jana<\/h3>\n\n\n\n<p>St. John&#039;s, stolica i najwi\u0119ksze miasto, jest g\u0142\u00f3wnym portem i centrum handlowym kraju. Miasto szczyci si\u0119 kilkoma zabytkami. Najs\u0142ynniejszym jest XVIII-wieczny Fort James w porcie St. John&#039;s. Ruiny cukrowni i wielkich dom\u00f3w le\u017c\u0105 rozrzucone po St. John&#039;s.<\/p>\n\n\n\n<h3 class=\"wp-block-heading\">Port angielski i port Falmouth<\/h3>\n\n\n\n<p>English Harbour i Falmouth Harbour znajduj\u0105 si\u0119 obok siebie. Oba znajduj\u0105 si\u0119 na skrajnym po\u0142udniowym kra\u0144cu Antigui i oba t\u0119tni\u0105 \u017cyciem nadmorskich bar\u00f3w, restauracji i kawiarni.<\/p>\n\n\n\n<h3 class=\"wp-block-heading\">Zatoka Dickensona<\/h3>\n\n\n\n<p>Dickenson Bay to kolejne ruchliwe miasto i centrum sport\u00f3w wodnych i \u017cycia nocnego. To miejsce zabawy zar\u00f3wno dla mieszka\u0144c\u00f3w, jak i przybysz\u00f3w. Ma\u0142e hotele i du\u017ce o\u015brodki wypoczynkowe ci\u0105gn\u0105 si\u0119 wzd\u0142u\u017c zatoki. Podobnie jak restauracje, bary, kawiarnie, stoiska z napojami i firmy oferuj\u0105ce sporty wodne.<\/p>\n\n\n\n<h3 class=\"wp-block-heading\">Port Rado\u015bci<\/h3>\n\n\n\n<p>Jolly Harbour to najwi\u0119kszy sztuczny port w regionie. Jest idealny dla fan\u00f3w \u017ceglarstwa, \u017ceglarstwa i w\u0119dkarstwa. W tym rejonie znajduj\u0105 si\u0119 restauracje, bary i Jolly Harbour Golf Club.<\/p>\n\n\n\n<h2 class=\"wp-block-heading\">Trendy<\/h2>\n\n\n\n<p>Antigua i Barbuda odnotowuj\u0105 skromny, ale rosn\u0105cy trend w tempie wzrostu PKB. Kraj ten odnotowa\u0142 sta\u0142y wzrost liczby przyjazd\u00f3w turyst\u00f3w od czasu kryzysu na pocz\u0105tku lat 20. XXI wieku. Obecnie przygl\u0105da si\u0119 innemu sektorowi: \u201eniebieska gospodarka\u201d. Celem jest, aby niebieska gospodarka jeszcze bardziej pobudzi\u0142a turystyk\u0119.<\/p>\n\n\n\n<p>W <a href=\"https:\/\/www.sisinternational.com\/pl\/ekspertyza\/branze\/commercial-real-estate-market-research\/\" title=\"Badania rynku nieruchomo\u015bci komercyjnych\"  data-wpil-monitor-id=\"8368\">real estate market<\/a>, buyer restraint has continued. Thus, there have been fewer sales and buyers take longer to commit.<\/p>\n\n\n\n<h2 class=\"wp-block-heading\">Korzy\u015bci i mocne strony na rynku<\/h2>\n\n\n\n<ul class=\"wp-block-list\">\n<li>Niskie stawki podatkowe dla os\u00f3b rozpoczynaj\u0105cych dzia\u0142alno\u015b\u0107 gospodarcz\u0105<\/li>\n\n\n\n<li>Przyjazny inwestorom klimat biznesowy<\/li>\n\n\n\n<li>Sta\u0142e zasilanie<\/li>\n\n\n\n<li>Ubezpieczenie jest bezproblemowe<\/li>\n<\/ul>\n\n\n\n<h2 class=\"wp-block-heading\">Baza konsument\u00f3w<\/h2>\n\n\n\n<p>Oko\u0142o trzech czwartych mieszka\u0144c\u00f3w Antigui i Barbudy mieszka na terenach wiejskich, a pozosta\u0142e 25 procent w o\u015brodkach miejskich w ca\u0142ym kraju. Mediana wieku wynosi 34,5 lat, a tylko dziesi\u0119\u0107 procent os\u00f3b ma ponad 65 lat.<br>Penetracja Internetu w Antigui i Barbudzie wynosi oko\u0142o trzech czwartych populacji. Liczba u\u017cytkownik\u00f3w medi\u00f3w spo\u0142eczno\u015bciowych jest nieco ni\u017csza, nieco ponad dwie trzecie. Najpopularniejsz\u0105 sieci\u0105 spo\u0142eczno\u015bciow\u0105 w Antigui i Barbudzie jest Facebook.<\/p>\n\n\n\n<h2 class=\"wp-block-heading\">Powody, dla kt\u00f3rych warto rozwija\u0107 sw\u00f3j biznes w Antigui i Barbudzie<\/h2>\n\n\n\n<p>Antigua and Barbuda is one of the richest countries in the Eastern Caribbean. Further, it has plenty of thriving industries that are perfect for new business. The state also boasts well-educated and skilled workers. It has a 98 percent literacy rate. Another reason to do business in Antigua and Barbuda? It has the Small Business Development Act. This Act aims to aid the growth of the country\u2019s small enterprise sector. Thus, it helps small <a href=\"https:\/\/www.sisinternational.com\/pl\/top-5-benefits-of-qualitative-market-research-for-businesses\/\" title=\"Top 5 Benefits of Qualitative Market Research for Businesses\"  data-wpil-monitor-id=\"8370\">business owners with various concessions and benefits<\/a>. It also ensures that they get technical help.<\/p>\n\n\n\n<h2 class=\"wp-block-heading\">O badaniach rynkowych w Antigui i Barbudzie<\/h2>\n\n\n\n<p>SIS International is a full-service market research agency providing Quantitative and Qualitative Research services. We also do UX, Strategy <a href=\"https:\/\/www.sisinternational.com\/pl\/zasieg\/ameryka\/badania-rynku-na-karaibach\/badania-rynku-st-kitts-nevis\/\" title=\"Badania rynku w St. Kitts i Nevis\"  data-wpil-monitor-id=\"3298\">Badania rynku<\/a>, Competitive Analysis, Market Entry, Market Sizing, and Market Opportunity Research. Also, we carry out Surveys, Interviews, and Focus Groups for clients worldwide.<\/p>\n\n\n\n<p><\/p>","protected":false},"excerpt":{"rendered":"<p>Antigua i Barbuda to jeden z najbogatszych kraj\u00f3w na Karaibach Wschodnich. Ponadto ma mn\u00f3stwo pr\u0119\u017cnie rozwijaj\u0105cych si\u0119 ga\u0142\u0119zi przemys\u0142u, kt\u00f3re s\u0105 idealne dla nowych firm.<\/p>","protected":false},"author":1,"featured_media":66386,"parent":33287,"menu_order":4,"comment_status":"closed","ping_status":"closed","template":"","meta":{"footnotes":""},"class_list":["post-41070","page","type-page","status-publish","has-post-thumbnail"],"_links":{"self":[{"href":"https:\/\/www.sisinternational.com\/pl\/wp-json\/wp\/v2\/pages\/41070","targetHints":{"allow":["GET"]}}],"collection":[{"href":"https:\/\/www.sisinternational.com\/pl\/wp-json\/wp\/v2\/pages"}],"about":[{"href":"https:\/\/www.sisinternational.com\/pl\/wp-json\/wp\/v2\/types\/page"}],"author":[{"embeddable":true,"href":"https:\/\/www.sisinternational.com\/pl\/wp-json\/wp\/v2\/users\/1"}],"replies":[{"embeddable":true,"href":"https:\/\/www.sisinternational.com\/pl\/wp-json\/wp\/v2\/comments?post=41070"}],"version-history":[{"count":5,"href":"https:\/\/www.sisinternational.com\/pl\/wp-json\/wp\/v2\/pages\/41070\/revisions"}],"predecessor-version":[{"id":81402,"href":"https:\/\/www.sisinternational.com\/pl\/wp-json\/wp\/v2\/pages\/41070\/revisions\/81402"}],"up":[{"embeddable":true,"href":"https:\/\/www.sisinternational.com\/pl\/wp-json\/wp\/v2\/pages\/33287"}],"wp:featuredmedia":[{"embeddable":true,"href":"https:\/\/www.sisinternational.com\/pl\/wp-json\/wp\/v2\/media\/66386"}],"wp:attachment":[{"href":"https:\/\/www.sisinternational.com\/pl\/wp-json\/wp\/v2\/media?parent=41070"}],"curies":[{"name":"wp","href":"https:\/\/api.w.org\/{rel}","templated":true}]}}