{"id":41060,"date":"2022-11-13T21:49:59","date_gmt":"2022-11-13T21:49:59","guid":{"rendered":"https:\/\/www.sisinternational.com\/?page_id=41060"},"modified":"2026-01-26T14:20:12","modified_gmt":"2026-01-26T19:20:12","slug":"badania-rynku-zarzadzania-ruchem-drogowym","status":"publish","type":"page","link":"https:\/\/www.sisinternational.com\/pl\/ekspertyza\/badania-rynku-zarzadzania-ruchem-drogowym\/","title":{"rendered":"Badania rynku zarz\u0105dzania ruchem"},"content":{"rendered":"<h1 class=\"wp-block-heading\">Badania rynku zarz\u0105dzania ruchem<\/h1>\n\n\n\n<figure class=\"gb-block-image gb-block-image-514d8140\"><img loading=\"lazy\" decoding=\"async\" width=\"1456\" height=\"816\" class=\"gb-image gb-image-514d8140\" src=\"https:\/\/www.sisinternational.com\/wp-content\/uploads\/2025\/08\/Smart-mobility-8.jpg\" alt=\"SIS Mi\u0119dzynarodowe badania rynku i strategia\" title=\"Smart mobility (8)\" srcset=\"https:\/\/www.sisinternational.com\/wp-content\/uploads\/2025\/08\/Smart-mobility-8.jpg 1456w, https:\/\/www.sisinternational.com\/wp-content\/uploads\/2025\/08\/Smart-mobility-8-300x168.jpg 300w, https:\/\/www.sisinternational.com\/wp-content\/uploads\/2025\/08\/Smart-mobility-8-1024x574.jpg 1024w, https:\/\/www.sisinternational.com\/wp-content\/uploads\/2025\/08\/Smart-mobility-8-768x430.jpg 768w, https:\/\/www.sisinternational.com\/wp-content\/uploads\/2025\/08\/Smart-mobility-8-18x10.jpg 18w\" sizes=\"auto, (max-width: 1456px) 100vw, 1456px\"><\/figure>\n\n\n\n<hr class=\"wp-block-separator has-alpha-channel-opacity is-style-dots\"\/>\n\n\n\n<p><\/p>\n\n\n\n<h2 class=\"wp-block-heading\">Czym jest zarz\u0105dzanie ruchem?<\/h2>\n\n\n\n<p>Traffic management is a process used to manage traffic flow on a roadway. It can include tasks such as changing the signal timing. It can also be adding or taking out lanes or controlling the use of ramps. Traffic <a href=\"https:\/\/www.sisinternational.com\/pl\/ekspertyza\/branze\/badania-rynku-zarzadzania-bezpieczenstwem\/\" title=\"Badania rynku zarz\u0105dzania bezpiecze\u0144stwem\"  data-wpil-monitor-id=\"9865\">management services improve safety<\/a>, reduce congestion, and optimize traffic flow. In this article, we will talk about the current <a href=\"https:\/\/www.sisinternational.com\/pl\/zasieg\/ameryka\/zasieg-usa\/badania-rynku-w-stanie-nowy-jork\/\" title=\"Badania rynku w stanie Nowy Jork\"  data-wpil-monitor-id=\"9862\">state of the traffic management market<\/a>.<\/p>\n\n\n\n<p>Now, traffic congestion is something that we may never be able to get rid of, but we can reduce it. Traffic management allows us to maintain our speed and improve travel time. Traffic control is the use of devices to maximize travel. These devices include signs, symbols, and also some forms of tech. It also preserves the <a href=\"https:\/\/www.sisinternational.com\/pl\/ekspertyza\/branze\/road-safety-market-research\/\" title=\"Badania rynku bezpiecze\u0144stwa ruchu drogowego\"  data-wpil-monitor-id=\"9866\">safety of road<\/a> transport.<\/p>\n\n\n\n<h2 class=\"wp-block-heading\">Dlaczego badania rynku w zakresie zarz\u0105dzania ruchem drogowym s\u0105 wa\u017cne?<\/h2>\n\n\n\n<p>Proper traffic management can ensure the smooth flow of traffic. It gives fair access to road use for different modes of transport. It also makes roads and streets safe for all users. With traffic management, roads full of traffic will not block movement between areas. It also reduces noise and local pollution and improves areas reserved for persons on foot. It also protects the character of a town or city. Plus, it helps to reduce greenhouse gases.Traffic <a href=\"https:\/\/www.sisinternational.com\/pl\/ekspertyza\/branze\/pharmacy-benefit-manager-pbm-market-research\/\" title=\"Badania rynku w zakresie \u015bwiadcze\u0144 farmaceutycznych (PBM)\"  data-wpil-monitor-id=\"4247\">Management Market Research<\/a> is essential. It helps key players to assess the need for this service. It shows the <a href=\"https:\/\/www.sisinternational.com\/pl\/rozwiazania\/international-corporate-growth-market-research\/\" title=\"International Corporate Growth Market Research\"  data-wpil-monitor-id=\"9864\">growth in the market<\/a> due to the rising demand for efficient transport services. This type of research also shows the key drivers of this growth. These drivers include:<\/p>\n\n\n\n<p>1. Rosn\u0105ca liczba pojazd\u00f3w na drogach.<\/p>\n\n\n\n<p>2. Potrzeba poprawy bezpiecze\u0144stwa ruchu drogowego.<\/p>\n\n\n\n<p>3. Rosn\u0105cy popyt na inteligentne systemy transportowe.<\/p>\n\n\n\n<h2 class=\"wp-block-heading\">Kluczowe stanowiska<\/h2>\n\n\n\n<h3 class=\"wp-block-heading\">Operator zarz\u0105dzania ruchem drogowym<\/h3>\n\n\n\n<p>Osoby te instaluj\u0105, konserwuj\u0105 i usuwaj\u0105 systemy zarz\u0105dzania ruchem drogowym i pieszymi. Ponadto zajmuj\u0105 si\u0119 pieszymi i innymi klientami na miejscu.<\/p>\n\n\n\n<h3 class=\"wp-block-heading\">Koordynator rob\u00f3t<\/h3>\n\n\n\n<p>Ta osoba zapewnia pomoc i wsparcie dla Operations Officer. Pomagaj\u0105 w codziennym funkcjonowaniu biura Traffic Managing, w tym utrzymywaniu odpowiedniego poziomu zatrudnienia dla projekt\u00f3w i utrzymywaniu kontakt\u00f3w z klientami. Sprawdzaj\u0105 r\u00f3wnie\u017c jako\u015b\u0107 prac zwi\u0105zanych z zarz\u0105dzaniem ruchem.<\/p>\n\n\n\n<h3 class=\"wp-block-heading\">Mened\u017cer ruchu<\/h3>\n\n\n\n<p>Traffic manager to po\u015brednik. Dzia\u0142a jako \u0142\u0105cznik mi\u0119dzy interesariuszami projektu a kreatywnym zespo\u0142em firmy. Jego g\u0142\u00f3wnym zadaniem jest utrzymywanie bie\u017c\u0105cych projekt\u00f3w na w\u0142a\u015bciwym torze. Zapewnia r\u00f3wnie\u017c, \u017ce projekty pod jego kontrol\u0105 dotrzymuj\u0105 termin\u00f3w.<\/p>\n\n\n\n<h2 class=\"wp-block-heading\">Kluczowe czynniki sukcesu<\/h2>\n\n\n\n<p>In\u017cynier opracowuje u\u017cyteczny plan zarz\u0105dzania ruchem. Nast\u0119pnie przedstawia go zarz\u0105dcom danej drogi lub trasy. Projekt mo\u017ce zawiera\u0107 takie rzeczy, jak zmiany ogranicze\u0144 pr\u0119dko\u015bci lub zamkni\u0119cia dr\u00f3g. Mo\u017ce r\u00f3wnie\u017c obejmowa\u0107 zmiany dr\u00f3g i \u015bcie\u017cek.<\/p>\n\n\n\n<h2 class=\"wp-block-heading\">AI i inteligentne zarz\u0105dzanie ruchem<\/h2>\n\n\n\n<p>Budowa nowych dr\u00f3g, most\u00f3w i tuneli tworzy nowe \u015bcie\u017cki dla masowego transportu. Jednak same w sobie nie s\u0105 wystarczaj\u0105co wydajne, aby rozwi\u0105za\u0107 problem kork\u00f3w ulicznych. Jednak wykorzystanie sztucznej inteligencji i inteligentnych system\u00f3w zarz\u0105dzania ruchem drogowym to robi. Zmniejsza korki uliczne poprzez u\u017cycie symboli i znak\u00f3w. Wpaja r\u00f3wnie\u017c dyscyplin\u0119 wi\u0119kszo\u015bci u\u017cytkownik\u00f3w dr\u00f3g. Celem jest zwi\u0119kszenie czujno\u015bci u\u017cytkownik\u00f3w na drodze i zapewnienie, \u017ce przestrzegaj\u0105 oni kodeksu drogowego, aby unikn\u0105\u0107 narusze\u0144 i mandat\u00f3w. Taka jazda mo\u017ce zmniejszy\u0107 liczb\u0119 wypadk\u00f3w.<\/p>\n\n\n\n<h3 class=\"wp-block-heading\">Strefy robocze<\/h3>\n\n\n\n<p>Niekt\u00f3re systemy kontroli ruchu ostrzegaj\u0105 kierowc\u00f3w o pracach budowlanych na drogach. W ten spos\u00f3b prace drogowe nie wp\u0142ywaj\u0105 na podr\u00f3\u017cowanie kierowcy.<\/p>\n\n\n\n<h3 class=\"wp-block-heading\">Znaki i symbole drogowe<\/h3>\n\n\n\n<p>U\u017cywanie prawid\u0142owych znak\u00f3w i symboli jest r\u00f3wnie\u017c krytycznym czynnikiem sukcesu. Niekt\u00f3re autostrady maj\u0105 funkcj\u0119, w kt\u00f3rej znaki drogowe wy\u015bwietlaj\u0105, czy dosz\u0142o do wypadku. Odcina to jezdni\u0119, a inna otwiera si\u0119 dla ruchu. Ta funkcja jest form\u0105 kontroli ruchu, a w rezultacie zmniejsza si\u0119 nat\u0119\u017cenie ruchu.<\/p>\n\n\n\n<h2 class=\"wp-block-heading\">Dlaczego miasta potrzebuj\u0105 zarz\u0105dzania ruchem drogowym<\/h2>\n\n\n\n<p>Drogi i trasy s\u0105 dost\u0119pne dla og\u00f3\u0142u spo\u0142ecze\u0144stwa. U\u017cywamy ich do przemieszczania si\u0119 w celu wykonywania naszych zada\u0144. Chocia\u017c robimy to cz\u0119sto, mo\u017cemy by\u0107 r\u00f3wnie\u017c wydajni. Zarz\u0105dzanie podr\u00f3\u017cami zapewnia p\u0142ynny przep\u0142yw ruchu z niewielk\u0105 liczb\u0105 przeszk\u00f3d lub bez nich. Zmniejsza r\u00f3wnie\u017c zanieczyszczenie i korki uliczne.<\/p>\n\n\n\n<h3 class=\"wp-block-heading\">Zmniejszone zanieczyszczenie<\/h3>\n\n\n\n<p>Korki uliczne przyczyniaj\u0105 si\u0119 do znacznego ha\u0142asu i zanieczyszczenia powietrza spowodowanego powolnym ruchem ulicznym. W\u0142a\u015bciwe zarz\u0105dzanie ruchem ulicznym zmniejsza to. Zmniejsza r\u00f3wnie\u017c zu\u017cycie paliwa, w zale\u017cno\u015bci od tego, jak cz\u0119sto samoch\u00f3d si\u0119 zatrzymuje i przyspiesza. Odpowiednie \u015brodki kontroli ruchu zapewniaj\u0105, \u017ce emisje nie szkodz\u0105 naszemu \u015brodowisku.<\/p>\n\n\n\n<h3 class=\"wp-block-heading\">Zmniejsza liczb\u0119 ofiar \u015bmiertelnych<\/h3>\n\n\n\n<p>Wed\u0142ug WHO, ponad milion os\u00f3b ginie rocznie w wypadkach samochodowych. Jest to r\u00f3wnie\u017c jedna z g\u0142\u00f3wnych przyczyn \u015bmierci m\u0142odych doros\u0142ych. Prawid\u0142owa kontrola ruchu drogowego mo\u017ce pom\u00f3c zmniejszy\u0107 liczb\u0119 ofiar \u015bmiertelnych na drogach z powodu lekkomy\u015blno\u015bci.<\/p>\n\n\n\n<h2 class=\"wp-block-heading\">O badaniach rynku zarz\u0105dzania ruchem<\/h2>\n\n\n\n<p>Do you need to <a href=\"https:\/\/www.sisinternational.com\/pl\/rozwiazania\/education-technology-edtech-solutions\/learning-management-systems-lms-market-research\/\" title=\"Learning Management Systems (LMS) Market Research\"  data-wpil-monitor-id=\"9860\">learn more about the traffic management market<\/a>? It is essential to <a href=\"https:\/\/www.sisinternational.com\/pl\/top-5-benefits-of-conducting-quantitative-market-research\/\" title=\"Top 5 Benefits of Conducting Quantitative Market Research\"  data-wpil-monitor-id=\"9861\">conduct research using both Quantitative<\/a> and Qualitative methods. Quantitative analysis can help provide an overview of the market, while <a href=\"https:\/\/www.sisinternational.com\/pl\/qualitative-research-to-enhance-customer-experience\/\" title=\"Qualitative Research to Enhance Customer Experience\"  data-wpil-monitor-id=\"9859\">Qualitative research<\/a> can help to provide insights into customer behavior and preferences.<\/p>\n\n\n\n<p>Dost\u0119pnych jest kilka r\u00f3\u017cnych typ\u00f3w rozwi\u0105za\u0144 do zarz\u0105dzania ruchem. Podczas przeprowadzania bada\u0144, wa\u017cne jest, aby wzi\u0105\u0107 pod uwag\u0119 je wszystkie. Na przyk\u0142ad, Twoja firma mo\u017ce korzysta\u0107 z wywiad\u00f3w, ankiet lub grup fokusowych. Wa\u017cne jest, aby wybra\u0107 w\u0142a\u015bciwe rozwi\u0105zanie dla swoich konkretnych potrzeb.<\/p>\n\n\n\n<p>Contact us today if you want to conduct traffic <a href=\"https:\/\/www.sisinternational.com\/pl\/ekspertyza\/branze\/badania-rynku-zarzadzania-flota\/\" title=\"Badania rynku zarz\u0105dzania flot\u0105\"  data-wpil-monitor-id=\"5905\">management market research<\/a>. We can help you to <a href=\"https:\/\/www.sisinternational.com\/pl\/rozwiazania\/rozwiazania-w-zakresie-badan-jakosciowych-i-ilosciowych\/market-research-design-companies\/\" title=\"Firma badawcza ds. projektowania\"  data-wpil-monitor-id=\"9863\">design and install your research<\/a> strategy. Such a strategy will provide the insights you need to make informed decisions.<\/p>\n\n\n\n<p>&nbsp;<\/p>","protected":false},"excerpt":{"rendered":"<p>W\u0142a\u015bciwe zarz\u0105dzanie ruchem drogowym mo\u017ce zapewni\u0107 p\u0142ynny przep\u0142yw ruchu. Zapewnia sprawiedliwy dost\u0119p do dr\u00f3g dla r\u00f3\u017cnych \u015brodk\u00f3w transportu. Sprawia r\u00f3wnie\u017c, \u017ce drogi i ulice s\u0105 bezpieczne dla wszystkich u\u017cytkownik\u00f3w.<\/p>","protected":false},"author":1,"featured_media":64970,"parent":14514,"menu_order":153,"comment_status":"closed","ping_status":"closed","template":"","meta":{"footnotes":""},"class_list":["post-41060","page","type-page","status-publish","has-post-thumbnail"],"_links":{"self":[{"href":"https:\/\/www.sisinternational.com\/pl\/wp-json\/wp\/v2\/pages\/41060","targetHints":{"allow":["GET"]}}],"collection":[{"href":"https:\/\/www.sisinternational.com\/pl\/wp-json\/wp\/v2\/pages"}],"about":[{"href":"https:\/\/www.sisinternational.com\/pl\/wp-json\/wp\/v2\/types\/page"}],"author":[{"embeddable":true,"href":"https:\/\/www.sisinternational.com\/pl\/wp-json\/wp\/v2\/users\/1"}],"replies":[{"embeddable":true,"href":"https:\/\/www.sisinternational.com\/pl\/wp-json\/wp\/v2\/comments?post=41060"}],"version-history":[{"count":7,"href":"https:\/\/www.sisinternational.com\/pl\/wp-json\/wp\/v2\/pages\/41060\/revisions"}],"predecessor-version":[{"id":81637,"href":"https:\/\/www.sisinternational.com\/pl\/wp-json\/wp\/v2\/pages\/41060\/revisions\/81637"}],"up":[{"embeddable":true,"href":"https:\/\/www.sisinternational.com\/pl\/wp-json\/wp\/v2\/pages\/14514"}],"wp:featuredmedia":[{"embeddable":true,"href":"https:\/\/www.sisinternational.com\/pl\/wp-json\/wp\/v2\/media\/64970"}],"wp:attachment":[{"href":"https:\/\/www.sisinternational.com\/pl\/wp-json\/wp\/v2\/media?parent=41060"}],"curies":[{"name":"wp","href":"https:\/\/api.w.org\/{rel}","templated":true}]}}