{"id":41029,"date":"2022-11-13T00:19:14","date_gmt":"2022-11-13T00:19:14","guid":{"rendered":"https:\/\/www.sisinternational.com\/?page_id=41029"},"modified":"2026-01-25T18:27:15","modified_gmt":"2026-01-25T23:27:15","slug":"m-commerce-market-research","status":"publish","type":"page","link":"https:\/\/www.sisinternational.com\/pl\/rozwiazania\/doradztwo-strategiczne-fintech-badania\/m-commerce-market-research\/","title":{"rendered":"Badania rynku m-commerce"},"content":{"rendered":"<h1 class=\"wp-block-heading\">Badania rynku m-commerce<\/h1>\n\n\n\n<div class=\"wp-block-columns is-layout-flex wp-container-core-columns-is-layout-9d6595d7 wp-block-columns-is-layout-flex\">\n<div class=\"wp-block-column is-layout-flow wp-block-column-is-layout-flow\" style=\"flex-basis:100%\">\n<figure class=\"gb-block-image gb-block-image-98024238\"><img loading=\"lazy\" decoding=\"async\" width=\"1456\" height=\"816\" class=\"gb-image gb-image-98024238\" src=\"https:\/\/www.sisinternational.com\/wp-content\/uploads\/2025\/08\/Smarrtphone-5g-8.jpg\" alt=\"SIS Mi\u0119dzynarodowe badania rynku i strategia\" title=\"Smarrtphone 5g (8)\" srcset=\"https:\/\/www.sisinternational.com\/wp-content\/uploads\/2025\/08\/Smarrtphone-5g-8.jpg 1456w, https:\/\/www.sisinternational.com\/wp-content\/uploads\/2025\/08\/Smarrtphone-5g-8-300x168.jpg 300w, https:\/\/www.sisinternational.com\/wp-content\/uploads\/2025\/08\/Smarrtphone-5g-8-1024x574.jpg 1024w, https:\/\/www.sisinternational.com\/wp-content\/uploads\/2025\/08\/Smarrtphone-5g-8-768x430.jpg 768w, https:\/\/www.sisinternational.com\/wp-content\/uploads\/2025\/08\/Smarrtphone-5g-8-18x10.jpg 18w\" sizes=\"auto, (max-width: 1456px) 100vw, 1456px\"><\/figure>\n<\/div>\n<\/div>\n\n\n\n<hr class=\"wp-block-separator has-alpha-channel-opacity is-style-dots\"\/>\n\n\n\n<h2 class=\"wp-block-heading\">What is M-Commerce Market Research?<\/h2>\n\n\n\n<p>Mobile commerce, also known as m-commerce, is a modern way to buy and sell products. It is a subset of e-commerce, which uses mobile platforms. M-commerce uses handheld devices like cellphones and tablets. Devices continue to add new features that permit m-commerce. Its transactions include online banking or bill payments and everyday product purchases.<\/p>\n\n\n\n<h2 class=\"wp-block-heading\">Why is it important?<\/h2>\n\n\n\n<p>Mobile messaging has grown rapidly and continues to evolve. M-commerce helps increase potential customers, which can aid many businesses.<\/p>\n\n\n\n<p>It increases the potential for sales since shoppers can shop at any time from anywhere from the comfort of their mobile devices.<\/p>\n\n\n\n<h2 class=\"wp-block-heading\">Kluczowe stanowiska<\/h2>\n\n\n\n<figure class=\"gb-block-image gb-block-image-c726217a\"><img decoding=\"async\" class=\"gb-image gb-image-c726217a\" src=\"https:\/\/www.sisinternational.com\/wp-content\/uploads\/2025\/02\/Fintech-2-1.jpeg\" alt=\"SIS Mi\u0119dzynarodowe badania rynku i strategia\"><\/figure>\n\n\n\n<p><\/p>\n\n\n\n<h3 class=\"wp-block-heading\">M-commerce is like many companies in terms of jobs. It requires positions as follows:<\/h3>\n\n\n\n<p>\u2013 Software engineers<\/p>\n\n\n\n<p>\u2013 IT technicians<\/p>\n\n\n\n<h3 class=\"wp-block-heading\">There\u2019s also the marketing aspect of the business, which gets consumers to use the service. Jobs include:<\/h3>\n\n\n\n<p>\u2013 Marketing specialist<\/p>\n\n\n\n<p>\u2013 SEO content writer<\/p>\n\n\n\n<p>\u2013 Graphic designer<\/p>\n\n\n\n<h3 class=\"wp-block-heading\">Like other businesses, there are also jobs in finance and human resources such as:<\/h3>\n\n\n\n<p>\u2013 Financial manager<\/p>\n\n\n\n<p>\u2013 Customer service rep.<\/p>\n\n\n\n<p>Tech and customer service are critical areas for m-commerce. As a result, many jobs cover these areas.<\/p>\n\n\n\n<h2 class=\"wp-block-heading\">Why Your Business Needs M-commerce<\/h2>\n\n\n\n<p>M-commerce is a crucial tool for business success in the modern world. This feature can be used on a wide range of devices.<\/p>\n\n\n\n<p>A business that uses m-commerce can grow its customer reach. Since mobile devices are portable, consumers can make payments from many places. M-commerce is also handy. Its GPS service aids customers in finding items in stores. It also helps to secure transactions. It does so by using multi-factor authentication, which includes fingerprints and retina scans.<\/p>\n\n\n\n<p>M-commerce is a quick way for consumers to engage with business products and services. Thus, it helps improve the frequency people interact with these companies.<\/p>\n\n\n\n<h2 class=\"wp-block-heading\">Kluczowe czynniki sukcesu<\/h2>\n\n\n\n<h3 class=\"wp-block-heading\">Many factors ensure the success of m-commerce. Your business should consider these when signing up.<\/h3>\n\n\n\n<p>One factor measures the reliability of the system. This metric involves how well it protects the customer\u2019s privacy. It also covers the ease of use of the software that delivers the service.<\/p>\n\n\n\n<p>Another factor is the growth of the m-commerce business. When a company uses m-commerce, people need to maintain its software. It must foster a good work ethic among employees. Also, greater market penetration can ensure the continued growth of the business. Continuous improvement of processes and marketing techniques guarantees success.<\/p>\n\n\n\n<p>A key success factor is also the profitability of the business. Many metrics can help assess this. One example is how satisfied its customers are with the service. Also, increases in revenue and market share help determine this.<\/p>\n\n\n\n<p>Legal support is another factor that aids success. Government support of m-commerce systems can influence its usage among people. A sound legal support system should also be in place.<\/p>\n\n\n\n<h2 class=\"wp-block-heading\">About M-commerce Market Research<\/h2>\n\n\n\n<figure class=\"gb-block-image gb-block-image-3aa2bd1e\"><img decoding=\"async\" class=\"gb-image gb-image-3aa2bd1e\" src=\"https:\/\/www.sisinternational.com\/wp-content\/uploads\/2025\/03\/Flux_Dev_A_young_professional_in_their_midtwenties_with_short__0.jpeg\" alt=\"SIS Mi\u0119dzynarodowe badania rynku i strategia\"><\/figure>\n\n\n\n<p><\/p>\n\n\n\n<p>Quantitative, Qualitative, and Strategy <a href=\"https:\/\/www.sisinternational.com\/pl\/zasieg\/ameryka\/badania-rynku-na-karaibach\/badania-rynku-bahamy\/\" title=\"Badania rynku na Bahamach\"  data-wpil-monitor-id=\"3538\">Research are helpful for market<\/a> research. This research may include Interviews, Surveys, or Focus Groups.<\/p>\n\n\n\n<p>M-commerce market research is vital for businesses that wish to provide this service. It provides insight into the drawbacks and benefits. This type of tech incurs high costs. Companies must consider these costs and assess the risks. Factors to <a href=\"https:\/\/www.sisinternational.com\/pl\/ekspertyza\/branze\/vacuum-market-research\/\" title=\"Badania rynku pr\u00f3\u017cni\"  data-wpil-monitor-id=\"4876\">badania<\/a> include app speed and the best marketing strategies. These factors can help you deduce the best way to increase market share using m-commerce.<\/p>\n\n\n\n<h2 class=\"wp-block-heading\">Lokalizacja naszego obiektu w Nowym Jorku<\/h2>\n\n\n\n<p>  <iframe loading=\"lazy\" src=\"https:\/\/www.google.com\/maps\/embed?pb=!1m18!1m12!1m3!1d3022.976188376966!2d-73.99130312499956!3d40.740549471389315!2m3!1f0!2f0!3f0!3m2!1i1024!2i768!4f13.1!3m3!1m2!1s0x89c259a15798c731%3A0xd695d09bdd495f25!2s11%20E%2022nd%20St%20FL%202%2C%20New%20York%2C%20NY%2010010%2C%20USA!5e0!3m2!1sen!2spe!4v1726171763526!5m2!1sen!2spe\" width=\"600\" height=\"450\" allowfullscreen=\"allowfullscreen\" data-mce-fragment=\"1\"><\/iframe>  <\/p>\n\n\n\n<h3 class=\"wp-block-heading\">11 E 22nd Street, pi\u0119tro 2, Nowy Jork, NY 10010 T: +1(212) 505-6805<\/h3>\n\n\n\n<hr class=\"wp-block-separator has-alpha-channel-opacity\"\/>\n\n\n\n<h2 class=\"wp-block-heading\"><span style=\"font-weight: 400;\">O firmie SIS International<\/span><\/h2>\n\n\n\n<p><a href=\"https:\/\/www.sisinternational.com\/pl\/\"><span style=\"font-weight: 400;\">SIS Mi\u0119dzynarodowy<\/span><\/a><span style=\"font-weight: 400;\"> oferuje badania ilo\u015bciowe, jako\u015bciowe i strategiczne. Dostarczamy dane, narz\u0119dzia, strategie, raporty i spostrze\u017cenia do podejmowania decyzji. Prowadzimy r\u00f3wnie\u017c wywiady, ankiety, grupy fokusowe i inne metody i podej\u015bcia do bada\u0144 rynku.<\/span><a href=\"https:\/\/www.sisinternational.com\/pl\/o-moich-miedzynarodowych-badaniach\/contact-sis-international-market-research\/\"><span style=\"font-weight: 400;\"> Skontaktuj si\u0119 z nami<\/span><\/a><span style=\"font-weight: 400;\"> dla Twojego kolejnego projektu badania rynku.<\/span><\/p>\n\n\n\n<p><\/p>","protected":false},"excerpt":{"rendered":"<p>M-commerce wykorzystuje urz\u0105dzenia przeno\u015bne, takie jak telefony kom\u00f3rkowe i tablety. Jego dzia\u0142ania obejmuj\u0105 bankowo\u015b\u0107 internetow\u0105 lub p\u0142atno\u015bci rachunk\u00f3w. Obejmuje r\u00f3wnie\u017c codzienne zakupy produkt\u00f3w. M-commerce jest kluczowym narz\u0119dziem sukcesu nowoczesnego biznesu.<\/p>","protected":false},"author":1,"featured_media":63117,"parent":27462,"menu_order":41,"comment_status":"closed","ping_status":"closed","template":"","meta":{"footnotes":""},"class_list":["post-41029","page","type-page","status-publish","has-post-thumbnail"],"_links":{"self":[{"href":"https:\/\/www.sisinternational.com\/pl\/wp-json\/wp\/v2\/pages\/41029","targetHints":{"allow":["GET"]}}],"collection":[{"href":"https:\/\/www.sisinternational.com\/pl\/wp-json\/wp\/v2\/pages"}],"about":[{"href":"https:\/\/www.sisinternational.com\/pl\/wp-json\/wp\/v2\/types\/page"}],"author":[{"embeddable":true,"href":"https:\/\/www.sisinternational.com\/pl\/wp-json\/wp\/v2\/users\/1"}],"replies":[{"embeddable":true,"href":"https:\/\/www.sisinternational.com\/pl\/wp-json\/wp\/v2\/comments?post=41029"}],"version-history":[{"count":6,"href":"https:\/\/www.sisinternational.com\/pl\/wp-json\/wp\/v2\/pages\/41029\/revisions"}],"predecessor-version":[{"id":78816,"href":"https:\/\/www.sisinternational.com\/pl\/wp-json\/wp\/v2\/pages\/41029\/revisions\/78816"}],"up":[{"embeddable":true,"href":"https:\/\/www.sisinternational.com\/pl\/wp-json\/wp\/v2\/pages\/27462"}],"wp:featuredmedia":[{"embeddable":true,"href":"https:\/\/www.sisinternational.com\/pl\/wp-json\/wp\/v2\/media\/63117"}],"wp:attachment":[{"href":"https:\/\/www.sisinternational.com\/pl\/wp-json\/wp\/v2\/media?parent=41029"}],"curies":[{"name":"wp","href":"https:\/\/api.w.org\/{rel}","templated":true}]}}