{"id":41022,"date":"2022-11-12T04:24:26","date_gmt":"2022-11-12T04:24:26","guid":{"rendered":"https:\/\/www.sisinternational.com\/?page_id=41022"},"modified":"2026-01-26T17:57:50","modified_gmt":"2026-01-26T22:57:50","slug":"badania-rynku-projektowania-opakowan","status":"publish","type":"page","link":"https:\/\/www.sisinternational.com\/pl\/ekspertyza\/badania-rynku-projektowania-opakowan\/","title":{"rendered":"Badania rynku projektowania opakowa\u0144"},"content":{"rendered":"<h1 class=\"wp-block-heading\">Badania rynku projektowania opakowa\u0144<\/h1>\n\n\n\n<figure class=\"gb-block-image gb-block-image-ab8835fd\"><img loading=\"lazy\" decoding=\"async\" width=\"1456\" height=\"816\" class=\"gb-image gb-image-ab8835fd\" src=\"https:\/\/www.sisinternational.com\/wp-content\/uploads\/2025\/09\/Package-7.jpg\" alt=\"SIS Mi\u0119dzynarodowe badania rynku i strategia\" title=\"Package (7)\" srcset=\"https:\/\/www.sisinternational.com\/wp-content\/uploads\/2025\/09\/Package-7.jpg 1456w, https:\/\/www.sisinternational.com\/wp-content\/uploads\/2025\/09\/Package-7-300x168.jpg 300w, https:\/\/www.sisinternational.com\/wp-content\/uploads\/2025\/09\/Package-7-1024x574.jpg 1024w, https:\/\/www.sisinternational.com\/wp-content\/uploads\/2025\/09\/Package-7-768x430.jpg 768w, https:\/\/www.sisinternational.com\/wp-content\/uploads\/2025\/09\/Package-7-18x10.jpg 18w\" sizes=\"auto, (max-width: 1456px) 100vw, 1456px\"><\/figure>\n\n\n\n<p><\/p>\n\n\n\n<hr class=\"wp-block-separator has-alpha-channel-opacity is-style-dots\"\/>\n\n\n\n<h2 class=\"wp-block-heading\">Dlaczego opakowanie jest wa\u017cne?<\/h2>\n\n\n\n<p>Opakowanie jest istotn\u0105 taktyk\u0105 marketingow\u0105. Firmy wykorzystuj\u0105 opakowania, aby upi\u0119kszy\u0107 towary i przyci\u0105gn\u0105\u0107 konsumenta. Tworzenie atrakcyjnych i przekonuj\u0105cych opakowa\u0144 intryguje kupuj\u0105cych po raz pierwszy. Wielu konsument\u00f3w ocenia produkt po opakowaniu przed jego zakupem. To to\u017csamo\u015b\u0107 produktu. Nawet torby zakupowe przemawiaj\u0105 do klient\u00f3w i wp\u0142ywaj\u0105 na postrzeganie marki.<\/p>\n\n\n\n<p>Many companies conduct extensive research on <a href=\"https:\/\/www.sisinternational.com\/pl\/rozwiazania\/rozwiazania-w-zakresie-brandingu-i-badan-klientow\/badania-rynku-opakowan\/\" title=\"Badania rynku opakowa\u0144\"  data-wpil-monitor-id=\"6544\">designs<\/a> and color schemes for product packaging. These companies need to know the types of packaging that are most attractive to the intended consumer. Why do they go to such lengths? Because product packaging is often what often entices the consumer to take a look at the product.<\/p>\n\n\n\n<p>Marketerzy powinni wykorzysta\u0107 ka\u017cdy dost\u0119pny im cal podczas pakowania produktu. Efektywno\u015b\u0107 kosztowa jest r\u00f3wnie\u017c niezb\u0119dna. Marketerzy musz\u0105 zwr\u00f3ci\u0107 uwag\u0119 na jako\u015b\u0107 materia\u0142\u00f3w. Musz\u0105 r\u00f3wnie\u017c zwr\u00f3ci\u0107 uwag\u0119 na metody wysy\u0142ki, je\u015bli chc\u0105 uzyska\u0107 warto\u015b\u0107 za swoje pieni\u0105dze. Innym czynnikiem jest wzmocnienie marki. Cechy projektowe stosowane w opakowaniach firmy s\u0105 g\u0142\u00f3wn\u0105 cz\u0119\u015bci\u0105 jej to\u017csamo\u015bci marki. Wykorzystuje ona opakowania do komunikowania tej to\u017csamo\u015bci swojej grupie docelowej. \u0141atwo\u015b\u0107 u\u017cytkowania jest kolejnym kluczowym czynnikiem. Opakowanie, kt\u00f3re jest \u0142atwe do przenoszenia, u\u017cywania lub przechowywania przez konsument\u00f3w, b\u0119dzie dzia\u0142a\u0107 lepiej ni\u017c takie, kt\u00f3rym trudno zarz\u0105dza\u0107.<\/p>\n\n\n\n<h2 class=\"wp-block-heading\">Rozw\u00f3j trend\u00f3w w zakresie opakowa\u0144<\/h2>\n\n\n\n<p>Firmy mog\u0105 wykorzysta\u0107 trendy takie jak drukowanie 3D, aby tworzy\u0107 opakowania na \u017c\u0105danie. Ten trend umo\u017cliwia markom oferowanie klientom spersonalizowanych opakowa\u0144. Pozwala r\u00f3wnie\u017c firmom wprowadza\u0107 nowe opakowania w odpowiedzi na specjalne wydarzenia.<\/p>\n\n\n\n<p>Presja ze strony grup lobbingowych i medi\u00f3w r\u00f3wnie\u017c zmusza wiele marek do rezygnacji z plastiku. Konsumenci r\u00f3wnie\u017c naciskaj\u0105 na marki, aby u\u017cywa\u0142y opakowa\u0144 w 100% zr\u00f3wnowa\u017conych. Wyzwanie dla marketer\u00f3w zaczyna si\u0119 od zdefiniowania, kt\u00f3ry nowy materia\u0142 jest najlepszy do u\u017cycia. Ta definicja mo\u017ce by\u0107 trudna, bior\u0105c pod uwag\u0119 cz\u0119sto zmieniaj\u0105c\u0105 si\u0119 opini\u0119 publiczn\u0105. Zmiana opakowania, powiedzmy, z puszki na woreczek r\u00f3wnie\u017c zajmuje czas. Taka zmiana wymaga zupe\u0142nie nowej linii produkcyjnej.<\/p>\n\n\n\n<p>Plastikowa torba pozostaje jedn\u0105 z najbardziej ekonomicznych opcji pakowania. Innym popularnym i niedrogim wyborem s\u0105 pude\u0142ka tekturowe, kt\u00f3re mo\u017cna \u0142atwo dostosowa\u0107. Wiele firm decyduje si\u0119 r\u00f3wnie\u017c na torby papierowe. W ten spos\u00f3b buduj\u0105 swoj\u0105 mark\u0119 jako firmy przyjazne dla \u015brodowiska.<\/p>\n\n\n\n<h2 class=\"wp-block-heading\">W jaki spos\u00f3b badania jako\u015bciowe pomagaj\u0105 w projektowaniu opakowa\u0144?<\/h2>\n\n\n\n<p>New product concept testing is a qualitative research method. It helps marketers by determining the reactions of individuals to alternative <a href=\"https:\/\/www.sisinternational.com\/pl\/rozwiazania\/innowacja\/design-thinking\/\" title=\"Design Thinking Badania rynku\"  data-wpil-monitor-id=\"6682\">packaging<\/a> designs. Usability testing is another method that helps. This method compiles user observations on design features. It assists marketers by outlining the features that are easy or difficult to use. Qualitative <a href=\"https:\/\/www.sisinternational.com\/pl\/the-role-of-process-and-systems-development-in-organizational-success\/\" title=\"Badania rynku projektowania organizacji\"  data-wpil-monitor-id=\"2936\">research can also help marketers<\/a> to use packaging to improve brand perception.<\/p>\n\n\n\n<h2 class=\"wp-block-heading\">Jak pomagaj\u0105 badania ilo\u015bciowe?<\/h2>\n\n\n\n<p>Odpowied\u017a ustna na pytanie \u201eCzy podoba Ci si\u0119 ten produkt?\u201d nie zawsze mo\u017ce by\u0107 prawdziw\u0105 odpowiedzi\u0105. Respondenci mog\u0105 udziela\u0107 zniekszta\u0142conych odpowiedzi z powodu b\u0142\u0119d\u00f3w poznawczych. Rozwi\u0105zaniem jest \u015bledzenie wzroku. Ta metryka pomaga marketerom lepiej zrozumie\u0107 do\u015bwiadczenie konsumenta. Ankiety to kolejna ilo\u015bciowa metoda. Te ankiety s\u0105 cenne w mierzeniu, jak dzia\u0142a proponowany projekt opakowania. Pomagaj\u0105 r\u00f3wnie\u017c marketerom okre\u015bli\u0107, czy nowy model jest gotowy do wej\u015bcia na rynek.<\/p>\n\n\n\n<h2 class=\"wp-block-heading\">W jaki spos\u00f3b badania strategiczne pomagaj\u0105?<\/h2>\n\n\n\n<p>G\u0142\u0119boka analiza konkurencji jest niezb\u0119dna dla ka\u017cdej organizacji. Innym cennym narz\u0119dziem jest ocena mo\u017cliwo\u015bci rynkowych. Ta metryka identyfikuje wymagania i bariery wej\u015bcia na rynek. Firmy musz\u0105 r\u00f3wnie\u017c bada\u0107 wielko\u015b\u0107 rynku. To narz\u0119dzie pomaga firmom odr\u00f3\u017cni\u0107 rynek adresowalny od dost\u0119pnego. Rynek adresowalny to ca\u0142kowita szansa na przych\u00f3d z produktu lub us\u0142ugi. Rynek dost\u0119pny to cz\u0119\u015b\u0107 rynku adresowalnego, o kt\u00f3r\u0105 firma mo\u017ce konkurowa\u0107.<\/p>\n\n\n\n<p>Innym istotnym elementem bada\u0144 strategicznych jest \u015bledzenie bran\u017cy. Strategiczne monitorowanie obserwacji konsument\u00f3w, reakcji i zachowa\u0144 dostarcza kluczowych informacji marketingowych. Ta informacja pomaga firmom przej\u015b\u0107 przez chaotyczne, szybkie zmiany w mediach. Prowadzi je r\u00f3wnie\u017c przez zak\u0142\u00f3cenia w technologii i kana\u0142ach dystrybucji. Strategiczne \u015bledzenie odpowiada na podstawowe pytania, takie jak trendy \u015bwiadomo\u015bci marki. Ta metoda umo\u017cliwia firmom lepsz\u0105 konkurencj\u0119 na rynku.<\/p>\n\n\n\n<p><\/p>","protected":false},"excerpt":{"rendered":"<p>Opakowanie jest istotn\u0105 taktyk\u0105 marketingow\u0105. Firmy wykorzystuj\u0105 opakowania, aby upi\u0119kszy\u0107 towary i przyci\u0105gn\u0105\u0107 uwag\u0119 konsument\u00f3w. Tworzenie atrakcyjnych i przekonuj\u0105cych opakowa\u0144 intryguje kupuj\u0105cych po raz pierwszy.<\/p>","protected":false},"author":1,"featured_media":69143,"parent":14514,"menu_order":150,"comment_status":"closed","ping_status":"closed","template":"","meta":{"footnotes":""},"class_list":["post-41022","page","type-page","status-publish","has-post-thumbnail"],"_links":{"self":[{"href":"https:\/\/www.sisinternational.com\/pl\/wp-json\/wp\/v2\/pages\/41022","targetHints":{"allow":["GET"]}}],"collection":[{"href":"https:\/\/www.sisinternational.com\/pl\/wp-json\/wp\/v2\/pages"}],"about":[{"href":"https:\/\/www.sisinternational.com\/pl\/wp-json\/wp\/v2\/types\/page"}],"author":[{"embeddable":true,"href":"https:\/\/www.sisinternational.com\/pl\/wp-json\/wp\/v2\/users\/1"}],"replies":[{"embeddable":true,"href":"https:\/\/www.sisinternational.com\/pl\/wp-json\/wp\/v2\/comments?post=41022"}],"version-history":[{"count":6,"href":"https:\/\/www.sisinternational.com\/pl\/wp-json\/wp\/v2\/pages\/41022\/revisions"}],"predecessor-version":[{"id":80262,"href":"https:\/\/www.sisinternational.com\/pl\/wp-json\/wp\/v2\/pages\/41022\/revisions\/80262"}],"up":[{"embeddable":true,"href":"https:\/\/www.sisinternational.com\/pl\/wp-json\/wp\/v2\/pages\/14514"}],"wp:featuredmedia":[{"embeddable":true,"href":"https:\/\/www.sisinternational.com\/pl\/wp-json\/wp\/v2\/media\/69143"}],"wp:attachment":[{"href":"https:\/\/www.sisinternational.com\/pl\/wp-json\/wp\/v2\/media?parent=41022"}],"curies":[{"name":"wp","href":"https:\/\/api.w.org\/{rel}","templated":true}]}}