{"id":41016,"date":"2022-11-12T00:08:27","date_gmt":"2022-11-12T00:08:27","guid":{"rendered":"https:\/\/www.sisinternational.com\/?page_id=41016"},"modified":"2026-01-26T18:47:08","modified_gmt":"2026-01-26T23:47:08","slug":"market-research-in-namibia","status":"publish","type":"page","link":"https:\/\/www.sisinternational.com\/pl\/zasieg\/badania-rynku-afryka\/market-research-in-namibia\/","title":{"rendered":"Badania rynku w Namibii"},"content":{"rendered":"<h1 class=\"wp-block-heading\">Badania rynku w Namibii<\/h1>\n\n\n\n<figure class=\"gb-block-image gb-block-image-3141a289\"><img loading=\"lazy\" decoding=\"async\" width=\"1456\" height=\"816\" class=\"gb-image gb-image-3141a289\" src=\"https:\/\/www.sisinternational.com\/wp-content\/uploads\/2025\/08\/Namibia-2.jpg\" alt=\"SIS Mi\u0119dzynarodowe badania rynku i strategia\" title=\"Namibia (2)\" srcset=\"https:\/\/www.sisinternational.com\/wp-content\/uploads\/2025\/08\/Namibia-2.jpg 1456w, https:\/\/www.sisinternational.com\/wp-content\/uploads\/2025\/08\/Namibia-2-300x168.jpg 300w, https:\/\/www.sisinternational.com\/wp-content\/uploads\/2025\/08\/Namibia-2-1024x574.jpg 1024w, https:\/\/www.sisinternational.com\/wp-content\/uploads\/2025\/08\/Namibia-2-768x430.jpg 768w, https:\/\/www.sisinternational.com\/wp-content\/uploads\/2025\/08\/Namibia-2-18x10.jpg 18w\" sizes=\"auto, (max-width: 1456px) 100vw, 1456px\"><\/figure>\n\n\n\n<p><\/p>\n\n\n\n<hr class=\"wp-block-separator has-alpha-channel-opacity is-style-dots\"\/>\n\n\n\n<p>The Republic of Namibia is on the southwestern coast of Africa. Angola borders Namibia to the north, Zambia to the northeast, Botswana to the east, South Africa is to the southeast and south, and the Atlantic Ocean to the west.<\/p>\n\n\n\n<p>The official language is English, but only about 3 percent of the population uses it as their home language. The leading home language is Ovambo. People also talk to each other in Nama-Damara, Kavango, Caprivian, and Afrikaans. Many Namibians speak two or more indigenous languages. They also know at least two of the three European languages of English, Afrikaans, and German.<\/p>\n\n\n\n<p>Many adhere to the Christian faith, at least in name. A small portion of the population adheres to traditional beliefs.<\/p>\n\n\n\n<h2 class=\"wp-block-heading\">Kluczowe bran\u017ce<\/h2>\n\n\n\n<p>The mining industry accounts for under a third of Namibia\u2019s GDP. Yet, only a tiny part of the labor force works in the mines. Diamonds, uranium oxide, and base metals are primary mining resources. The production of uranium is high, but problems arise for new ore deposits. Thus, the <a href=\"https:\/\/www.sisinternational.com\/pl\/venezuela-oil-mining-industry-potential-strategic-forecast-2026-2036\/\" title=\"Venezuela Oil &amp; Mining Industry Potential: Strategic Forecast 2026-2036\"  data-wpil-monitor-id=\"10030\">industry needs expansion to new mines<\/a> to maintain the production of uranium.<\/p>\n\n\n\n<p>Exports include diamonds, uranium oxide, furs, meat, fish, other animal products, base metals, and gold. The main <a href=\"https:\/\/www.sisinternational.com\/pl\/zasieg\/badania-rynku-afryka\/market-research-in-seychelles-africa\/\" title=\"Badania rynku na Seszelach, Afryka\"  data-wpil-monitor-id=\"5106\">markets are South Africa<\/a>, other neighboring countries, and western Europe.<\/p>\n\n\n\n<p>Agriculture is one of Namibia\u2019s most important sectors. But, it forms only a fraction of mining\u2019s contribution to GDP. Still, the majority of the population depends on agriculture for its livelihood.<\/p>\n\n\n\n<p>Livestock farming makes up about two-thirds of agricultural production and is an important foreign exchange earner for Namibia. Crop farming and forestry make up the remaining third.<\/p>\n\n\n\n<h2 class=\"wp-block-heading\">Osiedla<\/h2>\n\n\n\n<p>Windhoek is Namibia\u2019s capital, located almost in the country\u2019s center. Before European settlement began, the town\u2019s name was Aigams, meaning \u201chot water.\u201d The name is a reference to the hot springs in the region.<\/p>\n\n\n\n<p>About half of the entire population lives in the far north. Roughly 15 percent live in the commercial ranching areas north and south of Windhoek. Another ten percent lives in central and southern ex-black homelands. Quite a few live in Greater Windhoek. The rest live in coastal and inland mining towns. More than one-third of Namibians live in urban areas.<\/p>\n\n\n\n<h2 class=\"wp-block-heading\">Trendy<\/h2>\n\n\n\n<p>Namibia\u2019s population is young. It\u2019s growing at a modest rate as opposed to other African countries.<\/p>\n\n\n\n<p>The COVID\u201319 pandemic struck Namibia\u2019s economy hard with a decline in tourism and retail. Trade and investments also suffered, as did health and education. A concern is also employment and wage inequality aggravated by the pandemic. Some experts proposed that Namibia focus on technology to help with economic growth.<\/p>\n\n\n\n<p>Internet penetration in Namibia was at 51% in January 2021. Internet and social media use expanded after that.<\/p>\n\n\n\n<h2 class=\"wp-block-heading\">Korzy\u015bci i mocne strony rynku<\/h2>\n\n\n\n<p>Namibia jest si\u00f3dmym najbardziej przyjaznym biznesowi krajem w Afryce. Gospodarka, stabilno\u015b\u0107 polityczna i doch\u00f3d na mieszka\u0144ca plasuj\u0105 si\u0119 w\u015br\u00f3d najlepszych w Afryce.<\/p>\n\n\n\n<p>Namibia provides a little less than a third of the global diamond output and is a high producer of uranium oxide.<\/p>\n\n\n\n<p>Namibia is also a leader in meat production. It was the first African country to export beef to the United States.<\/p>\n\n\n\n<h2 class=\"wp-block-heading\">Baza konsument\u00f3w<\/h2>\n\n\n\n<p>The bulk of Namibians are black, with a few people having European ancestry.<\/p>\n\n\n\n<p>The World Bank considers Namibia an upper-middle-income economy. This ranking is above average for countries in sub-Saharan Africa. This summary is misleading as most Namibians live in poverty, and many have limited access to public services. Malnutrition is an issue, particularly among children. Less than 50 percent of the labor force is engaged in formal wage employment. In fact, the country has very high unemployment statistics.<\/p>\n\n\n\n<p>Most Namibians engage in subsistence agriculture and herding. Namibia also has hundreds of thousands of skilled workers.<\/p>\n\n\n\n<p>Despite the poverty of its people, Namibia has one of <a href=\"https:\/\/www.sisinternational.com\/pl\/badania-rynku-opieki-zdrowotnej-emea\/\" title=\"Badania rynku opieki zdrowotnej w Europie\"  data-wpil-monitor-id=\"7046\">Africa\u2019s best healthcare<\/a> systems (measured by population-to-hospital bed and population-to-doctor ratios).<\/p>\n\n\n\n<p>More than half of Namibia\u2019s population lives in urban centers, while the rest live in rural areas.<\/p>\n\n\n\n<p>Compared to other countries south of the Sahara, it\u2019s easy to reach out to Namibian consumers. The Namibian consumer is well-educated and has better social media connections.<\/p>\n\n\n\n<h2 class=\"wp-block-heading\">Why You Should Grow Your Business in the Namibian Market<\/h2>\n\n\n\n<p>Namibia has the potential for investment in the development of many of its resources. Its industries, though established, are still developing and emerging.<\/p>\n\n\n\n<p>The government channels a wealth of <a href=\"https:\/\/www.sisinternational.com\/pl\/rozwiazania\/badania-rynku-i-doradztwo-strategiczne-w-zakresie-sztucznej-inteligencji\/mining-natural-resources-automation-artificial-intelligence-consulting\/\" title=\"Automatyzacja g\u00f3rnictwa i zasob\u00f3w naturalnych oraz doradztwo w zakresie sztucznej inteligencji\"  data-wpil-monitor-id=\"10024\">natural resources into mining<\/a>. This practice can serve as an opportunity for companies. Namibians need investors to provide equipment and services to mining operators.<\/p>\n\n\n\n<p>Namibia imports nearly all its consumer goods and exports most of its primary resources, many unprocessed. Investors have opportunities to introduce new consumer goods. As an investor, you can also expand <a href=\"https:\/\/www.sisinternational.com\/pl\/ekspertyza\/branze\/food-beverage-manufacturing-market-research\/\" title=\"Badania rynku produkcji \u017cywno\u015bci i napoj\u00f3w\"  data-wpil-monitor-id=\"10027\">manufacturing for both local and international markets<\/a>.<\/p>\n\n\n\n<p>The urban population in Namibia is growing fast and the country has a sizeable wealthy consumer base, which offers many opportunities for potential investors. Namibia has an affluent consumer segment, which is brand loyal. These <a href=\"https:\/\/www.sisinternational.com\/pl\/rozwiazania\/badania-rynku-i-doradztwo-strategiczne-w-zakresie-sztucznej-inteligencji\/consumer-goods-services-automation-ai-consulting\/\" title=\"Consumer Goods and Services Automation and AI Consulting\"  data-wpil-monitor-id=\"10039\">consumers<\/a> are willing to pay higher prices for faster and better service.<\/p>\n\n\n\n<h2 class=\"wp-block-heading\">About Market Research in Namibia<\/h2>\n\n\n\n<p>It\u2019s essential to look at the distribution of wealth. It\u2019s also vital to know the demographics in particular areas. Thus, it may prove fruitful to have Focus Groups, Surveys, and Interviews. These tools can help to target isolated groups to determine the <a href=\"https:\/\/www.sisinternational.com\/pl\/b2b\/\" title=\"Cost-Effective and Actionable Insights to Drive Your Next Strategic Move\"  data-wpil-monitor-id=\"10038\">next course of action<\/a>. Another critical service is Qualitative, Quantitative, and Strategy Research. Your <a href=\"https:\/\/www.sisinternational.com\/pl\/predictive-analytics\/\" title=\"Predictive Analytics: Your Crystal Ball for Business Success\"  data-wpil-monitor-id=\"10034\">business needs these services to be successful<\/a> in Namibia. Contact SIS <a href=\"https:\/\/www.sisinternational.com\/pl\/rozwiazania\/rozwiazania-w-zakresie-brandingu-i-badan-klientow\/badania-rynku-testowanie-produktow\/sis-internationals-degustacja-jedzenia\/\" title=\"Co sprawia, \u017ce SIS International Research jest najlepsz\u0105 firm\u0105 badawcz\u0105 rynku w zakresie testowania smaku \u017cywno\u015bci w Nowym Jorku\"  data-wpil-monitor-id=\"10036\">Mi\u0119dzynarodowy<\/a> today for more options for the Namibian market.<\/p>\n\n\n\n<p><\/p>","protected":false},"excerpt":{"rendered":"<p>Namibia jest si\u00f3dmym najbardziej przyjaznym biznesowi krajem w Afryce. Gospodarka, stabilno\u015b\u0107 polityczna i doch\u00f3d na mieszka\u0144ca plasuj\u0105 si\u0119 w\u015br\u00f3d najlepszych w Afryce.<\/p>","protected":false},"author":1,"featured_media":65311,"parent":14281,"menu_order":47,"comment_status":"closed","ping_status":"closed","template":"","meta":{"footnotes":""},"class_list":["post-41016","page","type-page","status-publish","has-post-thumbnail"],"_links":{"self":[{"href":"https:\/\/www.sisinternational.com\/pl\/wp-json\/wp\/v2\/pages\/41016","targetHints":{"allow":["GET"]}}],"collection":[{"href":"https:\/\/www.sisinternational.com\/pl\/wp-json\/wp\/v2\/pages"}],"about":[{"href":"https:\/\/www.sisinternational.com\/pl\/wp-json\/wp\/v2\/types\/page"}],"author":[{"embeddable":true,"href":"https:\/\/www.sisinternational.com\/pl\/wp-json\/wp\/v2\/users\/1"}],"replies":[{"embeddable":true,"href":"https:\/\/www.sisinternational.com\/pl\/wp-json\/wp\/v2\/comments?post=41016"}],"version-history":[{"count":6,"href":"https:\/\/www.sisinternational.com\/pl\/wp-json\/wp\/v2\/pages\/41016\/revisions"}],"predecessor-version":[{"id":81659,"href":"https:\/\/www.sisinternational.com\/pl\/wp-json\/wp\/v2\/pages\/41016\/revisions\/81659"}],"up":[{"embeddable":true,"href":"https:\/\/www.sisinternational.com\/pl\/wp-json\/wp\/v2\/pages\/14281"}],"wp:featuredmedia":[{"embeddable":true,"href":"https:\/\/www.sisinternational.com\/pl\/wp-json\/wp\/v2\/media\/65311"}],"wp:attachment":[{"href":"https:\/\/www.sisinternational.com\/pl\/wp-json\/wp\/v2\/media?parent=41016"}],"curies":[{"name":"wp","href":"https:\/\/api.w.org\/{rel}","templated":true}]}}