{"id":41008,"date":"2022-11-11T23:19:50","date_gmt":"2022-11-11T23:19:50","guid":{"rendered":"https:\/\/www.sisinternational.com\/?page_id=41008"},"modified":"2026-01-24T21:32:08","modified_gmt":"2026-01-25T02:32:08","slug":"badania-rynku-w-mali","status":"publish","type":"page","link":"https:\/\/www.sisinternational.com\/pl\/zasieg\/badania-rynku-afryka\/badania-rynku-w-mali\/","title":{"rendered":"Badania rynku w Mali"},"content":{"rendered":"<h1 class=\"wp-block-heading\">Badania rynku w Mali<\/h1>\n\n\n\n<figure class=\"gb-block-image gb-block-image-1f31f65c\"><img loading=\"lazy\" decoding=\"async\" width=\"1456\" height=\"816\" class=\"gb-image gb-image-1f31f65c\" src=\"https:\/\/www.sisinternational.com\/wp-content\/uploads\/2025\/08\/Mali-2.jpg\" alt=\"SIS Mi\u0119dzynarodowe badania rynku i strategia\" title=\"Mali (2)\" srcset=\"https:\/\/www.sisinternational.com\/wp-content\/uploads\/2025\/08\/Mali-2.jpg 1456w, https:\/\/www.sisinternational.com\/wp-content\/uploads\/2025\/08\/Mali-2-300x168.jpg 300w, https:\/\/www.sisinternational.com\/wp-content\/uploads\/2025\/08\/Mali-2-1024x574.jpg 1024w, https:\/\/www.sisinternational.com\/wp-content\/uploads\/2025\/08\/Mali-2-768x430.jpg 768w, https:\/\/www.sisinternational.com\/wp-content\/uploads\/2025\/08\/Mali-2-18x10.jpg 18w\" sizes=\"auto, (max-width: 1456px) 100vw, 1456px\"><\/figure>\n\n\n\n<hr class=\"wp-block-separator has-alpha-channel-opacity is-style-dots\"\/>\n\n\n\n<p><\/p>\n\n\n\n<p>Republika Zachodnioafryka\u0144ska Mali jest \u00f3smym co do wielko\u015bci krajem w Afryce. Oficjalnym j\u0119zykiem Mali jest francuski. Opr\u00f3cz francuskiego, innymi j\u0119zykami narodowymi s\u0105 arabski, angielski, fulani i mandinka.<\/p>\n\n\n\n<p>To the north of Mali is Algeria, and to the east is&nbsp;Niger&nbsp;and Burkina Faso. C\u00f4te d\u2019Ivoire and Guinea are to the south, and west is Senegal and Mauritania. The official currency is the West African CFA franc.<\/p>\n\n\n\n<h2 class=\"wp-block-heading\">Kluczowe bran\u017ce<\/h2>\n\n\n\n<p>Mali produkuje r\u00f3\u017cnorodne uprawy na potrzeby w\u0142asne i komercyjne. Rolnicy zajmuj\u0105 si\u0119 r\u00f3wnie\u017c hodowl\u0105 byd\u0142a, owiec i k\u00f3z. Rybo\u0142\u00f3wstwo jest kolejnym czynnikiem wp\u0142ywaj\u0105cym na przemys\u0142 rolny i gospodark\u0119. Mali jest podatne na okresy suszy, wi\u0119c sektor rybo\u0142\u00f3wstwa jest czasami dotkni\u0119ty. Jednak Mali jest nadal jednym z najwi\u0119kszych producent\u00f3w ryb w Afryce Zachodniej.<\/p>\n\n\n\n<p>Przemys\u0142 wydobywczy eksploruje minera\u0142y. Produkuje r\u00f3wnie\u017c zasoby naturalne, takie jak z\u0142oto, s\u00f3l, kaolin, fosforan i wapie\u0144. Ponadto z\u0142oto i bawe\u0142na to g\u0142\u00f3wne towary eksportowane z Mali. Stanowi\u0105 one ponad osiemdziesi\u0105t procent eksportu kraju.<\/p>\n\n\n\n<h2 class=\"wp-block-heading\">Osiedla<\/h2>\n\n\n\n<p>Mali ma kilka region\u00f3w, ka\u017cdy ze stolic\u0105. Na przyk\u0142ad Bamako jest najwi\u0119kszym miastem i jest stolic\u0105 i centrum administracyjnym Mali, z instytucjami rz\u0105dowymi, us\u0142ugami i budynkami.<\/p>\n\n\n\n<p>Sikasso jest drugim co do wielko\u015bci miastem i stolic\u0105 regionu Sikasso. Klimat w Sikasso jest wilgotniejszy ni\u017c w jakiejkolwiek innej cz\u0119\u015bci Mali, wi\u0119c rolnictwo tam kwitnie.<\/p>\n\n\n\n<p>Segou, znane z wyrob\u00f3w ceramicznych, targowisk i rybo\u0142\u00f3wstwa, jest stolic\u0105 regionu Segou.<\/p>\n\n\n\n<p>Kayes jest stolic\u0105 regionu Kayes, z mi\u0119dzynarodowym lotniskiem i regionaln\u0105 stacj\u0105 kolejow\u0105. Ponadto Kayes jest bogate w z\u0142oto i \u017celazo.<\/p>\n\n\n\n<p>Mopti jest stolic\u0105 i centrum handlowym regionu Mopti. Mopti jest r\u00f3wnie\u017c najwa\u017cniejszym portem w Mali.<\/p>\n\n\n\n<p>Kalabancoro, Gao, Kati i San to inne godne uwagi miasta w Mali. Tworz\u0105 one spo\u0142eczno\u015bci miejskie i podmiejskie.<\/p>\n\n\n\n<h2 class=\"wp-block-heading\">Trendy<\/h2>\n\n\n\n<p>Mali zmaga si\u0119 z politycznym zamieszaniem w trakcie pandemii. Ju\u017c wcze\u015bniej Malijczycy prze\u017cyli zamach stanu, kt\u00f3ry nieco zdestabilizowa\u0142 gospodark\u0119 w 2012 r. Nast\u0119pnie dosz\u0142o do niedawnego obalenia rz\u0105du w 2020 r.<\/p>\n\n\n\n<p>Mimo to gospodarka kwitnie, g\u0142\u00f3wnie dzi\u0119ki zasobom naturalnym kraju. Co r\u00f3wnie wa\u017cne, ma on solidny sektor rolniczy. Ma r\u00f3wnie\u017c du\u017cy potencja\u0142 w sektorze energii odnawialnej.<\/p>\n\n\n\n<p>Nawet po\u015br\u00f3d trwaj\u0105cych zagro\u017ce\u0144 terrorystycznych, kraj si\u0119 rozga\u0142\u0119zia. W rzeczywisto\u015bci, wszed\u0142 w przedsi\u0119wzi\u0119cia biznesowe i partnerstwa ze Stanami Zjednoczonymi.<\/p>\n\n\n\n<h2 class=\"wp-block-heading\">Zalety i mocne strony rynku<\/h2>\n\n\n\n<p>Mali is eligible for financial grants from the United States for the development of business in African countries. The country also welcomes foreign investment. It has initiatives such as the promotion of privatization of public enterprise. Mali also offers duty-free importation of <a href=\"https:\/\/www.sisinternational.com\/pl\/rozwiazania\/doradztwo-strategiczne-fintech-badania\/venture-capital-market-research\/\" title=\"Badania rynku kapita\u0142u podwy\u017cszonego ryzyka\"  data-wpil-monitor-id=\"8346\">capital equipment for priority industrial ventures<\/a>.<\/p>\n\n\n\n<h2 class=\"wp-block-heading\">Dlaczego warto rozwija\u0107 sw\u00f3j biznes w Mali<\/h2>\n\n\n\n<p>Mali has had years of political and economic unrest. In spite of that, the Government of Mali is doing its best to encourage foreign investment. Why? Because foreign investment is a means to achieve stability. So, it is <a href=\"https:\/\/www.sisinternational.com\/pl\/wdrazanie-sztucznej-inteligencji-w-malych-firmach\/\" title=\"Wdra\u017canie sztucznej inteligencji (AI) w ma\u0142ych firmach\"  data-wpil-monitor-id=\"8348\">adopting measures to simplify business<\/a> creation and operating procedures. Mali has a wealth of untapped resources that the country is unable to exploit or develop at present. Foreign investment will enable it to unlock these resources. It will earn profits for the investor as well.<\/p>\n\n\n\n<h2 class=\"wp-block-heading\">O badaniach rynku w Mali<\/h2>\n\n\n\n<p>Doing business in Mali can be much easier with <a href=\"https:\/\/www.sisinternational.com\/pl\/publikacje\/scalable-business-market-research-7-ways-to-build-a-scalable-business\/\" title=\"Skalowalne badania rynku biznesowego: 7 sposob\u00f3w na zbudowanie skalowalnego biznesu\"  data-wpil-monitor-id=\"8347\">market<\/a> research. Hence, we offer Focus Groups, Interviews, and Surveys. We also undertake Quantitative, Qualitative, and Strategy <a href=\"https:\/\/www.sisinternational.com\/pl\/zasieg\/ameryka\/badania-rynku-na-karaibach\/badania-rynku-bahamy\/\" title=\"Badania rynku na Bahamach\"  data-wpil-monitor-id=\"3540\">Research for the various African markets<\/a>. Then we compile the findings to help you and your business to take off.<\/p>","protected":false},"excerpt":{"rendered":"<p>Mali&#8217;s economy is thriving, mainly due to the country\u2019s natural resources. Equally important, it has a robust agriculture sector. It also has heavy potential in the renewable energy sector.\u00a0<\/p>","protected":false},"author":1,"featured_media":65289,"parent":14281,"menu_order":45,"comment_status":"closed","ping_status":"closed","template":"","meta":{"footnotes":""},"class_list":["post-41008","page","type-page","status-publish","has-post-thumbnail"],"_links":{"self":[{"href":"https:\/\/www.sisinternational.com\/pl\/wp-json\/wp\/v2\/pages\/41008","targetHints":{"allow":["GET"]}}],"collection":[{"href":"https:\/\/www.sisinternational.com\/pl\/wp-json\/wp\/v2\/pages"}],"about":[{"href":"https:\/\/www.sisinternational.com\/pl\/wp-json\/wp\/v2\/types\/page"}],"author":[{"embeddable":true,"href":"https:\/\/www.sisinternational.com\/pl\/wp-json\/wp\/v2\/users\/1"}],"replies":[{"embeddable":true,"href":"https:\/\/www.sisinternational.com\/pl\/wp-json\/wp\/v2\/comments?post=41008"}],"version-history":[{"count":4,"href":"https:\/\/www.sisinternational.com\/pl\/wp-json\/wp\/v2\/pages\/41008\/revisions"}],"predecessor-version":[{"id":81399,"href":"https:\/\/www.sisinternational.com\/pl\/wp-json\/wp\/v2\/pages\/41008\/revisions\/81399"}],"up":[{"embeddable":true,"href":"https:\/\/www.sisinternational.com\/pl\/wp-json\/wp\/v2\/pages\/14281"}],"wp:featuredmedia":[{"embeddable":true,"href":"https:\/\/www.sisinternational.com\/pl\/wp-json\/wp\/v2\/media\/65289"}],"wp:attachment":[{"href":"https:\/\/www.sisinternational.com\/pl\/wp-json\/wp\/v2\/media?parent=41008"}],"curies":[{"name":"wp","href":"https:\/\/api.w.org\/{rel}","templated":true}]}}