{"id":40946,"date":"2022-10-28T01:26:25","date_gmt":"2022-10-28T01:26:25","guid":{"rendered":"https:\/\/www.sisinternational.com\/?page_id=40946"},"modified":"2025-10-01T22:35:17","modified_gmt":"2025-10-02T02:35:17","slug":"badania-rynku-w-gujanie","status":"publish","type":"page","link":"https:\/\/www.sisinternational.com\/pl\/zasieg\/latin-america\/badania-rynku-ameryki-lacinskiej\/badania-rynku-w-gujanie\/","title":{"rendered":"Badania rynku w Gujanie"},"content":{"rendered":"<h1 class=\"wp-block-heading\">Badania rynku w Gujanie<\/h1>\n\n\n\n<figure class=\"gb-block-image gb-block-image-c096b9c7\"><img loading=\"lazy\" decoding=\"async\" width=\"1456\" height=\"816\" class=\"gb-image gb-image-c096b9c7\" src=\"https:\/\/www.sisinternational.com\/wp-content\/uploads\/2025\/09\/Guyana-5.jpg\" alt=\"SIS Mi\u0119dzynarodowe badania rynku i strategia\" title=\"Guyana (5)\" srcset=\"https:\/\/www.sisinternational.com\/wp-content\/uploads\/2025\/09\/Guyana-5.jpg 1456w, https:\/\/www.sisinternational.com\/wp-content\/uploads\/2025\/09\/Guyana-5-300x168.jpg 300w, https:\/\/www.sisinternational.com\/wp-content\/uploads\/2025\/09\/Guyana-5-1024x574.jpg 1024w, https:\/\/www.sisinternational.com\/wp-content\/uploads\/2025\/09\/Guyana-5-768x430.jpg 768w, https:\/\/www.sisinternational.com\/wp-content\/uploads\/2025\/09\/Guyana-5-18x10.jpg 18w\" sizes=\"auto, (max-width: 1456px) 100vw, 1456px\"><\/figure>\n\n\n\n<p><\/p>\n\n\n\n<hr class=\"wp-block-separator has-alpha-channel-opacity is-style-dots\"\/>\n\n\n\n<p>Pi\u0119kny kraj Gujana jest znany na ca\u0142ym \u015bwiecie ze swojej kultury. Ponadto lasy deszczowe, j\u0119zyk angielski, krykiet i muzyka calypso przyci\u0105gaj\u0105 ludzi. Gujana le\u017cy wzd\u0142u\u017c wybrze\u017ca p\u00f3\u0142nocnej Ameryki Po\u0142udniowej. Kraj uwolni\u0142 si\u0119 od Zjednoczonego Kr\u00f3lestwa 26 maja 1966 r. i sta\u0142 si\u0119 republik\u0105 23 lutego 1970 r. Po wielu latach pod kontrol\u0105 holendersk\u0105, do\u0142\u0105czy\u0142 do Unii Narod\u00f3w Ameryki Po\u0142udniowej jako cz\u0142onek za\u0142o\u017cyciel.<\/p>\n\n\n\n<p>Obecnie kraj ten utrzymuje swoj\u0105 pozycj\u0119 w\u015br\u00f3d wielu narod\u00f3w na kontynencie. Ponadto jest to jedyny kraj w tym regionie, w kt\u00f3rym j\u0119zykiem urz\u0119dowym jest angielski. Gujana jest dumnym cz\u0142onkiem Wsp\u00f3lnoty Karaibskiej (CARICOM). Ponadto, posiada g\u0142\u00f3wn\u0105 siedzib\u0119 CARICOM w swojej stolicy Georgetown. Poza tym, Gujana utrzymuje doskona\u0142e stosunki z Chinami od lat 70. W rzeczywisto\u015bci, by\u0142 to pierwszy kraj w angloj\u0119zycznych Karaibach, kt\u00f3ry mia\u0142 takie powi\u0105zania.<\/p>\n\n\n\n<p>Kraj ma bogat\u0105 i mieszan\u0105 histori\u0119 jako kolonia brytyjska. Region jest domem dla ludzi z Afryki, Indii, Francji, Holandii i Portugalii. Oczywi\u015bcie s\u0105 te\u017c osoby o pochodzeniu india\u0144skim.<\/p>\n\n\n\n<h2 class=\"wp-block-heading\">Osiedla<\/h2>\n\n\n\n<p>Georgetown jest stolic\u0105 i g\u0142\u00f3wnym o\u015brodkiem produkcyjnym i handlowym w kraju. Miasto ma wiele starych budynk\u00f3w w stylu brytyjskim i holenderskim. B\u0119d\u0105c miastem centralnym, Georgetown ma wiele rzeczy do zrobienia. Zawsze jest co\u015b nowego do wypr\u00f3bowania i jeszcze wi\u0119cej miejsc do odkrycia.<\/p>\n\n\n\n<p>Opr\u00f3cz stolicy jest wiele innych znanych obszar\u00f3w. Nale\u017c\u0105 do nich Demerara, Bush Lot i nies\u0142awne Jonestown (rozs\u0142awione przez Jima Jonesa w latach 70.).<\/p>\n\n\n\n<h2 class=\"wp-block-heading\">Kluczowe bran\u017ce<\/h2>\n\n\n\n<p>G\u0142\u00f3wne ga\u0142\u0119zie przemys\u0142u Gujany to przetw\u00f3rstwo rolno-spo\u017cywcze i wydobycie z\u0142ota i diament\u00f3w. Produkty wytwarzane w przetw\u00f3rstwie rolno-spo\u017cywczym pochodz\u0105 z ry\u017cu, drewna i kokosa. Istniej\u0105 r\u00f3wnie\u017c sektory lekkiej produkcji, tekstyli\u00f3w i farmaceutyk\u00f3w. W\u0142a\u015bcicielami tych podmiot\u00f3w s\u0105 zar\u00f3wno przedsi\u0119biorstwa pa\u0144stwowe, jak i prywatne.<\/p>\n\n\n\n<p>Jednak najlepszymi aktywami s\u0105 zasoby naturalne. Niekt\u00f3re zasoby naturalne to lasy deszczowe, plantacje trzciny cukrowej i pola ry\u017cowe. Kraj ma r\u00f3wnie\u017c rezerwy boksyt\u00f3w, ropy naftowej i z\u0142ota.<\/p>\n\n\n\n<h2 class=\"wp-block-heading\">Trendy<\/h2>\n\n\n\n<p>Kraj ten jest obecnie jednym z najszybciej rozwijaj\u0105cych si\u0119 na \u015bwiecie. Jego PKB gwa\u0142townie ro\u015bnie z powodu szybkiego rozwoju sektora ropy naftowej i gazu na morzu.<\/p>\n\n\n\n<p>Wzrost zale\u017cy od zasob\u00f3w naturalnych kraju. Rolnictwo i g\u00f3rnictwo s\u0105 najwa\u017cniejszymi dzia\u0142aniami w Gujanie, ale cukier, boksyt, ry\u017c i z\u0142oto stanowi\u0105 ponad po\u0142ow\u0119 dochod\u00f3w z eksportu.<\/p>\n\n\n\n<h2 class=\"wp-block-heading\">Baza konsument\u00f3w<\/h2>\n\n\n\n<p>Kraj jest pe\u0142en ch\u0119tnych pracownik\u00f3w, kt\u00f3rzy uwielbiaj\u0105 si\u0119 zrelaksowa\u0107 przy dobrej imprezie z jedzeniem. Lubi\u0105 te\u017c takie aktywno\u015bci jak krykiet i parady uliczne. Ludzie ci\u0119\u017cko pracuj\u0105 na roli i gdzie indziej, aby zarobi\u0107 pieni\u0105dze na swoje hobby i \u017cycie poza prac\u0105.<\/p>\n\n\n\n<h2 class=\"wp-block-heading\">Powody, dla kt\u00f3rych warto za\u0142o\u017cy\u0107 firm\u0119 w Gujanie<\/h2>\n\n\n\n<p>W miar\u0119 jak Gujana si\u0119 rozwija, otwieraj\u0105 si\u0119 coraz bardziej otwarte drogi. Ponadto, ze wzgl\u0119du na swoje po\u0142o\u017cenie w Ameryce Po\u0142udniowej, kraj ten ma doskona\u0142e powi\u0105zania z USA. Jako\u015b\u0107 towar\u00f3w i us\u0142ug jest wysoka. Motywuje to firmy i konsument\u00f3w do dalszych zakup\u00f3w.<\/p>\n\n\n\n<h3 class=\"wp-block-heading\">Inne powody, dla kt\u00f3rych warto za\u0142o\u017cy\u0107 firm\u0119 w Gujanie to:<\/h3>\n\n\n\n<ul class=\"wp-block-list\">\n<li>Otwarte rynki inwestycyjne<\/li>\n\n\n\n<li>Wiele zasob\u00f3w naturalnych<\/li>\n\n\n\n<li>J\u0119zykiem urz\u0119dowym jest angielski.<\/li>\n\n\n\n<li><a href=\"https:\/\/www.sisinternational.com\/pl\/przewoznicy-niskokosztowi-w-branzy-lotniczej\/\" title=\"Badania rynku tanich linii lotniczych\"  data-wpil-monitor-id=\"7692\">Niskie koszty eksploatacji<\/a><\/li>\n<\/ul>\n\n\n\n<h2 class=\"wp-block-heading\">O badaniach rynku w Gujanie<\/h2>\n\n\n\n<p>Launching your new business is one of the best decisions you will make for yourself. Hence the reason our company is always here and always ready to offer help. Our <a href=\"https:\/\/www.sisinternational.com\/pl\/ekspertyza\/branze\/business-decision-maker-market-research\/\" title=\"Badania rynku dla decydent\u00f3w biznesowych\"  data-wpil-monitor-id=\"7698\">business<\/a> goes the extra mile to do the best research for you. We have focus groups that do qualitative, quantitative, and strategic research. We are keen to help the status of any business that seeks our help. Also, we <a href=\"https:\/\/www.sisinternational.com\/pl\/ekspertyza\/branze\/computer-assisted-telephone-interviewing-market-research\/\" title=\"Badania rynku przy u\u017cyciu wywiad\u00f3w telefonicznych wspomaganych komputerowo\"  data-wpil-monitor-id=\"7695\">assist in survey making and interviews<\/a>. We\u2019d love to help you in whatever area you\u2019d like. Your company will leave with nothing but the best. Call us today!<\/p>\n\n\n\n<p><\/p>","protected":false},"excerpt":{"rendered":"<p>Pi\u0119kny kraj Gujana jest znany na ca\u0142ym \u015bwiecie ze swojej kultury. Ponadto lasy deszczowe, j\u0119zyk angielski, krykiet i muzyka calypso przyci\u0105gaj\u0105 ludzi.<\/p>","protected":false},"author":1,"featured_media":66281,"parent":14351,"menu_order":23,"comment_status":"closed","ping_status":"closed","template":"","meta":{"footnotes":""},"class_list":["post-40946","page","type-page","status-publish","has-post-thumbnail"],"_links":{"self":[{"href":"https:\/\/www.sisinternational.com\/pl\/wp-json\/wp\/v2\/pages\/40946","targetHints":{"allow":["GET"]}}],"collection":[{"href":"https:\/\/www.sisinternational.com\/pl\/wp-json\/wp\/v2\/pages"}],"about":[{"href":"https:\/\/www.sisinternational.com\/pl\/wp-json\/wp\/v2\/types\/page"}],"author":[{"embeddable":true,"href":"https:\/\/www.sisinternational.com\/pl\/wp-json\/wp\/v2\/users\/1"}],"replies":[{"embeddable":true,"href":"https:\/\/www.sisinternational.com\/pl\/wp-json\/wp\/v2\/comments?post=40946"}],"version-history":[{"count":4,"href":"https:\/\/www.sisinternational.com\/pl\/wp-json\/wp\/v2\/pages\/40946\/revisions"}],"predecessor-version":[{"id":81298,"href":"https:\/\/www.sisinternational.com\/pl\/wp-json\/wp\/v2\/pages\/40946\/revisions\/81298"}],"up":[{"embeddable":true,"href":"https:\/\/www.sisinternational.com\/pl\/wp-json\/wp\/v2\/pages\/14351"}],"wp:featuredmedia":[{"embeddable":true,"href":"https:\/\/www.sisinternational.com\/pl\/wp-json\/wp\/v2\/media\/66281"}],"wp:attachment":[{"href":"https:\/\/www.sisinternational.com\/pl\/wp-json\/wp\/v2\/media?parent=40946"}],"curies":[{"name":"wp","href":"https:\/\/api.w.org\/{rel}","templated":true}]}}