{"id":40944,"date":"2022-10-28T00:36:41","date_gmt":"2022-10-28T00:36:41","guid":{"rendered":"https:\/\/www.sisinternational.com\/?page_id=40944"},"modified":"2025-10-01T22:32:59","modified_gmt":"2025-10-02T02:32:59","slug":"badania-rynku-w-gujanie-francuskiej","status":"publish","type":"page","link":"https:\/\/www.sisinternational.com\/pl\/zasieg\/latin-america\/badania-rynku-ameryki-lacinskiej\/badania-rynku-w-gujanie-francuskiej\/","title":{"rendered":"Badania rynku w Gujanie Francuskiej"},"content":{"rendered":"<h1 class=\"wp-block-heading\">Badania rynku w Gujanie Francuskiej<\/h1>\n\n\n\n<figure class=\"gb-block-image gb-block-image-9f8994b5\"><img loading=\"lazy\" decoding=\"async\" width=\"1456\" height=\"816\" class=\"gb-image gb-image-9f8994b5\" src=\"https:\/\/www.sisinternational.com\/wp-content\/uploads\/2025\/09\/French-Guiana-3.jpg\" alt=\"SIS Mi\u0119dzynarodowe badania rynku i strategia\" title=\"French Guiana (3)\" srcset=\"https:\/\/www.sisinternational.com\/wp-content\/uploads\/2025\/09\/French-Guiana-3.jpg 1456w, https:\/\/www.sisinternational.com\/wp-content\/uploads\/2025\/09\/French-Guiana-3-300x168.jpg 300w, https:\/\/www.sisinternational.com\/wp-content\/uploads\/2025\/09\/French-Guiana-3-1024x574.jpg 1024w, https:\/\/www.sisinternational.com\/wp-content\/uploads\/2025\/09\/French-Guiana-3-768x430.jpg 768w, https:\/\/www.sisinternational.com\/wp-content\/uploads\/2025\/09\/French-Guiana-3-18x10.jpg 18w\" sizes=\"auto, (max-width: 1456px) 100vw, 1456px\"><\/figure>\n\n\n\n<p><\/p>\n\n\n\n<hr class=\"wp-block-separator has-alpha-channel-opacity is-style-dots\"\/>\n\n\n\n<p>French Guiana is a territory governed by France, located on the North Atlantic coast of the South American continent. Brazil borders it to the East and Suriname to the West. It is the second-largest land mass under French rule (after mainland France). Despite its deep connection to France, French Guiana\u2019s dependence on that country is starting to wane. One part of that process is growing its economy. The French Guianese are engaging in more and more trade, and any <a href=\"https:\/\/www.sisinternational.com\/pl\/publikacje\/scalable-business-market-research-7-ways-to-build-a-scalable-business\/\" title=\"Skalowalne badania rynku biznesowego: 7 sposob\u00f3w na zbudowanie skalowalnego biznesu\"  data-wpil-monitor-id=\"7706\">business<\/a> that wants to move into that market needs good info. And thus, it needs some good market research.<\/p>\n\n\n\n<h2 class=\"wp-block-heading\">Kluczowe bran\u017ce<\/h2>\n\n\n\n<p>Ze wzgl\u0119du na rozleg\u0142e lasy Gujany Francuskiej, jest tam wiele tartak\u00f3w. Jest tam r\u00f3wnie\u017c wiele zak\u0142ad\u00f3w przetw\u00f3rstwa drewna. Jednak g\u0142\u00f3wnym eksportem regionu jest z\u0142oto i inne metale szlachetne. Gujana Francuska ma przemys\u0142 kosmiczny, kt\u00f3ry od lat 60. XX wieku przyczynia si\u0119 do wzrostu PKB kraju. Ma r\u00f3wnie\u017c du\u017cy przemys\u0142 rybny. To nic dziwnego, poniewa\u017c kraj ma d\u0142ug\u0105 lini\u0119 brzegow\u0105. Wi\u0119kszo\u015b\u0107 mieszka\u0144c\u00f3w Gujany Francuskiej mieszka w pobli\u017cu wybrze\u017ca ze wzgl\u0119du na liczne korzy\u015bci, jakie daje \u017cycie w pobli\u017cu wody. Na przyk\u0142ad maj\u0105 dost\u0119p do \u015bwie\u017cych owoc\u00f3w morza, \u0142agodniejszej pogody i pi\u0119knych krajobraz\u00f3w. Ludzie nie lubi\u0105 te\u017c mieszka\u0107 w pobli\u017cu g\u0119stego lasu z niezliczon\u0105 ilo\u015bci\u0105 dzikich zwierz\u0105t. Dlatego te\u017c wszystkie g\u0142\u00f3wne ga\u0142\u0119zie przemys\u0142u kraju znajduj\u0105 si\u0119 w pobli\u017cu port\u00f3w.<\/p>\n\n\n\n<h2 class=\"wp-block-heading\">Osiedla<\/h2>\n\n\n\n<p>Rainforests cover most of the land in French Guiana because of its position near the equator and humid climate. The country is also the host to an array of flora and fauna, with over 5000 plant species native to French Guiana. It also boasts hundreds of different species of fish, mammals, birds, and amphibians. Despite the abundance of trees, the soil is poor for growing most crops. Most of the farming is around the Maroni river near the coast. So it\u2019s best for <a href=\"https:\/\/www.sisinternational.com\/pl\/ekspertyza\/branze\/natural-resources-market-research\/\" title=\"Badania rynku zasob\u00f3w naturalnych\"  data-wpil-monitor-id=\"7693\">market entrants to focus their resources<\/a> where it\u2019s best to use them.<\/p>\n\n\n\n<h2 class=\"wp-block-heading\">Trendy<\/h2>\n\n\n\n<p>Podobnie jak wiele kraj\u00f3w Ameryki Po\u0142udniowej, Gujana Francuska ma ludzi o r\u00f3\u017cnym pochodzeniu. Wi\u0119kszo\u015b\u0107 mieszka\u0144c\u00f3w Gujany Francuskiej to tubylcy, a reszta populacji sk\u0142ada si\u0119 z imigrant\u00f3w z pobliskich kraj\u00f3w i Francji kontynentalnej. Ta r\u00f3\u017cnorodno\u015b\u0107 prowadzi do wielu unikalnych element\u00f3w kulturowych w Gujanie Francuskiej.<\/p>\n\n\n\n<p>Na pocz\u0105tek, kultura w Gujanie Francuskiej ma g\u0142\u0119bokie wp\u0142ywy kreolskie i india\u0144skie, a wiele budynk\u00f3w nosi znamiona tej architektury po\u0142\u0105czone z elementami zachodnimi. Innym jednym z g\u0142\u00f3wnych punkt\u00f3w kultury Gujany Francuskiej jest karnawa\u0142. Podobnie jak w przypadku wielu kraj\u00f3w Ameryki Po\u0142udniowej i Karaib\u00f3w, karnawa\u0142 jest wielkim wydarzeniem. Na pokaz wystawiana jest pasja i kunszt ludzi. Efektowne kostiumy s\u0105 punktem kulminacyjnym roku. Podobnie jak intensywne ta\u0144ce i radosna muzyka.<\/p>\n\n\n\n<h2 class=\"wp-block-heading\">Korzy\u015bci i mocne strony na rynku Gujany Francuskiej<\/h2>\n\n\n\n<p>From the 20th century onwards, there has been considerable growth in the economy of French Guiana. They have made strides to open themselves up to foreign businesses. Since most people live near the coast, most companies are there. Thus, a <a href=\"https:\/\/www.sisinternational.com\/pl\/setting-up-a-business-in-turkey\/\" title=\"Zak\u0142adanie firmy w Turcji\"  data-wpil-monitor-id=\"7702\">business looking to set<\/a> up in the area has easy access to the ports. It also has access to the consumers in the area. This location leads to quicker business growth. Why? Because it <a href=\"https:\/\/www.sisinternational.com\/pl\/bycie-ekologicznym-poprawia-wyniki-w-czasie-recesji\/\" title=\"Jak obni\u017cy\u0107 koszty w swojej firmie\"  data-wpil-monitor-id=\"7696\">cuts the cost<\/a> of transport and communication.<\/p>\n\n\n\n<h3 class=\"wp-block-heading\">Baza konsument\u00f3w<\/h3>\n\n\n\n<p>Jak sama nazwa wskazuje, wi\u0119kszo\u015b\u0107 populacji m\u00f3wi po francusku lub kreolsku francuskim. To jest wa\u017cne w ka\u017cdej kampanii marketingowej. Ludzie tam musz\u0105 rozumie\u0107 mark\u0119 i musi ona mie\u0107 na nich wp\u0142yw. Dlatego najlepiej by\u0142oby, gdyby nowa firma za\u0142o\u017cy\u0142a dzia\u0142alno\u015b\u0107 w bardziej zaludnionych i miejskich obszarach.<\/p>\n\n\n\n<h3 class=\"wp-block-heading\">Reasons to Grow Your Business in the French Guianese Market<\/h3>\n\n\n\n<p>For one, there are many young, ambitious people looking for jobs in the region. As a new business in the area, it\u2019s essential to have access to labor. Also, the territory is experiencing steady economic growth. Such growth means that many new industries are popping up. There are different spots in the market to fill. <a href=\"https:\/\/www.sisinternational.com\/pl\/ekspertyza\/cv-z-doswiadczeniem\/cv-z-doswiadczeniem-w-branzy-napojow-typu-fast-food\/\" title=\"Do\u015bwiadczenie w badaniach rynku fast food i napoj\u00f3w\"  data-wpil-monitor-id=\"7700\">Market entrants need to move in fast<\/a> to ensure that their competitors don\u2019t push them out.<\/p>\n\n\n\n<h2 class=\"wp-block-heading\">O badaniach rynku w Gujanie Francuskiej<\/h2>\n\n\n\n<p>Podczas przeprowadzania bada\u0144 rynkowych nowe firmy musz\u0105 by\u0107 dok\u0142adne w swoich badaniach. Konieczne jest r\u00f3wnie\u017c dobre poznanie klient\u00f3w. Pomimo pewnych podobie\u0144stw, spos\u00f3b komunikacji ludzi mo\u017ce by\u0107 zupe\u0142nie inny. Wa\u017cne jest zrozumienie niuans\u00f3w.<\/p>\n\n\n\n<p>French Guiana is under the direct jurisdiction of France, and the influence of that European country is very evident. Market entrants need to have locals that help them bridge the gap. They also need to use many data analysis <a href=\"https:\/\/www.sisinternational.com\/pl\/sampling-techniques-in-qualitative-research-the-complete-guide-to-choosing-the-right-method\/\" title=\"Sampling Techniques in Qualitative Research: The Complete Guide to Choosing the Right Method\"  data-wpil-monitor-id=\"7704\">methods to ensure that they get complete<\/a> data. That means using both Qualitative and Quantitative methods. Those methods will be helpful whenever they do Surveys, Focus Groups, and Interviews.<\/p>\n\n\n\n<p><\/p>","protected":false},"excerpt":{"rendered":"<p>Od XX wieku gospodarka Gujany Francuskiej znacznie si\u0119 rozwin\u0119\u0142a. Podj\u0119to kroki w kierunku otwarcia si\u0119 na zagraniczne przedsi\u0119biorstwa.<\/p>","protected":false},"author":1,"featured_media":66270,"parent":14351,"menu_order":22,"comment_status":"closed","ping_status":"closed","template":"","meta":{"footnotes":""},"class_list":["post-40944","page","type-page","status-publish","has-post-thumbnail"],"_links":{"self":[{"href":"https:\/\/www.sisinternational.com\/pl\/wp-json\/wp\/v2\/pages\/40944","targetHints":{"allow":["GET"]}}],"collection":[{"href":"https:\/\/www.sisinternational.com\/pl\/wp-json\/wp\/v2\/pages"}],"about":[{"href":"https:\/\/www.sisinternational.com\/pl\/wp-json\/wp\/v2\/types\/page"}],"author":[{"embeddable":true,"href":"https:\/\/www.sisinternational.com\/pl\/wp-json\/wp\/v2\/users\/1"}],"replies":[{"embeddable":true,"href":"https:\/\/www.sisinternational.com\/pl\/wp-json\/wp\/v2\/comments?post=40944"}],"version-history":[{"count":4,"href":"https:\/\/www.sisinternational.com\/pl\/wp-json\/wp\/v2\/pages\/40944\/revisions"}],"predecessor-version":[{"id":81299,"href":"https:\/\/www.sisinternational.com\/pl\/wp-json\/wp\/v2\/pages\/40944\/revisions\/81299"}],"up":[{"embeddable":true,"href":"https:\/\/www.sisinternational.com\/pl\/wp-json\/wp\/v2\/pages\/14351"}],"wp:featuredmedia":[{"embeddable":true,"href":"https:\/\/www.sisinternational.com\/pl\/wp-json\/wp\/v2\/media\/66270"}],"wp:attachment":[{"href":"https:\/\/www.sisinternational.com\/pl\/wp-json\/wp\/v2\/media?parent=40944"}],"curies":[{"name":"wp","href":"https:\/\/api.w.org\/{rel}","templated":true}]}}