{"id":40928,"date":"2022-09-20T23:28:33","date_gmt":"2022-09-20T23:28:33","guid":{"rendered":"https:\/\/www.sisinternational.com\/?page_id=40928"},"modified":"2026-01-26T16:57:06","modified_gmt":"2026-01-26T21:57:06","slug":"market-research-for-aging-brands","status":"publish","type":"page","link":"https:\/\/www.sisinternational.com\/pl\/ekspertyza\/market-research-for-aging-brands\/","title":{"rendered":"Badania rynku dla starzej\u0105cych si\u0119 marek"},"content":{"rendered":"<h1 class=\"wp-block-heading\">Badania rynku dla starzej\u0105cych si\u0119 marek<\/h1>\n\n\n\n<figure class=\"gb-block-image gb-block-image-1123b83b\"><img loading=\"lazy\" decoding=\"async\" width=\"1456\" height=\"816\" class=\"gb-image gb-image-1123b83b\" src=\"https:\/\/www.sisinternational.com\/wp-content\/uploads\/2025\/09\/Predictive-analytics-22.jpg\" alt=\"SIS Mi\u0119dzynarodowe badania rynku i strategia\" title=\"Predictive analytics (22)\" srcset=\"https:\/\/www.sisinternational.com\/wp-content\/uploads\/2025\/09\/Predictive-analytics-22.jpg 1456w, https:\/\/www.sisinternational.com\/wp-content\/uploads\/2025\/09\/Predictive-analytics-22-300x168.jpg 300w, https:\/\/www.sisinternational.com\/wp-content\/uploads\/2025\/09\/Predictive-analytics-22-1024x574.jpg 1024w, https:\/\/www.sisinternational.com\/wp-content\/uploads\/2025\/09\/Predictive-analytics-22-768x430.jpg 768w, https:\/\/www.sisinternational.com\/wp-content\/uploads\/2025\/09\/Predictive-analytics-22-18x10.jpg 18w\" sizes=\"auto, (max-width: 1456px) 100vw, 1456px\"><\/figure>\n\n\n\n<hr class=\"wp-block-separator has-alpha-channel-opacity is-style-dots\"\/>\n\n\n\n<p><\/p>\n\n\n\n<p>One can expect car design, computer operating systems, and clothing styles to change. Shouldn&#8217;t it be the same with the look of a brand? When is it time to give a brand an update? The first sign is a subtle change in what a <a href=\"https:\/\/www.sisinternational.com\/pl\/rynek-reklamy-cyfrowej\/\" title=\"Marketing i reklama w erze cyfrowej\"  data-wpil-monitor-id=\"1812\">brand is \u201cabout.\u201d Market<\/a> research is a critical element in expressing the new brand. Well-executed <a href=\"https:\/\/www.sisinternational.com\/pl\/rozwiazania\/rozwiazania-w-zakresie-brandingu-i-badan-klientow\/badania-rynku-roznicowania-marki\/\" title=\"Badania rynku r\u00f3\u017cnicowania marek\"  data-wpil-monitor-id=\"2867\">badania rynku<\/a> enables companies to redesign their brand. The end product should define what they do, who they are, and why people can count on them.<\/p>\n\n\n\n<h2 class=\"wp-block-heading\">Redefiniowanie marek w gospodarce globalnej<\/h2>\n\n\n\n<p>Strong <a href=\"https:\/\/www.sisinternational.com\/pl\/ekspertyza\/branze\/brand-market-research\/\" title=\"Badania rynku marki\"  data-wpil-monitor-id=\"7072\">brands outpace the market<\/a> average. They also outstrip the financial markets index. Many businesses now reserve sizable portions of their marketing budgets for digital media. This digital budget is necessary to remain relevant in the marketplace. It also helps them to forge deeper connections with their customers.<\/p>\n\n\n\n<p>Ponadto ewoluuje nowe pokolenie globalnych marek. Starsze marki powinny zwr\u00f3ci\u0107 uwag\u0119 na strategie, kt\u00f3rych u\u017cywaj\u0105. W ostatnich latach priorytetem sta\u0142o si\u0119 zbudowanie solidnej i niezawodnej kultury marki. Klienci powinni by\u0107 w stanie rozpozna\u0107 kultur\u0119 marki, gdziekolwiek na \u015bwiecie si\u0119 ona znajduje. Rozw\u00f3j kana\u0142\u00f3w cyfrowych przeni\u00f3s\u0142 nacisk marki ze struktury na kultur\u0119.<\/p>\n\n\n\n<p>The upswing of digital has also transformed the way marketers communicate. Marketers now connect with their agency partners and customers using digital technology. The primary <a href=\"https:\/\/www.sisinternational.com\/pl\/rynek-wolnoclowy\/\" title=\"Badania rynku wolnoc\u0142owego\"  data-wpil-monitor-id=\"6282\">duties and the central features of marketing<\/a> stay the same. The functions have had to increase in scope, though. The new tasks are to accommodate the shifting nature of the world in which brands operate.<\/p>\n\n\n\n<p>An excellent example of a brand redefining itself in the global economy is the Wyndham Group. Wyndham is the world\u2019s largest hotel company with more than 7800 properties. The company recently overhauled its 16 brands. It also invested in new technology and modernized its hotel properties. Furthermore, the group announced brand-new partnerships and benefits to serve economy-minded tourists.<\/p>\n\n\n\n<h2 class=\"wp-block-heading\">Starsze marki musz\u0105 nad\u0105\u017ca\u0107 za nowszymi markami<\/h2>\n\n\n\n<p>Niekt\u00f3re firmy sprzedaj\u0105 dzi\u015b te same produkty, co w 1920 roku. Jak to robi\u0105? Ich oferta jest tak samo cenna i szeroko rozpowszechniona, jak sto lat temu. Mimo to firmy te wiedz\u0105, \u017ce ich potrzeby marketingowe odpowiadaj\u0105 ich ci\u0105gle zmieniaj\u0105cej si\u0119 grupie odbiorc\u00f3w. Na przyk\u0142ad LEGO zacz\u0119\u0142o jako ma\u0142a firma w 1939 roku, produkuj\u0105c drewniane zabawki w Danii. Firma LEGO niedawno opracowa\u0142a gr\u0119 wideo na PlayStation, Xbox i Nintendo.<\/p>\n\n\n\n<p>Innym przyk\u0142adem jest Kraft Macaroni &amp; Cheese. Kraft chcia\u0142 wej\u015b\u0107 na rynek entuzjast\u00f3w zdrowej \u017cywno\u015bci, ale nie chcia\u0142 straszy\u0107 klient\u00f3w. Firma wprowadzi\u0142a nowy produkt bez rozg\u0142osu. Nast\u0119pnie kilka miesi\u0119cy p\u00f3\u017aniej przeprowadzi\u0142a kampani\u0119 na Twitterze. Ta taktyka da\u0142a ludziom wystarczaj\u0105co du\u017co czasu, aby doj\u015b\u0107 do wniosku, \u017ce #nie zauwa\u017cyli r\u00f3\u017cnicy.<\/p>\n\n\n\n<p>Marki, kt\u00f3re trzymaj\u0105 si\u0119 starych sposob\u00f3w, strac\u0105 na znaczeniu. Musz\u0105 by\u0107 na bie\u017c\u0105co ze zmieniaj\u0105cymi si\u0119 trendami. Kraft wykorzysta\u0142 rosn\u0105c\u0105 tendencj\u0119 do zdrowszych opcji \u017cywieniowych i czystego stylu \u017cycia. Do\u015bwiadczenia odgrywaj\u0105 r\u00f3wnie\u017c ogromn\u0105 rol\u0119 w nowoczesnym stylu \u017cycia. Do\u015bwiadczone marki zwracaj\u0105 uwag\u0119 na ten nowy rozw\u00f3j. Ta koncepcja stoi za Legolandem LEGO. Firma wprowadzi\u0142a Legoland w 1968 roku i jest on popularny do dzi\u015b.<\/p>\n\n\n\n<h2 class=\"wp-block-heading\">Jak odnowi\u0107 starsze marki<\/h2>\n\n\n\n<p>Marki musz\u0105 odzwierciedla\u0107 istniej\u0105cy rynek, gdy firmy rosn\u0105 i zmieniaj\u0105 si\u0119. Kr\u00f3tko m\u00f3wi\u0105c, konkurencja ulepszy swoj\u0105 mark\u0119. Przyjmie nowsze loga i opracuje nowe sposoby nawi\u0105zywania kontaktu z odbiorcami. Je\u015bli firmy zdecyduj\u0105 si\u0119 pozosta\u0107 takie same, strac\u0105 przewag\u0119 konkurencyjn\u0105. Od\u015bwie\u017cenie marki m\u00f3wi odbiorcom, \u017ce firma jest istotna i nowoczesna. Pokazuje r\u00f3wnie\u017c zwi\u0105zek mi\u0119dzy firm\u0105 a jej bran\u017c\u0105.<\/p>\n\n\n\n<p>Sztuk\u0105 w ponownym wynalezieniu starszych marek jest zachowanie czujnego oka na klienta. Firmy musz\u0105 s\u0142ucha\u0107 pragnie\u0144 i potrzeb klienta. Musz\u0105 wykorzystywa\u0107 te informacje, aby tworzy\u0107 i utrzymywa\u0107 istotno\u015b\u0107 marki we wsp\u00f3\u0142czesnym \u015bwiecie. Musz\u0105 r\u00f3wnie\u017c by\u0107 w stanie opowiedzie\u0107 histori\u0119 marki, aby wzbudzi\u0107 powinowactwo i ch\u0119\u0107 zakupu. Oto sekrety, dzi\u0119ki kt\u00f3rym niekt\u00f3re marki pozostaj\u0105 istotne, a niekt\u00f3re nie. Marketerzy powinni zwr\u00f3ci\u0107 na to uwag\u0119 i zawsze d\u0105\u017cy\u0107 do istotno\u015bci, niezale\u017cnie od rynku.<\/p>\n\n\n\n<p><\/p>","protected":false},"excerpt":{"rendered":"<p>Dobrze przeprowadzone badania rynku pozwalaj\u0105 firmom na przeprojektowanie swojej marki. Produkt ko\u0144cowy powinien definiowa\u0107, co robi\u0105, kim s\u0105 i dlaczego ludzie mog\u0105 na nich liczy\u0107.<\/p>","protected":false},"author":1,"featured_media":70175,"parent":14514,"menu_order":145,"comment_status":"closed","ping_status":"closed","template":"","meta":{"footnotes":""},"class_list":["post-40928","page","type-page","status-publish","has-post-thumbnail"],"_links":{"self":[{"href":"https:\/\/www.sisinternational.com\/pl\/wp-json\/wp\/v2\/pages\/40928","targetHints":{"allow":["GET"]}}],"collection":[{"href":"https:\/\/www.sisinternational.com\/pl\/wp-json\/wp\/v2\/pages"}],"about":[{"href":"https:\/\/www.sisinternational.com\/pl\/wp-json\/wp\/v2\/types\/page"}],"author":[{"embeddable":true,"href":"https:\/\/www.sisinternational.com\/pl\/wp-json\/wp\/v2\/users\/1"}],"replies":[{"embeddable":true,"href":"https:\/\/www.sisinternational.com\/pl\/wp-json\/wp\/v2\/comments?post=40928"}],"version-history":[{"count":7,"href":"https:\/\/www.sisinternational.com\/pl\/wp-json\/wp\/v2\/pages\/40928\/revisions"}],"predecessor-version":[{"id":80636,"href":"https:\/\/www.sisinternational.com\/pl\/wp-json\/wp\/v2\/pages\/40928\/revisions\/80636"}],"up":[{"embeddable":true,"href":"https:\/\/www.sisinternational.com\/pl\/wp-json\/wp\/v2\/pages\/14514"}],"wp:featuredmedia":[{"embeddable":true,"href":"https:\/\/www.sisinternational.com\/pl\/wp-json\/wp\/v2\/media\/70175"}],"wp:attachment":[{"href":"https:\/\/www.sisinternational.com\/pl\/wp-json\/wp\/v2\/media?parent=40928"}],"curies":[{"name":"wp","href":"https:\/\/api.w.org\/{rel}","templated":true}]}}