{"id":40729,"date":"2022-06-27T03:51:19","date_gmt":"2022-06-27T03:51:19","guid":{"rendered":"https:\/\/www.sisinternational.com\/?page_id=40729"},"modified":"2026-03-12T11:37:12","modified_gmt":"2026-03-12T15:37:12","slug":"industrial-focus-groups","status":"publish","type":"page","link":"https:\/\/www.sisinternational.com\/pl\/ekspertyza\/badania-rynku-przemyslowego\/industrial-focus-groups\/","title":{"rendered":"Grupy fokusowe przemys\u0142u"},"content":{"rendered":"<h1 class=\"wp-block-heading\">Grupy fokusowe przemys\u0142u<\/h1>\n\n\n\n<figure class=\"gb-block-image gb-block-image-f1283845\"><img loading=\"lazy\" decoding=\"async\" width=\"1456\" height=\"816\" class=\"gb-image gb-image-f1283845\" src=\"https:\/\/www.sisinternational.com\/wp-content\/uploads\/2025\/08\/Industrial-3.jpg\" alt=\"SIS Mi\u0119dzynarodowe badania rynku i strategia\" title=\"Industrial (3)\" srcset=\"https:\/\/www.sisinternational.com\/wp-content\/uploads\/2025\/08\/Industrial-3.jpg 1456w, https:\/\/www.sisinternational.com\/wp-content\/uploads\/2025\/08\/Industrial-3-300x168.jpg 300w, https:\/\/www.sisinternational.com\/wp-content\/uploads\/2025\/08\/Industrial-3-1024x574.jpg 1024w, https:\/\/www.sisinternational.com\/wp-content\/uploads\/2025\/08\/Industrial-3-768x430.jpg 768w, https:\/\/www.sisinternational.com\/wp-content\/uploads\/2025\/08\/Industrial-3-18x10.jpg 18w\" sizes=\"auto, (max-width: 1456px) 100vw, 1456px\"><\/figure>\n\n\n\n<hr class=\"wp-block-separator has-alpha-channel-opacity is-style-dots\"\/>\n\n\n\n<h2 class=\"wp-block-heading\">What are Industrial Focus Groups?<\/h2>\n\n\n\n<p>An industrial focus group is a marketing research device. It uses a small gathering of people to discuss relevant designated topics in a casual setting. The typical focus group consists of eight to ten individuals. The manufacturers of consumer products are the main users of <a href=\"https:\/\/www.sisinternational.com\/pl\/rozwiazania\/testowanie-smaku\/nowa-grupa-fokusowa-ds-produktow-w-nowym-jorku\/\" title=\"Grupa fokusowa ds. nowych produkt\u00f3w w Nowym Jorku\"  data-wpil-monitor-id=\"8323\">grupy fokusowe<\/a>. They use this method to collect qualitative data from target groups of customers.<\/p>\n\n\n\n<h2 class=\"wp-block-heading\">Why is the Industrial Sector Important?<\/h2>\n\n\n\n<p>\u201cIndustry\u201d refers to the manufacturing of goods. The industrial sector is vital to the economic development of a country. Industrial development plays a crucial part in economic uplift. It decreases dependence on agricultural exports for procuring badly-needed foreign exchange. The industrial sector employs a large portion of the population.<\/p>\n\n\n\n<h2 class=\"wp-block-heading\">Growing Industrial Sectors<\/h2>\n\n\n\n<h3 class=\"wp-block-heading\">The fastest-growing industries are:<\/h3>\n\n\n\n<ul class=\"wp-block-list\">\n<li><strong>Renewable Energy.<\/strong> People are using green <a href=\"https:\/\/www.sisinternational.com\/pl\/gone-with-the-wind-the-financial-crisis-and-wind-energy\/\" title=\"Przemin\u0119\u0142o z wiatrem? Kryzys finansowy i energia wiatrowa\"  data-wpil-monitor-id=\"7499\">energy options such as wind<\/a> and solar power. These have proven to be practical options for many businesses and countries. The price of these <a href=\"https:\/\/www.sisinternational.com\/pl\/ekspertyza\/branze\/renewable-energy-market-research\/\" title=\"Badania rynku energii odnawialnej\"  data-wpil-monitor-id=\"8324\">renewable forms of energy<\/a> has fallen in recent years. Households are taking advantage of their affordability.<\/li>\n\n\n\n<li><strong>Cybersecurity.<\/strong> This industry is more critical than ever before. It protects people\u2019s financial and other data from cyber thieves.<\/li>\n\n\n\n<li><strong>Biotechnology.<\/strong> As the world population continues to increase, biotech is essential. Agricultural technicians can use it to generate higher crop yields. Medical scientists also use biotech to manipulate genes. Biotech can cure disease, which improves the quality of many people\u2019s lives.<\/li>\n<\/ul>\n\n\n\n<h2 class=\"wp-block-heading\">Focus Groups as a Qualitative Research Method<\/h2>\n\n\n\n<p>The main benefit of <a href=\"https:\/\/www.sisinternational.com\/pl\/rozwiazania\/grupy-fokusowe\/focus-group-on-personal-care-products\/\" title=\"Focus Group on Personal Care Products\"  data-wpil-monitor-id=\"8322\">grupy fokusowe<\/a> is the opportunity to witness a lot of interaction and discussion about a company\u2019s product. This interaction takes place in a limited period, and it helps the manufacturer to understand consumers and their needs. <a href=\"https:\/\/www.sisinternational.com\/pl\/rozwiazania\/badania-rynku-w-grupie-fokusowej\/\" title=\"Badania rynku w grupie fokusowej\"  data-wpil-monitor-id=\"8320\">Focus groups rely on the researcher\u2019s<\/a> ability to assemble and direct the sessions. This control is also a drawback. It means that focus groups are in some sense unnatural social settings.<\/p>\n\n\n\n<p>Focus groups are also limited to self-reported data and verbal behavior. <a href=\"https:\/\/www.sisinternational.com\/pl\/ekspertyza\/branze\/badania-rynku-motoryzacyjnego\/static-vs-dynamic-car-clinics\/\" title=\"Market Research Methods for Automotive Research &#8211; Static vs Dynamic Car Clinics\"  data-wpil-monitor-id=\"8325\">Researchers using this method<\/a> need to improve the naturalism of participant observation. Naturalism is especially pertinent if the goal is to gather data on other social actions.<\/p>\n\n\n\n<h2 class=\"wp-block-heading\">Opportunities, Trends, and New Technologies in Industrial Focus Groups<\/h2>\n\n\n\n<p>Industrial focus groups allow companies to conduct market research. This research helps in the creation of a marketing plan. The company can assign an employee to manage and administer the focus group, or it can hire a firm to direct the process. It is suitable for businesses developing new products and services. It enables them to get feedback from potential consumers.<\/p>\n\n\n\n<p><a href=\"https:\/\/www.sisinternational.com\/pl\/focus-group-solutions-the-modern-approach\/\" title=\"Focus Group Solutions: The Modern Approach\"  data-wpil-monitor-id=\"8318\">Modern focus groups<\/a> are trending toward digital. This type of focus group can be asynchronous, meaning members of the group don\u2019t have to participate at the same time. Companies can send questions to each member. The member then records the answers at his or her convenience. Alternatively, companies can arrange a Google Hangout for members. This setting enables them to interact with each other and with the moderator. Companies can also use tools like Survey Monkey. Such devices allow open-ended qualitative data collection and even quantitative questionnaires. Digital focus groups can also be in the forms of online forums and social media groups.<\/p>\n\n\n\n<p>Newer strategies tend to rely on technology. Smartphones can track shoppers as they make their way across a mall or store. This <a href=\"https:\/\/www.sisinternational.com\/pl\/quantitative-market-research-methods-and-techniques\/\" title=\"Quantitative Market Research Methods and Techniques\"  data-wpil-monitor-id=\"8319\">method gives instant feedback to market researchers<\/a>. One of the newest methods is scanning technology. Shoppers carry a scanner with them throughout the store. These scanners collect tremendous amounts of data. It tracks spending levels, consumer behavior, customer loyalty, and other types of reactions.<\/p>\n\n\n\n<h2 class=\"wp-block-heading\">Benefits of Using Focus Groups in Industrial Market Research<\/h2>\n\n\n\n<p><a href=\"https:\/\/www.sisinternational.com\/pl\/zasieg\/europa\/market-research-liverpool-uk\/\" title=\"Badania rynku w Liverpoolu | Grupy fokusowe w Wielkiej Brytanii i zbieranie danych\"  data-wpil-monitor-id=\"8321\">Focus groups can provide rich data<\/a>. They give companies a broader perspective on how people think. They show how they perceive products and brands. It also helps manufacturers understand what people expect and want from a depression. The online format has advantages, such as the ability to draw participants from a nationwide sample. The traditional method counters this by giving participants the ability to brainstorm. Participants can also hold meaningful discussions.<\/p>\n\n\n\n<p><\/p>","protected":false},"excerpt":{"rendered":"<p>Grupa fokusowa przemys\u0142u to narz\u0119dzie bada\u0144 marketingowych. Wykorzystuje niewielkie zgromadzenie ludzi do swobodnej dyskusji na temat istotnych, wyznaczonych temat\u00f3w. <\/p>","protected":false},"author":1,"featured_media":62834,"parent":14181,"menu_order":138,"comment_status":"closed","ping_status":"closed","template":"","meta":{"footnotes":""},"class_list":["post-40729","page","type-page","status-publish","has-post-thumbnail"],"_links":{"self":[{"href":"https:\/\/www.sisinternational.com\/pl\/wp-json\/wp\/v2\/pages\/40729","targetHints":{"allow":["GET"]}}],"collection":[{"href":"https:\/\/www.sisinternational.com\/pl\/wp-json\/wp\/v2\/pages"}],"about":[{"href":"https:\/\/www.sisinternational.com\/pl\/wp-json\/wp\/v2\/types\/page"}],"author":[{"embeddable":true,"href":"https:\/\/www.sisinternational.com\/pl\/wp-json\/wp\/v2\/users\/1"}],"replies":[{"embeddable":true,"href":"https:\/\/www.sisinternational.com\/pl\/wp-json\/wp\/v2\/comments?post=40729"}],"version-history":[{"count":5,"href":"https:\/\/www.sisinternational.com\/pl\/wp-json\/wp\/v2\/pages\/40729\/revisions"}],"predecessor-version":[{"id":81395,"href":"https:\/\/www.sisinternational.com\/pl\/wp-json\/wp\/v2\/pages\/40729\/revisions\/81395"}],"up":[{"embeddable":true,"href":"https:\/\/www.sisinternational.com\/pl\/wp-json\/wp\/v2\/pages\/14181"}],"wp:featuredmedia":[{"embeddable":true,"href":"https:\/\/www.sisinternational.com\/pl\/wp-json\/wp\/v2\/media\/62834"}],"wp:attachment":[{"href":"https:\/\/www.sisinternational.com\/pl\/wp-json\/wp\/v2\/media?parent=40729"}],"curies":[{"name":"wp","href":"https:\/\/api.w.org\/{rel}","templated":true}]}}