{"id":40686,"date":"2022-06-25T00:46:07","date_gmt":"2022-06-25T00:46:07","guid":{"rendered":"https:\/\/www.sisinternational.com\/?page_id=40686"},"modified":"2026-01-25T19:39:04","modified_gmt":"2026-01-26T00:39:04","slug":"doradztwo-w-zakresie-analityki-danych-naukowych","status":"publish","type":"page","link":"https:\/\/www.sisinternational.com\/pl\/ekspertyza\/doradztwo-w-zakresie-analityki-danych-naukowych\/","title":{"rendered":"Konsultacje w zakresie nauki o danych i analityki"},"content":{"rendered":"<h1 class=\"wp-block-heading\">Konsultacje w zakresie nauki o danych i analityki<\/h1>\n\n\n\n<figure class=\"gb-block-image gb-block-image-8b10fe78\"><img loading=\"lazy\" decoding=\"async\" width=\"1456\" height=\"816\" class=\"gb-image gb-image-8b10fe78\" src=\"https:\/\/www.sisinternational.com\/wp-content\/uploads\/2025\/09\/Predictive-analytics-70.jpg\" alt=\"SIS Mi\u0119dzynarodowe badania rynku i strategia\" title=\"Predictive analytics (70)\" srcset=\"https:\/\/www.sisinternational.com\/wp-content\/uploads\/2025\/09\/Predictive-analytics-70.jpg 1456w, https:\/\/www.sisinternational.com\/wp-content\/uploads\/2025\/09\/Predictive-analytics-70-300x168.jpg 300w, https:\/\/www.sisinternational.com\/wp-content\/uploads\/2025\/09\/Predictive-analytics-70-1024x574.jpg 1024w, https:\/\/www.sisinternational.com\/wp-content\/uploads\/2025\/09\/Predictive-analytics-70-768x430.jpg 768w, https:\/\/www.sisinternational.com\/wp-content\/uploads\/2025\/09\/Predictive-analytics-70-18x10.jpg 18w\" sizes=\"auto, (max-width: 1456px) 100vw, 1456px\"><\/figure>\n\n\n\n<hr class=\"wp-block-separator has-alpha-channel-opacity is-style-dots\"\/>\n\n\n\n<p>The digital revolution is becoming more popular in the consulting industry. The result is a lot of opportunities available to enhance the experience of the clients. Despite this, consultants have to gain new knowledge to remain ahead. There has been a global surge in how <a href=\"https:\/\/www.sisinternational.com\/pl\/rozwiazania\/doradztwo-strategiczne\/data-analytics\/\" title=\"Firma zajmuj\u0105ca si\u0119 analiz\u0105 danych\"  data-wpil-monitor-id=\"8288\">companies spend on analytics<\/a> consulting. <a href=\"https:\/\/www.sisinternational.com\/pl\/rozwiazania\/doradztwo-strategiczne-fintech-badania\/investment-banking-automation-ai-consulting\/\" title=\"Doradztwo w zakresie automatyzacji bankowo\u015bci inwestycyjnej i sztucznej inteligencji\"  data-wpil-monitor-id=\"8291\">Investment is between spending on external consultants<\/a> and creating capabilities in-house.<\/p>\n\n\n\n<p>Data analytics is a method of extracting and drawing conclusions from data to make better decisions. This technology is fast-rising. It uses artificial intelligence, statistics, and advanced market knowledge. Users gather this data to figure out essential patterns in large sets of data. Deploying smart analytics provides excellent insights into the performance metrics of a company. It also shows the complicated changes taking place there.<\/p>\n\n\n\n<h2 class=\"wp-block-heading\">Rodzaje analizy danych<\/h2>\n\n\n\n<h3 class=\"wp-block-heading\">Og\u00f3lnie rzecz bior\u0105c, istniej\u0105 cztery rodzaje analityki danych. S\u0105 to:<\/h3>\n\n\n\n<p><span style=\"color: #0b5d95;\"><strong>1. Analityka opisowa<\/strong><\/span><\/p>\n\n\n\n<p>Descriptive analytics provides expository information. It answers the fundamental questions of what, who, where, when, and how many. It is not possible to have dashboards and Business Intelligence tools without it, because it is the backbone of reporting. We can further divide Descriptive Analytics into two groups: canned reports and ad hoc reporting. Canned reports contain information about a particular subject. An example is a monthly report providing information on ad performance. Ad hoc reporting is usually not scheduled. It is essential to get better information about a particular issue. You can do this through social media by viewing the people who have interacted with your page. It also helps you get other demographic data. Ad hoc reporting is hypersensitive, and it provides a bigger picture of your audience.<\/p>\n\n\n\n<p><span style=\"color: #0b5d95;\"><strong>2. Analityka diagnostyczna<\/strong><\/span><\/p>\n\n\n\n<p>Diagnostic analytics answer the question of why something happened. It measures historical data against other kinds of data. A diagnostic analysis makes you drill down. It helps you to locate dependencies and find out patterns. Businesses make use of this analysis to get in-depth knowledge of a specific problem. Organizations need to have detailed data at all times. Otherwise, the <a href=\"https:\/\/www.sisinternational.com\/pl\/zasieg\/europa\/market-research-liverpool-uk\/\" title=\"Badania rynku w Liverpoolu | Grupy fokusowe w Wielkiej Brytanii i zbieranie danych\"  data-wpil-monitor-id=\"8289\">collection of data<\/a> may appear to be single for each challenge and consume more time. Diagnostic analytics gives you alerts before a potential issue arises. For example, it lets you know of employees who put in fewer working hours than they should.<\/p>\n\n\n\n<p><span style=\"color: #0b5d95;\"><strong>3. Analityka predykcyjna<\/strong><\/span><\/p>\n\n\n\n<p>Predictive Analytics gives you information on what is likely to happen in the future. It makes use of the discoveries of both descriptive and diagnostic analytics. It helps you to discover clusters, tendencies, and exceptions. You can then predict <a href=\"https:\/\/www.sisinternational.com\/pl\/future-trends-in-qualitative-market-research\/\" title=\"Future Trends in Qualitative Market Research\"  data-wpil-monitor-id=\"8293\">trends<\/a> likely to take place in the future. Thus, predictive analytics is a crucial forecasting tool. Despite its many advantages, forecasting only provides an estimate. Its accuracy depends on the quality of the data. Thus, it requires regular optimization and careful treatment.<\/p>\n\n\n\n<p><span style=\"color: #0b5d95;\"><strong>4. Analityka preskryptywna<\/strong><\/span><\/p>\n\n\n\n<p><a name=\"_GoBack\"><\/a>This type of analytics prescribes the action to take to prevent any future issues. It also makes use of all promising trends. This type of <a href=\"https:\/\/www.sisinternational.com\/pl\/rozwiazania\/doradztwo-strategiczne-fintech-badania\/bank-data-analytics-market-research\/\" title=\"Badania rynku analityki danych bankowych\"  data-wpil-monitor-id=\"8290\">analytics is where big data<\/a> and artificial intelligence come into play. Statistical modeling deals with assessing situations to prove or disprove a hypothesis. AI deals with predicting potential outcomes based on many variables.<\/p>\n\n\n\n<p><a href=\"https:\/\/www.sisinternational.com\/pl\/ekspertyza\/branze\/data-visualization-consulting\/\" title=\"Doradztwo w zakresie wizualizacji danych\"  data-wpil-monitor-id=\"5825\">Data science and analytics consulting<\/a> are essential to all businesses. It can help them create new products. It also makes them more efficient for better performance and <a href=\"https:\/\/www.sisinternational.com\/pl\/qualitative-research-to-enhance-customer-experience\/\" title=\"Qualitative Research to Enhance Customer Experience\"  data-wpil-monitor-id=\"8287\">enhances the customer experience<\/a>. It provides information for better decision-making and detects <a href=\"https:\/\/www.sisinternational.com\/pl\/the-social-network-treasury-of-data-for-marketing-researchers\/\" title=\"Badania rynku medi\u00f3w spo\u0142eczno\u015bciowych: szanse i wyzwania\"  data-wpil-monitor-id=\"8292\">challenges and opportunities<\/a>. It makes forecasts that can reduce labor and cost, saving time.<\/p>\n\n\n\n<p><\/p>","protected":false},"excerpt":{"rendered":"<p>Doradztwo w zakresie analizy danych zwi\u0119ksza wydajno\u015b\u0107 i u\u0142atwia podejmowanie decyzji poprzez wykrywanie wyzwa\u0144, szans i oszcz\u0119dno\u015bci koszt\u00f3w.<\/p>","protected":false},"author":1,"featured_media":70286,"parent":14514,"menu_order":131,"comment_status":"closed","ping_status":"closed","template":"","meta":{"footnotes":""},"class_list":["post-40686","page","type-page","status-publish","has-post-thumbnail"],"_links":{"self":[{"href":"https:\/\/www.sisinternational.com\/pl\/wp-json\/wp\/v2\/pages\/40686","targetHints":{"allow":["GET"]}}],"collection":[{"href":"https:\/\/www.sisinternational.com\/pl\/wp-json\/wp\/v2\/pages"}],"about":[{"href":"https:\/\/www.sisinternational.com\/pl\/wp-json\/wp\/v2\/types\/page"}],"author":[{"embeddable":true,"href":"https:\/\/www.sisinternational.com\/pl\/wp-json\/wp\/v2\/users\/1"}],"replies":[{"embeddable":true,"href":"https:\/\/www.sisinternational.com\/pl\/wp-json\/wp\/v2\/comments?post=40686"}],"version-history":[{"count":5,"href":"https:\/\/www.sisinternational.com\/pl\/wp-json\/wp\/v2\/pages\/40686\/revisions"}],"predecessor-version":[{"id":81390,"href":"https:\/\/www.sisinternational.com\/pl\/wp-json\/wp\/v2\/pages\/40686\/revisions\/81390"}],"up":[{"embeddable":true,"href":"https:\/\/www.sisinternational.com\/pl\/wp-json\/wp\/v2\/pages\/14514"}],"wp:featuredmedia":[{"embeddable":true,"href":"https:\/\/www.sisinternational.com\/pl\/wp-json\/wp\/v2\/media\/70286"}],"wp:attachment":[{"href":"https:\/\/www.sisinternational.com\/pl\/wp-json\/wp\/v2\/media?parent=40686"}],"curies":[{"name":"wp","href":"https:\/\/api.w.org\/{rel}","templated":true}]}}