{"id":40680,"date":"2022-06-24T23:31:25","date_gmt":"2022-06-24T23:31:25","guid":{"rendered":"https:\/\/www.sisinternational.com\/?page_id=40680"},"modified":"2026-01-25T16:41:17","modified_gmt":"2026-01-25T21:41:17","slug":"outsourcing-analityki-danych","status":"publish","type":"page","link":"https:\/\/www.sisinternational.com\/pl\/ekspertyza\/outsourcing-analityki-danych\/","title":{"rendered":"Outsourcing bada\u0144 rynku danych i analityki"},"content":{"rendered":"<h1 class=\"wp-block-heading\">Outsourcing bada\u0144 rynku danych i analityki<\/h1>\n\n\n\n<figure class=\"gb-block-image gb-block-image-061f912c\"><img loading=\"lazy\" decoding=\"async\" width=\"1456\" height=\"816\" class=\"gb-image gb-image-061f912c\" src=\"https:\/\/www.sisinternational.com\/wp-content\/uploads\/2025\/09\/Predictive-analytics-80.jpg\" alt=\"SIS Mi\u0119dzynarodowe badania rynku i strategia\" title=\"Predictive analytics (80)\" srcset=\"https:\/\/www.sisinternational.com\/wp-content\/uploads\/2025\/09\/Predictive-analytics-80.jpg 1456w, https:\/\/www.sisinternational.com\/wp-content\/uploads\/2025\/09\/Predictive-analytics-80-300x168.jpg 300w, https:\/\/www.sisinternational.com\/wp-content\/uploads\/2025\/09\/Predictive-analytics-80-1024x574.jpg 1024w, https:\/\/www.sisinternational.com\/wp-content\/uploads\/2025\/09\/Predictive-analytics-80-768x430.jpg 768w, https:\/\/www.sisinternational.com\/wp-content\/uploads\/2025\/09\/Predictive-analytics-80-18x10.jpg 18w\" sizes=\"auto, (max-width: 1456px) 100vw, 1456px\"><\/figure>\n\n\n\n<hr class=\"wp-block-separator has-alpha-channel-opacity is-style-dots\"\/>\n\n\n\n<h2 class=\"wp-block-heading\">Czy Twoja firma potrzebuje <span lang=\"en-US\">D<\/span>nie <span lang=\"en-US\">A<\/span>analityka?<\/h2>\n\n\n\n<p>Czy czujesz, \u017ce Twojej firmie brakuje skuteczno\u015bci, ale nie wiesz, gdzie le\u017cy problem? Wsparcie ze strony profesjonalisty <span lang=\"en-US\">D<\/span>ata &amp; <span lang=\"en-US\">A<\/span>zesp\u00f3\u0142 analityki jest najlepszym wyborem. Mo\u017ce poprawi\u0107 efektywno\u015b\u0107 i rentowno\u015b\u0107 Twojej firmy.<\/p>\n\n\n\n<p><span lang=\"en-US\">However, setting up an internal <a href=\"https:\/\/www.sisinternational.com\/pl\/ekspertyza\/branze\/doradztwo-w-zakresie-analityki-danych-naukowych\/\" title=\"Konsultacje w zakresie nauki o danych i analityki\"  data-wpil-monitor-id=\"3687\">Data &amp; Analytics<\/a> team is an expensive and challenging task. Furthermore, it will take time for the new team to become productive. Until then, it will not add value to the organization.<\/p>\n\n\n\n<p><span lang=\"en-US\">Have you considered outsourcing your <a href=\"https:\/\/www.sisinternational.com\/pl\/rozwiazania\/doradztwo-strategiczne\/data-analytics\/\" title=\"Firma zajmuj\u0105ca si\u0119 analiz\u0105 danych\"  data-wpil-monitor-id=\"10051\">Data &amp; Analytics<\/a> department? A professional consultancy office can provide you with the necessary analysis and reports. They can do so in a cost-effective manner. By outsourcing <span lang=\"en-US\">D<\/span>nie <span lang=\"en-US\">A<\/span>Po przeprowadzeniu analizy szybko otrzymasz tak\u017ce niezb\u0119dne raporty.<\/p>\n\n\n\n<p>W SIS Research nasze <span lang=\"en-US\">raporty<\/span> s\u0105 jasne i \u0142atwe do przyswojenia. Mamy do\u015bwiadczonych agent\u00f3w. Potrafi\u0105 zbiera\u0107 i analizowa\u0107 Twoje dane znacznie szybciej ni\u017c wewn\u0119trzny zesp\u00f3\u0142.<\/p>\n\n\n\n<p>Nasz <a href=\"https:\/\/www.sisinternational.com\/pl\/rozwiazania\/doradztwo-strategiczne-fintech-badania\/bank-data-analytics-market-research\/\" title=\"Badania rynku analityki danych bankowych\"  data-wpil-monitor-id=\"10053\">Data &amp; Analytics<\/a> outsourcing teams know many analytical techniques. We can create insight into all your business processes. With more awareness, decision-making becomes more natural and more effective. You will lead your department or company in the right direction.<\/p>\n\n\n\n<h2 class=\"wp-block-heading\"><span lang=\"en-US\">W SIS Research oferujemy<\/span>on pod\u0105\u017ca <span lang=\"en-US\">Us\u0142ugi:<\/span><\/h2>\n\n\n\n<ul class=\"wp-block-list\">\n<li>Tworzenie <span lang=\"en-US\">D<\/span>nie <span lang=\"en-US\">V<\/span>wizualizacja i <span lang=\"en-US\">T<\/span>ableau. To narz\u0119dzie pokazuje wyniki w spos\u00f3b graficzny, kt\u00f3ry jest \u0142atwy do przyswojenia i zrozumienia. Mo\u017cemy to zrobi\u0107 zgodnie z Twoimi wymaganiami i \u017cyczeniami.<\/li>\n\n\n\n<li>Regresja <span lang=\"en-US\">A<\/span>analiza pokazuje zwi\u0105zek mi\u0119dzy dwiema lub wi\u0119cej zmiennymi. To narz\u0119dzie pomaga zrozumie\u0107, jak komponenty w systemie s\u0105 ze sob\u0105 powi\u0105zane. Pokazuje elementy, kt\u00f3re nale\u017cy ulepszy\u0107, aby wywrze\u0107 pozytywny wp\u0142yw na organizacj\u0119.<\/li>\n\n\n\n<li>With the Conjoint Analysis, you check how your <a href=\"https:\/\/www.sisinternational.com\/pl\/rozwiazania\/testowanie-smaku\/uslugi-testowania-produktow-w-nowym-jorku\/\" title=\"Us\u0142ugi testowania produkt\u00f3w w Nowym Jorku\"  data-wpil-monitor-id=\"10062\">products and services<\/a> perform. You also see how your customers perceive them. It breaks down the different components and features of your products and services. Customers can thus rate separate parts. This rating will provide valuable <a href=\"https:\/\/www.sisinternational.com\/pl\/ekspertyza\/branze\/dyrektor-ds-informatyki-cio-badania-rynku\/\" title=\"Dyrektor ds. informatyki (CIO) Badania rynku\"  data-wpil-monitor-id=\"10061\">information to marketing<\/a> teams.<\/li>\n\n\n\n<li>Predictive Analytics predict <a href=\"https:\/\/www.sisinternational.com\/pl\/future-trends-in-qualitative-market-research\/\" title=\"Future Trends in Qualitative Market Research\"  data-wpil-monitor-id=\"10055\">future patterns and trends<\/a>. By analyzing historical data, we can predict future outcomes.<\/li>\n\n\n\n<li>Analiza wariancji (ANOVA) por\u00f3wnuje r\u00f3\u017cnic\u0119 mi\u0119dzy wi\u0119cej ni\u017c dwiema zmiennymi. M\u00f3wi\u0105c dok\u0142adniej, bada ona zmienno\u015b\u0107 w obr\u0119bie grup. Analizuje r\u00f3wnie\u017c zmiany mi\u0119dzy grupami. ANOVA jest pomocnym narz\u0119dziem do zrozumienia bardziej skomplikowanych zestaw\u00f3w danych.<\/li>\n\n\n\n<li>Montecarlo <a href=\"https:\/\/www.sisinternational.com\/pl\/rozwiazania\/badania-rynku-i-doradztwo-strategiczne-w-zakresie-sztucznej-inteligencji\/ai-sentiment-market-research-analysis\/\" title=\"Analiza bada\u0144 rynku nastroj\u00f3w AI\"  data-wpil-monitor-id=\"10050\">Analysis allows researchers<\/a> to run several trials. Thus, we can define all possible outcomes of an event or investment.<\/li>\n\n\n\n<li>Dane <span lang=\"en-US\">M<\/span>odeling analizuje koncepcje, dla kt\u00f3rych chcesz \u015bledzi\u0107 dane, i staj\u0105 si\u0119 one tabelami w bazie danych.<\/li>\n\n\n\n<li>SQL &amp; Python to kolejne narz\u0119dzie do analizy, kt\u00f3re daje naukowcom zajmuj\u0105cym si\u0119 danymi wiele opcji. To narz\u0119dzie u\u0142atwia przetwarzanie, wyszukiwanie i wykorzystywanie zebranych danych.<\/li>\n\n\n\n<li>Oferujemy analiz\u0119 ROA i ROE. ROA <span lang=\"en-US\">oznacza<\/span> Zwrot z aktyw\u00f3w, a ROE oznacza zwrot z kapita\u0142u w\u0142asnego.<\/li>\n\n\n\n<li>A <span lang=\"en-US\">D<\/span>sezonowy <span lang=\"en-US\">R<\/span>eport to narz\u0119dzie, w kt\u00f3rym usuwamy z danych wzorce sezonowe.<\/li>\n<\/ul>\n\n\n\n<h3 class=\"wp-block-heading\">Oferujemy r\u00f3wnie\u017c <span lang=\"en-US\">C<\/span>kompleksowy <span lang=\"en-US\">A<\/span>analiza <span lang=\"en-US\">P<\/span>Pakiet. Obejmuje on nast\u0119puj\u0105ce elementy:<\/h3>\n\n\n\n<ul class=\"wp-block-list\">\n<li><span style=\"color: #0b5d95;\">Analiza pude\u0142kowa<\/span><\/li>\n\n\n\n<li><span style=\"color: #0b5d95;\">Przedzia\u0142y ufno\u015bci<\/span><\/li>\n\n\n\n<li><span style=\"color: #0b5d95;\">Analiza warto\u015bci odstaj\u0105cych<\/span><\/li>\n\n\n\n<li><span style=\"color: #0b5d95;\">Dystrybucja, sko\u015bno\u015b\u0107 i kurtoza <span lang=\"en-US\">A<\/span>analiza<\/span><\/li>\n\n\n\n<li><span style=\"color: #0b5d95;\">Alfa, statystyka F, warto\u015b\u0107 p itp.<\/span><\/li>\n<\/ul>\n\n\n\n<p><a name=\"_GoBack\"><\/a>Firma zajmuj\u0105ca si\u0119 badaniami rynku mo\u017ce zapewni\u0107 Twojej firmie powy\u017csze rodzaje analiz, kt\u00f3re pozwol\u0105 na g\u0142\u0119bsze zrozumienie Twojej firmy, produkt\u00f3w i us\u0142ug. Mo\u017ce r\u00f3wnie\u017c pom\u00f3c w kwestiach finansowych, wydajno\u015bci i nie tylko. Dane i <span lang=\"en-US\">A<\/span>nalytics outsourcing is low-cost, efficient, and reliable, and it&#8217;s the way to a better understanding of your operation. Of course, these <a href=\"https:\/\/www.sisinternational.com\/pl\/sampling-techniques-in-qualitative-research-the-complete-guide-to-choosing-the-right-method\/\" title=\"Sampling Techniques in Qualitative Research: The Complete Guide to Choosing the Right Method\"  data-wpil-monitor-id=\"10059\">techniques are only a small sample<\/a>. You can expect much more from a professional <a href=\"https:\/\/www.sisinternational.com\/pl\/ekspertyza\/cv-z-doswiadczeniem\/cv-z-doswiadczeniem-w-branzy-motoryzacyjnej\/\" title=\"Firma badawcza rynku bran\u017cy motoryzacyjnej\"  data-wpil-monitor-id=\"10048\">market research company<\/a>.<\/p>\n\n\n\n<p>A <a href=\"https:\/\/www.sisinternational.com\/pl\/rozwiazania\/store-check-market-research\/\" title=\"Store Check Market Research\"  data-wpil-monitor-id=\"2157\">market research company will check<\/a> the efficiency of your business processes. It will also look at the products\/services you offer. It examine<span lang=\"en-US\">S<\/span> relacje r\u00f3\u017cnych komponent\u00f3w w ramach przedsi\u0119biorstwa, u\u0142atwiaj\u0105 proces podejmowania decyzji i czyni\u0105 go bardziej efektywnym. Wysokiej jako\u015bci analizy i raporty b\u0119d\u0105 kierowa\u0107 Twoimi decyzjami.<\/p>\n\n\n\n<p><\/p>","protected":false},"excerpt":{"rendered":"<p>Outsourcing bada\u0144 rynku danych i analiz zapewnia narz\u0119dzia, strategie i raporty u\u0142atwiaj\u0105ce podejmowanie decyzji.<\/p>","protected":false},"author":1,"featured_media":70296,"parent":14514,"menu_order":130,"comment_status":"closed","ping_status":"closed","template":"","meta":{"footnotes":""},"class_list":["post-40680","page","type-page","status-publish","has-post-thumbnail"],"_links":{"self":[{"href":"https:\/\/www.sisinternational.com\/pl\/wp-json\/wp\/v2\/pages\/40680","targetHints":{"allow":["GET"]}}],"collection":[{"href":"https:\/\/www.sisinternational.com\/pl\/wp-json\/wp\/v2\/pages"}],"about":[{"href":"https:\/\/www.sisinternational.com\/pl\/wp-json\/wp\/v2\/types\/page"}],"author":[{"embeddable":true,"href":"https:\/\/www.sisinternational.com\/pl\/wp-json\/wp\/v2\/users\/1"}],"replies":[{"embeddable":true,"href":"https:\/\/www.sisinternational.com\/pl\/wp-json\/wp\/v2\/comments?post=40680"}],"version-history":[{"count":6,"href":"https:\/\/www.sisinternational.com\/pl\/wp-json\/wp\/v2\/pages\/40680\/revisions"}],"predecessor-version":[{"id":81663,"href":"https:\/\/www.sisinternational.com\/pl\/wp-json\/wp\/v2\/pages\/40680\/revisions\/81663"}],"up":[{"embeddable":true,"href":"https:\/\/www.sisinternational.com\/pl\/wp-json\/wp\/v2\/pages\/14514"}],"wp:featuredmedia":[{"embeddable":true,"href":"https:\/\/www.sisinternational.com\/pl\/wp-json\/wp\/v2\/media\/70296"}],"wp:attachment":[{"href":"https:\/\/www.sisinternational.com\/pl\/wp-json\/wp\/v2\/media?parent=40680"}],"curies":[{"name":"wp","href":"https:\/\/api.w.org\/{rel}","templated":true}]}}