{"id":40678,"date":"2022-06-24T23:25:04","date_gmt":"2022-06-24T23:25:04","guid":{"rendered":"https:\/\/www.sisinternational.com\/?page_id=40678"},"modified":"2026-03-13T01:00:09","modified_gmt":"2026-03-13T05:00:09","slug":"consumer-psychology-covid-19","status":"publish","type":"page","link":"https:\/\/www.sisinternational.com\/pl\/consumer-market-research-page\/consumer-psychology-covid-19\/","title":{"rendered":"Psychologia konsumenta i COVID-19"},"content":{"rendered":"<h1 class=\"wp-block-heading\"><span lang=\"en-US\">Psychologia konsumenta i COVID-19<\/span><\/h1>\n\n\n\n<figure class=\"gb-block-image gb-block-image-29eebeeb\"><img loading=\"lazy\" decoding=\"async\" width=\"1456\" height=\"816\" class=\"gb-image gb-image-29eebeeb\" src=\"https:\/\/www.sisinternational.com\/wp-content\/uploads\/2025\/08\/Consumer-electronics-1.jpg\" alt=\"SIS Mi\u0119dzynarodowe badania rynku i strategia\" title=\"Consumer electronics (1)\" srcset=\"https:\/\/www.sisinternational.com\/wp-content\/uploads\/2025\/08\/Consumer-electronics-1.jpg 1456w, https:\/\/www.sisinternational.com\/wp-content\/uploads\/2025\/08\/Consumer-electronics-1-300x168.jpg 300w, https:\/\/www.sisinternational.com\/wp-content\/uploads\/2025\/08\/Consumer-electronics-1-1024x574.jpg 1024w, https:\/\/www.sisinternational.com\/wp-content\/uploads\/2025\/08\/Consumer-electronics-1-768x430.jpg 768w, https:\/\/www.sisinternational.com\/wp-content\/uploads\/2025\/08\/Consumer-electronics-1-18x10.jpg 18w\" sizes=\"auto, (max-width: 1456px) 100vw, 1456px\"><\/figure>\n\n\n\n<p><\/p>\n\n\n\n<hr class=\"wp-block-separator has-alpha-channel-opacity is-style-dots\"\/>\n\n\n\n<p><span lang=\"en-US\">We educate, socialize, and exercise in new and different ways, thanks to COVID-19. The novel coronavirus seems to have altered every aspect of our lives. One of the most common disruptions has been the impact on our shopping and buying habits. Social distancing, shortages, and ever-changing demands have changed the way we shop. We\u2019re buying everyday products, food, and everything else in new and different ways.<\/span><\/p>\n\n\n\n<h2 class=\"wp-block-heading\"><span lang=\"en-US\">Psychological Factors<\/span><\/h2>\n\n\n\n<p><span lang=\"en-US\">Many psychological factors affect our buying decisions during the pandemic. The lockdown has forced more family interaction, but there is not much social cohesion. Communities are experiencing social disruption as cultural norms change. Loneliness may affect the decisions of those who live outside of a family unit. Some families are going through periods of bereavement as they bury members stricken by the disease. The environment is another <a href=\"https:\/\/www.sisinternational.com\/pl\/rozwiazania\/rozwiazania-w-zakresie-badan-jakosciowych-i-ilosciowych\/human-factors-market-research\/\" title=\"Badania rynku czynnik\u00f3w ludzkich\"  data-wpil-monitor-id=\"10025\">factor that marketers<\/a> need to take into consideration. So are social status and social integration.<\/span><\/p>\n\n\n\n<h2 class=\"wp-block-heading\"><span lang=\"en-US\">Coronavirus Psychological Behaviors<\/span><\/h2>\n\n\n\n<h3 class=\"wp-block-heading\"><span lang=\"en-US\" style=\"color: #0b5d95;\">Hoarding<\/span><\/h3>\n\n\n\n<p><span lang=\"en-US\">People assign value to less available items, like toilet paper. Soon after the announcement of the pandemic, we saw Scarcity vs. Abundance. People engaged in overbuying behaviors. Hoarding is a natural adaptive behavior. It kicks in any time there is an irregular supply of resources. It is in our brains\u2019 programming to stock up when the news induces a panic that stores are running out of food.<\/span><\/p>\n\n\n\n<h3 class=\"wp-block-heading\"><span lang=\"en-US\" style=\"color: #0b5d95;\">Stockouts<\/span><\/h3>\n\n\n\n<p><span lang=\"en-US\">In major cities, COVID-19 is limiting pastimes. City officials are discouraging the use of buses and subways. So, hundreds of thousands of Americans are now buying bicycles. In the early days of the pandemic, it was also hard to find rice, pasta, wipes, canned tuna, and hand sanitizer. Some stores placed limitations on how many items consumers could buy.<\/span><\/p>\n\n\n\n<h3 class=\"wp-block-heading\"><span lang=\"en-US\" style=\"color: #0b5d95;\">Trauma<\/span><\/h3>\n\n\n\n<p><span lang=\"en-US\">COVID-19 was a sudden, unexpected, overwhelming, intense emotional blow. It resulted in welfare lines off 5thAvenue, and social, economic, and health trauma. Many people have reported feelings of betrayal, powerlessness, and stigmatization. It has activated the fight or flight response in people. They feel it as the TV networks announce each new threat. The pandemic has shown that we must create safe environments. These environments help counteract the long-term effects of chronic stress.<\/span><\/p>\n\n\n\n<h3 class=\"wp-block-heading\"><span lang=\"en-US\" style=\"color: #0b5d95;\">Physiological Stress<\/span><\/h3>\n\n\n\n<p><span lang=\"en-US\">COVID-19 is also manifesting itself in anxiety and panic disorders. It is increasing people\u2019s cortisol and causing sleep deprivation. Lack of exercise is causing endorphin levels to plummet. Thus, people have no protection from stress. They are consuming more canned goods and fewer fresh vegetables. Therefore, declining nutrition and critical vitamins may affect their mood. You can take back control by taking care of your emotional health. Make time to unwind and connect with others.<\/span><\/p>\n\n\n\n<h3 class=\"wp-block-heading\"><span lang=\"en-US\" style=\"color: #0b5d95;\">Theory of Learned Helplessness<\/span><\/h3>\n\n\n\n<p><span lang=\"en-US\">When none of your actions work, no matter what you do, you may decide to do nothing. Learned helplessness is a theory for depression. It states that when nothing works, a person stops trying. That\u2019s why we see the desperation in hotspots like Florida and California. Some people may choose not to leave infected environments. So, they stay, even though it makes rational sense to go. How can one fix learned helplessness? Only by regaining mastery and empowering oneself.<\/span><\/p>\n\n\n\n<h3 class=\"wp-block-heading\"><span lang=\"en-US\" style=\"color: #0b5d95;\">Abnormal Psychology<\/span><\/h3>\n\n\n\n<p><span lang=\"en-US\">Many people feel safe at home during the pandemic. Yet, they are reporting loneliness, high levels of fear, anger, and boredom. The lack of authority is causing hopelessness in many. People are displaying antisocial behavior, and gang activity is rising in New York. Despite these worrying developments, it\u2019s essential to stay in perspective. We need to be compassionate to ourselves when things don\u2019t go as planned.<\/span><\/p>\n\n\n\n<h2 class=\"wp-block-heading\"><span lang=\"en-US\">No More Conspicuous Consumption<\/span><\/h2>\n\n\n\n<p><span lang=\"en-US\">Luxury goods were the first <a href=\"https:\/\/www.sisinternational.com\/pl\/ekspertyza\/branze\/digital-customer-experience-cx-market-research\/\" title=\"Badania rynku cyfrowego do\u015bwiadczenia klienta (CX)\"  data-wpil-monitor-id=\"10028\">customer segment to experience<\/a> cutbacks due to the pandemic. It might be the last to recover since this segment is the most discretionary of all consumer purchases. The shutdown in the lifestyles of affluent consumers has given them downtime. They can now reassess their priorities. It\u2019s because the <a href=\"https:\/\/www.sisinternational.com\/pl\/ekspertyza\/branze\/badania-rynku-hoteli-luksusowych\/\" title=\"Badania rynku hoteli luksusowych\"  data-wpil-monitor-id=\"10032\">market for luxury<\/a> items thrives on the psychology of wealthy buyers. If they feel good about themselves, they splurge. If they don\u2019t, they won\u2019t.<\/span><\/p>\n\n\n\n<p><span lang=\"en-US\">COVID-19 has breached the consumer\u2019s mind and psychology, which may upset his or her ways of buying. Brands have to use new ways of communicating. It\u2019s the best way to reduce the psychological impact on <a href=\"https:\/\/www.sisinternational.com\/pl\/customer-satisfaction-analysis\/\" title=\"8 sposob\u00f3w na zwi\u0119kszenie satysfakcji klienta w handlu detalicznym\"  data-wpil-monitor-id=\"10019\">consumers<\/a>. Meanwhile, technology companies are coming up with new offerings. It may open new avenues to brands, enabling them to influence consumer behavior.<\/span><\/p>\n\n\n\n<p><span lang=\"en-US\">Retailers need to understand the psychology of shoppers. They can then use those insights to influence their buying behavior. But evaluating the long-term potential of consumers\u2019 behavior is difficult. Still, retailers have the power to help shape their consumers&#8217; buying decisions. They can also use the opportunity to provide a meaningful online presence. They can be there for customers who cannot enter their stores.<\/span><\/p>\n\n\n<h2>Lokalizacja naszego obiektu w Nowym Jorku<\/h2>\n<p><!-- \/wp:post-content --> <!-- wp:html --> <iframe loading=\"lazy\" src=\"https:\/\/www.google.com\/maps\/embed?pb=!1m18!1m12!1m3!1d3022.976188376966!2d-73.99130312499956!3d40.740549471389315!2m3!1f0!2f0!3f0!3m2!1i1024!2i768!4f13.1!3m3!1m2!1s0x89c259a15798c731%3A0xd695d09bdd495f25!2s11%20E%2022nd%20St%20FL%202%2C%20New%20York%2C%20NY%2010010%2C%20USA!5e0!3m2!1sen!2spe!4v1726171763526!5m2!1sen!2spe\" width=\"600\" height=\"450\" allowfullscreen=\"allowfullscreen\" data-mce-fragment=\"1\"><\/iframe> <!-- \/wp:html --> <!-- wp:paragraph --><\/p>\n<h3 class=\"wp-block-heading\">11 E 22nd Street, pi\u0119tro 2, Nowy Jork, NY 10010 T: +1(212) 505-6805<\/h3>\n<hr \/>\n<h2><span style=\"font-weight: 400;\">O firmie SIS International<\/span><\/h2>\n<p><a href=\"https:\/\/www.sisinternational.com\/pl\/\"><span style=\"font-weight: 400;\">SIS Mi\u0119dzynarodowy<\/span><\/a><span style=\"font-weight: 400;\"> offers Quantitative, Qualitative, and Strategy Research. We provide data, tools, strategies, reports, and insights for decision-making. We also conduct interviews, surveys, focus groups, and other <a href=\"https:\/\/www.sisinternational.com\/pl\/quantitative-market-research-methods-and-techniques\/\" title=\"Quantitative Market Research Methods and Techniques\"  data-wpil-monitor-id=\"10022\">Market Research methods<\/a> and approaches.<\/span><a href=\"https:\/\/www.sisinternational.com\/pl\/o-moich-miedzynarodowych-badaniach\/contact-sis-international-market-research\/\"><span style=\"font-weight: 400;\"> Skontaktuj si\u0119 z nami<\/span><\/a><span style=\"font-weight: 400;\"> dla Twojego kolejnego projektu badania rynku.<\/span><\/p>\n<p><!-- wp:heading --><\/p>\n<h2 id=\"about-sis-international\" class=\"wp-block-heading\">\u00a0<\/h2>\n<p><!-- \/wp:heading --><\/p>","protected":false},"excerpt":{"rendered":"<p>COVID-19 zmieni\u0142 ka\u017cdy aspekt naszego \u017cycia. Zmieni\u0142 spos\u00f3b, w jaki si\u0119 edukujemy, socjalizujemy, \u0107wiczymy i robimy zakupy.<\/p>","protected":false},"author":1,"featured_media":64245,"parent":84529,"menu_order":12,"comment_status":"closed","ping_status":"closed","template":"","meta":{"footnotes":""},"class_list":["post-40678","page","type-page","status-publish","has-post-thumbnail"],"_links":{"self":[{"href":"https:\/\/www.sisinternational.com\/pl\/wp-json\/wp\/v2\/pages\/40678","targetHints":{"allow":["GET"]}}],"collection":[{"href":"https:\/\/www.sisinternational.com\/pl\/wp-json\/wp\/v2\/pages"}],"about":[{"href":"https:\/\/www.sisinternational.com\/pl\/wp-json\/wp\/v2\/types\/page"}],"author":[{"embeddable":true,"href":"https:\/\/www.sisinternational.com\/pl\/wp-json\/wp\/v2\/users\/1"}],"replies":[{"embeddable":true,"href":"https:\/\/www.sisinternational.com\/pl\/wp-json\/wp\/v2\/comments?post=40678"}],"version-history":[{"count":6,"href":"https:\/\/www.sisinternational.com\/pl\/wp-json\/wp\/v2\/pages\/40678\/revisions"}],"predecessor-version":[{"id":81658,"href":"https:\/\/www.sisinternational.com\/pl\/wp-json\/wp\/v2\/pages\/40678\/revisions\/81658"}],"up":[{"embeddable":true,"href":"https:\/\/www.sisinternational.com\/pl\/wp-json\/wp\/v2\/pages\/84529"}],"wp:featuredmedia":[{"embeddable":true,"href":"https:\/\/www.sisinternational.com\/pl\/wp-json\/wp\/v2\/media\/64245"}],"wp:attachment":[{"href":"https:\/\/www.sisinternational.com\/pl\/wp-json\/wp\/v2\/media?parent=40678"}],"curies":[{"name":"wp","href":"https:\/\/api.w.org\/{rel}","templated":true}]}}