{"id":40657,"date":"2022-06-24T20:55:03","date_gmt":"2022-06-24T20:55:03","guid":{"rendered":"https:\/\/www.sisinternational.com\/?page_id=40657"},"modified":"2026-01-26T14:24:02","modified_gmt":"2026-01-26T19:24:02","slug":"cloud-computing-market-research","status":"publish","type":"page","link":"https:\/\/www.sisinternational.com\/pl\/ekspertyza\/cloud-computing-market-research\/","title":{"rendered":"Badania rynku chmury obliczeniowej"},"content":{"rendered":"<h1 class=\"wp-block-heading\">Badania rynku chmury obliczeniowej<\/h1>\n\n\n\n<figure class=\"gb-block-image gb-block-image-4b310d80\"><img loading=\"lazy\" decoding=\"async\" width=\"1456\" height=\"816\" class=\"gb-image gb-image-4b310d80\" src=\"https:\/\/www.sisinternational.com\/wp-content\/uploads\/2025\/08\/Cloud-5-3.jpg\" alt=\"SIS Mi\u0119dzynarodowe badania rynku i strategia\" title=\"Cloud 5 (3)\" srcset=\"https:\/\/www.sisinternational.com\/wp-content\/uploads\/2025\/08\/Cloud-5-3.jpg 1456w, https:\/\/www.sisinternational.com\/wp-content\/uploads\/2025\/08\/Cloud-5-3-300x168.jpg 300w, https:\/\/www.sisinternational.com\/wp-content\/uploads\/2025\/08\/Cloud-5-3-1024x574.jpg 1024w, https:\/\/www.sisinternational.com\/wp-content\/uploads\/2025\/08\/Cloud-5-3-768x430.jpg 768w, https:\/\/www.sisinternational.com\/wp-content\/uploads\/2025\/08\/Cloud-5-3-18x10.jpg 18w\" sizes=\"auto, (max-width: 1456px) 100vw, 1456px\"><\/figure>\n\n\n\n<hr class=\"wp-block-separator has-alpha-channel-opacity is-style-dots\"\/>\n\n\n\n<h2 class=\"wp-block-heading\">What is cloud computing?<\/h2>\n\n\n\n<p>In simple words, cloud computing refers to on-demand services that provide software and storage, as well as servers. As a matter of fact, the \u201ccloud\u201d gives faster, more flexible, and state-of-the-art resources through the internet and offers economies of scale. Another feature is that companies only pay for the cloud services that they use. This structure further allows them to lower their business costs. They can also <a href=\"https:\/\/www.sisinternational.com\/pl\/rozwiazania\/innowacja\/how-to-scale-a-business\/\" title=\"Jak skalowa\u0107 biznes | Osi\u0105ganie wzrostu wyk\u0142adniczego\"  data-wpil-monitor-id=\"10083\">scale when their business<\/a> needs to.<\/p>\n\n\n\n<p>What\u2019s another great thing about Cloud Computing? It allows efficient use of hardware. For example, companies no longer have to own a computing setup or even data centers. Instead, they rent access to a cloud. Furthermore, the cloud storage providers offer many options, from storage to applications.<\/p>\n\n\n\n<h2 class=\"wp-block-heading\">Why is Cloud Computing Important?<\/h2>\n\n\n\n<p>Cloud Computing is advanced tech when compared to the usual <a href=\"https:\/\/www.sisinternational.com\/pl\/publikacje\/scalable-business-market-research-7-ways-to-build-a-scalable-business\/\" title=\"Skalowalne badania rynku biznesowego: 7 sposob\u00f3w na zbudowanie skalowalnego biznesu\"  data-wpil-monitor-id=\"10086\">way of doing business<\/a>. It is important in this era, first because of costs. Firms no longer have to bear the cost of owning hardware and software. Nor do they have to pay for setting up and running on-demand data centers.<\/p>\n\n\n\n<h3 class=\"wp-block-heading\">Pr\u0119dko\u015b\u0107<\/h3>\n\n\n\n<p>Providers offer several cloud computing services on demand. They also provide self-service. Thus, companies have access to loads of computing data within a short time \u2013 often with only a few mouse clicks.\u00a0It also opens them to a global stage, because Cloud computing has the potential for elastic scaling.<\/p>\n\n\n\n<p>Cloud computing removes the need for on-site data centers. Another key point is that the IT team can spend most of their time achieving the business goals.<\/p>\n\n\n\n<p>The Cloud makes data backup, recovery, and business continuity cheaper. Moreover, it can replicate its data at various sites.<\/p>\n\n\n\n<h3 class=\"wp-block-heading\">Bezpiecze\u0144stwo<\/h3>\n\n\n\n<p>Most cloud service providers offer a complete set of tech and policies. In addition, they offer controls that boost your security. Hence, they protect your infrastructure, apps, and data against potential threats.<\/p>\n\n\n\n<h2 class=\"wp-block-heading\">Kluczowe stanowiska<\/h2>\n\n\n\n<h3 class=\"wp-block-heading\">Some job titles related to cloud computing include:<\/h3>\n\n\n\n<ul class=\"wp-block-list\">\n<li><a href=\"https:\/\/www.sisinternational.com\/pl\/ekspertyza\/branze\/dyrektor-ds-informatyki-cio-badania-rynku\/\" title=\"Dyrektor ds. informatyki (CIO) Badania rynku\"  data-wpil-monitor-id=\"10087\">Chief cloud officer<\/a><\/li>\n\n\n\n<li>Digital skills officer<\/li>\n\n\n\n<li>Cloud security professional<\/li>\n\n\n\n<li>Cloud architect<\/li>\n\n\n\n<li>Cloud engineer<\/li>\n\n\n\n<li>Cloud developer<\/li>\n\n\n\n<li>Cloud administrator<\/li>\n<\/ul>\n\n\n\n<h2 class=\"wp-block-heading\">Why do businesses need cloud computing?<\/h2>\n\n\n\n<h3 class=\"wp-block-heading\">Business needs to embrace the cloud because of these key reasons:<\/h3>\n\n\n\n<p><strong>It lowers cost<\/strong><\/p>\n\n\n\n<p>Cloud Computing is not like setting up and running a data center. Instead, companies only need to pay for the services that they use. Thus, cloud computing is cheap.<\/p>\n\n\n\n<p>The cloud is also flexible, which is another reason for businesses to embrace cloud computing. And, at least your employees can work together, even when they\u2019re in different locations.<\/p>\n\n\n\n<p><strong>A wide range of options<\/strong><\/p>\n\n\n\n<p>It\u2019s <span lang=\"en-US\">up <\/span>to you to choose the best cloud services. But, it offers users a wide range of options.&nbsp;The use of cloud computing also brings teamwork to life. Staff members can share data with ease, so it\u2019s not difficult to work together.<\/p>\n\n\n\n<h2 class=\"wp-block-heading\">Critical success factors of cloud computing<\/h2>\n\n\n\n<h3 class=\"wp-block-heading\">With the cloud, you can expect:<\/h3>\n\n\n\n<ul class=\"wp-block-list\">\n<li>Reduced costs<\/li>\n\n\n\n<li>Niezawodno\u015b\u0107<\/li>\n\n\n\n<li>Scalability<\/li>\n\n\n\n<li>Efficiency<\/li>\n<\/ul>\n\n\n\n<h2 class=\"wp-block-heading\">About cloud computing<\/h2>\n\n\n\n<p>Ilo\u015bciowy <a href=\"https:\/\/www.sisinternational.com\/pl\/rozwiazania\/badania-rynku-i-doradztwo-strategiczne-w-zakresie-sztucznej-inteligencji\/computer-vision-ai-market-research\/\" title=\"Computer Vision AI Market Research\"  data-wpil-monitor-id=\"2764\">research has revealed interesting data on cloud<\/a> computing services. Focus groups, coupled with interviews, surveys, and strategy <a href=\"https:\/\/www.sisinternational.com\/pl\/rozwiazania\/rozwiazania-w-zakresie-brandingu-i-badan-klientow\/badania-rynku-opowiadania-historii\/\" title=\"Badania rynku opowiadania historii\"  data-wpil-monitor-id=\"5959\">research tell the same story<\/a>. They have shown that this service is on an upward trend. In fact, many <a href=\"https:\/\/www.sisinternational.com\/pl\/rozwiazania\/doradztwo-strategiczne\/data-analytics\/\" title=\"Firma zajmuj\u0105ca si\u0119 analiz\u0105 danych\"  data-wpil-monitor-id=\"10084\">companies are outsourcing their data<\/a> services. Yet, qualitative <a href=\"https:\/\/www.sisinternational.com\/pl\/rozwiazania\/rozwiazania-w-zakresie-badan-jakosciowych-i-ilosciowych\/human-factors-market-research\/\" title=\"Badania rynku czynnik\u00f3w ludzkich\"  data-wpil-monitor-id=\"10089\">research has pointed out a high-risk factor<\/a>. Cloud computing can lead to security threats.&nbsp;Still, the benefits of the cloud outweigh the risks, and it is an excellent way for companies to save money while having access to first-class data storage services.<\/p>\n\n\n\n<p><\/p>","protected":false},"excerpt":{"rendered":"<p>Chmura obliczeniowa to ekonomiczna alternatywa dla formalnych metod prowadzenia biznesu, eliminuj\u0105ca potrzeb\u0119 posiadania w\u0142asnego sprz\u0119tu, oprogramowania i centr\u00f3w danych.<\/p>","protected":false},"author":1,"featured_media":64202,"parent":14514,"menu_order":129,"comment_status":"closed","ping_status":"closed","template":"","meta":{"footnotes":""},"class_list":["post-40657","page","type-page","status-publish","has-post-thumbnail"],"_links":{"self":[{"href":"https:\/\/www.sisinternational.com\/pl\/wp-json\/wp\/v2\/pages\/40657","targetHints":{"allow":["GET"]}}],"collection":[{"href":"https:\/\/www.sisinternational.com\/pl\/wp-json\/wp\/v2\/pages"}],"about":[{"href":"https:\/\/www.sisinternational.com\/pl\/wp-json\/wp\/v2\/types\/page"}],"author":[{"embeddable":true,"href":"https:\/\/www.sisinternational.com\/pl\/wp-json\/wp\/v2\/users\/1"}],"replies":[{"embeddable":true,"href":"https:\/\/www.sisinternational.com\/pl\/wp-json\/wp\/v2\/comments?post=40657"}],"version-history":[{"count":6,"href":"https:\/\/www.sisinternational.com\/pl\/wp-json\/wp\/v2\/pages\/40657\/revisions"}],"predecessor-version":[{"id":81668,"href":"https:\/\/www.sisinternational.com\/pl\/wp-json\/wp\/v2\/pages\/40657\/revisions\/81668"}],"up":[{"embeddable":true,"href":"https:\/\/www.sisinternational.com\/pl\/wp-json\/wp\/v2\/pages\/14514"}],"wp:featuredmedia":[{"embeddable":true,"href":"https:\/\/www.sisinternational.com\/pl\/wp-json\/wp\/v2\/media\/64202"}],"wp:attachment":[{"href":"https:\/\/www.sisinternational.com\/pl\/wp-json\/wp\/v2\/media?parent=40657"}],"curies":[{"name":"wp","href":"https:\/\/api.w.org\/{rel}","templated":true}]}}