{"id":40229,"date":"2022-04-27T05:10:59","date_gmt":"2022-04-27T05:10:59","guid":{"rendered":"https:\/\/www.sisinternational.com\/?page_id=40229"},"modified":"2026-01-26T18:45:45","modified_gmt":"2026-01-26T23:45:45","slug":"badania-rynku-filmowego-tv-film","status":"publish","type":"page","link":"https:\/\/www.sisinternational.com\/pl\/ekspertyza\/badania-rynku-filmowego-tv-film\/","title":{"rendered":"Badania rynku telewizyjnego, filmowego i filmowego"},"content":{"rendered":"<h1 class=\"wp-block-heading\">Badania rynku telewizyjnego, filmowego i filmowego<\/h1>\n\n\n\n<figure class=\"gb-block-image gb-block-image-a272b5e3\"><img loading=\"lazy\" decoding=\"async\" width=\"1456\" height=\"816\" class=\"gb-image gb-image-a272b5e3\" src=\"https:\/\/www.sisinternational.com\/wp-content\/uploads\/2025\/08\/Movie-cinema-5.jpg\" alt=\"SIS Mi\u0119dzynarodowe badania rynku i strategia\" title=\"Movie cinema (5)\" srcset=\"https:\/\/www.sisinternational.com\/wp-content\/uploads\/2025\/08\/Movie-cinema-5.jpg 1456w, https:\/\/www.sisinternational.com\/wp-content\/uploads\/2025\/08\/Movie-cinema-5-300x168.jpg 300w, https:\/\/www.sisinternational.com\/wp-content\/uploads\/2025\/08\/Movie-cinema-5-1024x574.jpg 1024w, https:\/\/www.sisinternational.com\/wp-content\/uploads\/2025\/08\/Movie-cinema-5-768x430.jpg 768w, https:\/\/www.sisinternational.com\/wp-content\/uploads\/2025\/08\/Movie-cinema-5-18x10.jpg 18w\" sizes=\"auto, (max-width: 1456px) 100vw, 1456px\"><\/figure>\n\n\n\n<p><\/p>\n\n\n\n<hr class=\"wp-block-separator has-alpha-channel-opacity is-style-dots\"\/>\n\n\n\n<p>Television, also called TV, is one of the best-known telecommunication mediums. Broadcasting networks use it to bring across moving images in either black and white or color with sound. Television came about with the teamwork of many individuals in the early 20th century. The first-ever television had a completely different setup from what we know today. Over the years, TV has grown and has also become a <a href=\"https:\/\/www.sisinternational.com\/pl\/zasieg\/badania-rynku-bliski-wschod\/top-entertainment-investment-opportunities-in-saudi-arabia\/\" title=\"Top Entertainment Investment Opportunities in Saudi Arabia\"  data-wpil-monitor-id=\"9460\">top source of entertainment<\/a>.<\/p>\n\n\n\n<p>Filmy i filmy to w zasadzie to samo. Oba s\u0105 ruchomymi obrazami i fotoplayem, a oba pokazuj\u0105 obraz wizualnej sztuki tw\u00f3rcy. Wyra\u017caj\u0105 historie i komunikuj\u0105 idee \u2014 r\u00f3wnie\u017c uczucia, pi\u0119kno, a nawet atmosfer\u0119 za pomoc\u0105 materia\u0142u wideo.<\/p>\n\n\n\n<h2 class=\"wp-block-heading\">Dlaczego badania rynku filmowego i telewizyjnego s\u0105 wa\u017cne?<\/h2>\n\n\n\n<p>Te trzy formy rozrywki maj\u0105 ogromny wp\u0142yw na dzisiejsze zmiany spo\u0142eczne, poniewa\u017c mog\u0105 uczy\u0107 widz\u00f3w o rzeczach poza ich polem widzenia i inspirowa\u0107 empati\u0119. Filmy i programy udowodni\u0142y, \u017ce maj\u0105 silny wp\u0142yw na ludzi. Mo\u017ce to by\u0107 po\u0142\u0105czenie obraz\u00f3w, muzyki i dialog\u00f3w. Potem jest o\u015bwietlenie, d\u017awi\u0119k i efekty specjalne. Urz\u0105dzenia te wywo\u0142uj\u0105 g\u0142\u0119bokie uczucia, a nawet pomagaj\u0105 nam w naszej obecnej sytuacji lepiej zrozumie\u0107 ludzi wok\u00f3\u0142 nas. Daj\u0105 nam r\u00f3wnie\u017c lepsze zrozumienie spo\u0142ecze\u0144stwa i kultury.<\/p>\n\n\n\n<p>Filmy to artefakty tworzone przez r\u00f3\u017cne kultury. To wa\u017cne medium, poniewa\u017c zapewnia rozrywk\u0119 i warto\u015b\u0107 historyczn\u0105. Cz\u0119sto jest to wizualna dokumentacja momentu w historii.<\/p>\n\n\n\n<h2 class=\"wp-block-heading\">Kluczowe stanowiska<\/h2>\n\n\n\n<p>There are several job positions in this <a href=\"https:\/\/www.sisinternational.com\/pl\/industry-forecast\/personal-care-industry-forecast\/\" title=\"Personal Care Industry Forecast\"  data-wpil-monitor-id=\"9461\">industry that a person<\/a> can fill. Many people have a passion for this industry but don\u2019t know which job is best for them. Following are some examples of positions in the TV, Movie, and Film industry:<\/p>\n\n\n\n<ul class=\"wp-block-list\">\n<li>Producent filmowy<\/li>\n\n\n\n<li>Dyrektor ds. fotografii<\/li>\n\n\n\n<li>Re\u017cyser filmowy<\/li>\n\n\n\n<li>Monta\u017cysta filmowy<\/li>\n\n\n\n<li>Biegacz<\/li>\n\n\n\n<li>Technik o\u015bwietlenia<\/li>\n\n\n\n<li>Operator kamery<\/li>\n\n\n\n<li>Mened\u017cer lokalizacji<\/li>\n\n\n\n<li>Edytor wideo<\/li>\n\n\n\n<li>Technik d\u017awi\u0119ku<\/li>\n\n\n\n<li>Asystent produkcji<\/li>\n<\/ul>\n\n\n\n<p>Lista jest d\u0142uga. A jednak s\u0105 nawet tymczasowe prace dost\u0119pne w zale\u017cno\u015bci od tego, co robi firma produkcyjna.<\/p>\n\n\n\n<h2 class=\"wp-block-heading\">Dlaczego firmy potrzebuj\u0105 bada\u0144 rynku telewizyjnego, filmowego i filmowego?<\/h2>\n\n\n\n<p>Many businesses use TV and movies as a form of entertainment. Movies keep restless customers busy while in stores shopping. Or they can even look at a movie while eating in fast-food restaurants. Any company can use TV, movies, and films to promote their business. For example, a TV feature can save a failing business and draw in new <a href=\"https:\/\/www.sisinternational.com\/pl\/customer-satisfaction-analysis\/\" title=\"8 sposob\u00f3w na zwi\u0119kszenie satysfakcji klienta w handlu detalicznym\"  data-wpil-monitor-id=\"9462\">customers and investors the same way<\/a>. The TV industry is also a great way to advertise a business. Putting up short ads and even creating jingles is a great way to put a <a href=\"https:\/\/www.sisinternational.com\/pl\/rozwiazania\/podroze-turystyka-hotelarstwo-doradztwo\/tour-guide-company-market-research\/\" title=\"Badania rynku firm przewodnik\u00f3w turystycznych\"  data-wpil-monitor-id=\"9457\">company out there in the market<\/a>.<\/p>\n\n\n\n<p>Ten <a href=\"https:\/\/www.sisinternational.com\/pl\/publikacje\/scalable-business-market-research-7-ways-to-build-a-scalable-business\/\" title=\"Skalowalne badania rynku biznesowego: 7 sposob\u00f3w na zbudowanie skalowalnego biznesu\"  data-wpil-monitor-id=\"9459\">market helps businesses<\/a> pinpoint their goals and set better plans to meet them. Market <a href=\"https:\/\/www.sisinternational.com\/pl\/ekspertyza\/branze\/security-market-research\/\" title=\"Badania rynku bezpiecze\u0144stwa\"  data-wpil-monitor-id=\"7015\">Badania<\/a> enables you to make critical business decisions and secure investment and funding. It also helps in determining new business opportunities and even avoiding business failure. TV, Movie, and Film companies need to do market research to know when to release their work and how to promote it. Market research enables these companies to create the best strategy for their creative pursuits.<\/p>\n\n\n\n<h2 class=\"wp-block-heading\">Kluczowe czynniki sukcesu<\/h2>\n\n\n\n<p>Filmy i produkcja filmowa przesz\u0142y d\u0142ug\u0105 drog\u0119 od czasu ich powstania. Technologia si\u0119 poprawia. Doprowadzi\u0142a do wynalezienia urz\u0105dze\u0144 takich jak telewizory, a tak\u017ce do pojawienia si\u0119 us\u0142ug przesy\u0142ania strumieniowego. Ludzie nie chc\u0105 ju\u017c sp\u0119dza\u0107 czasu siedz\u0105c w kinie z powodu tych post\u0119p\u00f3w. Nie chc\u0105 te\u017c p\u0142aci\u0107 za bilety, aby obejrze\u0107 film. Teraz jest to tylko kilka klikni\u0119\u0107 myszk\u0105. Ponadto filmy i filmy zarabiaj\u0105 teraz jeszcze wi\u0119cej pieni\u0119dzy. Us\u0142ugi przesy\u0142ania strumieniowego umo\u017cliwiaj\u0105 jeszcze wi\u0119kszej liczbie os\u00f3b ogl\u0105danie nowych premier filmowych.<\/p>\n\n\n\n<p>The TV <a href=\"https:\/\/www.sisinternational.com\/pl\/ekspertyza\/branze\/badania-rynku-przemyslowego\/\" title=\"Badania i Strategia Rynku Przemys\u0142owego\"  data-wpil-monitor-id=\"9458\">industry is also rising in the market<\/a> as new, high-tech models of televisions are being made. Even more TV shows are being produced, keeping viewers on edge and entertained.<\/p>\n\n\n\n<h2 class=\"wp-block-heading\">O badaniach rynku telewizyjnego, filmowego i filmowego<\/h2>\n\n\n\n<p>The entertainment sector continues to grow every day. Many companies are seeing this and are looking to expand. Yet, some people do not know where to start. That\u2019s why market research providers exist. They arrange Focus Groups, Interviews, and Surveys. They can also conduct Strategic, Qualitative and <a href=\"https:\/\/www.sisinternational.com\/pl\/najlepsza-globalna-firma-zajmujaca-sie-ilosciowymi-badaniami-rynku\/\" title=\"Najlepsza globalna firma zajmuj\u0105ca si\u0119 ilo\u015bciowymi badaniami rynku\"  data-wpil-monitor-id=\"9456\">Quantitative Research for your company<\/a>. It\u2019s an excellent place to start if you need to research the TV, Movie, and Film market.<\/p>\n\n\n\n<p><\/p>","protected":false},"excerpt":{"rendered":"<p>Firmy medialne przeprowadzaj\u0105 badania rynku w celu ustalenia najlepszego czasu i strategii publikacji i promocji swoich prac.<\/p>","protected":false},"author":1,"featured_media":63993,"parent":14514,"menu_order":122,"comment_status":"closed","ping_status":"closed","template":"","meta":{"footnotes":""},"class_list":["post-40229","page","type-page","status-publish","has-post-thumbnail"],"_links":{"self":[{"href":"https:\/\/www.sisinternational.com\/pl\/wp-json\/wp\/v2\/pages\/40229","targetHints":{"allow":["GET"]}}],"collection":[{"href":"https:\/\/www.sisinternational.com\/pl\/wp-json\/wp\/v2\/pages"}],"about":[{"href":"https:\/\/www.sisinternational.com\/pl\/wp-json\/wp\/v2\/types\/page"}],"author":[{"embeddable":true,"href":"https:\/\/www.sisinternational.com\/pl\/wp-json\/wp\/v2\/users\/1"}],"replies":[{"embeddable":true,"href":"https:\/\/www.sisinternational.com\/pl\/wp-json\/wp\/v2\/comments?post=40229"}],"version-history":[{"count":6,"href":"https:\/\/www.sisinternational.com\/pl\/wp-json\/wp\/v2\/pages\/40229\/revisions"}],"predecessor-version":[{"id":81580,"href":"https:\/\/www.sisinternational.com\/pl\/wp-json\/wp\/v2\/pages\/40229\/revisions\/81580"}],"up":[{"embeddable":true,"href":"https:\/\/www.sisinternational.com\/pl\/wp-json\/wp\/v2\/pages\/14514"}],"wp:featuredmedia":[{"embeddable":true,"href":"https:\/\/www.sisinternational.com\/pl\/wp-json\/wp\/v2\/media\/63993"}],"wp:attachment":[{"href":"https:\/\/www.sisinternational.com\/pl\/wp-json\/wp\/v2\/media?parent=40229"}],"curies":[{"name":"wp","href":"https:\/\/api.w.org\/{rel}","templated":true}]}}