{"id":40221,"date":"2022-04-27T04:48:15","date_gmt":"2022-04-27T04:48:15","guid":{"rendered":"https:\/\/www.sisinternational.com\/?page_id=40221"},"modified":"2026-03-12T12:45:40","modified_gmt":"2026-03-12T16:45:40","slug":"medical-technology-med-tech-market-research","status":"publish","type":"page","link":"https:\/\/www.sisinternational.com\/pl\/rozwiazania\/badania-rynku-opieki-zdrowotnej\/medical-technology-med-tech-market-research\/","title":{"rendered":"Badania rynku technologii medycznych (Med Tech)"},"content":{"rendered":"<h1 class=\"wp-block-heading\">Badania rynku technologii medycznych (Med Tech)<\/h1>\n\n\n\n<figure class=\"gb-block-image gb-block-image-6a4dc351\"><img loading=\"lazy\" decoding=\"async\" width=\"1456\" height=\"816\" class=\"gb-image gb-image-6a4dc351\" src=\"https:\/\/www.sisinternational.com\/wp-content\/uploads\/2025\/09\/Medicine-2.jpg\" alt=\"SIS Mi\u0119dzynarodowe badania rynku i strategia\" title=\"Medicine (2)\" srcset=\"https:\/\/www.sisinternational.com\/wp-content\/uploads\/2025\/09\/Medicine-2.jpg 1456w, https:\/\/www.sisinternational.com\/wp-content\/uploads\/2025\/09\/Medicine-2-300x168.jpg 300w, https:\/\/www.sisinternational.com\/wp-content\/uploads\/2025\/09\/Medicine-2-1024x574.jpg 1024w, https:\/\/www.sisinternational.com\/wp-content\/uploads\/2025\/09\/Medicine-2-768x430.jpg 768w, https:\/\/www.sisinternational.com\/wp-content\/uploads\/2025\/09\/Medicine-2-18x10.jpg 18w\" sizes=\"auto, (max-width: 1456px) 100vw, 1456px\"><\/figure>\n\n\n\n<p><\/p>\n\n\n\n<h2 class=\"wp-block-heading\">What is Medical Technology?<\/h2>\n\n\n\n<p>Medical technology is all around us and is not as complex as it sounds. The band-aids we use are examples. The glasses that people wear are also examples. Med-tech can be that simple. It also has more complex uses like the tools used in surgeries and scans done at hospitals. Med-tech applies science to help prevent or cure disease and save lives. It is not a new field, and it has seen a lot of changes spanning several centuries. Now, the med-tech we have is developing at a fast rate. It saves millions of lives every year.<\/p>\n\n\n\n<h2 class=\"wp-block-heading\">Why is Medical Technology Important?<\/h2>\n\n\n\n<p>Medical technology is essential because, without it, many people would suffer. These products help to diagnose and treat diseases. Another use for med-tech is that it allows health experts to find out what is wrong early enough to treat the ailment. Knowing what is wrong earlier saves more people\u2019s lives. Med-tech also allows for more successful treatments. With more advanced devices, we can do more to deal with sickness. Surgeries that were once not possible are now the norm. They help in the prevention of disease as well. Gloves and masks, for example, help to prevent being sick. These benefits make the lives of healthcare workers easier. It will also save patients from suffering.<\/p>\n\n\n\n<h2 class=\"wp-block-heading\">Kluczowe stanowiska<\/h2>\n\n\n\n<p>The field of med-tech is broad. It links to many careers. People have to come up with ideas, test them, and launch them. Many jobs work together to bring a <a href=\"https:\/\/www.sisinternational.com\/pl\/rozwiazania\/testowanie-smaku\/uslugi-testowania-produktow-w-nowym-jorku\/\" title=\"Us\u0142ugi testowania produkt\u00f3w w Nowym Jorku\"  data-wpil-monitor-id=\"9569\">product or service<\/a> to life from start to finish. These careers call for a bachelor\u2019s degree in medical laboratory technology, life science, biology, or chemistry.<\/p>\n\n\n\n<p>The key job titles include:<\/p>\n\n\n\n<ul class=\"wp-block-list\">\n<li><strong>Technicians<\/strong>: medical records, clinical laboratory, medical appliance, and research laboratory technicians<\/li>\n\n\n\n<li><strong>Technologists<\/strong>: MRI, radiologists, and medical technicians<\/li>\n<\/ul>\n\n\n\n<h2 class=\"wp-block-heading\">Why Businesses Need Medical Technology<\/h2>\n\n\n\n<p>Businesses need medical technology for many reasons. It is a necessary and fast-growing field that can bring profits if invested well. Companies that go into the field of med-tech will have a broad <a href=\"https:\/\/www.sisinternational.com\/pl\/najlepsza-firma-zajmujaca-sie-strategia-wejscia-na-rynek-b2b\/\" title=\"Najlepsza firma oferuj\u0105ca strategi\u0119 wej\u015bcia na rynek B2B\"  data-wpil-monitor-id=\"9571\">market<\/a>. They will attract an extensive client base once your business makes top-quality goods that will help it succeed. Companies can make safety gear, medical tools, or offer health services. They can also produce testing kits, vaccines, and ventilators. These products and <a href=\"https:\/\/www.sisinternational.com\/pl\/rozwiazania\/rozwiazania-w-zakresie-badan-jakosciowych-i-ilosciowych\/field-service-market-research\/\" title=\"Badania rynku us\u0142ug terenowych\"  data-wpil-monitor-id=\"9567\">services are lifesavers in the field<\/a> of med-tech.<\/p>\n\n\n\n<h2 class=\"wp-block-heading\">Kluczowe czynniki sukcesu<\/h2>\n\n\n\n<p>In medical technology, there is a lot to think about for a business to thrive. Companies need a commitment to producing quality goods. They also have to make sure that their services are reliable and consistent. Investing in the right experts to guide your products and services goes a long way. It\u2019s a well-regulated area, so <a href=\"https:\/\/www.sisinternational.com\/pl\/kluczowe-czynniki-sukcesu-w-badaniach-rynku-motoryzacyjnego\/\" title=\"Kluczowe czynniki sukcesu w badaniach rynku motoryzacyjnego\"  data-wpil-monitor-id=\"9570\">research is also critical for success<\/a>. <a href=\"https:\/\/www.sisinternational.com\/pl\/ekspertyza\/branze\/product-research\/\" title=\"Badania Produktu\"  data-wpil-monitor-id=\"9565\">Products need ongoing research<\/a>. A business in med-tech may be plenty of work, but it can be very successful.<\/p>\n\n\n\n<h2 class=\"wp-block-heading\">About Medical Technology<\/h2>\n\n\n\n<p><a href=\"https:\/\/www.sisinternational.com\/pl\/ekspertyza\/branze\/medical-devices-market-research\/\" title=\"Badania rynku urz\u0105dze\u0144 medycznych\"  data-wpil-monitor-id=\"3169\">Medical Technology calls for lots of research<\/a> to stay updated with the science, which gets better each day. Then, the <a href=\"https:\/\/www.sisinternational.com\/pl\/ekspertyza\/cv-z-doswiadczeniem\/badania-marki\/\" title=\"Firma badawcza marki\"  data-wpil-monitor-id=\"9566\">company may have to do further research<\/a> on which products\/services are suitable investments. They also need to find out how best to produce and what is best for the health of their consumers. Being <a href=\"https:\/\/www.sisinternational.com\/pl\/rozwiazania\/b2b-brand-awareness-market-research\/\" title=\"B2B Brand Awareness Market Research\"  data-wpil-monitor-id=\"9568\">aware of the market\u2019s<\/a> needs is vital. <a href=\"https:\/\/www.sisinternational.com\/pl\/sampling-techniques-in-qualitative-research-the-complete-guide-to-choosing-the-right-method\/\" title=\"Sampling Techniques in Qualitative Research: The Complete Guide to Choosing the Right Method\"  data-wpil-monitor-id=\"9564\">Research methods can be qualitative<\/a>, quantitative, or strategy. These methods can take the form of interviews, surveys, focus groups, and experiments.<\/p>\n\n\n\n<p><\/p>","protected":false},"excerpt":{"rendered":"<p>Badania rynku technologii medycznych s\u0105 kluczowe. Med Tech to szeroka dziedzina wymagaj\u0105ca wielu zawod\u00f3w, aby wprowadzi\u0107 produkt lub us\u0142ug\u0119 w \u017cycie.<\/p>","protected":false},"author":1,"featured_media":70066,"parent":11294,"menu_order":119,"comment_status":"closed","ping_status":"closed","template":"","meta":{"footnotes":""},"class_list":["post-40221","page","type-page","status-publish","has-post-thumbnail"],"_links":{"self":[{"href":"https:\/\/www.sisinternational.com\/pl\/wp-json\/wp\/v2\/pages\/40221","targetHints":{"allow":["GET"]}}],"collection":[{"href":"https:\/\/www.sisinternational.com\/pl\/wp-json\/wp\/v2\/pages"}],"about":[{"href":"https:\/\/www.sisinternational.com\/pl\/wp-json\/wp\/v2\/types\/page"}],"author":[{"embeddable":true,"href":"https:\/\/www.sisinternational.com\/pl\/wp-json\/wp\/v2\/users\/1"}],"replies":[{"embeddable":true,"href":"https:\/\/www.sisinternational.com\/pl\/wp-json\/wp\/v2\/comments?post=40221"}],"version-history":[{"count":5,"href":"https:\/\/www.sisinternational.com\/pl\/wp-json\/wp\/v2\/pages\/40221\/revisions"}],"predecessor-version":[{"id":81594,"href":"https:\/\/www.sisinternational.com\/pl\/wp-json\/wp\/v2\/pages\/40221\/revisions\/81594"}],"up":[{"embeddable":true,"href":"https:\/\/www.sisinternational.com\/pl\/wp-json\/wp\/v2\/pages\/11294"}],"wp:featuredmedia":[{"embeddable":true,"href":"https:\/\/www.sisinternational.com\/pl\/wp-json\/wp\/v2\/media\/70066"}],"wp:attachment":[{"href":"https:\/\/www.sisinternational.com\/pl\/wp-json\/wp\/v2\/media?parent=40221"}],"curies":[{"name":"wp","href":"https:\/\/api.w.org\/{rel}","templated":true}]}}