{"id":40037,"date":"2022-03-30T04:08:20","date_gmt":"2022-03-30T04:08:20","guid":{"rendered":"https:\/\/www.sisinternational.com\/?page_id=40037"},"modified":"2026-01-25T18:49:02","modified_gmt":"2026-01-25T23:49:02","slug":"badania-rynku-marianow","status":"publish","type":"page","link":"https:\/\/www.sisinternational.com\/pl\/zasieg\/badania-rynku-azja\/badania-rynku-marianow\/","title":{"rendered":"Badania rynku na Marianach"},"content":{"rendered":"<h1 class=\"wp-block-heading\">Badania rynku na Marianach<\/h1>\n\n\n\n<p><\/p>\n\n\n\n<figure class=\"gb-block-image gb-block-image-08fa674c\"><img loading=\"lazy\" decoding=\"async\" width=\"1456\" height=\"816\" class=\"gb-image gb-image-08fa674c\" src=\"https:\/\/www.sisinternational.com\/wp-content\/uploads\/2025\/09\/Mariana-Islands-2.jpg\" alt=\"SIS Mi\u0119dzynarodowe badania rynku i strategia\" title=\"Mariana Islands (2)\" srcset=\"https:\/\/www.sisinternational.com\/wp-content\/uploads\/2025\/09\/Mariana-Islands-2.jpg 1456w, https:\/\/www.sisinternational.com\/wp-content\/uploads\/2025\/09\/Mariana-Islands-2-300x168.jpg 300w, https:\/\/www.sisinternational.com\/wp-content\/uploads\/2025\/09\/Mariana-Islands-2-1024x574.jpg 1024w, https:\/\/www.sisinternational.com\/wp-content\/uploads\/2025\/09\/Mariana-Islands-2-768x430.jpg 768w, https:\/\/www.sisinternational.com\/wp-content\/uploads\/2025\/09\/Mariana-Islands-2-18x10.jpg 18w\" sizes=\"auto, (max-width: 1456px) 100vw, 1456px\"><\/figure>\n\n\n\n<p><\/p>\n\n\n\n<hr class=\"wp-block-separator has-alpha-channel-opacity is-style-dots\"\/>\n\n\n\n<p>Mariany to p\u00f3\u0142ksi\u0119\u017cycowaty \u0142a\u0144cuch wysp sk\u0142adaj\u0105cy si\u0119 z pi\u0119tnastu u\u015bpionych szczyt\u00f3w wulkanicznych w zachodniej cz\u0119\u015bci p\u00f3\u0142nocnego Pacyfiku. Ludzie m\u00f3wi\u0105 kilkoma rodzimymi j\u0119zykami, ale wi\u0119kszo\u015b\u0107 potrafi m\u00f3wi\u0107 po angielsku. Azjaci s\u0105 najliczniejsz\u0105 grup\u0105 etniczn\u0105 na wyspach, ale rdzenni Hawajczycy r\u00f3wnie\u017c maj\u0105 siln\u0105 obecno\u015b\u0107.<\/p>\n\n\n\n<p>Innym kluczowym punktem jest to, \u017ce jest to terytorium USA. Wi\u0119kszo\u015b\u0107 ludzi jest chrze\u015bcijanami, ale niekt\u00f3rzy praktykuj\u0105 r\u00f3wnie\u017c buddyzm. Na wyspach obecne s\u0105 religie ludowe. Walut\u0105 jest dolar ameryka\u0144ski (USD).<\/p>\n\n\n\n<h2 class=\"wp-block-heading\">Kluczowe bran\u017ce<\/h2>\n\n\n\n<p>Turystyka jest g\u0142\u00f3wn\u0105 bran\u017c\u0105. Rota i Saipan to g\u0142\u00f3wne o\u015brodki turystyczne oferuj\u0105ce luksusowe hotele. Wi\u0119kszo\u015b\u0107 turyst\u00f3w pochodzi z Japonii i Stan\u00f3w Zjednoczonych.<\/p>\n\n\n\n<p>Wiele os\u00f3b dorabia uprawiaj\u0105c taro, chlebowiec, bataty i inne ro\u015bliny.<\/p>\n\n\n\n<p>People come from all over the world to invest in the islands, which have expanded the production of clothing and accessories. The garment industry is now a large part of the Northern Marianas economy.<\/p>\n\n\n\n<h2 class=\"wp-block-heading\">Osiedla<\/h2>\n\n\n\n<p>Saipan, najwi\u0119ksza wyspa, znajduje si\u0119 na p\u00f3\u0142nocy. Jest domem Susupe Village, gdzie znajdziesz g\u0142\u00f3wne biuro w\u0142adzy s\u0105downiczej. Pozosta\u0142e dwie ga\u0142\u0119zie znajduj\u0105 si\u0119 w Capitol Hill Village.<\/p>\n\n\n\n<p>Tinian to kolejna du\u017ca wyspa. Jest domem dla miasta Tinian, jednego z czterech g\u0142\u00f3wnych miast p\u00f3\u0142nocnych wysp. Najwi\u0119ksz\u0105 wiosk\u0105 na Tinian jest San Jose.<\/p>\n\n\n\n<p>Also known as the \u201cFriendly Island,\u201d Rota lies south of this group of islands. In early Spanish records, \u201cZarpana\u201d was its name. Rota derives from a Spaniard who may have named the island after the city of Rota in Spain.<\/p>\n\n\n\n<p>Saipan, Tinian i Rota s\u0105 utwardzone, ale transport publiczny prawie nie istnieje. Zamiast tego autobusy wahad\u0142owe obs\u0142uguj\u0105 du\u017ce miasta. Wyspy korzystaj\u0105 z transportu lotniczego, ale kilka statk\u00f3w towarowych przewozi \u0142adunki mi\u0119dzy nimi. Saipan jest najwi\u0119kszym portem, a nast\u0119pnie Tinian i Rota. Saipan ma mi\u0119dzynarodowe lotnisko, podczas gdy Rota i Tinian maj\u0105 ma\u0142e lotniska.<\/p>\n\n\n\n<h2 class=\"wp-block-heading\">Trendy<\/h2>\n\n\n\n<p>Populacja wysp wzros\u0142a w por\u00f3wnaniu z poprzednimi latami. Ponadto wi\u0119cej os\u00f3b \u0142\u0105czy si\u0119 z internetem i korzysta z medi\u00f3w spo\u0142eczno\u015bciowych. Twitter i Facebook to dwie z g\u0142\u00f3wnych aplikacji medi\u00f3w spo\u0142eczno\u015bciowych w u\u017cyciu, a ludzie korzystaj\u0105 r\u00f3wnie\u017c z Pinteresta, Instagrama i LinkedIn. Istnieje r\u00f3wnie\u017c kilka po\u0142\u0105cze\u0144 mobilnych.<\/p>\n\n\n\n<h2 class=\"wp-block-heading\">Korzy\u015bci i mocne strony na rynku<\/h2>\n\n\n\n<p>We wszystkich sektorach gospodarki morskiej, turystyka i rekreacja s\u0105 zdecydowanie najwi\u0119kszymi pracodawcami.<\/p>\n\n\n\n<p>Po drugie, wyspy chroni\u0105 prawa USA, w tym te zwi\u0105zane z systemem s\u0105downiczym USA. Uznaj\u0105 r\u00f3wnie\u017c prawa autorskie, znaki towarowe, patenty i w\u0142asno\u015b\u0107 intelektualn\u0105.<\/p>\n\n\n\n<p>Kolejn\u0105 zalet\u0105 jest fakt, \u017ce oficjaln\u0105 walut\u0105 jest dolar ameryka\u0144ski. Nie ma \u017cadnych ogranicze\u0144 w zwrocie zysk\u00f3w lub kapita\u0142u do kraju ojczystego.<\/p>\n\n\n\n<h2 class=\"wp-block-heading\">Powody, dla kt\u00f3rych warto rozwija\u0107 sw\u00f3j biznes na Marianach<\/h2>\n\n\n\n<p>First, the <a href=\"https:\/\/www.sisinternational.com\/pl\/zasieg\/ameryka\/badania-rynku-na-karaibach\/badania-rynku-wyspy-dziewicze-usa\/\" title=\"Badania rynku na Wyspach Dziewiczych Stan\u00f3w Zjednoczonych\"  data-wpil-monitor-id=\"5185\">islands are close to major Asian markets<\/a>.<\/p>\n\n\n\n<p>Istnieje r\u00f3wnie\u017c wiele korzy\u015bci podatkowych. Na przyk\u0142ad osoby pracuj\u0105ce na wyspach nie musz\u0105 p\u0142aci\u0107 podatku dochodowego.<\/p>\n\n\n\n<p>Trzecim powodem s\u0105 wizy. Tury\u015bci z Japonii i Korei Po\u0142udniowej korzystaj\u0105 z ca\u0142kowitego bezwizowego traktowania.<\/p>\n\n\n\n<p>Kolejn\u0105 zalet\u0105 wysp s\u0105 ameryka\u0144skie porty wolnoc\u0142owe.<\/p>\n\n\n\n<p>Wreszcie, istnieje r\u00f3wnie\u017c korzy\u015b\u0107 dla firm licencjonowanych na wyspach. Takie firmy s\u0105 zwolnione z US Ship Documentation Act.<\/p>\n\n\n\n<h2 class=\"wp-block-heading\"><strong>O firmie SIS International<\/strong><\/h2>\n\n\n\n<p><a href=\"https:\/\/www.sisinternational.com\/pl\/\"><span style=\"font-weight: 400;\">SIS Mi\u0119dzynarodowy<\/span><\/a><span style=\"font-weight: 400;\"> oferuje badania ilo\u015bciowe, jako\u015bciowe i strategiczne. Dostarczamy dane, narz\u0119dzia, strategie, raporty i spostrze\u017cenia do podejmowania decyzji. Prowadzimy r\u00f3wnie\u017c wywiady, ankiety, grupy fokusowe i inne metody i podej\u015bcia do bada\u0144 rynku.<\/span><a href=\"https:\/\/www.sisinternational.com\/pl\/o-moich-miedzynarodowych-badaniach\/contact-sis-international-market-research\/\"><span style=\"font-weight: 400;\"> Skontaktuj si\u0119 z nami<\/span><\/a><span style=\"font-weight: 400;\"> dla Twojego kolejnego projektu badania rynku.<\/span><\/p>\n\n\n\n<p><\/p>","protected":false},"excerpt":{"rendered":"<p>SIS International Research zajmuje si\u0119 jako\u015bciowymi, ilo\u015bciowymi i strategicznymi badaniami rynku na Wyspach Maria\u0144skich.<\/p>","protected":false},"author":1,"featured_media":65705,"parent":14508,"menu_order":55,"comment_status":"closed","ping_status":"closed","template":"","meta":{"footnotes":""},"class_list":["post-40037","page","type-page","status-publish","has-post-thumbnail"],"_links":{"self":[{"href":"https:\/\/www.sisinternational.com\/pl\/wp-json\/wp\/v2\/pages\/40037","targetHints":{"allow":["GET"]}}],"collection":[{"href":"https:\/\/www.sisinternational.com\/pl\/wp-json\/wp\/v2\/pages"}],"about":[{"href":"https:\/\/www.sisinternational.com\/pl\/wp-json\/wp\/v2\/types\/page"}],"author":[{"embeddable":true,"href":"https:\/\/www.sisinternational.com\/pl\/wp-json\/wp\/v2\/users\/1"}],"replies":[{"embeddable":true,"href":"https:\/\/www.sisinternational.com\/pl\/wp-json\/wp\/v2\/comments?post=40037"}],"version-history":[{"count":6,"href":"https:\/\/www.sisinternational.com\/pl\/wp-json\/wp\/v2\/pages\/40037\/revisions"}],"predecessor-version":[{"id":79045,"href":"https:\/\/www.sisinternational.com\/pl\/wp-json\/wp\/v2\/pages\/40037\/revisions\/79045"}],"up":[{"embeddable":true,"href":"https:\/\/www.sisinternational.com\/pl\/wp-json\/wp\/v2\/pages\/14508"}],"wp:featuredmedia":[{"embeddable":true,"href":"https:\/\/www.sisinternational.com\/pl\/wp-json\/wp\/v2\/media\/65705"}],"wp:attachment":[{"href":"https:\/\/www.sisinternational.com\/pl\/wp-json\/wp\/v2\/media?parent=40037"}],"curies":[{"name":"wp","href":"https:\/\/api.w.org\/{rel}","templated":true}]}}