{"id":40000,"date":"2022-03-24T17:31:38","date_gmt":"2022-03-24T17:31:38","guid":{"rendered":"https:\/\/www.sisinternational.com\/?page_id=40000"},"modified":"2026-01-27T16:38:50","modified_gmt":"2026-01-27T21:38:50","slug":"badania-rynku-niue","status":"publish","type":"page","link":"https:\/\/www.sisinternational.com\/pl\/zasieg\/badania-rynku-azja\/badania-rynku-niue\/","title":{"rendered":"Badania rynku w Niue"},"content":{"rendered":"<h1 class=\"wp-block-heading\">Badania rynku w Niue<\/h1>\n\n\n\n<figure class=\"gb-block-image gb-block-image-59236296\"><img loading=\"lazy\" decoding=\"async\" width=\"1456\" height=\"816\" class=\"gb-image gb-image-59236296\" src=\"https:\/\/www.sisinternational.com\/wp-content\/uploads\/2025\/09\/Niue-4.jpg\" alt=\"SIS Mi\u0119dzynarodowe badania rynku i strategia\" title=\"Niue (4)\" srcset=\"https:\/\/www.sisinternational.com\/wp-content\/uploads\/2025\/09\/Niue-4.jpg 1456w, https:\/\/www.sisinternational.com\/wp-content\/uploads\/2025\/09\/Niue-4-300x168.jpg 300w, https:\/\/www.sisinternational.com\/wp-content\/uploads\/2025\/09\/Niue-4-1024x574.jpg 1024w, https:\/\/www.sisinternational.com\/wp-content\/uploads\/2025\/09\/Niue-4-768x430.jpg 768w, https:\/\/www.sisinternational.com\/wp-content\/uploads\/2025\/09\/Niue-4-18x10.jpg 18w\" sizes=\"auto, (max-width: 1456px) 100vw, 1456px\"><\/figure>\n\n\n\n<p><\/p>\n\n\n\n<hr class=\"wp-block-separator has-alpha-channel-opacity is-style-dots\"\/>\n\n\n\n<h3 class=\"wp-block-heading\">Przeprowadzenie kompleksowych bada\u0144 pozwala zidentyfikowa\u0107 wyzwania, oceni\u0107 preferencje konsument\u00f3w i odkry\u0107 nowe mo\u017cliwo\u015bci rozwoju.<\/h3>\n\n\n\n<p>W jaki spos\u00f3b firmy mog\u0105 skutecznie wykorzysta\u0107 mo\u017cliwo\u015bci dost\u0119pne w Niue? Aby odnie\u015b\u0107 sukces w tej niszy rynkowej, kluczowe jest zrozumienie potrzeb, zachowa\u0144 i preferencji lokalnej ludno\u015bci. Dlatego badania rynku w Niue dostarczaj\u0105 kluczowych spostrze\u017ce\u0144, kt\u00f3re pomagaj\u0105 firmom dostosowa\u0107 swoje strategie i zwi\u0119kszy\u0107 szanse na sukces.<\/p>\n\n\n\n<h2 class=\"wp-block-heading\">Czym s\u0105 badania rynku w Niue?<\/h2>\n\n\n\n<p>Badania rynku w Niue pomagaj\u0105 firmom analizowa\u0107 trendy bran\u017cowe, zachowania konsument\u00f3w i krajobraz konkurencyjny, a tak\u017ce zrozumie\u0107 niuanse kulturowe, kt\u00f3re wp\u0142ywaj\u0105 na decyzje zakupowe. Prowadz\u0105c badania rynku w Niue, firmy mog\u0105 uzyska\u0107 wgl\u0105d w to, co nap\u0119dza preferencje konsument\u00f3w, jak skutecznie pozycjonowa\u0107 swoj\u0105 mark\u0119 i gdzie le\u017c\u0105 najbardziej obiecuj\u0105ce mo\u017cliwo\u015bci wzrostu. Pozwala to firmom podejmowa\u0107 decyzje oparte na danych, kt\u00f3re zwi\u0119kszaj\u0105 ich szanse na sukces na tym rynku.<\/p>\n\n\n\n<h2 class=\"wp-block-heading\">Dlaczego firmy potrzebuj\u0105 bada\u0144 rynku w Niue?<\/h2>\n\n\n\n<p>Badania rynku w Niue umo\u017cliwiaj\u0105 przedsi\u0119biorstwom podejmowanie \u015bwiadomych decyzji dotycz\u0105cych lokalnego rynku. Bior\u0105c pod uwag\u0119 wyj\u0105tkowe aspekty kulturowe Niue, niewielki rozmiar rynku i specyficzne warunki ekonomiczne, zrozumienie potrzeb konsument\u00f3w i zachowa\u0144 zakupowych jest niezb\u0119dne do udanego wej\u015bcia na rynek lub ekspansji.<\/p>\n\n\n\n<p>Ponadto badania rynku w Niue umo\u017cliwiaj\u0105 firmom odkrywanie kluczowych trend\u00f3w, ocen\u0119 potencja\u0142u rynkowego i g\u0142\u0119bsze zrozumienie specyficznych potrzeb populacji. Odpowiadaj\u0105c na pytania takie jak: Kt\u00f3re produkty i us\u0142ugi s\u0105 najbardziej po\u017c\u0105dane? Jak r\u00f3\u017cnice kulturowe wp\u0142ywaj\u0105 na zachowanie konsument\u00f3w? Firmy mog\u0105 wykorzysta\u0107 te spostrze\u017cenia do opracowania strategii marketingowych, kt\u00f3re skutecznie anga\u017cuj\u0105 odbiorc\u00f3w z Niue.<\/p>\n\n\n\n<h2 class=\"wp-block-heading\">Osiedla<\/h2>\n\n\n\n<p>Stolic\u0105 Niue jest Alofi. Chocia\u017c sama wyspa ma oko\u0142o 1600 mieszka\u0144c\u00f3w, wielu Niuejczyk\u00f3w mieszka w Nowej Zelandii. Stolica ma wiele restauracji i o\u015brodk\u00f3w wypoczynkowych, kt\u00f3re obs\u0142uguj\u0105 jej silny sektor turystyczny. Mo\u017cesz r\u00f3wnie\u017c uzyska\u0107 dost\u0119p do Wi-Fi z dowolnego miejsca na wyspie. Ludno\u015b\u0107 jest polinezyjska, a wi\u0119kszo\u015b\u0107 ludzi to chrze\u015bcijanie.<\/p>\n\n\n\n<p>Ma\u0142a wyspa sk\u0142ada si\u0119 z 14 wiosek, z kt\u00f3rych ka\u017cda jest prowadzona przez rad\u0119. Ludzie nie mog\u0105 sprzedawa\u0107 ziemi obcokrajowcom; zamiast tego jest ona przekazywana z pokolenia na pokolenie. Wi\u0119kszo\u015b\u0107 obywateli pracuje w rolnictwie, aby utrzyma\u0107 si\u0119 z pracy.<\/p>\n\n\n\n<h2 class=\"wp-block-heading\">Bran\u017ce i wiod\u0105cy gracze na Niue<\/h2>\n\n\n\n<p>Badania rynku w Niue wskazuj\u0105 na kilka kluczowych bran\u017c, kt\u00f3re nap\u0119dzaj\u0105 lokaln\u0105 gospodark\u0119 i oferuj\u0105 potencja\u0142 dla przedsi\u0119biorstw. Turystyka pozostaje jedn\u0105 z najwa\u017cniejszych bran\u017c, a naturalne pi\u0119kno Niue przyci\u0105ga turyst\u00f3w poszukuj\u0105cych przyg\u00f3d i do\u015bwiadcze\u0144 kulturowych. Firmy takie jak Niue Tourism Office i lokalne firmy hotelarskie odgrywaj\u0105 kluczow\u0105 rol\u0119 w promowaniu turystyki i \u015bwiadczeniu us\u0142ug, kt\u00f3re wzbogacaj\u0105 do\u015bwiadczenia odwiedzaj\u0105cych.<\/p>\n\n\n\n<p>Inn\u0105 znacz\u0105c\u0105 bran\u017c\u0105 jest rolnictwo, ze szczeg\u00f3lnym uwzgl\u0119dnieniem lokalnej produkcji ro\u015blinnej, takiej jak taro, kokos i mi\u00f3d. Badania rynku w Niue ujawniaj\u0105, \u017ce praktyki rolnicze stopniowo przechodz\u0105 w kierunku bardziej zr\u00f3wnowa\u017conych metod, co otwiera mo\u017cliwo\u015bci dla firm specjalizuj\u0105cych si\u0119 w technologii rolniczej i us\u0142ugach. Ponadto sektor energii odnawialnej zyskuje na popularno\u015bci, nap\u0119dzany inicjatywami maj\u0105cymi na celu zmniejszenie zale\u017cno\u015bci od importowanych paliw kopalnych. Firmy takie jak Niue Power Corporation przewodz\u0105 wysi\u0142kom na rzecz dostarczania rozwi\u0105za\u0144 w zakresie czystej energii, kt\u00f3re przynosz\u0105 korzy\u015bci zar\u00f3wno przedsi\u0119biorstwom, jak i lokalnym spo\u0142eczno\u015bciom.<\/p>\n\n\n\n<h2 class=\"wp-block-heading\">Trendy<\/h2>\n\n\n\n<p>Turystyka to r\u00f3wnie\u017c rozwijaj\u0105ca si\u0119 bran\u017ca w Niue. Poniewa\u017c podr\u00f3\u017cuje coraz wi\u0119cej os\u00f3b, arena ta ma du\u017cy potencja\u0142. Jej pi\u0119kne widoki i spok\u00f3j nadal przyci\u0105gaj\u0105 wielu turyst\u00f3w.<\/p>\n\n\n\n<p>Rybo\u0142\u00f3wstwo to rozwijaj\u0105ca si\u0119 bran\u017ca, a rz\u0105d j\u0105 wspiera. Wspieraj\u0105 r\u00f3wnie\u017c wi\u0119cej przetw\u00f3rstwa ryb. To nastawienie doprowadzi do wzrostu r\u00f3wnie\u017c w tym sektorze.<\/p>\n\n\n\n<h2 class=\"wp-block-heading\">Korzy\u015bci i mocne strony rynku<\/h2>\n\n\n\n<p>Niekt\u00f3re z najlepszych produkt\u00f3w eksportowych Niue to wanilia, mi\u00f3d, \u015bmietanka kokosowa i kopra. Produkuje r\u00f3wnie\u017c marakuj\u0119, pi\u0142ki, ro\u015bliny okopowe i wyroby r\u0119kodzielnicze.<\/p>\n\n\n\n<p>Niue ma silne powi\u0105zania handlowe z Now\u0105 Zelandi\u0105, Fid\u017ci, innymi Wyspami Cooka i Australi\u0105. \u017bywno\u015b\u0107, zwierz\u0119ta i leki to g\u0142\u00f3wne towary importowane do Niue. Paliwa, smary, maszyny i chemikalia r\u00f3wnie\u017c znajduj\u0105 si\u0119 na li\u015bcie.<\/p>\n\n\n\n<p>Ich g\u0142\u00f3wnymi partnerami importowymi s\u0105 Nowa Zelandia, Fid\u017ci, Japonia, Samoa, Australia i USA. Ze wzgl\u0119du na ich wolne stowarzyszenie z Now\u0105 Zelandi\u0105, Niue mo\u017ce rozwa\u017cy\u0107 korzy\u015bci podczas handlu.<\/p>\n\n\n\n<h2 class=\"wp-block-heading\">Czynniki nap\u0119dzaj\u0105ce rynek w Niue<\/h2>\n\n\n<div class=\"wp-block-image\">\n<figure class=\"aligncenter\"><img loading=\"lazy\" decoding=\"async\" width=\"1024\" height=\"823\" src=\"https:\/\/www.sisinternational.com\/wp-content\/uploads\/2024\/10\/Niue-1024x823.png\" alt=\"Badania rynku w Niue\" class=\"wp-image-53492\" srcset=\"https:\/\/www.sisinternational.com\/wp-content\/uploads\/2024\/10\/Niue-1024x823.png 1024w, https:\/\/www.sisinternational.com\/wp-content\/uploads\/2024\/10\/Niue-300x241.png 300w, https:\/\/www.sisinternational.com\/wp-content\/uploads\/2024\/10\/Niue-768x617.png 768w, https:\/\/www.sisinternational.com\/wp-content\/uploads\/2024\/10\/Niue-15x12.png 15w, https:\/\/www.sisinternational.com\/wp-content\/uploads\/2024\/10\/Niue.png 1224w\" sizes=\"auto, (max-width: 1024px) 100vw, 1024px\" \/><\/figure>\n<\/div>\n\n\n<p><\/p>\n\n\n\n<p>Badania rynku w Niue pomagaj\u0105 zidentyfikowa\u0107 kluczowe czynniki nap\u0119dzaj\u0105ce lokaln\u0105 gospodark\u0119 i stwarzaj\u0105ce mo\u017cliwo\u015bci dla przedsi\u0119biorstw. Poni\u017cej przedstawiono g\u0142\u00f3wne czynniki kszta\u0142tuj\u0105ce krajobraz rynkowy w Niue:<\/p>\n\n\n\n<ul class=\"wp-block-list\">\n<li><strong>Wzrost turystyki<\/strong>Rosn\u0105ce zainteresowanie turystyk\u0105 przygodow\u0105, ekoturystyk\u0105 i turystyk\u0105 kulturow\u0105 nap\u0119dza rozw\u00f3j sektora hotelarskiego.<\/li>\n\n\n\n<li><strong>Zr\u00f3wnowa\u017cone rolnictwo<\/strong>:Skupienie si\u0119 na zr\u00f3wnowa\u017conych praktykach rolniczych stwarza mo\u017cliwo\u015bci dla przedsi\u0119biorstw zajmuj\u0105cych si\u0119 technologi\u0105 rolnicz\u0105 i innowacjami.<\/li>\n\n\n\n<li><strong>Renewable <a href=\"https:\/\/www.sisinternational.com\/pl\/gone-with-the-wind-the-financial-crisis-and-wind-energy\/\" title=\"Przemin\u0119\u0142o z wiatrem? Kryzys finansowy i energia wiatrowa\"  data-wpil-monitor-id=\"7503\">energia<\/a> Initiatives<\/strong>:Nacisk na rozw\u00f3j odnawialnych \u017ar\u00f3de\u0142 energii otwiera mo\u017cliwo\u015bci dla przedsi\u0119biorstw zajmuj\u0105cych si\u0119 projektami z zakresu energii s\u0142onecznej i wiatrowej.<\/li>\n\n\n\n<li><strong>Wsparcie Rz\u0105dowe<\/strong>:Inicjatywy rz\u0105du maj\u0105ce na celu dywersyfikacj\u0119 gospodarki i promowanie inwestycji zagranicznych tworz\u0105 sprzyjaj\u0105ce \u015brodowisko dla rozwoju biznesu.<\/li>\n\n\n\n<li><strong>Transformacja cyfrowa<\/strong>Coraz wi\u0119kszy dost\u0119p do Internetu i upowszechnianie si\u0119 rozwi\u0105za\u0144 cyfrowych zwi\u0119kszaj\u0105 popyt na us\u0142ugi i rozwi\u0105zania cyfrowe, co stwarza mo\u017cliwo\u015bci dla firm technologicznych.<\/li>\n\n\n\n<li><strong>Rozw\u00f3j miejski<\/strong>:Projekty rozwoju infrastruktury prowadz\u0105 do zwi\u0119kszonego popytu na us\u0142ugi budowlane i pokrewne.<\/li>\n\n\n\n<li><strong>Ochrona kultury<\/strong>:Nacisk na zachowanie dziedzictwa kulturowego Niue nap\u0119dza rozw\u00f3j sektor\u00f3w zwi\u0105zanych z turystyk\u0105 kulturow\u0105 i tradycyjnym rzemios\u0142em.<\/li>\n<\/ul>\n\n\n\n<h2 class=\"wp-block-heading\">Ograniczenia rynkowe w Niue<\/h2>\n\n\n\n<p>Cho\u0107 badania rynku na Niue ujawniaj\u0105 liczne mo\u017cliwo\u015bci, przedsi\u0119biorstwa musz\u0105 r\u00f3wnie\u017c wzi\u0105\u0107 pod uwag\u0119 kilka wyzwa\u0144 i ogranicze\u0144:<\/p>\n\n\n\n<ul class=\"wp-block-list\">\n<li><strong>Ma\u0142y rozmiar rynku<\/strong>:Ograniczona liczba ludno\u015bci Niue ogranicza og\u00f3lny potencja\u0142 rynku, co stanowi wyzwanie dla przedsi\u0119biorstw nastawionych na rozw\u00f3j na du\u017c\u0105 skal\u0119.<\/li>\n\n\n\n<li><strong>Izolacja geograficzna<\/strong>:Odleg\u0142e po\u0142o\u017cenie Niue wi\u0105\u017ce si\u0119 z wyzwaniami logistycznymi i wy\u017cszymi kosztami importu towar\u00f3w i us\u0142ug.<\/li>\n\n\n\n<li><strong>Ograniczona liczba wykwalifikowanych pracownik\u00f3w<\/strong>:Niedob\u00f3r wykwalifikowanej si\u0142y roboczej w wyspecjalizowanych dziedzinach mo\u017ce utrudnia\u0107 dzia\u0142alno\u015b\u0107 i rozw\u00f3j przedsi\u0119biorstw.<\/li>\n\n\n\n<li><strong>Wysokie koszty utrzymania<\/strong>Wysokie koszty \u017cycia na Niue wp\u0142ywaj\u0105 na si\u0142\u0119 nabywcz\u0105 konsument\u00f3w i koszty prowadzenia dzia\u0142alno\u015bci gospodarczej.<\/li>\n\n\n\n<li><strong>Zale\u017cno\u015b\u0107 od importu<\/strong>:Du\u017ce uzale\u017cnienie gospodarki od towar\u00f3w importowanych sprawia, \u017ce jest ona podatna na zak\u0142\u00f3cenia w \u0142a\u0144cuchach dostaw i wahania cen \u015bwiatowych.<\/li>\n\n\n\n<li><strong>Bariery regulacyjne<\/strong>:Poruszanie si\u0119 po skomplikowanych przepisach i procesach administracyjnych mo\u017ce by\u0107 dla firm wyzwaniem i zabiera\u0107 im du\u017co czasu.<\/li>\n\n\n\n<li><strong>Luki w infrastrukturze<\/strong>:Niesp\u00f3jna infrastruktura, szczeg\u00f3lnie na obszarach oddalonych, ogranicza mo\u017cliwo\u015bci rozwoju w sektorach takich jak logistyka i turystyka.<\/li>\n<\/ul>\n\n\n\n<h2 class=\"wp-block-heading\">Baza konsument\u00f3w<\/h2>\n\n\n\n<p>Oko\u0142o po\u0142owa populacji Niue mieszka na terenach miejskich. Ze wzgl\u0119du na migracj\u0119 wi\u0119kszo\u015bci ludzi do Nowej Zelandii, wyspa ma niewielk\u0105 populacj\u0119. Jednak du\u017cy ruch turystyczny pomaga, poniewa\u017c odwiedzaj\u0105cy konsumuj\u0105 produkty i us\u0142ugi. Wyspa ma wysoki wska\u017anik bezrobocia. Mimo to otrzymuj\u0105 wiele przekaz\u00f3w pieni\u0119\u017cnych od swoich rodzin w NZ.<\/p>\n\n\n\n<h2 class=\"wp-block-heading\">Powody, dla kt\u00f3rych warto rozwija\u0107 sw\u00f3j biznes na rynku<\/h2>\n\n\n\n<p>Kwitn\u0105cy sektor turystyki to jeden z dobrych powod\u00f3w, aby zainwestowa\u0107 w Niue. Sektor turystyki b\u0119dzie si\u0119 tylko rozwija\u0142, zw\u0142aszcza gdy gospodarka \u015bwiatowa si\u0119 odbuduje. Populacja jest niewielka, ale mieszka\u0144cy ciesz\u0105 si\u0119 przyzwoit\u0105 jako\u015bci\u0105 \u017cycia. Dlatego niekt\u00f3re ga\u0142\u0119zie przemys\u0142u mog\u0105 nadal prosperowa\u0107 na tej ma\u0142ej wyspie.<\/p>\n\n\n\n<p>Niekt\u00f3re importy i eksporty s\u0105 r\u00f3wnie\u017c dobrymi obszarami do inwestowania, zw\u0142aszcza je\u015bli mieszkasz w kraju, w kt\u00f3rym Niue ma powi\u0105zania handlowe. Skorzystanie z korzy\u015bci wynikaj\u0105cych z ich relacji z Now\u0105 Zelandi\u0105 jest r\u00f3wnie\u017c \u015bwietnym posuni\u0119ciem.<\/p>\n\n\n\n<h2 class=\"wp-block-heading\">W jaki spos\u00f3b SIS International wspiera badania rynku w Niue<\/h2>\n\n\n\n<p>Aby odnie\u015b\u0107 sukces na Niue, kluczowe znaczenie ma dog\u0142\u0119bne zrozumienie lokalnego rynku, <a href=\"https:\/\/www.linkedin.com\/company\/sisinternationalresearch\/\" target=\"_blank\" rel=\"noopener\"><span style=\"font-weight: 400;\">SIS Mi\u0119dzynarodowy<\/span><\/a> jest tutaj, aby zapewni\u0107 t\u0119 wiedz\u0119 specjalistyczn\u0105. Oferujemy szeroki zakres <a href=\"https:\/\/www.linkedin.com\/pulse\/how-market-research-enables-growth-ruth-stanat-phekf\/\" target=\"_blank\" rel=\"noopener\"><span style=\"font-weight: 400;\">badania rynku<\/span><\/a> us\u0142ugi stworzone, aby pom\u00f3c firmom odnie\u015b\u0107 sukces, wyposa\u017caj\u0105c je w niezb\u0119dn\u0105 wiedz\u0119 na temat wyj\u0105tkowego otoczenia rynkowego Niue.<\/p>\n\n\n\n<ul class=\"wp-block-list\">\n<li><strong>Strategiczne planowanie biznesowe<\/strong>:Nasze badania, kt\u00f3re analizuj\u0105 zachowania lokalnych konsument\u00f3w, wp\u0142ywy kulturowe i pojawiaj\u0105ce si\u0119 trendy, pomagaj\u0105 firmom udoskonala\u0107 swoje strategie, aby lepiej odpowiada\u0142y potrzebom mieszka\u0144c\u00f3w Niue.<\/li>\n\n\n\n<li><strong>Maksymalizacja mo\u017cliwo\u015bci generowania przychod\u00f3w<\/strong>:Dok\u0142adnie okre\u015blaj\u0105c produkty i us\u0142ugi o najwi\u0119kszym zapotrzebowaniu oraz rozumiej\u0105c preferencje klient\u00f3w, pomagamy firmom pozyskiwa\u0107 warto\u015bciowe \u017ar\u00f3d\u0142a przychod\u00f3w i oferowa\u0107 produkty, kt\u00f3re ciesz\u0105 si\u0119 uznaniem.<\/li>\n\n\n\n<li><strong>Ocena i zarz\u0105dzanie ryzykiem<\/strong>: <a href=\"https:\/\/medium.com\/@sisinternational\/sis-international-c17160da8fac\" target=\"_blank\" rel=\"noopener\"><span style=\"font-weight: 400;\">SIS<\/span><\/a> identyfikuje potencjalne ryzyka charakterystyczne dla rynku niuejskiego, umo\u017cliwiaj\u0105c przedsi\u0119biorstwom opracowanie skutecznych strategii radzenia sobie z wyzwaniami i zabezpieczania swoich inwestycji.<\/li>\n\n\n\n<li><strong>Inicjatywy marketingu ukierunkowanego<\/strong>Wykorzystuj\u0105c wiedz\u0119 uzyskan\u0105 w wyniku bada\u0144 rynku, pomagamy firmom kierowa\u0107 dzia\u0142ania marketingowe w stron\u0119 najskuteczniejszych kana\u0142\u00f3w i przekaz\u00f3w, zapewniaj\u0105c tym samym silne powi\u0105zania z lokalnymi konsumentami.<\/li>\n\n\n\n<li><strong>Nap\u0119dzanie wzrostu i innowacji<\/strong>:Zrozumienie warunk\u00f3w rynkowych i zmieniaj\u0105cych si\u0119 potrzeb klient\u00f3w pozwala firmom skutecznie wprowadza\u0107 innowacje, nap\u0119dza\u0107 ich rozw\u00f3j i zapewnia\u0107 sobie trwa\u0142\u0105 pozycj\u0119 na Niue.<\/li>\n<\/ul>\n\n\n\n<h2 class=\"wp-block-heading\">O firmie SIS International<\/h2>\n\n\n\n<p><a href=\"https:\/\/www.sisinternational.com\/pl\/\"><span style=\"font-weight: 400;\">SIS Mi\u0119dzynarodowy<\/span><\/a><span style=\"font-weight: 400;\"> oferuje badania ilo\u015bciowe, jako\u015bciowe i strategiczne. Dostarczamy dane, narz\u0119dzia, strategie, raporty i spostrze\u017cenia do podejmowania decyzji. Prowadzimy r\u00f3wnie\u017c wywiady, ankiety, grupy fokusowe i inne metody i podej\u015bcia do bada\u0144 rynku.<\/span><a href=\"https:\/\/www.sisinternational.com\/pl\/o-moich-miedzynarodowych-badaniach\/contact-sis-international-market-research\/\"><span style=\"font-weight: 400;\"> Skontaktuj si\u0119 z nami<\/span><\/a><span style=\"font-weight: 400;\"> dla Twojego kolejnego projektu badania rynku.<\/span><\/p>\n\n\n\n<p><\/p>","protected":false},"excerpt":{"rendered":"<p>Market Research in Niue Conducting comprehensive research helps identify challenges, assess consumer preferences, and uncover new growth opportunities. How can businesses effectively capitalize on the opportunities available in Niue? To succeed in this niche market, understanding the needs, behaviors, and preferences of the local population is crucial. That&#8217;s why market research in Niue provides key &#8230; <a title=\"Badania rynku w Niue\" class=\"read-more\" href=\"https:\/\/www.sisinternational.com\/pl\/zasieg\/badania-rynku-azja\/badania-rynku-niue\/\" aria-label=\"Dowiedz si\u0119 wi\u0119cej o Market Research in Niue\">Czytaj dalej<\/a><\/p>","protected":false},"author":1,"featured_media":65528,"parent":14508,"menu_order":52,"comment_status":"closed","ping_status":"closed","template":"","meta":{"footnotes":""},"class_list":["post-40000","page","type-page","status-publish","has-post-thumbnail"],"_links":{"self":[{"href":"https:\/\/www.sisinternational.com\/pl\/wp-json\/wp\/v2\/pages\/40000","targetHints":{"allow":["GET"]}}],"collection":[{"href":"https:\/\/www.sisinternational.com\/pl\/wp-json\/wp\/v2\/pages"}],"about":[{"href":"https:\/\/www.sisinternational.com\/pl\/wp-json\/wp\/v2\/types\/page"}],"author":[{"embeddable":true,"href":"https:\/\/www.sisinternational.com\/pl\/wp-json\/wp\/v2\/users\/1"}],"replies":[{"embeddable":true,"href":"https:\/\/www.sisinternational.com\/pl\/wp-json\/wp\/v2\/comments?post=40000"}],"version-history":[{"count":6,"href":"https:\/\/www.sisinternational.com\/pl\/wp-json\/wp\/v2\/pages\/40000\/revisions"}],"predecessor-version":[{"id":81130,"href":"https:\/\/www.sisinternational.com\/pl\/wp-json\/wp\/v2\/pages\/40000\/revisions\/81130"}],"up":[{"embeddable":true,"href":"https:\/\/www.sisinternational.com\/pl\/wp-json\/wp\/v2\/pages\/14508"}],"wp:featuredmedia":[{"embeddable":true,"href":"https:\/\/www.sisinternational.com\/pl\/wp-json\/wp\/v2\/media\/65528"}],"wp:attachment":[{"href":"https:\/\/www.sisinternational.com\/pl\/wp-json\/wp\/v2\/media?parent=40000"}],"curies":[{"name":"wp","href":"https:\/\/api.w.org\/{rel}","templated":true}]}}