{"id":39988,"date":"2022-03-24T16:40:15","date_gmt":"2022-03-24T16:40:15","guid":{"rendered":"https:\/\/www.sisinternational.com\/?page_id=39988"},"modified":"2026-01-25T16:43:11","modified_gmt":"2026-01-25T21:43:11","slug":"badania-rynku-guam","status":"publish","type":"page","link":"https:\/\/www.sisinternational.com\/pl\/zasieg\/north-america\/zasieg-usa\/badania-rynku-guam\/","title":{"rendered":"Badania rynku w Guam"},"content":{"rendered":"<h1 class=\"wp-block-heading\">Badania rynku w Guam<\/h1>\n\n\n\n<figure class=\"gb-block-image gb-block-image-5fa47201\"><img loading=\"lazy\" decoding=\"async\" width=\"1456\" height=\"816\" class=\"gb-image gb-image-5fa47201\" src=\"https:\/\/www.sisinternational.com\/wp-content\/uploads\/2025\/09\/Guam-4.jpg\" alt=\"SIS Mi\u0119dzynarodowe badania rynku i strategia\" title=\"Guam (4)\" srcset=\"https:\/\/www.sisinternational.com\/wp-content\/uploads\/2025\/09\/Guam-4.jpg 1456w, https:\/\/www.sisinternational.com\/wp-content\/uploads\/2025\/09\/Guam-4-300x168.jpg 300w, https:\/\/www.sisinternational.com\/wp-content\/uploads\/2025\/09\/Guam-4-1024x574.jpg 1024w, https:\/\/www.sisinternational.com\/wp-content\/uploads\/2025\/09\/Guam-4-768x430.jpg 768w, https:\/\/www.sisinternational.com\/wp-content\/uploads\/2025\/09\/Guam-4-18x10.jpg 18w\" sizes=\"auto, (max-width: 1456px) 100vw, 1456px\"><\/figure>\n\n\n\n<p><\/p>\n\n\n\n<hr class=\"wp-block-separator has-alpha-channel-opacity is-style-dots\"\/>\n\n\n\n<p>Cho\u0107 samorz\u0105dny, Guam jest terytorium Stan\u00f3w Zjednoczonych. Jego po\u0142o\u017cenie znajduje si\u0119 na p\u00f3\u0142nocnym Oceanie Spokojnym.<\/p>\n\n\n\n<h2 class=\"wp-block-heading\">Kluczowe bran\u017ce<\/h2>\n\n\n\n<p>Na wyspie obecne s\u0105 Si\u0142y Zbrojne Stan\u00f3w Zjednoczonych, a wydatki z tego sektora cz\u0119\u015bciowo wspieraj\u0105 gospodark\u0119 Guam.<\/p>\n\n\n\n<p>Turystyka jest najpr\u0119\u017cniejszym sektorem w kraju. Jest r\u00f3wnie\u017c najszybciej rozwijaj\u0105cym si\u0119; turystyka zapewnia tysi\u0105ce miejsc pracy na wyspie. Ponad milion turyst\u00f3w odwiedza kraj ka\u017cdego roku.<\/p>\n\n\n\n<p>These two <a href=\"https:\/\/www.sisinternational.com\/pl\/industry-forecast\/industrial-sector-forecast\/\" title=\"Industrial Sector Forecast\"  data-wpil-monitor-id=\"10145\">sectors also help the construction industry<\/a>. The construction sector benefits from the upkeep of the US military bases. It is also needed to build and maintain the hotels and resorts in Guam.<\/p>\n\n\n\n<p>Inne wa\u017cne ga\u0142\u0119zie przemys\u0142u na Guam to hodowla drobiu i wyka\u0144czanie odzie\u017cy.<\/p>\n\n\n\n<p>Najwi\u0119kszymi towarami eksportowymi Guamu s\u0105 z\u0142om \u017celazny, baterie elektryczne i kosmetyki. Ich g\u0142\u00f3wnymi partnerami eksportowymi s\u0105 Korea Po\u0142udniowa, Hongkong i Australia.<\/p>\n\n\n\n<p>Some of the country\u2019s <a href=\"https:\/\/www.sisinternational.com\/pl\/ekspertyza\/branze\/badania-rynku-oswietlenia-samochodowego\/jak-wazne-sa-adas-dla-kierowcow-samochodow\/\" title=\"Jak wa\u017cne s\u0105 systemy ADAS dla kierowc\u00f3w samochod\u00f3w\"  data-wpil-monitor-id=\"1889\">imports are cars<\/a>, food, and oil. Some import partners are Japan, Malaysia, and Singapore.<\/p>\n\n\n\n<h2 class=\"wp-block-heading\">Osiedla<\/h2>\n\n\n\n<p>Stolic\u0105 Guam jest Hagatna, kt\u00f3ra jest centralnym w\u0119z\u0142em wyspy. Jest tam siedziba trzech ga\u0142\u0119zi rz\u0105du. Hagatna jest r\u00f3wnie\u017c siedzib\u0105 Ko\u015bcio\u0142a katolickiego, kt\u00f3ry jest g\u0142\u00f3wn\u0105 wiar\u0105 religijn\u0105 na wyspie.<\/p>\n\n\n\n<p>Dededo jest drug\u0105 co do wielko\u015bci wiosk\u0105 na Guam. Zar\u00f3wno tury\u015bci, jak i miejscowi uwielbiaj\u0105 odwiedza\u0107 kryty park rozrywki i centrum handlowe.<\/p>\n\n\n\n<h2 class=\"wp-block-heading\">Trendy<\/h2>\n\n\n\n<p>Wzrost Guam by\u0142 stabilny przez ostatnie dziesi\u0119\u0107 lat. Bazy USA na wyspie przynosz\u0105 korzy\u015bci zar\u00f3wno sektorowi publicznemu, jak i prywatnemu. Na przyk\u0142ad US Navy udziela kontrakt\u00f3w sektorowi budowlanemu. Zapewniaj\u0105 r\u00f3wnie\u017c obywatelom kilka miejsc pracy.<\/p>\n\n\n\n<p>Obecnie wi\u0119kszy nacisk k\u0142adzie si\u0119 na sztuk\u0119 ludow\u0105 i r\u0119kodzie\u0142o. Grupy publiczne i prywatne robi\u0105 wi\u0119cej, aby promowa\u0107 ten sektor. Dlatego zar\u00f3wno miejscowi, jak i tury\u015bci chodz\u0105 na wydarzenia i wydaj\u0105 pieni\u0105dze na r\u0119kodzie\u0142o.<\/p>\n\n\n\n<p>Wreszcie, poziom rozwoju wyspy przyci\u0105ga wielu turyst\u00f3w z regionu.<\/p>\n\n\n\n<h2 class=\"wp-block-heading\">Korzy\u015bci i mocne strony na rynku<\/h2>\n\n\n\n<p>Guam ma stabiln\u0105 gospodark\u0119. Walut\u0105 na wyspie jest dolar ameryka\u0144ski.<\/p>\n\n\n\n<p>Rz\u0105d Guam chce zabezpieczy\u0107 swoj\u0105 bran\u017c\u0119 turystyczn\u0105 na przysz\u0142o\u015b\u0107. Istniej\u0105 plany rozwoju tego sektora, aby Guam sta\u0142 si\u0119 g\u0142\u00f3wn\u0105 atrakcj\u0105 turystyczn\u0105. Rz\u0105d pracuje nad przekszta\u0142ceniem Hagatny w Wiosk\u0119 Kulturaln\u0105. Po uko\u0144czeniu b\u0119dzie pe\u0142na atrakcji dla turyst\u00f3w. Dlatego inwestorzy ze \u015bwie\u017cymi pomys\u0142ami s\u0105 mile widziani.<\/p>\n\n\n\n<p>Rynek jest r\u00f3wnie\u017c zr\u00f3\u017cnicowany. Istnieje wiele sektor\u00f3w, z kt\u00f3rych inwestorzy mog\u0105 czerpa\u0107 zyski. Ponadto rz\u0105d ma program zach\u0119t dla inwestor\u00f3w. Niekt\u00f3re zach\u0119ty dotycz\u0105 podatk\u00f3w, handlu i turystyki.<\/p>\n\n\n\n<h2 class=\"wp-block-heading\">Baza konsument\u00f3w<\/h2>\n\n\n\n<p>Oko\u0142o jedna czwarta populacji \u017cyje poni\u017cej granicy ub\u00f3stwa.<\/p>\n\n\n\n<p>Mimo to mieszka\u0144cy Guam maj\u0105 wiele us\u0142ug zdrowotnych do wyboru. Na wyspie znajduj\u0105 si\u0119 szpitale i kliniki publiczne, prywatne i wojskowe.<\/p>\n\n\n\n<p>Kraj jest bezpieczny zar\u00f3wno dla mieszka\u0144c\u00f3w, jak i turyst\u00f3w.<\/p>\n\n\n\n<h2 class=\"wp-block-heading\">Reasons to Grow Your Business in Guam<\/h2>\n\n\n\n<p>Budynki i us\u0142ugi na Guam spe\u0142niaj\u0105 standardy USA. Inwestorzy maj\u0105 dost\u0119p do dobrych us\u0142ug telekomunikacyjnych, finansowych i transportowych.<\/p>\n\n\n\n<p>Edukacja jest bezp\u0142atna w wieku od 6 do 16 lat. Jest te\u017c uniwersytet oferuj\u0105cy czteroletnie programy magisterskie. Guam ma wi\u0119c wykwalifikowan\u0105 i wykszta\u0142con\u0105 klas\u0119 robotnicz\u0105.<\/p>\n\n\n\n<p>Wreszcie, ich rynek handlowy jest szeroki i stabilny. Rz\u0105d jest r\u00f3wnie\u017c otwarty na inwestycje, poniewa\u017c wzmacnia sektory i tworzy miejsca pracy dla ludzi.<\/p>\n\n\n\n<h2 class=\"wp-block-heading\">O badaniach rynkowych na Guam<\/h2>\n\n\n\n<p>Business owners and investors must do Strategic <a href=\"https:\/\/www.sisinternational.com\/pl\/ekspertyza\/branze\/menswear-market-research\/\" title=\"Badania rynku odzie\u017cy m\u0119skiej\"  data-wpil-monitor-id=\"3722\">Research before they enter the market<\/a>. Doing <a href=\"https:\/\/www.sisinternational.com\/pl\/rozwiazania\/rozwiazania-w-zakresie-badan-jakosciowych-i-ilosciowych\/rekrutacja-do-badan-jakosciowych\/\" title=\"Rekrutacja do bada\u0144 jako\u015bciowych\"  data-wpil-monitor-id=\"10143\">Qualitative and Quantitative Research<\/a> allows one to make the best business choices.<\/p>\n\n\n\n<p>Guam is a very diverse island. Thus, a <a href=\"https:\/\/www.sisinternational.com\/pl\/top-5-benefits-of-qualitative-market-research-for-businesses\/\" title=\"Top 5 Benefits of Qualitative Market Research for Businesses\"  data-wpil-monitor-id=\"10146\">business owner will benefit<\/a> from Surveys, Focus Groups, and Interviews. These tools will give insight into the <a href=\"https:\/\/www.sisinternational.com\/pl\/ekspertyza\/branze\/indigenous-people-market-research\/\" title=\"Badania rynku rdzennej ludno\u015bci\"  data-wpil-monitor-id=\"10144\">market and the people<\/a>.<\/p>\n\n\n\n<p><\/p>","protected":false},"excerpt":{"rendered":"<p>Market Research in Guam Though self-governing, Guam is a territory of the United States. Its location is in the North Pacific Ocean. Key Industries The US Armed Forces has a presence on the island, and spending from this sector partly supports the economy in Guam. Tourism is the most robust sector in the country. It &#8230; <a title=\"Badania rynku w Guam\" class=\"read-more\" href=\"https:\/\/www.sisinternational.com\/pl\/zasieg\/north-america\/zasieg-usa\/badania-rynku-guam\/\" aria-label=\"Dowiedz si\u0119 wi\u0119cej o Market Research in Guam\">Czytaj dalej<\/a><\/p>","protected":false},"author":1,"featured_media":66541,"parent":19303,"menu_order":58,"comment_status":"closed","ping_status":"closed","template":"","meta":{"footnotes":""},"class_list":["post-39988","page","type-page","status-publish","has-post-thumbnail"],"_links":{"self":[{"href":"https:\/\/www.sisinternational.com\/pl\/wp-json\/wp\/v2\/pages\/39988","targetHints":{"allow":["GET"]}}],"collection":[{"href":"https:\/\/www.sisinternational.com\/pl\/wp-json\/wp\/v2\/pages"}],"about":[{"href":"https:\/\/www.sisinternational.com\/pl\/wp-json\/wp\/v2\/types\/page"}],"author":[{"embeddable":true,"href":"https:\/\/www.sisinternational.com\/pl\/wp-json\/wp\/v2\/users\/1"}],"replies":[{"embeddable":true,"href":"https:\/\/www.sisinternational.com\/pl\/wp-json\/wp\/v2\/comments?post=39988"}],"version-history":[{"count":5,"href":"https:\/\/www.sisinternational.com\/pl\/wp-json\/wp\/v2\/pages\/39988\/revisions"}],"predecessor-version":[{"id":81677,"href":"https:\/\/www.sisinternational.com\/pl\/wp-json\/wp\/v2\/pages\/39988\/revisions\/81677"}],"up":[{"embeddable":true,"href":"https:\/\/www.sisinternational.com\/pl\/wp-json\/wp\/v2\/pages\/19303"}],"wp:featuredmedia":[{"embeddable":true,"href":"https:\/\/www.sisinternational.com\/pl\/wp-json\/wp\/v2\/media\/66541"}],"wp:attachment":[{"href":"https:\/\/www.sisinternational.com\/pl\/wp-json\/wp\/v2\/media?parent=39988"}],"curies":[{"name":"wp","href":"https:\/\/api.w.org\/{rel}","templated":true}]}}