{"id":39903,"date":"2022-02-28T20:01:28","date_gmt":"2022-02-28T20:01:28","guid":{"rendered":"https:\/\/www.sisinternational.com\/?page_id=39903"},"modified":"2026-01-25T19:32:56","modified_gmt":"2026-01-26T00:32:56","slug":"badania-rynku-samoa","status":"publish","type":"page","link":"https:\/\/www.sisinternational.com\/pl\/zasieg\/badania-rynku-azja\/badania-rynku-samoa\/","title":{"rendered":"Badania rynku w Samoa"},"content":{"rendered":"<h1 class=\"wp-block-heading\">Badania rynku w Samoa<\/h1>\n\n\n\n<figure class=\"gb-block-image gb-block-image-106664fb\"><img loading=\"lazy\" decoding=\"async\" width=\"1456\" height=\"816\" class=\"gb-image gb-image-106664fb\" src=\"https:\/\/www.sisinternational.com\/wp-content\/uploads\/2025\/09\/Samoa-4.jpg\" alt=\"SIS Mi\u0119dzynarodowe badania rynku i strategia\" title=\"Samoa (4)\" srcset=\"https:\/\/www.sisinternational.com\/wp-content\/uploads\/2025\/09\/Samoa-4.jpg 1456w, https:\/\/www.sisinternational.com\/wp-content\/uploads\/2025\/09\/Samoa-4-300x168.jpg 300w, https:\/\/www.sisinternational.com\/wp-content\/uploads\/2025\/09\/Samoa-4-1024x574.jpg 1024w, https:\/\/www.sisinternational.com\/wp-content\/uploads\/2025\/09\/Samoa-4-768x430.jpg 768w, https:\/\/www.sisinternational.com\/wp-content\/uploads\/2025\/09\/Samoa-4-18x10.jpg 18w\" sizes=\"auto, (max-width: 1456px) 100vw, 1456px\"><\/figure>\n\n\n\n<p><\/p>\n\n\n\n<p>Po\u0142o\u017cone na Oceanie Spokojnym pa\u0144stwo Samoa sk\u0142ada si\u0119 z dw\u00f3ch du\u017cych wysp i czterech mniejszych. Wyspy w Samoa maj\u0105 pochodzenie wulkaniczne. S\u0105 r\u00f3wnie\u017c inne ni\u017c inne miejsca na \u015bwiecie. Na przyk\u0142ad ca\u0142y kraj ma tylko jedno miasto. Samoa ma swobodn\u0105 atmosfer\u0119, kt\u00f3ra jest doskona\u0142a dla turystyki. Ale ma inne kluczowe ga\u0142\u0119zie przemys\u0142u:<\/p>\n\n\n\n<h2 class=\"wp-block-heading\">Czym s\u0105 badania rynku w Samoa?<\/h2>\n\n\n\n<p><a href=\"https:\/\/www.sisinternational.com\/pl\/zasieg\/badania-rynku-afryka\/badania-rynku-na-mauritiusie-afryka\/\" title=\"Market Research in Mauritius \u2014 Island off Africa&#8217;s East Coast\"  data-wpil-monitor-id=\"5308\">Badania rynku w Samoa<\/a> studies the economic and cultural context of this small island nation in the South Pacific, where community values and sustainability play a significant role in consumer behavior.<\/p>\n\n\n\n<p><strong>Kluczowe aspekty:<\/strong><\/p>\n\n\n\n<ul class=\"wp-block-list\">\n<li><strong>Kontekst ekonomiczny:<\/strong> Gospodarka Samoa opiera si\u0119 na rolnictwie, turystyce i przekazach pieni\u0119\u017cnych. Zrozumienie wsp\u00f3\u0142zale\u017cno\u015bci mi\u0119dzy lokalnymi tradycjami a wsp\u00f3\u0142czesnymi nawykami konsumenckimi jest kluczowe.<\/li>\n\n\n\n<li><strong>Metodologie:<\/strong> Aby uzyska\u0107 wgl\u0105d w preferencje konsument\u00f3w i wp\u0142ywy kulturowe, cz\u0119sto stosuje si\u0119 podej\u015bcia jako\u015bciowe, w tym wywiady i grupy fokusowe.<\/li>\n\n\n\n<li><strong>Wyzwania:<\/strong> Niewielka liczba ludno\u015bci i izolacja geograficzna mog\u0105 ograniczy\u0107 zakres bada\u0144 i dost\u0119pno\u015b\u0107 danych.<\/li>\n\n\n\n<li><strong>Korzy\u015bci:<\/strong> Skuteczne badania rynku pomagaj\u0105 przedsi\u0119biorstwom identyfikowa\u0107 szanse na zr\u00f3wnowa\u017cony rozw\u00f3j i rozumie\u0107 potrzeby lokalnych konsument\u00f3w, co pozwala im dostosowywa\u0107 oferty do potrzeb ludno\u015bci Samoa.<\/li>\n<\/ul>\n\n\n\n<h2 class=\"wp-block-heading\">Kluczowe bran\u017ce<\/h2>\n\n\n\n<p>Rolnictwo jest istotnym elementem gospodarki Samoa. Przyczynia si\u0119 do wzrostu gospodarczego kraju, stanowi\u0105c dwie trzecie ca\u0142ej si\u0142y roboczej. Rolnictwo dostarcza r\u00f3wnie\u017c wi\u0119kszo\u015b\u0107 surowc\u00f3w dla przemys\u0142u wytw\u00f3rczego Samoa.<\/p>\n\n\n\n<p>Rybo\u0142\u00f3wstwo jest niezb\u0119dne dla Samoa\u0144czyk\u00f3w. Ryby s\u0105 wa\u017cnym \u017ar\u00f3d\u0142em po\u017cywienia i towarem eksportowym. Oko\u0142o jedna czwarta gospodarstw domowych Samoa\u0144czyk\u00f3w zarabia na tej bran\u017cy. Ryby s\u0105 r\u00f3wnie\u017c istotnym elementem diety Samoa\u0144czyk\u00f3w.<\/p>\n\n\n\n<h2 class=\"wp-block-heading\">Osiedla<\/h2>\n\n\n\n<p>Apia jest stolic\u0105 (i jedynym) miastem narodu Samoa i le\u017cy 25 mil od lotniska na wybrze\u017cu Upolu. To malownicze miasteczko jest centrum handlowym, rz\u0105dowym i handlowym Samoa. To tak\u017ce \u015bwietna okolica do odwiedzenia lub baza wypadowa podczas zwiedzania wyspy. Chocia\u017c Apia mo\u017ce by\u0107 ma\u0142a, ma sporo restauracji, klub\u00f3w, targ\u00f3w i sklep\u00f3w. S\u0105 tam r\u00f3wnie\u017c atrakcje kulturalne, kt\u00f3re zapewniaj\u0105 turystom rozrywk\u0119 i zaj\u0119cie.<\/p>\n\n\n\n<h2 class=\"wp-block-heading\">Trendy<\/h2>\n\n\n\n<p>Dzi\u0119ki sile medi\u00f3w masowych nap\u0142yw d\u00f3br z zagranicy staje si\u0119 nieuniknionym losem Samoa. Importy nap\u0142ywaj\u0105 do kraju, poniewa\u017c luki handlowe si\u0119 zmniejszy\u0142y. Du\u017ce firmy, a nawet ma\u0142e przedsi\u0119biorstwa sprowadzaj\u0105 towary zagraniczne. Od czasu przyst\u0105pienia do WTO import towar\u00f3w z zagranicy do kraju wzr\u00f3s\u0142. Te zmiany mog\u0105 przynie\u015b\u0107 spo\u0142ecze\u0144stwu lepsze i bezpieczniejsze nawyki konsumenckie.<\/p>\n\n\n\n<h2 class=\"wp-block-heading\">Korzy\u015bci i mocne strony na rynku<\/h2>\n\n\n\n<figure class=\"gb-block-image gb-block-image-359f3e64\"><img loading=\"lazy\" decoding=\"async\" width=\"1456\" height=\"816\" class=\"gb-image gb-image-359f3e64\" src=\"https:\/\/www.sisinternational.com\/wp-content\/uploads\/2025\/09\/Samoa-2.jpg\" alt=\"SIS Mi\u0119dzynarodowe badania rynku i strategia\" title=\"Samoa (2)\" srcset=\"https:\/\/www.sisinternational.com\/wp-content\/uploads\/2025\/09\/Samoa-2.jpg 1456w, https:\/\/www.sisinternational.com\/wp-content\/uploads\/2025\/09\/Samoa-2-300x168.jpg 300w, https:\/\/www.sisinternational.com\/wp-content\/uploads\/2025\/09\/Samoa-2-1024x574.jpg 1024w, https:\/\/www.sisinternational.com\/wp-content\/uploads\/2025\/09\/Samoa-2-768x430.jpg 768w, https:\/\/www.sisinternational.com\/wp-content\/uploads\/2025\/09\/Samoa-2-18x10.jpg 18w\" sizes=\"auto, (max-width: 1456px) 100vw, 1456px\"><\/figure>\n\n\n\n<p><\/p>\n\n\n\n<p>Rz\u0105d Samoa pr\u00f3buje pobudzi\u0107 zagraniczne i lokalne inwestycje. Oferuje stabilny system polityczny oparty na silnych strukturach i warto\u015bciach spo\u0142ecznych i kulturowych. Samoa ma r\u00f3wnie\u017c wyszkolon\u0105, produktywn\u0105 i elastyczn\u0105 si\u0142\u0119 robocz\u0105, kt\u00f3ra dobrze komunikuje si\u0119 po angielsku. Gospodarka jest dobrze zarz\u0105dzana, z niskimi kosztami pracy i korzystnym kursem wymiany. Samoa zapewnia dobre \u015brodowisko inwestycyjne.<\/p>\n\n\n\n<h2 class=\"wp-block-heading\">Baza konsument\u00f3w<\/h2>\n\n\n\n<p>Si\u0142a zarobkowa nap\u0119dza popyt na produkty w Samoa. Zdolno\u015b\u0107 Samoa\u0144czyk\u00f3w do zdobywania g\u0142\u00f3wnych miejsc i zwi\u0119kszania ruchu w sklepach r\u00f3wnie\u017c pomaga w osi\u0105ganiu zysk\u00f3w. Firmy musz\u0105 dostarcza\u0107 wysokiej jako\u015bci produkty, aby zabezpieczy\u0107 swoje miejsce na rynku. Ma\u0142e firmy mog\u0105 r\u00f3wnie\u017c stanowi\u0107 zagro\u017cenie dla wi\u0119kszych, je\u015bli produkuj\u0105 wyj\u0105tkowe przedmioty. Firmy z dobr\u0105 obs\u0142ug\u0105 klienta maj\u0105 tendencj\u0119 do wygrywania w swoim biznesie.<\/p>\n\n\n\n<h2 class=\"wp-block-heading\">Pow\u00f3d, dla kt\u00f3rego warto rozwija\u0107 sw\u00f3j biznes na rynku samoa\u0144skim<\/h2>\n\n\n\n<p>Samoa jest idealnym miejscem dla inwestor\u00f3w z ca\u0142ego \u015bwiata. Jest \u015bwietne do inwestowania. Rzeczywi\u015bcie, \u015bwiat wie, \u017ce ten kraj jest spokojny, a gospodarka jest zawsze stabilna. Prawo Samoa pomaga r\u00f3wnie\u017c tworzy\u0107 najlepsze warunki dla inwestor\u00f3w na ca\u0142ym \u015bwiecie. Ponadto, jego po\u0142o\u017cenie w sercu Pacyfiku sprawia, \u017ce jest to wa\u017cne ogniwo \u0142\u0105cz\u0105ce kontynenty Australii, Azji i Ameryki. Samoa b\u0119dzie idealnym punktem zapalnym, je\u015bli chcesz rozszerzy\u0107 rynek swojej firmy na Oceani\u0119.<\/p>\n\n\n\n<h2 class=\"wp-block-heading\">W jaki spos\u00f3b badania rynku SIS International w Samoa pomagaj\u0105 firmom<\/h2>\n\n\n\n<p>SIS International provides expert <a href=\"https:\/\/www.sisinternational.com\/pl\/zasieg\/badania-rynku-azja\/market-research-the-cook-islands\/\" title=\"Badania rynku na Wyspach Cooka\"  data-wpil-monitor-id=\"5739\">market research in Samoa<\/a> to help businesses navigate the unique opportunities and challenges of this Pacific Island nation. Samoa offers significant potential in tourism, agriculture, and sustainable development, and our market research ensures businesses have the insights needed to succeed. Here are the key benefits of working with SIS in Samoa:<\/p>\n\n\n\n<ul class=\"wp-block-list\">\n<li><strong>Ulepszone planowanie strategiczne<\/strong>:Nasze badania rynku na Samoa dostarczaj\u0105 istotnych informacji na temat lokalnych trend\u00f3w rynkowych, wymog\u00f3w regulacyjnych i zachowa\u0144 konsument\u00f3w, pomagaj\u0105c przedsi\u0119biorstwom w opracowaniu skutecznych strategii dostosowanych do dynamiki rynku Samoa.<\/li>\n\n\n\n<li><strong>Zwi\u0119kszone przychody<\/strong>:Identyfikuj\u0105c kluczowe sektory wzrostu, takie jak ekoturystyka, rolnictwo i energia odnawialna, SIS pomaga przedsi\u0119biorstwom zoptymalizowa\u0107 wej\u015bcie na rynek i potencja\u0142 przychodowy w rozwijaj\u0105cej si\u0119 gospodarce Samoa.<\/li>\n\n\n\n<li><strong>Redukcja ryzyka<\/strong>: Poruszanie si\u0119 w \u015brodowisku regulacyjnym i zrozumienie lokalnych niuans\u00f3w kulturowych mo\u017ce by\u0107 trudne. SIS International zapewnia dog\u0142\u0119bn\u0105 wiedz\u0119 na temat prawnego i biznesowego krajobrazu Samoa, minimalizuj\u0105c ryzyko dla firm wchodz\u0105cych na ten rynek.<\/li>\n\n\n\n<li><strong>Poprawiona efektywno\u015b\u0107 marketingu<\/strong>:Badania rynku na Samoa, k\u0142ad\u0105ce szczeg\u00f3lny nacisk na ekoturystyk\u0119 i zr\u00f3wnowa\u017cony rozw\u00f3j, pomagaj\u0105 przedsi\u0119biorstwom w opracowywaniu ukierunkowanych strategii marketingowych, kt\u00f3re znajd\u0105 odd\u017awi\u0119k zar\u00f3wno w\u015br\u00f3d lokalnych konsument\u00f3w, jak i turyst\u00f3w zagranicznych.<\/li>\n\n\n\n<li><strong>Przyspieszony wzrost i innowacja<\/strong>:Rozwijaj\u0105ce si\u0119 sektory Samoa, zw\u0142aszcza w zr\u00f3wnowa\u017conej turystyce i rolnictwie, oferuj\u0105 ekscytuj\u0105ce mo\u017cliwo\u015bci dla firm. SIS pomaga firmom identyfikowa\u0107 te trendy i wprowadza\u0107 innowacje zgodnie z potrzebami lokalnego rynku.<\/li>\n\n\n\n<li><strong>Zwi\u0119kszony zwrot z inwestycji (ROI)<\/strong>:Dzi\u0119ki dostarczaniu praktycznych spostrze\u017ce\u0144 i dostosowanych rekomendacji SIS gwarantuje, \u017ce firmy inwestuj\u0105ce na Samoa maksymalizuj\u0105 zwrot z inwestycji, co prowadzi do zr\u00f3wnowa\u017conego i dochodowego wzrostu.<\/li>\n<\/ul>\n\n\n\n<h2 class=\"wp-block-heading\"><strong>O firmie SIS International<\/strong><\/h2>\n\n\n\n<p><a href=\"https:\/\/www.sisinternational.com\/pl\/\"><span style=\"font-weight: 400;\">SIS Mi\u0119dzynarodowy<\/span><\/a><span style=\"font-weight: 400;\"> oferuje badania ilo\u015bciowe, jako\u015bciowe i strategiczne. Dostarczamy dane, narz\u0119dzia, strategie, raporty i spostrze\u017cenia do podejmowania decyzji. Prowadzimy r\u00f3wnie\u017c wywiady, ankiety, grupy fokusowe i inne metody i podej\u015bcia do bada\u0144 rynku.<\/span><a href=\"https:\/\/www.sisinternational.com\/pl\/o-moich-miedzynarodowych-badaniach\/contact-sis-international-market-research\/\"><span style=\"font-weight: 400;\"> Skontaktuj si\u0119 z nami<\/span><\/a><span style=\"font-weight: 400;\"> dla Twojego kolejnego projektu badania rynku.<\/span><\/p>\n\n\n\n<p><\/p>","protected":false},"excerpt":{"rendered":"<p>Market Research in Samoa Located in the Pacific Ocean, the nation of Samoa comprises two large islands and four smaller ones. The islands in Samoa are of volcanic origin. They are also unlike other places in the world. For example, the entire country has only one city. Samoa has a relaxed vibe, which is excellent &#8230; <a title=\"Badania rynku w Samoa\" class=\"read-more\" href=\"https:\/\/www.sisinternational.com\/pl\/zasieg\/badania-rynku-azja\/badania-rynku-samoa\/\" aria-label=\"Dowiedz si\u0119 wi\u0119cej o Market Research in Samoa\">Czytaj dalej<\/a><\/p>","protected":false},"author":1,"featured_media":65602,"parent":14508,"menu_order":40,"comment_status":"closed","ping_status":"closed","template":"","meta":{"footnotes":""},"class_list":["post-39903","page","type-page","status-publish","has-post-thumbnail"],"_links":{"self":[{"href":"https:\/\/www.sisinternational.com\/pl\/wp-json\/wp\/v2\/pages\/39903","targetHints":{"allow":["GET"]}}],"collection":[{"href":"https:\/\/www.sisinternational.com\/pl\/wp-json\/wp\/v2\/pages"}],"about":[{"href":"https:\/\/www.sisinternational.com\/pl\/wp-json\/wp\/v2\/types\/page"}],"author":[{"embeddable":true,"href":"https:\/\/www.sisinternational.com\/pl\/wp-json\/wp\/v2\/users\/1"}],"replies":[{"embeddable":true,"href":"https:\/\/www.sisinternational.com\/pl\/wp-json\/wp\/v2\/comments?post=39903"}],"version-history":[{"count":7,"href":"https:\/\/www.sisinternational.com\/pl\/wp-json\/wp\/v2\/pages\/39903\/revisions"}],"predecessor-version":[{"id":79430,"href":"https:\/\/www.sisinternational.com\/pl\/wp-json\/wp\/v2\/pages\/39903\/revisions\/79430"}],"up":[{"embeddable":true,"href":"https:\/\/www.sisinternational.com\/pl\/wp-json\/wp\/v2\/pages\/14508"}],"wp:featuredmedia":[{"embeddable":true,"href":"https:\/\/www.sisinternational.com\/pl\/wp-json\/wp\/v2\/media\/65602"}],"wp:attachment":[{"href":"https:\/\/www.sisinternational.com\/pl\/wp-json\/wp\/v2\/media?parent=39903"}],"curies":[{"name":"wp","href":"https:\/\/api.w.org\/{rel}","templated":true}]}}