{"id":39896,"date":"2022-02-28T19:28:37","date_gmt":"2022-02-28T19:28:37","guid":{"rendered":"https:\/\/www.sisinternational.com\/?page_id=39896"},"modified":"2025-09-23T20:41:42","modified_gmt":"2025-09-24T00:41:42","slug":"republic-kiribati","status":"publish","type":"page","link":"https:\/\/www.sisinternational.com\/pl\/zasieg\/badania-rynku-azja\/republic-kiribati\/","title":{"rendered":"Badania rynku w Republice Kiribati"},"content":{"rendered":"<h1 class=\"wp-block-heading\">Badania rynku w Republice Kiribati<\/h1>\n\n\n\n<figure class=\"gb-block-image gb-block-image-4b3a7670\"><img loading=\"lazy\" decoding=\"async\" width=\"1456\" height=\"816\" class=\"gb-image gb-image-4b3a7670\" src=\"https:\/\/www.sisinternational.com\/wp-content\/uploads\/2025\/09\/Kiribati-4.jpg\" alt=\"SIS Mi\u0119dzynarodowe badania rynku i strategia\" title=\"Kiribati (4)\" srcset=\"https:\/\/www.sisinternational.com\/wp-content\/uploads\/2025\/09\/Kiribati-4.jpg 1456w, https:\/\/www.sisinternational.com\/wp-content\/uploads\/2025\/09\/Kiribati-4-300x168.jpg 300w, https:\/\/www.sisinternational.com\/wp-content\/uploads\/2025\/09\/Kiribati-4-1024x574.jpg 1024w, https:\/\/www.sisinternational.com\/wp-content\/uploads\/2025\/09\/Kiribati-4-768x430.jpg 768w, https:\/\/www.sisinternational.com\/wp-content\/uploads\/2025\/09\/Kiribati-4-18x10.jpg 18w\" sizes=\"auto, (max-width: 1456px) 100vw, 1456px\"><\/figure>\n\n\n\n<p><\/p>\n\n\n\n<p>The Republic of Kiribati (Ki. ri. bas) is an island nation in the Pacific Ocean. It consists of 33 islands. But people only live on 20 of them. People live on the 16 Gilbert Islands and the 3 of the Line Islands. The Line Islands are, for the most part, reefs and atolls.<\/p>\n\n\n\n<h2 class=\"wp-block-heading\">Osiedla<\/h2>\n\n\n\n<p>The capital of Kiribati is Tarawa. It is a string of islands connected by causeways and a road. Tarawa is the most developed area among the islands. Thus, many people move from the other islands to the capital.<\/p>\n\n\n\n<p>In the urban areas, the people <a href=\"https:\/\/www.sisinternational.com\/pl\/ekspertyza\/branze\/green-building-materials-market-research\/\" title=\"Badania rynku materia\u0142\u00f3w budowlanych ekologicznych\"  data-wpil-monitor-id=\"10295\">build their houses with materials<\/a> such as blocks and concrete. But in the villages, the houses have thatched roofs and raised floors. There are also Western-style churches and hospitals throughout the island.<\/p>\n\n\n\n<h2 class=\"wp-block-heading\">Kluczowe bran\u017ce<\/h2>\n\n\n\n<p>Agriculture is a key industry on the islands. Some of the main crops grown on the islands are copra, breadfruit, and sweet potato.<\/p>\n\n\n\n<p>Fishing is also one of the country&#8217;s most important jobs. In the Pacific Ocean, Kiribati is one of the best tuna sources. Finally, <a href=\"https:\/\/www.sisinternational.com\/pl\/rozwiazania\/badania-rynku-i-doradztwo-strategiczne-w-zakresie-sztucznej-inteligencji\/ai-adoption-travel-hospitality-tourism-industry-consulting\/\" title=\"Wdra\u017canie AI w bran\u017cy podr\u00f3\u017cy, hotelarstwa i turystyki Konsultacje\"  data-wpil-monitor-id=\"10296\">tourism is a major industry<\/a>. It creates thousands of jobs.<\/p>\n\n\n\n<p>Exports help to support the economy. For example, the government owns the most prominent agricultural company on the island. Copra is their biggest export crop. Some of the countries they export to are Taiwan, Australia, and Morocco.<\/p>\n\n\n\n<p>It\u2019s also essential to look at imports. The country brings in much food. Oil, rice, and vehicles are some of the most popular items. They import from countries such as Australia, Japan, and Singapore.<\/p>\n\n\n\n<h2 class=\"wp-block-heading\">Trendy<\/h2>\n\n\n\n<p>Kiribati uses the Australian currency. There was strong fiscal growth in recent years, followed by a decline. The economy is trending upward again.<\/p>\n\n\n\n<p>The increased population has created a larger workforce. Yet, the country&#8217;s narrow economic base prevents job creation, resulting in many unemployed people.<\/p>\n\n\n\n<p>Furthermore, the country is near the equator, making it a good place for satellite telemetry and spacecraft launching. National and transnational space companies invest in space projects, which bring jobs and capital to the country.<\/p>\n\n\n\n<h2 class=\"wp-block-heading\">Korzy\u015bci i mocne strony na rynku<\/h2>\n\n\n\n<figure class=\"gb-block-image gb-block-image-fb63ddf6\"><img loading=\"lazy\" decoding=\"async\" width=\"1456\" height=\"816\" class=\"gb-image gb-image-fb63ddf6\" src=\"https:\/\/www.sisinternational.com\/wp-content\/uploads\/2025\/09\/Kiribati-1.jpg\" alt=\"SIS Mi\u0119dzynarodowe badania rynku i strategia\" title=\"Kiribati (1)\" srcset=\"https:\/\/www.sisinternational.com\/wp-content\/uploads\/2025\/09\/Kiribati-1.jpg 1456w, https:\/\/www.sisinternational.com\/wp-content\/uploads\/2025\/09\/Kiribati-1-300x168.jpg 300w, https:\/\/www.sisinternational.com\/wp-content\/uploads\/2025\/09\/Kiribati-1-1024x574.jpg 1024w, https:\/\/www.sisinternational.com\/wp-content\/uploads\/2025\/09\/Kiribati-1-768x430.jpg 768w, https:\/\/www.sisinternational.com\/wp-content\/uploads\/2025\/09\/Kiribati-1-18x10.jpg 18w\" sizes=\"auto, (max-width: 1456px) 100vw, 1456px\"><\/figure>\n\n\n\n<p><\/p>\n\n\n\n<p>The tourism, handicraft, and fishing industries are the best entry point for investors.<\/p>\n\n\n\n<p>Some of the private sector entities on the island are small. With more investments, the clothing, furniture, and beverage industries will grow. This will also employ skilled people and create more jobs.<\/p>\n\n\n\n<p>Investment in the capital will promote the development of the other islands. It will also lead to better industries and more exports. Citizens will welcome commercial engagement in the public sector. It will give people more options and create healthy competition.<\/p>\n\n\n\n<h2 class=\"wp-block-heading\">Baza konsument\u00f3w<\/h2>\n\n\n\n<p>Kiribati is a lower-middle-income country. The island&#8217;s economy is reviving, and the government plans to <a href=\"https:\/\/www.sisinternational.com\/pl\/rozwiazania\/podroze-turystyka-hotelarstwo-doradztwo\/tourism-development-consulting\/\" title=\"Doradztwo w zakresie rozwoju turystyki\"  data-wpil-monitor-id=\"10298\">develop the tourism<\/a> sector.<\/p>\n\n\n\n<p>Still, close to a quarter of the people live below the poverty line. The country has few employment prospects. However, many people with jobs have started living an urban lifestyle, thus increasing the cost of living.<\/p>\n\n\n\n<h2 class=\"wp-block-heading\">Reasons to Grow Your Business<\/h2>\n\n\n\n<p>Kiribati has a large labor force for tourism investors. Furthermore, the islands in the chain bring all kinds of tourist attractions. There is a <a href=\"https:\/\/www.sisinternational.com\/pl\/becoming-a-hidden-champion-in-niche-marketing\/\" title=\"Hidden Champions Marketing Strategy and Niche Marketing\"  data-wpil-monitor-id=\"10297\">market for both niche<\/a> and more common commercial attractions. The government is also raising the people&#8217;s education levels. This project will create a better workforce for investors.<\/p>\n\n\n\n<p>Finally, long-term investment is needed. Such investment will create more jobs, lower the poverty level, and increase the island&#8217;s development.<\/p>\n\n\n\n<h2 class=\"wp-block-heading\"><strong>O firmie SIS International<\/strong><\/h2>\n\n\n\n<p><a href=\"https:\/\/www.sisinternational.com\/pl\/\"><span style=\"font-weight: 400;\">SIS Mi\u0119dzynarodowy<\/span><\/a><span style=\"font-weight: 400;\"> offers Quantitative, Qualitative, and Strategy Research. We provide data, tools, strategies, reports, and insights for decision-making. We also conduct interviews, surveys, focus groups, and other <a href=\"https:\/\/www.sisinternational.com\/pl\/quantitative-market-research-methods-and-techniques\/\" title=\"Quantitative Market Research Methods and Techniques\"  data-wpil-monitor-id=\"10294\">Market Research methods<\/a> and approaches.<\/span><a href=\"https:\/\/www.sisinternational.com\/pl\/o-moich-miedzynarodowych-badaniach\/contact-sis-international-market-research\/\"><span style=\"font-weight: 400;\"> Skontaktuj si\u0119 z nami<\/span><\/a><span style=\"font-weight: 400;\"> dla Twojego kolejnego projektu badania rynku.<\/span><\/p>\n\n\n\n<p><\/p>","protected":false},"excerpt":{"rendered":"<p>Market Research in the Republic of Kiribati The Republic of Kiribati (Ki. ri. bas) is an island nation in the Pacific Ocean. It consists of 33 islands. But people only live on 20 of them. People live on the 16 Gilbert Islands and the 3 of the Line Islands. The Line Islands are, for the &#8230; <a title=\"Badania rynku w Republice Kiribati\" class=\"read-more\" href=\"https:\/\/www.sisinternational.com\/pl\/zasieg\/badania-rynku-azja\/republic-kiribati\/\" aria-label=\"Dowiedz si\u0119 wi\u0119cej o Market Research in the Republic of Kiribati\">Czytaj dalej<\/a><\/p>","protected":false},"author":1,"featured_media":65691,"parent":14508,"menu_order":37,"comment_status":"closed","ping_status":"closed","template":"","meta":{"footnotes":""},"class_list":["post-39896","page","type-page","status-publish","has-post-thumbnail"],"_links":{"self":[{"href":"https:\/\/www.sisinternational.com\/pl\/wp-json\/wp\/v2\/pages\/39896","targetHints":{"allow":["GET"]}}],"collection":[{"href":"https:\/\/www.sisinternational.com\/pl\/wp-json\/wp\/v2\/pages"}],"about":[{"href":"https:\/\/www.sisinternational.com\/pl\/wp-json\/wp\/v2\/types\/page"}],"author":[{"embeddable":true,"href":"https:\/\/www.sisinternational.com\/pl\/wp-json\/wp\/v2\/users\/1"}],"replies":[{"embeddable":true,"href":"https:\/\/www.sisinternational.com\/pl\/wp-json\/wp\/v2\/comments?post=39896"}],"version-history":[{"count":4,"href":"https:\/\/www.sisinternational.com\/pl\/wp-json\/wp\/v2\/pages\/39896\/revisions"}],"predecessor-version":[{"id":81699,"href":"https:\/\/www.sisinternational.com\/pl\/wp-json\/wp\/v2\/pages\/39896\/revisions\/81699"}],"up":[{"embeddable":true,"href":"https:\/\/www.sisinternational.com\/pl\/wp-json\/wp\/v2\/pages\/14508"}],"wp:featuredmedia":[{"embeddable":true,"href":"https:\/\/www.sisinternational.com\/pl\/wp-json\/wp\/v2\/media\/65691"}],"wp:attachment":[{"href":"https:\/\/www.sisinternational.com\/pl\/wp-json\/wp\/v2\/media?parent=39896"}],"curies":[{"name":"wp","href":"https:\/\/api.w.org\/{rel}","templated":true}]}}