{"id":39892,"date":"2022-02-28T18:54:17","date_gmt":"2022-02-28T18:54:17","guid":{"rendered":"https:\/\/www.sisinternational.com\/?page_id=39892"},"modified":"2025-09-23T21:29:24","modified_gmt":"2025-09-24T01:29:24","slug":"doradztwo-w-zakresie-wejscia-na-rynek-brazylia","status":"publish","type":"page","link":"https:\/\/www.sisinternational.com\/pl\/zasieg\/latin-america\/badania-rynku-ameryki-lacinskiej\/doradztwo-w-zakresie-wejscia-na-rynek-brazylia\/","title":{"rendered":"Doradztwo w zakresie wej\u015bcia na rynek w Brazylii"},"content":{"rendered":"<h1 class=\"wp-block-heading\">Doradztwo w zakresie wej\u015bcia na rynek w Brazylii<\/h1>\n\n\n\n<figure class=\"gb-block-image gb-block-image-0d58bd31\"><img loading=\"lazy\" decoding=\"async\" width=\"1456\" height=\"816\" class=\"gb-image gb-image-0d58bd31\" src=\"https:\/\/www.sisinternational.com\/wp-content\/uploads\/2025\/09\/Brazil-2.jpg\" alt=\"SIS Mi\u0119dzynarodowe badania rynku i strategia\" title=\"Brazil (2)\" srcset=\"https:\/\/www.sisinternational.com\/wp-content\/uploads\/2025\/09\/Brazil-2.jpg 1456w, https:\/\/www.sisinternational.com\/wp-content\/uploads\/2025\/09\/Brazil-2-300x168.jpg 300w, https:\/\/www.sisinternational.com\/wp-content\/uploads\/2025\/09\/Brazil-2-1024x574.jpg 1024w, https:\/\/www.sisinternational.com\/wp-content\/uploads\/2025\/09\/Brazil-2-768x430.jpg 768w, https:\/\/www.sisinternational.com\/wp-content\/uploads\/2025\/09\/Brazil-2-18x10.jpg 18w\" sizes=\"auto, (max-width: 1456px) 100vw, 1456px\"><\/figure>\n\n\n\n<p><\/p>\n\n\n\n<hr class=\"wp-block-separator has-alpha-channel-opacity is-style-dots\"\/>\n\n\n\n<p>Brazil has the most extensive consumer base and the highest GDP of any South American country. Thus, businesses from many other large economies like to partner with it. This diverse economy has been one of the biggest in the world for some time now. It has an attitude of friendly trade, which helps to drive its success. To add to that, its willingness to trade has led Brazil to become a commercial hub on the world stage. But, as one of the world\u2019s biggest economies, it is not very simple to enter the market. So, any business seeking to move into the Brazilian <a href=\"https:\/\/www.sisinternational.com\/pl\/rozwiazania\/doradztwo-strategiczne\/demand-forecasting-market-research\/\" title=\"Demand Forecasting Market Consulting\"  data-wpil-monitor-id=\"9160\">market needs proper consultation<\/a>. Market entrants need to know how to move around in this complex environment.<\/p>\n\n\n\n<h2 class=\"wp-block-heading\">Dlaczego doradztwo w zakresie wej\u015bcia na rynek w Brazylii jest wa\u017cne?<\/h2>\n\n\n\n<p>Du\u017cy, zr\u00f3\u017cnicowany rynek Brazylii mo\u017ce otworzy\u0107 drzwi dla nowego biznesu. Jednak wielko\u015b\u0107 i z\u0142o\u017cono\u015b\u0107 gospodarki mog\u0105 utrudnia\u0107 poruszanie si\u0119. Niezrozumienie rynku mo\u017ce by\u0107 gorsze dla firmy ni\u017c brak inwestycji. Je\u015bli Twoja firma po\u015bwi\u0119ca czas i energi\u0119 w niew\u0142a\u015bciwych miejscach, mo\u017ce to uniemo\u017cliwi\u0107 Ci osi\u0105gni\u0119cie zysku.<\/p>\n\n\n\n<p>A lot of the complexity of the <a href=\"https:\/\/www.sisinternational.com\/pl\/ekspertyza\/branze\/frontier-market-country-market-research\/\" title=\"Badania rynku granicznego w kraju\"  data-wpil-monitor-id=\"9159\">market comes from the country\u2019s<\/a> tax situation. For example, tax rates can change state to state and city to city. Thus, it is essential that any new business stepping into the market work with a consultant. That consultant should understand the ins and outs of the system. Often, the government works to protect local companies over foreign investors. Knowing how to make the system work for you is a must for any business.<\/p>\n\n\n\n<h2 class=\"wp-block-heading\">Kluczowe stanowiska<\/h2>\n\n\n\n<p>Do godnych uwagi prac nale\u017c\u0105:<\/p>\n\n\n\n<ul class=\"wp-block-list\">\n<li><a href=\"https:\/\/www.sisinternational.com\/pl\/rozwiazania\/sis-global-growth\/emerging-markets-strategy-consulting\/\" title=\"Emerging Markets Strategy Consulting\"  data-wpil-monitor-id=\"9154\">Konsultanci ds. strategii rynkowych<\/a><\/li>\n\n\n\n<li>Analitycy bada\u0144 rynku<\/li>\n\n\n\n<li>T\u0142umacze<\/li>\n\n\n\n<li>Agenci finansowi<\/li>\n<\/ul>\n\n\n\n<h2 class=\"wp-block-heading\">Dlaczego firmy potrzebuj\u0105 doradztwa w zakresie wej\u015bcia na rynek w Brazylii<\/h2>\n\n\n\n<p>Brazil has a massive economy and a good trade relationship with the US. These factors have allowed it to build up its business sector. Many companies from there have become very successful worldwide. And because of that, Brazil now has at least a dozen companies worth over&nbsp;1 billion dollars. In recent years, Brazil has started to move more pro-business. As a result, businesses should move into the Brazilian market. Still, the priority is on local firms, and it can be somewhat tricky for foreign firms to get adjusted. So, businesses need to do <a href=\"https:\/\/www.sisinternational.com\/pl\/rozwiazania\/sis-global-growth\/market-entry-strategy\/\" title=\"Market Entry Consulting\"  data-wpil-monitor-id=\"9153\">market entry consulting<\/a> for a smooth transition into Brazil. The ease of that will make or break a company\u2019s chances.<\/p>\n\n\n\n<h2 class=\"wp-block-heading\">Kluczowe czynniki sukcesu<\/h2>\n\n\n\n<p>As stated, Brazil is one of the largest economies in the world and is essential to the trade of many nations. Thus, many research firms have invested time and money researching its market. Any business looking to make an intelligent market strategy will need <a href=\"https:\/\/www.sisinternational.com\/pl\/ekspertyza\/branze\/training-data-market-research\/\" title=\"Dane szkoleniowe Badania rynku\"  data-wpil-monitor-id=\"9155\">market research data<\/a>. It\u2019s good to look upon what others may have found in their research, but it\u2019s also vital that you do your own. You can do it with your market surveys or by using the info from foreign trade firms.<\/p>\n\n\n\n<p>In the modern age, we have a lot more options. So, using advances in IT is going to be very helpful. A traditional <a href=\"https:\/\/www.sisinternational.com\/pl\/rozwiazania\/rozwiazania-w-zakresie-badan-jakosciowych-i-ilosciowych\/human-factors-market-research\/\" title=\"Badania rynku czynnik\u00f3w ludzkich\"  data-wpil-monitor-id=\"9158\">market research project using humans<\/a> may take months. In contrast, an algorithm can finish it in a fraction of the time. It saves time, money, and effort, so there\u2019s plenty of reason to use it. The benefits are clear as day.<\/p>\n\n\n\n<h2 class=\"wp-block-heading\">O doradztwie w zakresie wej\u015bcia na rynek w Brazylii<\/h2>\n\n\n\n<p>When doing market entry consulting in Brazil, there is a need to get a good idea of the marketplace. So, we would use <a href=\"https:\/\/www.sisinternational.com\/pl\/rozwiazania\/rozwiazania-w-zakresie-badan-jakosciowych-i-ilosciowych\/chaid-analysis-market-research\/\" title=\"Analiza CHAID Badania rynku\"  data-wpil-monitor-id=\"9157\">market research to get an in-depth analysis<\/a>. Using qualitative and <a href=\"https:\/\/www.sisinternational.com\/pl\/quantitative-market-research-methods-and-techniques\/\" title=\"Quantitative Market Research Methods and Techniques\"  data-wpil-monitor-id=\"9156\">quantitative research methods<\/a> is crucial to your success. Or, firms can take a more personal approach and use interviews, focus groups, and surveys. These tools will all give you a better idea of what the Brazilian customer wants.<\/p>\n\n\n\n<p><\/p>","protected":false},"excerpt":{"rendered":"<p>Market Entry Consulting in Brazil Brazil has the most extensive consumer base and the highest GDP of any South American country. Thus, businesses from many other large economies like to partner with it. This diverse economy has been one of the biggest in the world for some time now. It has an attitude of friendly &#8230; <a title=\"Doradztwo w zakresie wej\u015bcia na rynek w Brazylii\" class=\"read-more\" href=\"https:\/\/www.sisinternational.com\/pl\/zasieg\/latin-america\/badania-rynku-ameryki-lacinskiej\/doradztwo-w-zakresie-wejscia-na-rynek-brazylia\/\" aria-label=\"Dowiedz si\u0119 wi\u0119cej o Market Entry Consulting in Brazil\">Czytaj dalej<\/a><\/p>","protected":false},"author":1,"featured_media":66216,"parent":14351,"menu_order":21,"comment_status":"closed","ping_status":"closed","template":"","meta":{"footnotes":""},"class_list":["post-39892","page","type-page","status-publish","has-post-thumbnail"],"_links":{"self":[{"href":"https:\/\/www.sisinternational.com\/pl\/wp-json\/wp\/v2\/pages\/39892","targetHints":{"allow":["GET"]}}],"collection":[{"href":"https:\/\/www.sisinternational.com\/pl\/wp-json\/wp\/v2\/pages"}],"about":[{"href":"https:\/\/www.sisinternational.com\/pl\/wp-json\/wp\/v2\/types\/page"}],"author":[{"embeddable":true,"href":"https:\/\/www.sisinternational.com\/pl\/wp-json\/wp\/v2\/users\/1"}],"replies":[{"embeddable":true,"href":"https:\/\/www.sisinternational.com\/pl\/wp-json\/wp\/v2\/comments?post=39892"}],"version-history":[{"count":3,"href":"https:\/\/www.sisinternational.com\/pl\/wp-json\/wp\/v2\/pages\/39892\/revisions"}],"predecessor-version":[{"id":81532,"href":"https:\/\/www.sisinternational.com\/pl\/wp-json\/wp\/v2\/pages\/39892\/revisions\/81532"}],"up":[{"embeddable":true,"href":"https:\/\/www.sisinternational.com\/pl\/wp-json\/wp\/v2\/pages\/14351"}],"wp:featuredmedia":[{"embeddable":true,"href":"https:\/\/www.sisinternational.com\/pl\/wp-json\/wp\/v2\/media\/66216"}],"wp:attachment":[{"href":"https:\/\/www.sisinternational.com\/pl\/wp-json\/wp\/v2\/media?parent=39892"}],"curies":[{"name":"wp","href":"https:\/\/api.w.org\/{rel}","templated":true}]}}