{"id":39815,"date":"2022-01-28T18:52:57","date_gmt":"2022-01-28T18:52:57","guid":{"rendered":"https:\/\/www.sisinternational.com\/?page_id=39815"},"modified":"2026-01-26T16:54:15","modified_gmt":"2026-01-26T21:54:15","slug":"biology-market-research","status":"publish","type":"page","link":"https:\/\/www.sisinternational.com\/pl\/ekspertyza\/biology-market-research\/","title":{"rendered":"Badania rynku biologicznego"},"content":{"rendered":"<h1 class=\"wp-block-heading p1\"><span class=\"s1\">Badania rynku biologicznego<\/span><\/h1>\n\n\n\n<figure class=\"gb-block-image gb-block-image-f720d27e\"><img loading=\"lazy\" decoding=\"async\" width=\"1456\" height=\"816\" class=\"gb-image gb-image-f720d27e\" src=\"https:\/\/www.sisinternational.com\/wp-content\/uploads\/2025\/08\/Hospitan-urgent-care-7.jpg\" alt=\"SIS Mi\u0119dzynarodowe badania rynku i strategia\" title=\"Hospita\u00f1 urgent care (7)\" srcset=\"https:\/\/www.sisinternational.com\/wp-content\/uploads\/2025\/08\/Hospitan-urgent-care-7.jpg 1456w, https:\/\/www.sisinternational.com\/wp-content\/uploads\/2025\/08\/Hospitan-urgent-care-7-300x168.jpg 300w, https:\/\/www.sisinternational.com\/wp-content\/uploads\/2025\/08\/Hospitan-urgent-care-7-1024x574.jpg 1024w, https:\/\/www.sisinternational.com\/wp-content\/uploads\/2025\/08\/Hospitan-urgent-care-7-768x430.jpg 768w, https:\/\/www.sisinternational.com\/wp-content\/uploads\/2025\/08\/Hospitan-urgent-care-7-18x10.jpg 18w\" sizes=\"auto, (max-width: 1456px) 100vw, 1456px\"><\/figure>\n\n\n\n<p><\/p>\n\n\n\n<p class=\"p2\">Biology deals with living things and their life processes. Another definition could be the study of life. \u201cBiology\u201d comes from the Greek word bios, which means life, and also logos, which means study. This prefix and suffix make up the word that we now know today. Living things, in this case, include creatures with one cell, like bacteria and fungi.<\/p>\n\n\n\n<p class=\"p2\">This field is a natural science with a wide range of topics. Yet, it has several further themes. It covers conservation, ecology, evolution, genetics, marine biology, and more. Another <a href=\"https:\/\/www.sisinternational.com\/pl\/zasieg\/ameryka\/zasieg-usa\/key-west-florida-market-research\/\" title=\"Badania rynku Key West Florida\"  data-wpil-monitor-id=\"9368\">key point is that research<\/a> now deals with the everyday habits of living things and their reactions towards cross disciplines.<\/p>\n\n\n\n<h2 class=\"wp-block-heading p3\">Why is Biology Important?<\/h2>\n\n\n\n<p class=\"p2\">This field help improve the lives of living things. Furthermore, this field helps us understand the living world and how it behaves and grows. As a matter of fact, all medical staff, including doctors and nurses, have to study in this area. It\u2019s how they learn how to help animals and humans. It\u2019s essential to learn all about the inner functions of the body. Biology tells us about the organs, blood, reproduction, development, and diseases. We need this knowledge to find cures and for further research. As this field grows, the quality of everyday living will also get better.<\/p>\n\n\n\n<p class=\"p2\">Without biology, we would not understand how diseases and cells mesh. Moreover, without <a href=\"https:\/\/www.sisinternational.com\/pl\/rozwiazania\/rozwiazania-w-zakresie-badan-jakosciowych-i-ilosciowych\/field-service-market-research\/\" title=\"Badania rynku us\u0142ug terenowych\"  data-wpil-monitor-id=\"9367\">research in this field<\/a>, we would have relied on vague ideas of how plants and animals work. We wouldn\u2019t know how cells and bacteria work, so we would use outdated approaches to cure disease.<\/p>\n\n\n\n<h2 class=\"wp-block-heading p3\">Kluczowe stanowiska<\/h2>\n\n\n\n<h3 class=\"wp-block-heading p2\">Some jobs people can do with a degree in this field:<\/h3>\n\n\n\n<ul class=\"wp-block-list ul1\">\n<li>Research scientist<\/li>\n\n\n\n<li>Pharmacologist<\/li>\n\n\n\n<li>Biologist<\/li>\n\n\n\n<li>Nature conservation officer<\/li>\n\n\n\n<li>Government agency worker<\/li>\n<\/ul>\n\n\n\n<p class=\"p2\">The list goes on because biology is one of the broadest subjects there is to study. Biology contains studies from the process of life, right up to the study of the animal as well as plant life. In turn, new jobs are coming about, and also, the jobs now are getting better.<\/p>\n\n\n\n<h2 class=\"wp-block-heading p3\">Why Businesses Need Biology Market Research<\/h2>\n\n\n\n<p class=\"p2\">Biology, at its core, is a set of critical and necessary processes. In a way, it\u2019s like business processes. We can even build companies based on the basic principles of biology. At least, we can <a href=\"https:\/\/www.sisinternational.com\/pl\/ekspertyza\/branze\/hardware-store-market-research\/\" title=\"Badania rynku sklep\u00f3w z narz\u0119dziami i artyku\u0142ami do majsterkowania\"  data-wpil-monitor-id=\"9366\">improve several areas by the research<\/a> done in this field. Examples are contact systems, resource management, culture, and electing.<\/p>\n\n\n\n<p class=\"p2\"><a href=\"https:\/\/www.sisinternational.com\/pl\/publikacje\/japans-mid-market-exporting\/\" title=\"Rozwijanie Twojego Biznesu w Japonii\"  data-wpil-monitor-id=\"9364\">Businesses are also constantly growing<\/a>. By the same token, new biotech businesses are starting up, and <a href=\"https:\/\/www.sisinternational.com\/pl\/rozwiazania\/rozwiazania-w-zakresie-brandingu-i-badan-klientow\/badania-rynku-odkrywczego-klientow\/\" title=\"Badania rynku w zakresie odkrywania klient\u00f3w\"  data-wpil-monitor-id=\"9365\">research on drug discovery<\/a> is improving. Market <a href=\"https:\/\/www.sisinternational.com\/pl\/ekspertyza\/branze\/buyer-intent-market-research\/\" title=\"Badania rynku intencji kupuj\u0105cych\"  data-wpil-monitor-id=\"6265\">Badania<\/a> can help companies to find buyers for their products. It takes the guesswork out of buying and selling.<\/p>\n\n\n\n<h2 class=\"wp-block-heading p3\">Kluczowe czynniki sukcesu<\/h2>\n\n\n\n<p class=\"p2\">Success factors are required for a <a href=\"https:\/\/www.sisinternational.com\/pl\/rozwiazania\/podroze-turystyka-hotelarstwo-doradztwo\/tour-guide-company-market-research\/\" title=\"Badania rynku firm przewodnik\u00f3w turystycznych\"  data-wpil-monitor-id=\"9363\">company to compete in the target market<\/a>. They are also known as strategic postures. In simpler terms, it is what a company must do to be successful and achieve its goal. Biology has risen above views and is succeeding in every area. It continues to grow and grow by the day. It is finding new drugs coupled with solutions to diseases and ways to improve the lives of living things.<\/p>\n\n\n\n<h3 class=\"wp-block-heading p2\">Some of the best findings in the history of biology:<\/h3>\n\n\n\n<ul class=\"wp-block-list ul1\">\n<li>Heredity<\/li>\n\n\n\n<li>Antibiotics<\/li>\n\n\n\n<li>DNA polymerase<\/li>\n\n\n\n<li>Reverse transcriptase<\/li>\n\n\n\n<li>The structure of DNA<\/li>\n\n\n\n<li>Bacterial insulin synthesis<\/li>\n\n\n\n<li>Gene therapy<\/li>\n\n\n\n<li>Transgenic organisms<\/li>\n\n\n\n<li>Transplant technology<\/li>\n<\/ul>\n\n\n\n<h2 class=\"wp-block-heading p3\">About Biology Market Research<\/h2>\n\n\n\n<p class=\"p2\">Creating a good business in biology can be easy to do. Our company understands the importance of this field to humans in daily living. That\u2019s why we set up focus groups to do strategic, qualitative, and quantitative research. Also, we do surveys and interviews. We aim to please you by helping your business shine. We also treat all customers with the same respect. Please don\u2019t hesitate to contact us.<\/p>\n\n\n\n<p class=\"p4\">We look forward to working with you.<\/p>\n\n\n\n<p><\/p>","protected":false},"excerpt":{"rendered":"<p>Dziedzina biologii jest nauk\u0105 przyrodnicz\u0105 o wszechstronnych tematach. Firmy mog\u0105 udoskonali\u0107 kilka obszar\u00f3w, korzystaj\u0105c z bada\u0144 rynku biologii. <\/p>","protected":false},"author":1,"featured_media":63574,"parent":14514,"menu_order":97,"comment_status":"closed","ping_status":"closed","template":"","meta":{"footnotes":""},"class_list":["post-39815","page","type-page","status-publish","has-post-thumbnail"],"_links":{"self":[{"href":"https:\/\/www.sisinternational.com\/pl\/wp-json\/wp\/v2\/pages\/39815","targetHints":{"allow":["GET"]}}],"collection":[{"href":"https:\/\/www.sisinternational.com\/pl\/wp-json\/wp\/v2\/pages"}],"about":[{"href":"https:\/\/www.sisinternational.com\/pl\/wp-json\/wp\/v2\/types\/page"}],"author":[{"embeddable":true,"href":"https:\/\/www.sisinternational.com\/pl\/wp-json\/wp\/v2\/users\/1"}],"replies":[{"embeddable":true,"href":"https:\/\/www.sisinternational.com\/pl\/wp-json\/wp\/v2\/comments?post=39815"}],"version-history":[{"count":5,"href":"https:\/\/www.sisinternational.com\/pl\/wp-json\/wp\/v2\/pages\/39815\/revisions"}],"predecessor-version":[{"id":81566,"href":"https:\/\/www.sisinternational.com\/pl\/wp-json\/wp\/v2\/pages\/39815\/revisions\/81566"}],"up":[{"embeddable":true,"href":"https:\/\/www.sisinternational.com\/pl\/wp-json\/wp\/v2\/pages\/14514"}],"wp:featuredmedia":[{"embeddable":true,"href":"https:\/\/www.sisinternational.com\/pl\/wp-json\/wp\/v2\/media\/63574"}],"wp:attachment":[{"href":"https:\/\/www.sisinternational.com\/pl\/wp-json\/wp\/v2\/media?parent=39815"}],"curies":[{"name":"wp","href":"https:\/\/api.w.org\/{rel}","templated":true}]}}