{"id":39745,"date":"2022-01-26T20:54:07","date_gmt":"2022-01-26T20:54:07","guid":{"rendered":"https:\/\/www.sisinternational.com\/?page_id=39745"},"modified":"2025-09-23T22:06:51","modified_gmt":"2025-09-24T02:06:51","slug":"multivariate-analysis-market-research","status":"publish","type":"page","link":"https:\/\/www.sisinternational.com\/pl\/ekspertyza\/multivariate-analysis-market-research\/","title":{"rendered":"Wielowymiarowa analiza bada\u0144 rynku"},"content":{"rendered":"<h1 class=\"wp-block-heading p1\"><span class=\"s1\">Wielowymiarowa analiza bada\u0144 rynku<\/span><\/h1>\n\n\n\n<figure class=\"gb-block-image gb-block-image-92735762\"><img loading=\"lazy\" decoding=\"async\" width=\"1456\" height=\"816\" class=\"gb-image gb-image-92735762\" src=\"https:\/\/www.sisinternational.com\/wp-content\/uploads\/2025\/08\/Strategy-consulting-10.jpg\" alt=\"SIS Mi\u0119dzynarodowe badania rynku i strategia\" title=\"Strategy consulting (10)\" srcset=\"https:\/\/www.sisinternational.com\/wp-content\/uploads\/2025\/08\/Strategy-consulting-10.jpg 1456w, https:\/\/www.sisinternational.com\/wp-content\/uploads\/2025\/08\/Strategy-consulting-10-300x168.jpg 300w, https:\/\/www.sisinternational.com\/wp-content\/uploads\/2025\/08\/Strategy-consulting-10-1024x574.jpg 1024w, https:\/\/www.sisinternational.com\/wp-content\/uploads\/2025\/08\/Strategy-consulting-10-768x430.jpg 768w, https:\/\/www.sisinternational.com\/wp-content\/uploads\/2025\/08\/Strategy-consulting-10-18x10.jpg 18w\" sizes=\"auto, (max-width: 1456px) 100vw, 1456px\"><\/figure>\n\n\n\n<p><\/p>\n\n\n\n<hr class=\"wp-block-separator has-alpha-channel-opacity is-style-dots\"\/>\n\n\n\n<p class=\"p2\">Multivariate analysis studies more than two variables to find possible links between them. It helps marketers understand different outcomes. It also links each of the various forms of the research.<\/p>\n\n\n\n<p class=\"p2\">Using the analysis to solve a problem may entail several types of multivariate analysis. It may also involve other studies to see the relationship between variables and how they connect with the problem.<\/p>\n\n\n\n<p class=\"p2\">This form of <a href=\"https:\/\/www.sisinternational.com\/pl\/sis-application-of-quantitative-data-analytics-to-sensory-testing\/\" title=\"SIS Application of Quantitative Data Analytics to Sensory Testing\"  data-wpil-monitor-id=\"7974\">testing studies more hard data<\/a> sets than any other analysis could manage. Researchers tend to use software to do this type of <a href=\"https:\/\/www.sisinternational.com\/pl\/swiatowy-dzien-autyzmu\/\" title=\"Badania rynku autyzmu\"  data-wpil-monitor-id=\"7976\">badanie<\/a> as it dealing with so much data by hand can be a bit much.<\/p>\n\n\n\n<p class=\"p2\">This study can be hard at times and also hard to solve. Still, it is all about what a person is seeking. This difficulty sometimes causes a problem and slows progress. This outcome might mean the results may have no meaning due to errors.<\/p>\n\n\n\n<h2 class=\"wp-block-heading p3\">Why is Multivariate Analysis Important?<\/h2>\n\n\n\n<p class=\"p2\">The analysis is critical and helpful. Its main advantage is that it handles more than one set of variables, issues, and other data. In turn, it helps make more exact conclusions. These solutions are more realistic and correct to make better decisions. The study allows the testing of all variables together, rather than many responses.<\/p>\n\n\n\n<p class=\"p2\">Apart from that, multivariate testing is a necessary part of biostatistics. It is a valued part of public health. That is because <a href=\"https:\/\/www.sisinternational.com\/pl\/co-to-jest-public-relations\/\" title=\"Public Relations i badania rynku\"  data-wpil-monitor-id=\"7975\">public health research<\/a> has been expanding. It is also attracting more attention. Furthermore, when people use this method, they can help explain complex problems in simple ways.<\/p>\n\n\n\n<h2 class=\"wp-block-heading p3\">Kluczowe stanowiska<\/h2>\n\n\n\n<h3 class=\"wp-block-heading p2\">These are some jobs that use multivariate analysis:<\/h3>\n\n\n\n<ul class=\"wp-block-list ul1\">\n<li>i-Gaming analyst<\/li>\n\n\n\n<li>Naukowcy zajmuj\u0105cy si\u0119 danymi<\/li>\n\n\n\n<li>Crime analyst<\/li>\n\n\n\n<li>Research associate<\/li>\n\n\n\n<li>Customer experience analyst<\/li>\n<\/ul>\n\n\n\n<h2 class=\"wp-block-heading p3\">Why do Businesses need Multivariate analysis?<\/h2>\n\n\n\n<p class=\"p2\">This study measures many variables and how they relate to each other. This method can help in all areas of a business. By using the correct data, a business can do many things. Also, it tests several sets at once, which saves <a href=\"https:\/\/www.sisinternational.com\/pl\/rozwiazania\/rozwiazania-w-zakresie-brandingu-i-badan-klientow\/badania-rynku-testowanie-produktow\/najlepsza-firma-zajmujaca-sie-badaniami-rynku-uzytecznosci\/\" title=\"Usability testing Company\"  data-wpil-monitor-id=\"7971\">companies much time compared to testing<\/a> single or only two at a time. This method finds answers to problems with more than two values.<\/p>\n\n\n\n<p class=\"p2\">Experts are the ones that write the rules of the study. Meanwhile, owners, sales managers, marketing managers, and investors are the customers. The system is similar to that of a supplier and customer.<\/p>\n\n\n\n<h3 class=\"wp-block-heading p3\">Kluczowe czynniki sukcesu<\/h3>\n\n\n\n<p class=\"p2\">As mentioned before, the main advantage of this analysis is that it deals with more than one factor at once. It can give your company a better understanding of the variables. Also helping give proper conclusions. Yet, it has a lot more benefits. When done right, this analysis can\u2019t cancel out the need to do two tests, one at a time, with the same goal. Instead, the tests run in shorter periods. Also, the use of software makes it a lot easier.<\/p>\n\n\n\n<h2 class=\"wp-block-heading p3\">About Multivariate Analysis Market Research<\/h2>\n\n\n\n<p class=\"p4\">Using the multivariate <a href=\"https:\/\/www.sisinternational.com\/pl\/rozwiazania\/doradztwo-strategiczne-fintech-badania\/analiza-kosztow-i-korzysci-badania-rynku\/\" title=\"Analiza koszt\u00f3w i korzy\u015bci Badania rynku\"  data-wpil-monitor-id=\"7970\">analysis can benefit<\/a> businesses in many ways. One of the main benefits is gains in profit. If your company is willing to use these methods, our business is here to help. We arrange focus groups to assist in this and other areas as well. We also conduct strategic, quantitative, and qualitative research in all areas. The <a href=\"https:\/\/www.sisinternational.com\/pl\/rozwiazania\/badania-rynku-w-grupie-fokusowej\/\" title=\"Badania rynku w grupie fokusowej\"  data-wpil-monitor-id=\"7973\">groups do all the research<\/a> needed to give the best results. With the help of our team, we can help improve the choices you make in the company to increase profits. Get in touch with us. Let\u2019s start building your business today. <a href=\"https:\/\/www.sisinternational.com\/pl\/predictive-analytics\/\" title=\"Predictive Analytics: Your Crystal Ball for Business Success\"  data-wpil-monitor-id=\"7972\">Success will be in your business&#8217;s<\/a> future.<\/p>\n\n\n\n<p><\/p>","protected":false},"excerpt":{"rendered":"<p>Analiza wielowymiarowa Badania rynku zarz\u0105dzaj\u0105 wi\u0119cej ni\u017c jednym zestawem zmiennych, kwestii i innych danych. Pomagaj\u0105 dokona\u0107 dok\u0142adniejszego ustalenia. Korzystanie z analizy wielowymiarowej przynosi korzy\u015bci firmom, szczeg\u00f3lnie w zakresie wzrostu zysku.<\/p>","protected":false},"author":1,"featured_media":62536,"parent":14514,"menu_order":94,"comment_status":"closed","ping_status":"closed","template":"","meta":{"footnotes":""},"class_list":["post-39745","page","type-page","status-publish","has-post-thumbnail"],"_links":{"self":[{"href":"https:\/\/www.sisinternational.com\/pl\/wp-json\/wp\/v2\/pages\/39745","targetHints":{"allow":["GET"]}}],"collection":[{"href":"https:\/\/www.sisinternational.com\/pl\/wp-json\/wp\/v2\/pages"}],"about":[{"href":"https:\/\/www.sisinternational.com\/pl\/wp-json\/wp\/v2\/types\/page"}],"author":[{"embeddable":true,"href":"https:\/\/www.sisinternational.com\/pl\/wp-json\/wp\/v2\/users\/1"}],"replies":[{"embeddable":true,"href":"https:\/\/www.sisinternational.com\/pl\/wp-json\/wp\/v2\/comments?post=39745"}],"version-history":[{"count":4,"href":"https:\/\/www.sisinternational.com\/pl\/wp-json\/wp\/v2\/pages\/39745\/revisions"}],"predecessor-version":[{"id":81344,"href":"https:\/\/www.sisinternational.com\/pl\/wp-json\/wp\/v2\/pages\/39745\/revisions\/81344"}],"up":[{"embeddable":true,"href":"https:\/\/www.sisinternational.com\/pl\/wp-json\/wp\/v2\/pages\/14514"}],"wp:featuredmedia":[{"embeddable":true,"href":"https:\/\/www.sisinternational.com\/pl\/wp-json\/wp\/v2\/media\/62536"}],"wp:attachment":[{"href":"https:\/\/www.sisinternational.com\/pl\/wp-json\/wp\/v2\/media?parent=39745"}],"curies":[{"name":"wp","href":"https:\/\/api.w.org\/{rel}","templated":true}]}}