{"id":39690,"date":"2022-01-18T05:11:24","date_gmt":"2022-01-18T05:11:24","guid":{"rendered":"https:\/\/www.sisinternational.com\/?page_id=39690"},"modified":"2025-09-23T22:27:15","modified_gmt":"2025-09-24T02:27:15","slug":"deep-learning-market-research","status":"publish","type":"page","link":"https:\/\/www.sisinternational.com\/pl\/rozwiazania\/innowacja\/deep-learning-market-research\/","title":{"rendered":"Badania rynku g\u0142\u0119bokiego uczenia si\u0119"},"content":{"rendered":"<h1 class=\"wp-block-heading\">Badania rynku g\u0142\u0119bokiego uczenia si\u0119<\/h1>\n\n\n\n<figure class=\"gb-block-image gb-block-image-e95e2686\"><img loading=\"lazy\" decoding=\"async\" width=\"1456\" height=\"816\" class=\"gb-image gb-image-e95e2686\" src=\"https:\/\/www.sisinternational.com\/wp-content\/uploads\/2025\/08\/Deep-learning-machine-learning-42.jpg\" alt=\"SIS Mi\u0119dzynarodowe badania rynku i strategia\" title=\"Deep learning machine learning (42)\" srcset=\"https:\/\/www.sisinternational.com\/wp-content\/uploads\/2025\/08\/Deep-learning-machine-learning-42.jpg 1456w, https:\/\/www.sisinternational.com\/wp-content\/uploads\/2025\/08\/Deep-learning-machine-learning-42-300x168.jpg 300w, https:\/\/www.sisinternational.com\/wp-content\/uploads\/2025\/08\/Deep-learning-machine-learning-42-1024x574.jpg 1024w, https:\/\/www.sisinternational.com\/wp-content\/uploads\/2025\/08\/Deep-learning-machine-learning-42-768x430.jpg 768w, https:\/\/www.sisinternational.com\/wp-content\/uploads\/2025\/08\/Deep-learning-machine-learning-42-18x10.jpg 18w\" sizes=\"auto, (max-width: 1456px) 100vw, 1456px\"><\/figure>\n\n\n\n<p><\/p>\n\n\n\n<h2 class=\"wp-block-heading\">What is Deep Learning?<\/h2>\n\n\n\n<p>Deep Learning is part of Machine Learning. The goal of Deep Learning is to make Artificial Intelligence smarter. It does this by copying the way that the human brain learns. The human brain has neural networks that help us process the information we get from the world. In Deep Learning, there are three or more layers of artificial neural networks. The layers allow the computer to process more data. The computer uses the data to \u201clearn\u201d from examples. Thus, they will make better predictions, leading to more correct outcomes.<\/p>\n\n\n\n<h2 class=\"wp-block-heading\">Why is Deep Learning important?<\/h2>\n\n\n\n<p>Computers have more responsibility today than ever before. In the future, their roles in our lives will increase even more. For instance, we trust machines to create schedules for us. Also, to alert banks about credit card fraud. Companies are even making self-driving cars and teaching machines to operate on people. Thus, it is essential to have AI\u2019s that can learn from past interactions and need less human intervention.<\/p>\n\n\n\n<h2 class=\"wp-block-heading\">Here are some Key Jobs in Deep Learning<\/h2>\n\n\n\n<ul class=\"wp-block-list\">\n<li>Research Analyst<\/li>\n\n\n\n<li>Data Scientist<\/li>\n\n\n\n<li>Data Engineer<\/li>\n\n\n\n<li>Applied Scientist<\/li>\n\n\n\n<li>Software Engineer<\/li>\n<\/ul>\n\n\n\n<h2 class=\"wp-block-heading\">Why do businesses need Deep Learning?<\/h2>\n\n\n\n<h3 class=\"wp-block-heading\">Protects against fraud<\/h3>\n\n\n\n<p>Many businesses keep essential information <a href=\"https:\/\/www.sisinternational.com\/pl\/ekspertyza\/branze\/firma-zajmujaca-sie-badaniami-rynku-paneli-internetowych\/\" title=\"Firma badawcza rynku paneli internetowych\"  data-wpil-monitor-id=\"7937\">online since it protects company<\/a> and client information. But they are still open to cyber-attacks such as fraud. This fraud might cost the company money. It could also give the company a bad name and cause them to lose clients.<\/p>\n\n\n\n<p>With a Deep Learning AI, the computer notices unusual activity. After the AI detects the fraud, it may suggest ways to stop it from happening in the future.<\/p>\n\n\n\n<h3 class=\"wp-block-heading\">Gives current data<\/h3>\n\n\n\n<p>Ten <a href=\"https:\/\/www.sisinternational.com\/pl\/rozwiazania\/doradztwo-strategiczne\/data-analytics\/\" title=\"Firma zajmuj\u0105ca si\u0119 analiz\u0105 danych\"  data-wpil-monitor-id=\"7935\">data that can affect the company<\/a> is fluid. It changes often and fast. Keeping up with these changes helps <a href=\"https:\/\/www.sisinternational.com\/pl\/najlepsza-globalna-firma-zajmujaca-sie-ilosciowymi-badaniami-rynku\/\" title=\"Najlepsza globalna firma zajmuj\u0105ca si\u0119 ilo\u015bciowymi badaniami rynku\"  data-wpil-monitor-id=\"7932\">companies to compete in the global market<\/a>. But, it would be hard to do so without AI. Deep Learning takes data and turns it into useful information for the company. Thus, business owners will use the information to make choices. Of course, these choices should benefit the company.<\/p>\n\n\n\n<h2 class=\"wp-block-heading\">Key Factors for Success of Deep Learning<\/h2>\n\n\n\n<h3 class=\"wp-block-heading\">Lots of Data<\/h3>\n\n\n\n<p>If a company wants to use an AI for their site or app, they must train the machine. This \u201ctraining\u201d teaches it to notice and understand the data it will process. So, if the company chooses to use Deep Learning, the engineers must use a lot of data.<\/p>\n\n\n\n<p>Additionally, the aim is to have an efficient AI that works like the human brain. Thus, the machine must also get high-quality data, which it has to annotate. The annotation process ensures that the data is accessible for the computer to understand and use.<\/p>\n\n\n\n<h3 class=\"wp-block-heading\">Work with the Developer<\/h3>\n\n\n\n<p>Although the company is not building AI, they will use it all the time. Thus, they should work along with the developer. If the technicians work alone, the AI might be too complex. But, when they work together, they can decide which problems ML will solve. This collaboration will make AI easier to use in the future.<\/p>\n\n\n\n<h3 class=\"wp-block-heading\">Be Patient<\/h3>\n\n\n\n<p>Building an AI that works like a brain is not easy. It is unlikely that the process will be perfect the first time. Companies must remember that there are many factors to consider. Thus, they must be all right with trial and error. It takes time to create the right AI system.<\/p>\n\n\n\n<h3 class=\"wp-block-heading\">About Deep Learning<\/h3>\n\n\n\n<p><a href=\"https:\/\/www.sisinternational.com\/pl\/ekspertyza\/branze\/pop-up-focus-group-market-research-company\/\" title=\"Pop Up Focus Group Firma Badawcza Rynku\"  data-wpil-monitor-id=\"7931\">Grupy fokusowe<\/a> and interviews will help the company decide why they need Deep Learning. <a href=\"https:\/\/www.sisinternational.com\/pl\/rozwiazania\/rozwiazania-w-zakresie-badan-jakosciowych-i-ilosciowych\/survey-market-research\/\" title=\"Badanie rynku ankietowego\"  data-wpil-monitor-id=\"7936\">Surveys are another way to do research<\/a>. The survey will inform consumers of Deep Learning. It will also get their views on this kind of Machine Learning.<\/p>\n\n\n\n<p>It is safe to say that Deep Learning is the future of business. But each company needs to do its homework before choosing to add it. That\u2019s why companies need to do <a href=\"https:\/\/www.sisinternational.com\/pl\/rozwiazania\/rozwiazania-w-zakresie-badan-jakosciowych-i-ilosciowych\/rekrutacja-do-badan-jakosciowych\/\" title=\"Rekrutacja do bada\u0144 jako\u015bciowych\"  data-wpil-monitor-id=\"7933\">Qualitative and Quantitative research<\/a>. The <a href=\"https:\/\/www.sisinternational.com\/pl\/ekspertyza\/cv-z-doswiadczeniem\/badania-marki\/\" title=\"Firma badawcza marki\"  data-wpil-monitor-id=\"7934\">research will inform the company<\/a> of the best data for machine training.<\/p>\n\n\n\n<p><\/p>","protected":false},"excerpt":{"rendered":"<p>Deep Learning Market Research What is Deep Learning? Deep Learning is part of Machine Learning. The goal of Deep Learning is to make Artificial Intelligence smarter. It does this by copying the way that the human brain learns. The human brain has neural networks that help us process the information we get from the world. &#8230; <a title=\"Badania rynku g\u0142\u0119bokiego uczenia si\u0119\" class=\"read-more\" href=\"https:\/\/www.sisinternational.com\/pl\/rozwiazania\/innowacja\/deep-learning-market-research\/\" aria-label=\"Dowiedz si\u0119 wi\u0119cej o Deep Learning Market Research\">Czytaj dalej<\/a><\/p>","protected":false},"author":1,"featured_media":64419,"parent":14459,"menu_order":7,"comment_status":"closed","ping_status":"closed","template":"","meta":{"footnotes":""},"class_list":["post-39690","page","type-page","status-publish","has-post-thumbnail"],"_links":{"self":[{"href":"https:\/\/www.sisinternational.com\/pl\/wp-json\/wp\/v2\/pages\/39690","targetHints":{"allow":["GET"]}}],"collection":[{"href":"https:\/\/www.sisinternational.com\/pl\/wp-json\/wp\/v2\/pages"}],"about":[{"href":"https:\/\/www.sisinternational.com\/pl\/wp-json\/wp\/v2\/types\/page"}],"author":[{"embeddable":true,"href":"https:\/\/www.sisinternational.com\/pl\/wp-json\/wp\/v2\/users\/1"}],"replies":[{"embeddable":true,"href":"https:\/\/www.sisinternational.com\/pl\/wp-json\/wp\/v2\/comments?post=39690"}],"version-history":[{"count":3,"href":"https:\/\/www.sisinternational.com\/pl\/wp-json\/wp\/v2\/pages\/39690\/revisions"}],"predecessor-version":[{"id":81339,"href":"https:\/\/www.sisinternational.com\/pl\/wp-json\/wp\/v2\/pages\/39690\/revisions\/81339"}],"up":[{"embeddable":true,"href":"https:\/\/www.sisinternational.com\/pl\/wp-json\/wp\/v2\/pages\/14459"}],"wp:featuredmedia":[{"embeddable":true,"href":"https:\/\/www.sisinternational.com\/pl\/wp-json\/wp\/v2\/media\/64419"}],"wp:attachment":[{"href":"https:\/\/www.sisinternational.com\/pl\/wp-json\/wp\/v2\/media?parent=39690"}],"curies":[{"name":"wp","href":"https:\/\/api.w.org\/{rel}","templated":true}]}}