{"id":39678,"date":"2022-01-18T03:57:02","date_gmt":"2022-01-18T03:57:02","guid":{"rendered":"https:\/\/www.sisinternational.com\/?page_id=39678"},"modified":"2025-09-23T23:46:06","modified_gmt":"2025-09-24T03:46:06","slug":"badania-rynku-produkcyjnego","status":"publish","type":"page","link":"https:\/\/www.sisinternational.com\/pl\/rozwiazania\/rozwiazania-w-zakresie-badan-jakosciowych-i-ilosciowych\/badania-rynku-produkcyjnego\/","title":{"rendered":"Badania rynku produkcyjnego"},"content":{"rendered":"<h1 class=\"wp-block-heading\">Badania rynku produkcyjnego<\/h1>\n\n\n\n<figure class=\"gb-block-image gb-block-image-096bf92b\"><img loading=\"lazy\" decoding=\"async\" width=\"1456\" height=\"816\" class=\"gb-image gb-image-096bf92b\" src=\"https:\/\/www.sisinternational.com\/wp-content\/uploads\/2025\/08\/Manufacturing-6.jpg\" alt=\"SIS Mi\u0119dzynarodowe badania rynku i strategia\" title=\"Manufacturing (6)\" srcset=\"https:\/\/www.sisinternational.com\/wp-content\/uploads\/2025\/08\/Manufacturing-6.jpg 1456w, https:\/\/www.sisinternational.com\/wp-content\/uploads\/2025\/08\/Manufacturing-6-300x168.jpg 300w, https:\/\/www.sisinternational.com\/wp-content\/uploads\/2025\/08\/Manufacturing-6-1024x574.jpg 1024w, https:\/\/www.sisinternational.com\/wp-content\/uploads\/2025\/08\/Manufacturing-6-768x430.jpg 768w, https:\/\/www.sisinternational.com\/wp-content\/uploads\/2025\/08\/Manufacturing-6-18x10.jpg 18w\" sizes=\"auto, (max-width: 1456px) 100vw, 1456px\"><\/figure>\n\n\n\n<p><\/p>\n\n\n\n<hr class=\"wp-block-separator has-alpha-channel-opacity is-style-dots\"\/>\n\n\n\n<h2 class=\"wp-block-heading\">Emerging from the Pandemic amid big changes<\/h2>\n\n\n\n<p>The Global <a href=\"https:\/\/sisaisolutions.com\/application-of-ai-in-manufacturing\/\" target=\"_blank\" rel=\"noopener\">Manufacturing Market<\/a> emerged from the COVID pandemic, challenged by supply chain instability (headlined by a large-scale semiconductor shortage), rising freight and raw material costs, a workforce shortage, and an ever-expanding need for digital integrations and accessibility across all sectors. Furthermore, with US manufacturers reporting phishing or ransomware security incidents in the past 12 months, Cybersecurity has become a bigger need in the sector.<\/p>\n\n\n\n<p>Manufacturers are building back fast despite these significant headwinds with rising demand, and are expected to return to pre-pandemic production within several years.<\/p>\n\n\n\n<p>Pandemia zmusi\u0142a producent\u00f3w do dostosowania podej\u015bcia wielokana\u0142owego i tworzenia anga\u017cuj\u0105cych do\u015bwiadcze\u0144 dla klient\u00f3w. W zwi\u0105zku z tym proaktywne skupienie si\u0119 na wydajno\u015bci, usprawnieniach proces\u00f3w i nowych integracjach technologicznych nap\u0119dza najlepsze segmenty do przodu.<\/p>\n\n\n\n<h2 class=\"wp-block-heading\">AI, IIoT i technologie po\u0142\u0105czone<\/h2>\n\n\n\n<p>Artificial Intelligence and the Industrial Internet of Things (IoT) have graduated from buzzwords to a prioritized focus, driving post-pandemic manufacturing improvement. Improved sensor data and investment in using that data through IoT, machine learning algorithms, predictive maintenance, and customer experience optimization tools have been a large driver in manufacturing\u2019s improved efficiency. For many industries like healthcare, retail, automotive, and transport, the IIoT will significantly improve reliability, production, and customer satisfaction. Acceleration in digital technology adoption will bring operational efficiencies to scale.<\/p>\n\n\n\n<p>Artificial Intelligence and the Industrial Internet of Things (IoT) have truly graduated from buzzwords to a prioritized focus, driving post-pandemic manufacturing improvement. Improved sensor data and investment in using that data through IoT, machine learning algorithms, predictive maintenance, and customer experience optimization tools have been a large driver in manufacturing\u2019s improved efficiency. For many industries like healthcare, retail, automotive, and transport, the IIoT will significantly improve reliability, production, and customer satisfaction.<\/p>\n\n\n\n<h2 class=\"wp-block-heading\">Dane w celu poprawy efektywno\u015bci operacyjnej<\/h2>\n\n\n\n<figure class=\"gb-block-image gb-block-image-0eac6ac6\"><img loading=\"lazy\" decoding=\"async\" width=\"1456\" height=\"816\" class=\"gb-image gb-image-0eac6ac6\" src=\"https:\/\/www.sisinternational.com\/wp-content\/uploads\/2025\/08\/Manufacturing-18.jpg\" alt=\"SIS Mi\u0119dzynarodowe badania rynku i strategia\" title=\"Manufacturing (18)\" srcset=\"https:\/\/www.sisinternational.com\/wp-content\/uploads\/2025\/08\/Manufacturing-18.jpg 1456w, https:\/\/www.sisinternational.com\/wp-content\/uploads\/2025\/08\/Manufacturing-18-300x168.jpg 300w, https:\/\/www.sisinternational.com\/wp-content\/uploads\/2025\/08\/Manufacturing-18-1024x574.jpg 1024w, https:\/\/www.sisinternational.com\/wp-content\/uploads\/2025\/08\/Manufacturing-18-768x430.jpg 768w, https:\/\/www.sisinternational.com\/wp-content\/uploads\/2025\/08\/Manufacturing-18-18x10.jpg 18w\" sizes=\"auto, (max-width: 1456px) 100vw, 1456px\"><\/figure>\n\n\n\n<p><\/p>\n\n\n\n<p>Multi-pronged supply chain strategies will help protect companies from the vast challenges and rising costs of goods. Leveraging existing and recently enhanced data \u201cfabrics\u201d to connect the dots and work through complex scenarios will find the most efficient outcome in supply chain-related problems. Advancements in so-called \u201cdigital supply networks\u201d and analytics systems help plan, provide additional reserve materials, and give manufacturers more isolation from the recent supply chain instability.<\/p>\n\n\n\n<p>Furthermore, existing and additional new staffing data can help understand concerns, improve retention, and improve overall work efficiencies as remote work becomes a desired alternative, even in the manufacturing world.<\/p>\n\n\n\n<h2 class=\"wp-block-heading\">Rozwi\u0105zania w zakresie bada\u0144 rynku produkcyjnego<\/h2>\n\n\n\n<p><a href=\"https:\/\/www.linkedin.com\/company\/sisinternationalresearch\" target=\"_blank\" rel=\"noopener\">SIS Mi\u0119dzynarodowe Badania<\/a> has over 40+ years of experience in Market Research and Strategy Consulting in the Manufacturing industry.&nbsp; We conduct research with suppliers, manufacturers, wholesalers, retail partners, and other stakeholders.<\/p>\n\n\n\n<p>Zapewniamy:<\/p>\n\n\n\n<ul class=\"wp-block-list\">\n<li>Grupy fokusowe<\/li>\n\n\n\n<li>Spo\u0142eczno\u015bci wgl\u0105du online<\/li>\n\n\n\n<li>Wywiady pog\u0142\u0119bione<\/li>\n\n\n\n<li>Ankiety internetowe<\/li>\n\n\n\n<li>Multi-country &amp; <a class=\"wpil_keyword_link\" href=\"https:\/\/www.sisinternational.com\/pl\/ekspertyza\/badania-rynku-bric\/\" title=\"Badania rynku BRIC (Brazylia, Rosja, Indie i Chiny)\" data-wpil-keyword-link=\"linked\" data-wpil-monitor-id=\"739\">Mi\u0119dzynarodowe badania rynku<\/a><\/li>\n\n\n\n<li>Wej\u015bcie na rynek, wielko\u015b\u0107 i mo\u017cliwo\u015bci<\/li>\n\n\n\n<li>Analiza strategiczna i konkurencyjna<\/li>\n<\/ul>\n\n\n\n<h2 class=\"wp-block-heading\">Lokalizacja naszego obiektu w Nowym Jorku<\/h2>\n\n\n\n<p>  <iframe loading=\"lazy\" src=\"https:\/\/www.google.com\/maps\/embed?pb=!1m18!1m12!1m3!1d3022.976188376966!2d-73.99130312499956!3d40.740549471389315!2m3!1f0!2f0!3f0!3m2!1i1024!2i768!4f13.1!3m3!1m2!1s0x89c259a15798c731%3A0xd695d09bdd495f25!2s11%20E%2022nd%20St%20FL%202%2C%20New%20York%2C%20NY%2010010%2C%20USA!5e0!3m2!1sen!2spe!4v1726171763526!5m2!1sen!2spe\" width=\"600\" height=\"450\" allowfullscreen=\"allowfullscreen\" data-mce-fragment=\"1\"><\/iframe>  <\/p>\n\n\n\n<h3 class=\"wp-block-heading\">11 E 22nd Street, pi\u0119tro 2, Nowy Jork, NY 10010 T: +1(212) 505-6805<\/h3>\n\n\n\n<hr class=\"wp-block-separator has-alpha-channel-opacity\"\/>\n\n\n\n<h2 class=\"wp-block-heading\"><span style=\"font-weight: 400;\">O firmie SIS International<\/span><\/h2>\n\n\n\n<p><a href=\"https:\/\/www.sisinternational.com\/pl\/\"><span style=\"font-weight: 400;\">SIS Mi\u0119dzynarodowy<\/span><\/a><span style=\"font-weight: 400;\"> oferuje badania ilo\u015bciowe, jako\u015bciowe i strategiczne. Dostarczamy dane, narz\u0119dzia, strategie, raporty i spostrze\u017cenia do podejmowania decyzji. Prowadzimy r\u00f3wnie\u017c wywiady, ankiety, grupy fokusowe i inne metody i podej\u015bcia do bada\u0144 rynku.<\/span><a href=\"https:\/\/www.sisinternational.com\/pl\/o-moich-miedzynarodowych-badaniach\/contact-sis-international-market-research\/\"><span style=\"font-weight: 400;\"> Skontaktuj si\u0119 z nami<\/span><\/a><span style=\"font-weight: 400;\"> dla Twojego kolejnego projektu badania rynku.<\/span><\/p>\n\n\n\n<p><\/p>","protected":false},"excerpt":{"rendered":"<p>Manufacturing Market Research Emerging from the Pandemic amid big changes The Global Manufacturing Market emerged from the COVID pandemic, challenged by supply chain instability (headlined by a large-scale semiconductor shortage), rising freight and raw material costs, a workforce shortage, and an ever-expanding need for digital integrations and accessibility across all sectors. Furthermore, with US manufacturers &#8230; <a title=\"Badania rynku produkcyjnego\" class=\"read-more\" href=\"https:\/\/www.sisinternational.com\/pl\/rozwiazania\/rozwiazania-w-zakresie-badan-jakosciowych-i-ilosciowych\/badania-rynku-produkcyjnego\/\" aria-label=\"Dowiedz si\u0119 wi\u0119cej o Manufacturing Market Research\">Czytaj dalej<\/a><\/p>","protected":false},"author":1,"featured_media":63708,"parent":14660,"menu_order":25,"comment_status":"closed","ping_status":"closed","template":"","meta":{"footnotes":""},"class_list":["post-39678","page","type-page","status-publish","has-post-thumbnail"],"_links":{"self":[{"href":"https:\/\/www.sisinternational.com\/pl\/wp-json\/wp\/v2\/pages\/39678","targetHints":{"allow":["GET"]}}],"collection":[{"href":"https:\/\/www.sisinternational.com\/pl\/wp-json\/wp\/v2\/pages"}],"about":[{"href":"https:\/\/www.sisinternational.com\/pl\/wp-json\/wp\/v2\/types\/page"}],"author":[{"embeddable":true,"href":"https:\/\/www.sisinternational.com\/pl\/wp-json\/wp\/v2\/users\/1"}],"replies":[{"embeddable":true,"href":"https:\/\/www.sisinternational.com\/pl\/wp-json\/wp\/v2\/comments?post=39678"}],"version-history":[{"count":7,"href":"https:\/\/www.sisinternational.com\/pl\/wp-json\/wp\/v2\/pages\/39678\/revisions"}],"predecessor-version":[{"id":75156,"href":"https:\/\/www.sisinternational.com\/pl\/wp-json\/wp\/v2\/pages\/39678\/revisions\/75156"}],"up":[{"embeddable":true,"href":"https:\/\/www.sisinternational.com\/pl\/wp-json\/wp\/v2\/pages\/14660"}],"wp:featuredmedia":[{"embeddable":true,"href":"https:\/\/www.sisinternational.com\/pl\/wp-json\/wp\/v2\/media\/63708"}],"wp:attachment":[{"href":"https:\/\/www.sisinternational.com\/pl\/wp-json\/wp\/v2\/media?parent=39678"}],"curies":[{"name":"wp","href":"https:\/\/api.w.org\/{rel}","templated":true}]}}