{"id":39605,"date":"2021-12-31T00:38:45","date_gmt":"2021-12-31T00:38:45","guid":{"rendered":"https:\/\/www.sisinternational.com\/?page_id=39605"},"modified":"2026-01-25T16:38:47","modified_gmt":"2026-01-25T21:38:47","slug":"management-consulting-firms","status":"publish","type":"page","link":"https:\/\/www.sisinternational.com\/pl\/rozwiazania\/doradztwo-strategiczne\/management-consulting-firms\/","title":{"rendered":"Globalna firma konsultingowa w zakresie zarz\u0105dzania"},"content":{"rendered":"<h1 class=\"wp-block-heading\">Globalna firma konsultingowa w zakresie zarz\u0105dzania<\/h1>\n\n\n\n<figure class=\"gb-block-image gb-block-image-2337b6aa\"><img loading=\"lazy\" decoding=\"async\" width=\"1456\" height=\"816\" class=\"gb-image gb-image-2337b6aa\" src=\"https:\/\/www.sisinternational.com\/wp-content\/uploads\/2025\/08\/Strategy-consulting-23.jpg\" alt=\"SIS Mi\u0119dzynarodowe badania rynku i strategia\" title=\"Strategy consulting (23)\" srcset=\"https:\/\/www.sisinternational.com\/wp-content\/uploads\/2025\/08\/Strategy-consulting-23.jpg 1456w, https:\/\/www.sisinternational.com\/wp-content\/uploads\/2025\/08\/Strategy-consulting-23-300x168.jpg 300w, https:\/\/www.sisinternational.com\/wp-content\/uploads\/2025\/08\/Strategy-consulting-23-1024x574.jpg 1024w, https:\/\/www.sisinternational.com\/wp-content\/uploads\/2025\/08\/Strategy-consulting-23-768x430.jpg 768w, https:\/\/www.sisinternational.com\/wp-content\/uploads\/2025\/08\/Strategy-consulting-23-18x10.jpg 18w\" sizes=\"auto, (max-width: 1456px) 100vw, 1456px\"><\/figure>\n\n\n\n<p><\/p>\n\n\n\n<p>Management consulting is the process of advising companies on ways to improve. Further, it helps these companies to refine their image and boost growth. As a matter of fact, consultants work with firms to solve problems, and we need them for different reasons. Since they work with several firms, it\u2019s easy for them to learn the best practices. They also get a firsthand view of the nature of each situation.<\/p>\n\n\n\n<p>They work with different types of firms, and in many cases, they provide services worldwide. The world of management consulting continues to grow daily. In fact, management <a href=\"https:\/\/www.sisinternational.com\/pl\/rozwiazania\/rozwiazania-w-zakresie-brandingu-i-badan-klientow\/badania-rynku-produktow-do-pielegnacji-skory\/\" title=\"Badania rynku piel\u0119gnacji sk\u00f3ry | Doradztwo w bran\u017cy kosmetycznej\"  data-wpil-monitor-id=\"10254\">consulting is now a billion-dollar industry<\/a>.<\/p>\n\n\n\n<p>Management consulting isn\u2019t limited and has a broad span, making it a decent career. Also, it offers opportunities, challenges, personal development, and new projects.<\/p>\n\n\n\n<h2 class=\"wp-block-heading\">Why is Management Consulting Important?<\/h2>\n\n\n\n<p>All <a href=\"https:\/\/www.sisinternational.com\/pl\/zasieg\/ameryka\/badania-rynku-na-karaibach\/karaibska-firma-konsultingowa-w-zakresie-strategii\/\" title=\"Firma konsultingowa Caribbean Strategy\"  data-wpil-monitor-id=\"10256\">companies should have a team of consultants<\/a> to help them find and use opportunities for the business. Moreover, having <a href=\"https:\/\/www.sisinternational.com\/pl\/zasieg\/ameryka\/badania-rynku-na-karaibach\/karaibska-firma-konsultingowa-w-zakresie-zarzadzania\/\" title=\"Firma konsultingowa Caribbean Management\"  data-wpil-monitor-id=\"10253\">management consultants helps the company<\/a> to make the fullest use of its capital resources. It also helps it to make full use of finances and human resources.<\/p>\n\n\n\n<p>Consultants work with the HR, marketing, and finance departments. They are great at forecasting future outcomes. They can warn the business of which direction to go if they sense an impending loss. Their teams conduct careful planning. They also assist in management changes, leadership training, and much more.<\/p>\n\n\n\n<h2 class=\"wp-block-heading\">Kluczowe stanowiska<\/h2>\n\n\n\n<p>There\u2019s a wide range of jobs in consulting, from an analyst to a director. Others job titles include:<\/p>\n\n\n\n<ul class=\"wp-block-list\">\n<li>Associate consultant<\/li>\n\n\n\n<li>Business consultant<\/li>\n\n\n\n<li>Project manager<\/li>\n\n\n\n<li>Productivity manager<\/li>\n\n\n\n<li>Senior manager<\/li>\n<\/ul>\n\n\n\n<p>The titles listed above are jobs within <a href=\"https:\/\/www.sisinternational.com\/pl\/optimized-management-system-for-a-leading-us-immigration-law-firm\/\" title=\"Optimized Management System for a Leading US Immigration law firm\"  data-wpil-monitor-id=\"3655\">management consulting firms<\/a>. Most times, the highest level is to be a director in the firm.<\/p>\n\n\n\n<h2 class=\"wp-block-heading\">Why Businesses Need Management Consulting<\/h2>\n\n\n\n<p>Having a consultant can improve work to achieve success. Another key point is that with a team, challenges are easier to handle. It also becomes easier to increase revenue. Here are some other reasons why businesses need consultants:<\/p>\n\n\n\n<ul class=\"wp-block-list\">\n<li>Providing different skills in specific projects<\/li>\n\n\n\n<li>Pointing out problems<\/li>\n\n\n\n<li>Creating new business<\/li>\n\n\n\n<li>Rebuilding businesses<\/li>\n\n\n\n<li>Training employees<\/li>\n<\/ul>\n\n\n\n<p>Consultants can give helpful criticism, which helps business owners see things in a new light. Owners should strive to take their advice. They must also be open to feedback, as their ties to the business can blind them, which can be a barrier to growth. Making a business <a href=\"https:\/\/www.sisinternational.com\/pl\/rozwiazania\/sis-global-growth\/strategic-planning-consulting\/\" title=\"Doradztwo w zakresie planowania strategicznego\"  data-wpil-monitor-id=\"10255\">plan with a consultant<\/a> can double its value.<\/p>\n\n\n\n<h2 class=\"wp-block-heading\">Kluczowe czynniki sukcesu<\/h2>\n\n\n\n<figure class=\"gb-block-image gb-block-image-8bf096b9\"><img loading=\"lazy\" decoding=\"async\" width=\"1456\" height=\"816\" class=\"gb-image gb-image-8bf096b9\" src=\"https:\/\/www.sisinternational.com\/wp-content\/uploads\/2025\/08\/Strategy-consulting-33.jpg\" alt=\"SIS Mi\u0119dzynarodowe badania rynku i strategia\" title=\"Strategy consulting (33)\" srcset=\"https:\/\/www.sisinternational.com\/wp-content\/uploads\/2025\/08\/Strategy-consulting-33.jpg 1456w, https:\/\/www.sisinternational.com\/wp-content\/uploads\/2025\/08\/Strategy-consulting-33-300x168.jpg 300w, https:\/\/www.sisinternational.com\/wp-content\/uploads\/2025\/08\/Strategy-consulting-33-1024x574.jpg 1024w, https:\/\/www.sisinternational.com\/wp-content\/uploads\/2025\/08\/Strategy-consulting-33-768x430.jpg 768w, https:\/\/www.sisinternational.com\/wp-content\/uploads\/2025\/08\/Strategy-consulting-33-18x10.jpg 18w\" sizes=\"auto, (max-width: 1456px) 100vw, 1456px\"><\/figure>\n\n\n\n<p><\/p>\n\n\n\n<p>All consultants have their own style of <a href=\"https:\/\/www.sisinternational.com\/pl\/ekspertyza\/branze\/materials-handling-market-research\/\" title=\"Badania rynku w zakresie transportu materia\u0142\u00f3w\"  data-wpil-monitor-id=\"10259\">handling a project and doing research<\/a>. Despite that, they must have these three <a href=\"https:\/\/www.sisinternational.com\/pl\/kluczowe-czynniki-sukcesu-w-badaniach-rynku-motoryzacyjnego\/\" title=\"Kluczowe czynniki sukcesu w badaniach rynku motoryzacyjnego\"  data-wpil-monitor-id=\"10258\">factors to start gaining success<\/a>.<\/p>\n\n\n\n<h3 class=\"wp-block-heading\">Analytic thinking<\/h3>\n\n\n\n<p>A person working in this area must understand a problem and be able to solve it. New challenges will happen from time to time that they haven\u2019t faced before. Therefore, they must be aware and smart enough to find a way to solve the issue and read between the lines.<\/p>\n\n\n\n<h3 class=\"wp-block-heading\">Organization<\/h3>\n\n\n\n<p>To work in a consulting firm, one has to stay organized. It helps with planning, carrying out tasks, and time management. This skill comes in handy when all the emails, reports, and other data start rolling in.<\/p>\n\n\n\n<h3 class=\"wp-block-heading\">Komunikacja<\/h3>\n\n\n\n<p>Communication skills are a must-have when working in a consulting firm. It needs to be precise because consultants speak to clients and other high-profile players in the <a href=\"https:\/\/www.sisinternational.com\/pl\/rozwiazania\/badania-rynku-i-doradztwo-strategiczne-w-zakresie-sztucznej-inteligencji\/global-ai-automation-consulting-firm\/\" title=\"Global AI and Automation Consulting Firm\"  data-wpil-monitor-id=\"2391\">firm\u2019s<\/a> industry. Hence, they must adjust their language based on the person to whom they\u2019re speaking.<\/p>\n\n\n\n<h2 class=\"wp-block-heading\">About Management Consulting<\/h2>\n\n\n\n<p>Finding a good <a href=\"https:\/\/www.sisinternational.com\/pl\/ekspertyza\/branze\/franchise-market-research-consulting-company\/\" title=\"Firma badawczo-konsultingowa rynku franczyzowego\"  data-wpil-monitor-id=\"10257\">consultant for your company<\/a> can be challenging. That\u2019s why our company is always ready to help. We form focus groups and do qualitative, quantitative, and strategic research. Our company works hard to ensure you get the data needed for growth. We <a href=\"https:\/\/www.sisinternational.com\/pl\/ekspertyza\/branze\/computer-assisted-telephone-interviewing-market-research\/\" title=\"Badania rynku przy u\u017cyciu wywiad\u00f3w telefonicznych wspomaganych komputerowo\"  data-wpil-monitor-id=\"10260\">assist in surveys as well as interviews<\/a>. Feel free to contact us. Let\u2019s start working today.<\/p>\n\n\n\n<p><\/p>","protected":false},"excerpt":{"rendered":"<p>SIS International wyznacza now\u0105 strategi\u0119 dzi\u0119ki najwy\u017cszej klasy doradztwu w zakresie zarz\u0105dzania, oferuj\u0105c prze\u0142omowe rozwi\u0105zania dla firm dzia\u0142aj\u0105cych w konkurencyjnym \u015bwiecie.<\/p>","protected":false},"author":1,"featured_media":62557,"parent":14567,"menu_order":19,"comment_status":"closed","ping_status":"closed","template":"","meta":{"footnotes":""},"class_list":["post-39605","page","type-page","status-publish","has-post-thumbnail"],"_links":{"self":[{"href":"https:\/\/www.sisinternational.com\/pl\/wp-json\/wp\/v2\/pages\/39605","targetHints":{"allow":["GET"]}}],"collection":[{"href":"https:\/\/www.sisinternational.com\/pl\/wp-json\/wp\/v2\/pages"}],"about":[{"href":"https:\/\/www.sisinternational.com\/pl\/wp-json\/wp\/v2\/types\/page"}],"author":[{"embeddable":true,"href":"https:\/\/www.sisinternational.com\/pl\/wp-json\/wp\/v2\/users\/1"}],"replies":[{"embeddable":true,"href":"https:\/\/www.sisinternational.com\/pl\/wp-json\/wp\/v2\/comments?post=39605"}],"version-history":[{"count":6,"href":"https:\/\/www.sisinternational.com\/pl\/wp-json\/wp\/v2\/pages\/39605\/revisions"}],"predecessor-version":[{"id":81693,"href":"https:\/\/www.sisinternational.com\/pl\/wp-json\/wp\/v2\/pages\/39605\/revisions\/81693"}],"up":[{"embeddable":true,"href":"https:\/\/www.sisinternational.com\/pl\/wp-json\/wp\/v2\/pages\/14567"}],"wp:featuredmedia":[{"embeddable":true,"href":"https:\/\/www.sisinternational.com\/pl\/wp-json\/wp\/v2\/media\/62557"}],"wp:attachment":[{"href":"https:\/\/www.sisinternational.com\/pl\/wp-json\/wp\/v2\/media?parent=39605"}],"curies":[{"name":"wp","href":"https:\/\/api.w.org\/{rel}","templated":true}]}}