{"id":39539,"date":"2021-12-14T23:16:01","date_gmt":"2021-12-14T23:16:01","guid":{"rendered":"https:\/\/www.sisinternational.com\/?page_id=39539"},"modified":"2026-01-26T14:42:07","modified_gmt":"2026-01-26T19:42:07","slug":"badania-rynku-opakowan","status":"publish","type":"page","link":"https:\/\/www.sisinternational.com\/pl\/rozwiazania\/rozwiazania-w-zakresie-brandingu-i-badan-klientow\/badania-rynku-opakowan\/","title":{"rendered":"Badania rynku opakowa\u0144"},"content":{"rendered":"<h1 class=\"wp-block-heading\">Badania rynku opakowa\u0144<\/h1>\n\n\n\n<p><\/p>\n\n\n\n<figure class=\"gb-block-image gb-block-image-b3234869\"><img loading=\"lazy\" decoding=\"async\" width=\"1456\" height=\"816\" class=\"gb-image gb-image-b3234869\" src=\"https:\/\/www.sisinternational.com\/wp-content\/uploads\/2025\/08\/Food-packaging-2.jpg\" alt=\"SIS Mi\u0119dzynarodowe badania rynku i strategia\" title=\"Food packaging (2)\" srcset=\"https:\/\/www.sisinternational.com\/wp-content\/uploads\/2025\/08\/Food-packaging-2.jpg 1456w, https:\/\/www.sisinternational.com\/wp-content\/uploads\/2025\/08\/Food-packaging-2-300x168.jpg 300w, https:\/\/www.sisinternational.com\/wp-content\/uploads\/2025\/08\/Food-packaging-2-1024x574.jpg 1024w, https:\/\/www.sisinternational.com\/wp-content\/uploads\/2025\/08\/Food-packaging-2-768x430.jpg 768w, https:\/\/www.sisinternational.com\/wp-content\/uploads\/2025\/08\/Food-packaging-2-18x10.jpg 18w\" sizes=\"auto, (max-width: 1456px) 100vw, 1456px\"><\/figure>\n\n\n\n<p><\/p>\n\n\n\n<p>Packaging is also known as the packing function. Another way to look at it is as the art of placing and protecting products for storage, sale, delivery, and use. In other words, packaging prepares products for storage or transport. It has become further developed in recent years. <a href=\"https:\/\/www.sisinternational.com\/pl\/packaging-the-last-10-seconds-of-marketing\/\" title=\"Packaging Market Research: The Last 10 Seconds of Marketing\"  data-wpil-monitor-id=\"9413\">Packaging became popular during the last<\/a> century, and marketers use it in many different ways to boost sales.<\/p>\n\n\n\n<p>Packaging dates back to 1035 when merchants visited <a href=\"https:\/\/www.sisinternational.com\/pl\/ekspertyza\/branze\/frontier-market-country-market-research\/\" title=\"Badania rynku granicznego w kraju\"  data-wpil-monitor-id=\"9404\">markets in other countries<\/a>. The sellers wrapped their spices, veggies, and hardware in paper packages for customers. Over time people got better ways to pack things. They started using natural materials like baskets, wooden boxes, pottery vases, and woven bags. The field progressed when Michigan State began to offer degree courses in the subject of packaging. From there on, it started getting the attention of buyers.<\/p>\n\n\n\n<h2 class=\"wp-block-heading\">Dlaczego opakowanie jest wa\u017cne?<\/h2>\n\n\n\n<p>Opakowanie ma wiele zalet. Jest przydatne dla wielu firm na ca\u0142ym \u015bwiecie. Podstawowym zastosowaniem opakowania jest ochrona produkt\u00f3w przed ekstremalnym ciep\u0142em i zimnem. Ponadto chroni je przed zgnieceniem, wibracjami i utrat\u0105 jako\u015bci. Ponadto chroni produkt przed wyciekami, st\u0142uczeniem, kurzem i wilgoci\u0105.<\/p>\n\n\n\n<p>W\u0142a\u015bciwe opakowanie przynosi r\u00f3wnie\u017c korzy\u015bci klientom i pracownikom. Ekspozycja na opakowaniu u\u0142atwia im przenoszenie towar\u00f3w. R\u00f3\u017cne pojemniki i style pakowania r\u00f3wnie\u017c u\u0142atwiaj\u0105 prac\u0119 pracownikom.<\/p>\n\n\n\n<p>Inne powody to:<\/p>\n\n\n\n<ul class=\"wp-block-list\">\n<li>Aby umo\u017cliwi\u0107 marketing<\/li>\n\n\n\n<li>Buduj zyski<\/li>\n\n\n\n<li>Dodaj do wizerunku marki<\/li>\n\n\n\n<li>Zapewnij \u0142atw\u0105 identyfikacj\u0119 produktu<\/li>\n\n\n\n<li>Zapobiegaj psuciu si\u0119 produkt\u00f3w<\/li>\n<\/ul>\n\n\n\n<h2 class=\"wp-block-heading\">Kluczowe stanowiska<\/h2>\n\n\n\n<p>Praca w tym obszarze wi\u0105\u017ce si\u0119 z pewn\u0105 aktywno\u015bci\u0105 fizyczn\u0105 i trzeba by\u0107 zorganizowanym. Opr\u00f3cz zwyk\u0142ego pakowania i wysy\u0142ki, bran\u017ca ta oferuje korzy\u015bci dla pracownik\u00f3w. Pakowanie oferuje szeroki zakres stanowisk, w tym pakowaczy, technik\u00f3w monta\u017cu, \u0142adowaczy i pracownik\u00f3w magazynu.<\/p>\n\n\n\n<p>Pakowacze zajmuj\u0105 si\u0119 organizowaniem i wysy\u0142k\u0105 dla dostawc\u00f3w. Pracuj\u0105 w magazynach, przygotowuj\u0105c dostawy produkt\u00f3w. Wykonuj\u0105 pomiary, wa\u017cenie itp. paczek.<\/p>\n\n\n\n<p>Pracownicy magazynu odpowiadaj\u0105 za przyjmowanie zapas\u00f3w i sortowanie ich. W ten sam spos\u00f3b czasami musz\u0105 przygotowywa\u0107 paczki i sprawdza\u0107 stan magazynowy. Zazwyczaj pracuj\u0105 z ci\u0119\u017ckim sprz\u0119tem ka\u017cdego dnia.<\/p>\n\n\n\n<h2 class=\"wp-block-heading\">Dlaczego firmy potrzebuj\u0105 bada\u0144 rynku opakowa\u0144?<\/h2>\n\n\n\n<p>First, businesses need this industry for the safety of the product. It protects the <a href=\"https:\/\/www.sisinternational.com\/pl\/rozwiazania\/rozwiazania-w-zakresie-badan-jakosciowych-i-ilosciowych\/testy-centralnych-lokalizacji-w-nowym-jorku\/\" title=\"Testy w Centralnych Lokalizacjach w Nowym Jorku: Korzy\u015bci dla Test\u00f3w Produkt\u00f3w\"  data-wpil-monitor-id=\"9410\">product during shipping from different locations<\/a>. Packaging also keeps the <a href=\"https:\/\/www.sisinternational.com\/pl\/what-is-a-value-proposition-canvas-the-game-changing-framework-that-prevents-product-failures\/\" title=\"What Is a Value Proposition Canvas? &#091;The Game-Changing Framework That Prevents Product Failures&#093;\"  data-wpil-monitor-id=\"9407\">product safe during shipment and prevents<\/a> damage from the movement. Another key point is that it ensures that customers don\u2019t receive broken items that they will need to bring back to the company.<\/p>\n\n\n\n<p><a href=\"https:\/\/www.sisinternational.com\/pl\/ekspertyza\/branze\/badania-rynku-projektowania-opakowan\/\" title=\"Badania rynku projektowania opakowa\u0144\"  data-wpil-monitor-id=\"6192\">Marketers need packaging<\/a> for promotion, also to increase sales and consumers. It\u2019s also an excellent way to let customers know how to contact you and order even more products. All in all, the <a href=\"https:\/\/www.sisinternational.com\/pl\/packagings-role-in-brand-trust-why-your-box-matters-more-than-you-think\/\" title=\"Packaging&#8217;s Role in Brand Trust: Why Your Box Matters More Than You Think\"  data-wpil-monitor-id=\"9418\">packaging<\/a> is a needed part of the branding process.<\/p>\n\n\n\n<h2 class=\"wp-block-heading\">Kluczowe czynniki sukcesu<\/h2>\n\n\n\n<p>Marketing i pakowanie id\u0105 r\u0119ka w r\u0119k\u0119. W rzeczywisto\u015bci firmy u\u017cywaj\u0105 etykiet na opakowaniach, aby przyci\u0105gn\u0105\u0107 potencjalnych nabywc\u00f3w do firmy. Etykiety te informuj\u0105 konsument\u00f3w, jak zamawia\u0107, podaj\u0105 im lokalizacj\u0119 i dane kontaktowe, a tak\u017ce zastosowania produktu. Wyja\u015bniaj\u0105 nawet, jak pozby\u0107 si\u0119 produktu i podda\u0107 go recyklingowi. Przyci\u0105gaj\u0105 klient\u00f3w do kupowania wi\u0119kszej ilo\u015bci produkt\u00f3w.<\/p>\n\n\n\n<p>Packaging is one of the most typical ways for <a href=\"https:\/\/www.sisinternational.com\/pl\/luxury-perfume-market-research\/\" title=\"Badania rynku perfum luksusowych\"  data-wpil-monitor-id=\"9401\">marketers to build their brands<\/a>. It increases sales and can at least boost the <a href=\"https:\/\/www.sisinternational.com\/pl\/najlepsza-firma-zajmujaca-sie-optymalizacja-sprzedazy-b2b\/\" title=\"Najlepsza firma zajmuj\u0105ca si\u0119 optymalizacj\u0105 sprzeda\u017cy B2B\"  data-wpil-monitor-id=\"9415\">company\u2019s<\/a> image.<\/p>\n\n\n\n<h2 class=\"wp-block-heading\">O badaniach rynku opakowa\u0144<\/h2>\n\n\n\n<p>Are you looking to begin your packaging business or invest in a partnership in one? Our company knows how hard (and scary) it can be to start a packaging business. For this reason, we have <a href=\"https:\/\/www.sisinternational.com\/pl\/zasieg\/europa\/market-research-liverpool-uk\/\" title=\"Badania rynku w Liverpoolu | Grupy fokusowe w Wielkiej Brytanii i zbieranie danych\"  data-wpil-monitor-id=\"9403\">focus groups to help gather the data<\/a> you may need. We also do strategic, qualitative, and quantitative research to help you. The result is happy customers. So contact us today! We\u2019re always ready and waiting to help.<\/p>","protected":false},"excerpt":{"rendered":"<p>Packaging Market Research Packaging is also known as the packing function. Another way to look at it is as the art of placing and protecting products for storage, sale, delivery, and use. In other words, packaging prepares products for storage or transport. It has become further developed in recent years. Packaging became popular during the &#8230; <a title=\"Badania rynku opakowa\u0144\" class=\"read-more\" href=\"https:\/\/www.sisinternational.com\/pl\/rozwiazania\/rozwiazania-w-zakresie-brandingu-i-badan-klientow\/badania-rynku-opakowan\/\" aria-label=\"Dowiedz si\u0119 wi\u0119cej o Packaging Market Research\">Czytaj dalej<\/a><\/p>","protected":false},"author":1,"featured_media":63801,"parent":14650,"menu_order":17,"comment_status":"closed","ping_status":"closed","template":"","meta":{"footnotes":""},"class_list":["post-39539","page","type-page","status-publish","has-post-thumbnail"],"_links":{"self":[{"href":"https:\/\/www.sisinternational.com\/pl\/wp-json\/wp\/v2\/pages\/39539","targetHints":{"allow":["GET"]}}],"collection":[{"href":"https:\/\/www.sisinternational.com\/pl\/wp-json\/wp\/v2\/pages"}],"about":[{"href":"https:\/\/www.sisinternational.com\/pl\/wp-json\/wp\/v2\/types\/page"}],"author":[{"embeddable":true,"href":"https:\/\/www.sisinternational.com\/pl\/wp-json\/wp\/v2\/users\/1"}],"replies":[{"embeddable":true,"href":"https:\/\/www.sisinternational.com\/pl\/wp-json\/wp\/v2\/comments?post=39539"}],"version-history":[{"count":5,"href":"https:\/\/www.sisinternational.com\/pl\/wp-json\/wp\/v2\/pages\/39539\/revisions"}],"predecessor-version":[{"id":81572,"href":"https:\/\/www.sisinternational.com\/pl\/wp-json\/wp\/v2\/pages\/39539\/revisions\/81572"}],"up":[{"embeddable":true,"href":"https:\/\/www.sisinternational.com\/pl\/wp-json\/wp\/v2\/pages\/14650"}],"wp:featuredmedia":[{"embeddable":true,"href":"https:\/\/www.sisinternational.com\/pl\/wp-json\/wp\/v2\/media\/63801"}],"wp:attachment":[{"href":"https:\/\/www.sisinternational.com\/pl\/wp-json\/wp\/v2\/media?parent=39539"}],"curies":[{"name":"wp","href":"https:\/\/api.w.org\/{rel}","templated":true}]}}