{"id":39531,"date":"2021-12-14T22:12:27","date_gmt":"2021-12-14T22:12:27","guid":{"rendered":"https:\/\/www.sisinternational.com\/?page_id=39531"},"modified":"2025-09-14T21:47:14","modified_gmt":"2025-09-15T01:47:14","slug":"badania-rynku-na-jamajce","status":"publish","type":"page","link":"https:\/\/www.sisinternational.com\/pl\/zasieg\/badania-rynku-na-karaibach\/badania-rynku-na-jamajce\/","title":{"rendered":"Badania rynku na Jamajce"},"content":{"rendered":"<h1 class=\"wp-block-heading\">Badania rynku na Jamajce<\/h1>\n\n\n\n<figure class=\"gb-block-image gb-block-image-b9ef4f3a\"><img loading=\"lazy\" decoding=\"async\" width=\"1456\" height=\"816\" class=\"gb-image gb-image-b9ef4f3a\" src=\"https:\/\/www.sisinternational.com\/wp-content\/uploads\/2025\/09\/Jamaica-2.jpg\" alt=\"SIS Mi\u0119dzynarodowe badania rynku i strategia\" title=\"Jamaica (2)\" srcset=\"https:\/\/www.sisinternational.com\/wp-content\/uploads\/2025\/09\/Jamaica-2.jpg 1456w, https:\/\/www.sisinternational.com\/wp-content\/uploads\/2025\/09\/Jamaica-2-300x168.jpg 300w, https:\/\/www.sisinternational.com\/wp-content\/uploads\/2025\/09\/Jamaica-2-1024x574.jpg 1024w, https:\/\/www.sisinternational.com\/wp-content\/uploads\/2025\/09\/Jamaica-2-768x430.jpg 768w, https:\/\/www.sisinternational.com\/wp-content\/uploads\/2025\/09\/Jamaica-2-18x10.jpg 18w\" sizes=\"auto, (max-width: 1456px) 100vw, 1456px\"><\/figure>\n\n\n\n<p><\/p>\n\n\n\n<p>Jamajka jest trzeci\u0105 co do wielko\u015bci wysp\u0105 karaibsk\u0105 i najwi\u0119ksz\u0105 wysp\u0105 angloj\u0119zyczn\u0105 w regionie. Le\u017cy oko\u0142o 285 mil na p\u00f3\u0142noc od kontynentu Ameryki \u015arodkowej. Haiti na wschodzie i Kuba na p\u00f3\u0142nocy s\u0105 bliskimi s\u0105siadami. Jamajka jest domem dla prawie trzech milion\u00f3w ludzi. Kingston, stolica i g\u0142\u00f3wne miasto wyspy, znajduje si\u0119 w po\u0142udniowo-wschodnim naro\u017cniku.<\/p>\n\n\n\n<h2 class=\"wp-block-heading\">Kluczowe bran\u017ce<\/h2>\n\n\n\n<p>Zasoby naturalne, takie jak minera\u0142y, s\u0105 w ca\u0142ym kraju obfite. Jamajka ma r\u00f3wnie\u017c przyjemn\u0105 atmosfer\u0119 i naturalne pi\u0119kno. Mimo \u017ce kraj ma du\u017c\u0105 si\u0142\u0119 robocz\u0105, stopa bezrobocia jest wysoka. Zad\u0142u\u017cenie zewn\u0119trzne to kolejna przera\u017caj\u0105ca statystyka. Turystyka, rolnictwo, g\u00f3rnictwo i produkcja to g\u0142\u00f3wne sektory gospodarki kraju \u2014 turystyka i produkcja odpowiadaj\u0105 za oko\u0142o jedn\u0105 trzeci\u0105 PKB.<\/p>\n\n\n\n<h2 class=\"wp-block-heading\">Osiedla<\/h2>\n\n\n\n<p>Palisadoes, rozleg\u0142y piaszczysty cypel o barwnej historii, strze\u017ce naturalnego portu w Kingston. Ten cypel \u0142\u0105czy miasto Port Royal i lotnisko Norman Manley z l\u0105dem sta\u0142ym. Ponadto w sercu miasta znajduje si\u0119 Muzeum Boba Marleya, w domu muzyka reggae. W pobli\u017cu znajduje si\u0119 r\u00f3wnie\u017c Devon House, dom z epoki kolonialnej z wyposa\u017ceniem z epoki. Kraj prezentuje swoj\u0105 naturaln\u0105 flor\u0119 i faun\u0119 w Hope Botanical Gardens &amp; Zoo. G\u00f3ry B\u0142\u0119kitne, znany obszar uprawy kawy ze szlakami i strumieniami dla w\u0119drowc\u00f3w, le\u017c\u0105 na p\u00f3\u0142nocny wsch\u00f3d od miasta.<\/p>\n\n\n\n<h2 class=\"wp-block-heading\">Trendy<\/h2>\n\n\n\n<p>As Jamaica\u2019s economy shows signs of growth, the housing market has yet to catch up. Property <a href=\"https:\/\/www.sisinternational.com\/pl\/badania-rynku-wina\/\" title=\"Badania rynku wina: dodawanie zysk\u00f3w ze sprzeda\u017cy wina krajowego\"  data-wpil-monitor-id=\"7857\">sales<\/a> have slowed to a halt while domestic rentals have gone up. The country suffers from high inflation and soaring crime rates. Thus, Jamaica\u2019s real estate industry has failed in recent years. Property <a href=\"https:\/\/www.sisinternational.com\/pl\/rozwiazania\/rozwiazania-w-zakresie-badan-jakosciowych-i-ilosciowych\/pricing-and-demand-analysis\/\" title=\"Pricing and Demand Analysis\"  data-wpil-monitor-id=\"7854\">prices fell in 2009 as foreign demand<\/a> slowed, and many upscale houses saw price drops. The number of sales has also fallen. Still, the lower-middle-income part of the <a href=\"https:\/\/www.sisinternational.com\/pl\/zapewnienie-ze-klienci-zapamietaja-twoja-wiadomosc\/\" title=\"Aktywacja marki Badania rynku\"  data-wpil-monitor-id=\"7851\">market has remained active<\/a>.<\/p>\n\n\n\n<h2 class=\"wp-block-heading\">Benefits And Strengths in the Market<\/h2>\n\n\n\n<figure class=\"gb-block-image gb-block-image-2017e688\"><img loading=\"lazy\" decoding=\"async\" width=\"1456\" height=\"816\" class=\"gb-image gb-image-2017e688\" src=\"https:\/\/www.sisinternational.com\/wp-content\/uploads\/2025\/09\/Jamaica-3.jpg\" alt=\"SIS Mi\u0119dzynarodowe badania rynku i strategia\" title=\"Jamaica (3)\" srcset=\"https:\/\/www.sisinternational.com\/wp-content\/uploads\/2025\/09\/Jamaica-3.jpg 1456w, https:\/\/www.sisinternational.com\/wp-content\/uploads\/2025\/09\/Jamaica-3-300x168.jpg 300w, https:\/\/www.sisinternational.com\/wp-content\/uploads\/2025\/09\/Jamaica-3-1024x574.jpg 1024w, https:\/\/www.sisinternational.com\/wp-content\/uploads\/2025\/09\/Jamaica-3-768x430.jpg 768w, https:\/\/www.sisinternational.com\/wp-content\/uploads\/2025\/09\/Jamaica-3-18x10.jpg 18w\" sizes=\"auto, (max-width: 1456px) 100vw, 1456px\"><\/figure>\n\n\n\n<p><\/p>\n\n\n\n<p>W ci\u0105gu ostatnich kilku lat Jamajka odnotowa\u0142a wzrost gospodarczy. Wzrost ten jest wynikiem wysi\u0142k\u00f3w podejmowanych w celu zachowania ostro\u017cno\u015bci fiskalnej. Te dane finansowe plasuj\u0105 Jamajk\u0119 w\u015br\u00f3d najlepiej prosperuj\u0105cych kraj\u00f3w na \u015bwiecie.<\/p>\n\n\n\n<p>Also, Jamaica is one of the top twenty nations for its great credit system. And its rates are among some of the best in the world for starting a business. Any businessperson can create and run a business in as few as two steps and three days.<\/p>\n\n\n\n<h2 class=\"wp-block-heading\">Baza konsument\u00f3w<\/h2>\n\n\n\n<p>Internet subscriptions are increasing. More Jamaicans are spending time online on their PCs and smartphones. Yet, only a tiny fraction of Jamaicans use the Internet to shop. Still, top hitters in the e-commerce field are optimistic. They <a href=\"https:\/\/www.sisinternational.com\/pl\/ekspertyza\/branze\/claim-substantiation-market-research\/\" title=\"Badania rynku potwierdzaj\u0105ce roszczenia\"  data-wpil-monitor-id=\"7856\">claim<\/a> that the use of the Internet for online marketing is increasing at a high rate. Retailers are moving to keep up with the Internet trend. Many of them are increasing their investments in <a href=\"https:\/\/www.sisinternational.com\/pl\/ekspertyza\/branze\/online-car-platform-market-research\/\" title=\"Badania rynku platformy samochodowej online\"  data-wpil-monitor-id=\"7855\">online shopping platforms<\/a>.<\/p>\n\n\n\n<p>W ci\u0105gu ostatnich kilku lat supermarkety odnotowa\u0142y rosn\u0105cy trend wytwarzania artyku\u0142\u00f3w o warto\u015bci dodanej. Wi\u0119kszo\u015b\u0107 tych artyku\u0142\u00f3w wytwarzaj\u0105 ze \u015bwie\u017cych owoc\u00f3w, aby zwi\u0119kszy\u0107 sprzeda\u017c i konkurencyjno\u015b\u0107. W\u015br\u00f3d tych artyku\u0142\u00f3w znajduj\u0105 si\u0119 metody Ready-To-Eat (RTE) i Ready-To-Cook (RTC). Konsumenci odchodz\u0105 od starych metod przygotowywania \u017cywno\u015bci. Dlatego ten trend prawdopodobnie b\u0119dzie nadal r\u00f3s\u0142.<\/p>\n\n\n\n<h2 class=\"wp-block-heading\">Powody, dla kt\u00f3rych warto robi\u0107 interesy na Jamajce<\/h2>\n\n\n\n<ul class=\"wp-block-list\">\n<li>Jamajka jest jednym z najlepszych kraj\u00f3w na \u015bwiecie do za\u0142o\u017cenia dzia\u0142alno\u015bci gospodarczej i stale pnie si\u0119 w g\u00f3r\u0119 w tym rankingu.<\/li>\n\n\n\n<li>Its housing demand got a boost from recent cuts in mortgage interest rates. Some banks also increased loan limits. As a result, being a homeowner is no longer a pipe dream.<\/li>\n\n\n\n<li>For investors, Jamaica has lots of advantages, particularly regarding location. It lies between <a href=\"https:\/\/www.sisinternational.com\/pl\/zasieg\/ameryka\/market-research-north-america\/\" title=\"Badania rynku w Ameryce P\u00f3\u0142nocnej\"  data-wpil-monitor-id=\"7850\">North and South America<\/a>. It also has an 800 million consumer market within four hours of its coastlines.<\/li>\n<\/ul>\n\n\n\n<h2 class=\"wp-block-heading\">Badania rynku na Jamajce<\/h2>\n\n\n\n<p>It is essential to conduct quantitative, qualitative, and strategic research. Another important thing to keep in mind is that focus groups and surveys are valuable. They can reveal the genuine opinions and ideas of customers. Besides, the <a href=\"https:\/\/www.sisinternational.com\/pl\/rozwiazania\/testowanie-smaku\/comparative-taste-testing-market-research\/\" title=\"Badania rynku por\u00f3wnawczego testowania smaku\"  data-wpil-monitor-id=\"7853\">market entry process in Jamaica is comparable<\/a> to that of many other nations. You should first take a trip to the island to look around. Your <a href=\"https:\/\/www.sisinternational.com\/pl\/ekspertyza\/cv-z-doswiadczeniem\/cv-z-doswiadczeniem-w-branzy-motoryzacyjnej\/\" title=\"Firma badawcza rynku bran\u017cy motoryzacyjnej\"  data-wpil-monitor-id=\"7852\">company can set up helpful industry<\/a> ties during a visit. These ties could be beneficial in allowing you to flourish in the market.<\/p>\n\n\n\n<p><\/p>","protected":false},"excerpt":{"rendered":"<p>Badania rynku na Jamajce Jamajka jest trzeci\u0105 co do wielko\u015bci wysp\u0105 karaibsk\u0105 i najwi\u0119ksz\u0105 wysp\u0105 angloj\u0119zyczn\u0105 w regionie. Le\u017cy oko\u0142o 285 mil na p\u00f3\u0142noc od kontynentu Ameryki \u015arodkowej. Haiti na wschodzie i Kuba na p\u00f3\u0142nocy s\u0105 bliskimi s\u0105siadami. Jamajka jest domem dla prawie trzech milion\u00f3w ludzi. Kingston, stolica i g\u0142\u00f3wne miasto wyspy, jest \u2026 <a title=\"Badania rynku na Jamajce\" class=\"read-more\" href=\"https:\/\/www.sisinternational.com\/pl\/zasieg\/badania-rynku-na-karaibach\/badania-rynku-na-jamajce\/\" aria-label=\"Dowiedz si\u0119 wi\u0119cej o Market Research in Jamaica\">Czytaj dalej<\/a><\/p>","protected":false},"author":1,"featured_media":66130,"parent":33287,"menu_order":3,"comment_status":"closed","ping_status":"closed","template":"","meta":{"footnotes":""},"class_list":["post-39531","page","type-page","status-publish","has-post-thumbnail"],"_links":{"self":[{"href":"https:\/\/www.sisinternational.com\/pl\/wp-json\/wp\/v2\/pages\/39531","targetHints":{"allow":["GET"]}}],"collection":[{"href":"https:\/\/www.sisinternational.com\/pl\/wp-json\/wp\/v2\/pages"}],"about":[{"href":"https:\/\/www.sisinternational.com\/pl\/wp-json\/wp\/v2\/types\/page"}],"author":[{"embeddable":true,"href":"https:\/\/www.sisinternational.com\/pl\/wp-json\/wp\/v2\/users\/1"}],"replies":[{"embeddable":true,"href":"https:\/\/www.sisinternational.com\/pl\/wp-json\/wp\/v2\/comments?post=39531"}],"version-history":[{"count":3,"href":"https:\/\/www.sisinternational.com\/pl\/wp-json\/wp\/v2\/pages\/39531\/revisions"}],"predecessor-version":[{"id":81324,"href":"https:\/\/www.sisinternational.com\/pl\/wp-json\/wp\/v2\/pages\/39531\/revisions\/81324"}],"up":[{"embeddable":true,"href":"https:\/\/www.sisinternational.com\/pl\/wp-json\/wp\/v2\/pages\/33287"}],"wp:featuredmedia":[{"embeddable":true,"href":"https:\/\/www.sisinternational.com\/pl\/wp-json\/wp\/v2\/media\/66130"}],"wp:attachment":[{"href":"https:\/\/www.sisinternational.com\/pl\/wp-json\/wp\/v2\/media?parent=39531"}],"curies":[{"name":"wp","href":"https:\/\/api.w.org\/{rel}","templated":true}]}}