{"id":39525,"date":"2021-12-14T21:41:55","date_gmt":"2021-12-14T21:41:55","guid":{"rendered":"https:\/\/www.sisinternational.com\/?page_id=39525"},"modified":"2025-09-14T21:46:16","modified_gmt":"2025-09-15T01:46:16","slug":"badania-rynku-dominika","status":"publish","type":"page","link":"https:\/\/www.sisinternational.com\/pl\/zasieg\/badania-rynku-na-karaibach\/badania-rynku-dominika\/","title":{"rendered":"Badania rynku w Dominice"},"content":{"rendered":"<h1 class=\"wp-block-heading\">Badania rynku w Dominice<\/h1>\n\n\n\n<figure class=\"gb-block-image gb-block-image-0b09e00b\"><img loading=\"lazy\" decoding=\"async\" width=\"1456\" height=\"816\" class=\"gb-image gb-image-0b09e00b\" src=\"https:\/\/www.sisinternational.com\/wp-content\/uploads\/2025\/09\/Dominica.jpg\" alt=\"SIS Mi\u0119dzynarodowe badania rynku i strategia\" title=\"Dominica\" srcset=\"https:\/\/www.sisinternational.com\/wp-content\/uploads\/2025\/09\/Dominica.jpg 1456w, https:\/\/www.sisinternational.com\/wp-content\/uploads\/2025\/09\/Dominica-300x168.jpg 300w, https:\/\/www.sisinternational.com\/wp-content\/uploads\/2025\/09\/Dominica-1024x574.jpg 1024w, https:\/\/www.sisinternational.com\/wp-content\/uploads\/2025\/09\/Dominica-768x430.jpg 768w, https:\/\/www.sisinternational.com\/wp-content\/uploads\/2025\/09\/Dominica-18x10.jpg 18w\" sizes=\"auto, (max-width: 1456px) 100vw, 1456px\"><\/figure>\n\n\n\n<p><\/p>\n\n\n\n<p>Wsp\u00f3lnota Dominiki jest ma\u0142ym pa\u0144stwem wyspiarskim po\u0142o\u017conym na Karaibach.<\/p>\n\n\n\n<h2 class=\"wp-block-heading\">Kluczowe bran\u017ce<\/h2>\n\n\n\n<p>Agriculture is the primary sector on the island, and it adds the most to the GDP of the country. Many residents engage in farming. The industry employs almost half of the people. The major cash crop in the late 1980s was banana. This crop made up more than half of the island\u2019s total exports. But the crop lost favor over time. This decline was due to many hurricanes and storms, which destroyed the fields. The country has since assumed many projects to revamp this sector.<\/p>\n\n\n\n<p>Turystyka to kolejny g\u0142\u00f3wny sektor. Wyspa s\u0142ynie z ekoturystyki. Jej naturalne pi\u0119kno przyci\u0105ga wielu turyst\u00f3w. Odwiedzaj\u0105cy mog\u0105 w\u0119drowa\u0107 i ogl\u0105da\u0107 dzik\u0105 przyrod\u0119. Mog\u0105 r\u00f3wnie\u017c zwiedza\u0107 krajobrazy wyspy, w tym jej liczne wodospady, gor\u0105ce \u017ar\u00f3d\u0142a i lasy deszczowe.<\/p>\n\n\n\n<h2 class=\"wp-block-heading\">Osiedla<\/h2>\n\n\n\n<p>Ze wzgl\u0119du na niewielkie rozmiary wyspy, nie ma na niej miast.<\/p>\n\n\n\n<p>Stolic\u0105 jest miasto Roseau w parafii Saint George. Jest to najstarsze miasto na wyspie. Le\u017cy na terenie starej wioski Kalinago o nazwie Sairi. Miasto ma wiele dom\u00f3w i betonowych konstrukcji. Jest ma\u0142o zielonej przestrzeni otwartej. Jednak centralny Ogr\u00f3d Botaniczny miasta jest atrakcj\u0105 turystyczn\u0105. Jest r\u00f3wnie\u017c znany z rzeki Roseau, kt\u00f3ra przep\u0142ywa przez stolic\u0119. Ta cecha jest rzadka na wyspach.<\/p>\n\n\n\n<p>Drugim co do wielko\u015bci miastem jest Portsmouth, w parafii Saint John. Le\u017cy nad Indian River. By\u0142o stolic\u0105 wyspy w 1760 r. Jednak z powodu epidemii malarii sytuacja si\u0119 zmieni\u0142a. Jest domem dla najwi\u0119kszego obiektu sportowego na wyspie.<\/p>\n\n\n\n<h2 class=\"wp-block-heading\">Trendy<\/h2>\n\n\n\n<p>Kraj przechodzi z rolnictwa na turystyk\u0119. Promuje si\u0119 jako raj dla ekoturystyki. Ale wyspa wci\u0105\u017c dochodzi do siebie po skutkach huraganu Maria, kt\u00f3ry uderzy\u0142 w 2017 r. Maria zniszczy\u0142a wi\u0119kszo\u015b\u0107 produkt\u00f3w rolnych. Zniszczy\u0142a r\u00f3wnie\u017c sie\u0107 dr\u00f3g i uszkodzi\u0142a niemal wszystkie budynki w kraju.<\/p>\n\n\n\n<p>The economy is trending downwards as the country\u2019s fiscal health declines. The cost of rebuilding after Maria continues to strain public resources. The government is trying hard to revive the economy. It is attempting to <a href=\"https:\/\/www.sisinternational.com\/pl\/rozwiazania\/doradztwo-strategiczne\/badanie-mozliwosci-wejscia-na-rynek\/the-effectiveness-of-product-testing-in-nyc-for-entering-the-american-market\/\" title=\"The Effectiveness of Product testing in NYC for Entering the American Market\"  data-wpil-monitor-id=\"7880\">enter the financial services market<\/a>. So far, a <a href=\"https:\/\/www.sisinternational.com\/pl\/large-scale-research-for-small-companies\/\" title=\"Badania na du\u017c\u0105 skal\u0119 dla ma\u0142ych firm\"  data-wpil-monitor-id=\"7879\">small number of banks and other companies<\/a> have signed up. The entry cost is now lower, and it\u2019s easier to register. These measures, they hope, will attract more companies.<\/p>\n\n\n\n<h2 class=\"wp-block-heading\">Korzy\u015bci i mocne strony na rynku dominika\u0144skim<\/h2>\n\n\n\n<p>Wyspa ma ogromne zasoby naturalne. Istniej\u0105 bardzo dobre perspektywy wzrostu w rolnictwie. Na przyk\u0142ad, uprawa ry\u017cu mo\u017ce dzia\u0142a\u0107 na tej wyspie. Zawsze jest popyt na ry\u017c. Bogata ziemia mo\u017ce pom\u00f3c zwi\u0119kszy\u0107 zbiory. Czynnikiem ryzyka s\u0105 katastrofy takie jak huragan Maria, kt\u00f3re zahamowa\u0142y jakikolwiek wzrost w tym sektorze.<\/p>\n\n\n\n<p>Wyspa mo\u017ce r\u00f3wnie\u017c rozszerzy\u0107 sw\u00f3j zasi\u0119g turystyczny. Jej produkt turystyczny r\u00f3\u017cni si\u0119 od wi\u0119kszo\u015bci wysp. R\u00f3\u017cnica polega na podej\u015bciu ekologicznym.<\/p>\n\n\n\n<p>Due to its volcanic nature, there is room for growth in the energy sector. Geothermal energy is one of the primary sources that the country plans to develop. Companies with the technical know-how to execute energy projects can benefit.<\/p>\n\n\n\n<h2 class=\"wp-block-heading\">Baza konsument\u00f3w<\/h2>\n\n\n\n<p>Baza konsument\u00f3w w Dominice jest uzale\u017cniona od importu, w tym \u017cywno\u015bci. Ma\u0142a populacja kraju utrudnia produkcj\u0119 wystarczaj\u0105cej ilo\u015bci \u017cywno\u015bci. Ludzie nie s\u0105 w stanie wyhodowa\u0107 wystarczaj\u0105co du\u017co, aby si\u0119 utrzyma\u0107. Ta zale\u017cno\u015b\u0107 rozpocz\u0119\u0142a si\u0119 w 1986 r., kiedy liczba os\u00f3b mieszkaj\u0105cych na wyspie zacz\u0119\u0142a spada\u0107. Dominika importuje ponad po\u0142ow\u0119 swojej \u017cywno\u015bci, co prowadzi konsument\u00f3w do zachodniej diety. W zwi\u0105zku z tym ludzie s\u0105 podatni na zachodnie problemy zdrowotne, takie jak cukrzyca.<\/p>\n\n\n\n<h2 class=\"wp-block-heading\">Powody, dla kt\u00f3rych warto rozwija\u0107 sw\u00f3j biznes na tym rynku<\/h2>\n\n\n\n<p>Wyspa oferuje wiele mo\u017cliwo\u015bci dla wielu przedsi\u0119biorstw. Otwarte s\u0105 m.in. produkcja kawy, przetw\u00f3rstwo \u017cywno\u015bci i turystyka.<\/p>\n\n\n\n<p>The coffee <a href=\"https:\/\/www.sisinternational.com\/pl\/publikacje\/scalable-business-market-research-7-ways-to-build-a-scalable-business\/\" title=\"Skalowalne badania rynku biznesowego: 7 sposob\u00f3w na zbudowanie skalowalnego biznesu\"  data-wpil-monitor-id=\"7878\">business has a large market<\/a> on the island. It has strong local demand. Dominica is also moving to step up the production of its Arabica coffee beans. The Venezuelan government recently funded the construction of a coffee processing plant in Portsmouth in the north of the island.<\/p>\n\n\n\n<p>Food security is also a big issue that the country is seeking to address. As a result, companies in the food <a href=\"https:\/\/www.sisinternational.com\/pl\/top-5-benefits-of-qualitative-market-research-for-businesses\/\" title=\"Top 5 Benefits of Qualitative Market Research for Businesses\"  data-wpil-monitor-id=\"7881\">business stand to benefit<\/a>.<\/p>\n\n\n\n<p>Wyspa nadal rozwija si\u0119 jako miejsce turystyczne ze wzgl\u0119du na wyj\u0105tkowe do\u015bwiadczenie, jakie oferuje. Dlatego te\u017c firmy, kt\u00f3re wchodz\u0105 do tej bran\u017cy, r\u00f3wnie\u017c skorzystaj\u0105.<\/p>\n\n\n\n<h2 class=\"wp-block-heading\">O badaniach rynkowych w Dominice<\/h2>\n\n\n\n<p>Quantitative, Qualitative, and Strategy Research is crucial. Several methods exist, including Interviews, Focus Groups, and Surveys. Companies should do these checks before entering the market to determine the best <a href=\"https:\/\/www.sisinternational.com\/pl\/rozwiazania\/sis-global-growth\/market-entry-strategy\/\" title=\"Market Entry Consulting\"  data-wpil-monitor-id=\"7875\">market entry strategy<\/a>. It is also essential to visit the country to find opportunities. It helps to tour the island, visit business sites, and <a href=\"https:\/\/www.sisinternational.com\/pl\/how-to-conduct-effective-desk-research\/\" title=\"How to Conduct Effective Desk Research\"  data-wpil-monitor-id=\"7882\">conduct online research<\/a>. A physical visit will help <a href=\"https:\/\/www.sisinternational.com\/pl\/ekspertyza\/branze\/dyrektor-ds-informatyki-cio-badania-rynku\/\" title=\"Dyrektor ds. informatyki (CIO) Badania rynku\"  data-wpil-monitor-id=\"7876\">inform the market research<\/a>.<\/p>\n\n\n\n<p>We help <a href=\"https:\/\/www.sisinternational.com\/pl\/rozwiazania\/podroze-turystyka-hotelarstwo-doradztwo\/tour-guide-company-market-research\/\" title=\"Badania rynku firm przewodnik\u00f3w turystycznych\"  data-wpil-monitor-id=\"7877\">companies understand the market<\/a>. Contact us today!<\/p>\n\n\n\n<p><\/p>","protected":false},"excerpt":{"rendered":"<p>Badania rynku w Dominice Wsp\u00f3lnota Dominiki, po\u0142o\u017cona na Karaibach, jest ma\u0142ym pa\u0144stwem wyspiarskim. Kluczowe bran\u017ce Rolnictwo jest g\u0142\u00f3wnym sektorem na wyspie i przyczynia si\u0119 najbardziej do PKB kraju. Wielu mieszka\u0144c\u00f3w zajmuje si\u0119 rolnictwem. W bran\u017cy tej zatrudniona jest prawie po\u0142owa ludno\u015bci. G\u0142\u00f3wn\u0105 upraw\u0105 towarow\u0105 jest\u2026 <a title=\"Badania rynku w Dominice\" class=\"read-more\" href=\"https:\/\/www.sisinternational.com\/pl\/zasieg\/badania-rynku-na-karaibach\/badania-rynku-dominika\/\" aria-label=\"Dowiedz si\u0119 wi\u0119cej o Market Research in Dominica\">Czytaj dalej<\/a><\/p>","protected":false},"author":1,"featured_media":66396,"parent":33287,"menu_order":2,"comment_status":"closed","ping_status":"closed","template":"","meta":{"footnotes":""},"class_list":["post-39525","page","type-page","status-publish","has-post-thumbnail"],"_links":{"self":[{"href":"https:\/\/www.sisinternational.com\/pl\/wp-json\/wp\/v2\/pages\/39525","targetHints":{"allow":["GET"]}}],"collection":[{"href":"https:\/\/www.sisinternational.com\/pl\/wp-json\/wp\/v2\/pages"}],"about":[{"href":"https:\/\/www.sisinternational.com\/pl\/wp-json\/wp\/v2\/types\/page"}],"author":[{"embeddable":true,"href":"https:\/\/www.sisinternational.com\/pl\/wp-json\/wp\/v2\/users\/1"}],"replies":[{"embeddable":true,"href":"https:\/\/www.sisinternational.com\/pl\/wp-json\/wp\/v2\/comments?post=39525"}],"version-history":[{"count":3,"href":"https:\/\/www.sisinternational.com\/pl\/wp-json\/wp\/v2\/pages\/39525\/revisions"}],"predecessor-version":[{"id":81329,"href":"https:\/\/www.sisinternational.com\/pl\/wp-json\/wp\/v2\/pages\/39525\/revisions\/81329"}],"up":[{"embeddable":true,"href":"https:\/\/www.sisinternational.com\/pl\/wp-json\/wp\/v2\/pages\/33287"}],"wp:featuredmedia":[{"embeddable":true,"href":"https:\/\/www.sisinternational.com\/pl\/wp-json\/wp\/v2\/media\/66396"}],"wp:attachment":[{"href":"https:\/\/www.sisinternational.com\/pl\/wp-json\/wp\/v2\/media?parent=39525"}],"curies":[{"name":"wp","href":"https:\/\/api.w.org\/{rel}","templated":true}]}}