{"id":39523,"date":"2021-12-14T21:38:19","date_gmt":"2021-12-14T21:38:19","guid":{"rendered":"https:\/\/www.sisinternational.com\/?page_id=39523"},"modified":"2026-01-24T14:08:41","modified_gmt":"2026-01-24T19:08:41","slug":"badania-rynku-boliwia","status":"publish","type":"page","link":"https:\/\/www.sisinternational.com\/pl\/zasieg\/latin-america\/badania-rynku-ameryki-lacinskiej\/badania-rynku-boliwia\/","title":{"rendered":"Badania rynku w Boliwii"},"content":{"rendered":"<h1 class=\"wp-block-heading\">Badania rynku w Boliwii<\/h1>\n\n\n\n<figure class=\"gb-block-image gb-block-image-18e1348b\"><img loading=\"lazy\" decoding=\"async\" width=\"1456\" height=\"816\" class=\"gb-image gb-image-18e1348b\" src=\"https:\/\/www.sisinternational.com\/wp-content\/uploads\/2025\/09\/Bolivia-3.jpg\" alt=\"SIS Mi\u0119dzynarodowe badania rynku i strategia\" title=\"Bolivia (3)\" srcset=\"https:\/\/www.sisinternational.com\/wp-content\/uploads\/2025\/09\/Bolivia-3.jpg 1456w, https:\/\/www.sisinternational.com\/wp-content\/uploads\/2025\/09\/Bolivia-3-300x168.jpg 300w, https:\/\/www.sisinternational.com\/wp-content\/uploads\/2025\/09\/Bolivia-3-1024x574.jpg 1024w, https:\/\/www.sisinternational.com\/wp-content\/uploads\/2025\/09\/Bolivia-3-768x430.jpg 768w, https:\/\/www.sisinternational.com\/wp-content\/uploads\/2025\/09\/Bolivia-3-18x10.jpg 18w\" sizes=\"auto, (max-width: 1456px) 100vw, 1456px\"><\/figure>\n\n\n\n<p><\/p>\n\n\n\n<p>Bolivia is in west-central South America. Sucre is the capital city, but the financial capital is La Paz. Bolivia went through some financial troubles in the 20th century. It has now bounced back better than ever. With rising GDP and falling rates of poverty, it is enjoying an economic boom. But good data is essential for the country to make good use of this new prosperity. Good knowledge of the <a href=\"https:\/\/www.sisinternational.com\/pl\/publikacje\/scalable-business-market-research-7-ways-to-build-a-scalable-business\/\" title=\"Skalowalne badania rynku biznesowego: 7 sposob\u00f3w na zbudowanie skalowalnego biznesu\"  data-wpil-monitor-id=\"8686\">market is a boon in any business<\/a> starting up there.<\/p>\n\n\n\n<h2 class=\"wp-block-heading\">Kluczowe bran\u017ce<\/h2>\n\n\n\n<p>Rolnictwo, produkcja i us\u0142ugi to wiod\u0105ce sektory kraju. Us\u0142ugi stanowi\u0105 wi\u0119kszo\u015b\u0107 PKB kraju ze wzgl\u0119du na ostatni wzrost w sektorze finansowym. Przemys\u0142 wytw\u00f3rczy jest drugim najwa\u017cniejszym. Ten przemys\u0142 obejmuje produkcj\u0119 tekstyli\u00f3w, odzie\u017cy i rafinowanej ropy naftowej. Jedn\u0105 z g\u0142\u00f3wnych upraw eksportowych Boliwii jest koka. Jest trzecim co do wielko\u015bci eksporterem tej uprawy na \u015bwiecie. Jednak w ostatnich latach wiod\u0105cym eksportem kraju by\u0142a soja. Niekt\u00f3re inne godne uwagi uprawy to trzcina cukrowa, kukurydza, ziemniaki i banany.<\/p>\n\n\n\n<h2 class=\"wp-block-heading\">Osiedla<\/h2>\n\n\n\n<p>Poniewa\u017c Boliwia jest \u015br\u00f3dl\u0105dowa, wi\u0119kszo\u015b\u0107 jej handlu odbywa si\u0119 z bliskimi s\u0105siadami. S\u0105siadami tymi s\u0105 Chile, Peru i Brazylia. Regiony w Boliwii maj\u0105 wiele r\u00f3\u017cnych klimat\u00f3w:<\/p>\n\n\n\n<ul class=\"wp-block-list\">\n<li>Region Llanos: wilgotny i tropikalny<\/li>\n\n\n\n<li>Region Altiplano: Pustynia i obszary polarne<\/li>\n\n\n\n<li>Regiony Valley i Yungas: umiarkowany<\/li>\n\n\n\n<li>Region Chaco: subtropikalny i p\u00f3\u0142pustynny<\/li>\n<\/ul>\n\n\n\n<p>Taka r\u00f3\u017cnorodno\u015b\u0107 pozwala na upraw\u0119 w tym kraju wielu r\u00f3\u017cnych ro\u015blin.<\/p>\n\n\n\n<p>Wi\u0119kszo\u015b\u0107 ludzi w Boliwii \u017cyje na nizinach. Im bli\u017cej And\u00f3w, tym rzadsza staje si\u0119 populacja.<\/p>\n\n\n\n<h2 class=\"wp-block-heading\">Trendy<\/h2>\n\n\n\n<p>Du\u017ca mieszanka ludzi tworzy zr\u00f3\u017cnicowan\u0105 kultur\u0119 w Boliwii. Kultura ta r\u00f3\u017cni si\u0119 od kultury innych kraj\u00f3w Ameryki Po\u0142udniowej. Na przyk\u0142ad, ludzie stworzyli nowy rodzaj architektury zwany \u201ebarokiem metyskim\u201d. Ponadto, wyprodukowali malarzy takich jak P\u00e9rez de Holgu\u00edn, Flores i innych, znanych na ca\u0142ym \u015bwiecie. Folklor kraju jest r\u00f3wnie\u017c do\u015b\u0107 bogaty. Na przyk\u0142ad, s\u0105 \u201eta\u0144ce diab\u0142a\u201d na dorocznym karnawale Oruro. Jest te\u017c mniej znany karnawa\u0142 Trabuco.<\/p>\n\n\n\n<h2 class=\"wp-block-heading\">Korzy\u015bci i mocne strony na rynku<\/h2>\n\n\n\n<figure class=\"gb-block-image gb-block-image-26e4f48f\"><img loading=\"lazy\" decoding=\"async\" width=\"1456\" height=\"816\" class=\"gb-image gb-image-26e4f48f\" src=\"https:\/\/www.sisinternational.com\/wp-content\/uploads\/2025\/09\/Bolivia-2.jpg\" alt=\"SIS Mi\u0119dzynarodowe badania rynku i strategia\" title=\"Bolivia (2)\" srcset=\"https:\/\/www.sisinternational.com\/wp-content\/uploads\/2025\/09\/Bolivia-2.jpg 1456w, https:\/\/www.sisinternational.com\/wp-content\/uploads\/2025\/09\/Bolivia-2-300x168.jpg 300w, https:\/\/www.sisinternational.com\/wp-content\/uploads\/2025\/09\/Bolivia-2-1024x574.jpg 1024w, https:\/\/www.sisinternational.com\/wp-content\/uploads\/2025\/09\/Bolivia-2-768x430.jpg 768w, https:\/\/www.sisinternational.com\/wp-content\/uploads\/2025\/09\/Bolivia-2-18x10.jpg 18w\" sizes=\"auto, (max-width: 1456px) 100vw, 1456px\"><\/figure>\n\n\n\n<p><\/p>\n\n\n\n<p>The country tends to export more than it imports, so it has low debt. Bolivia has many financial services. These <a href=\"https:\/\/www.sisinternational.com\/pl\/rozwiazania\/badania-rynku-konsumenckiego\/\" title=\"Consumer Market Research Services for Smarter Business Decisions\"  data-wpil-monitor-id=\"8692\">services would boost any business<\/a> trying to work there. The population is well-educated and the country has a literacy rate of 100%. The skilled service industry there makes trade across the nation stress-free. Not only that, but they may even <a href=\"https:\/\/www.sisinternational.com\/pl\/publikacje\/japans-mid-market-exporting\/\" title=\"Rozwijanie Twojego Biznesu w Japonii\"  data-wpil-monitor-id=\"8689\">grow your business<\/a>.<\/p>\n\n\n\n<h2 class=\"wp-block-heading\">Baza konsument\u00f3w<\/h2>\n\n\n\n<p>Bolivia is the fifth largest country in South America with many residents. The people there are of European, Asian, and indigenous descent. Most people speak Spanish, but there are some lesser-known dialects there. When it comes to development, the low-lying valleys are more urban than the rural highlands. In total, two-thirds of the citizens live in urban areas, with the rest in rural regions. One thing of note is that Bolivia has a young population. Most residents are between the ages of 15 and 59.<\/p>\n\n\n\n<h2 class=\"wp-block-heading\">Reasons to Grow Your Business in the Bolivian Market<\/h2>\n\n\n\n<p>Niski wska\u017anik ub\u00f3stwa i niski wska\u017anik bezrobocia w Boliwii sprawiaj\u0105, \u017ce jest to \u015bwietne miejsce do inwestowania. Ma wielu partner\u00f3w handlowych ze wzgl\u0119du na du\u017c\u0105 liczb\u0119 zasob\u00f3w. Na przyk\u0142ad, niekt\u00f3rzy znani partnerzy handlowi to Japonia, USA, Argentyna i Brazylia. Wi\u0119kszo\u015b\u0107 handlu prowadzi z Argentyn\u0105 i Brazyli\u0105.<\/p>\n\n\n\n<p>The country has also become more urban. The rapid development of the country makes it easy for new businesses to move in. That ease of entry means one less concern for you. With that out of the way, you can focus on profit and growth.<\/p>\n\n\n\n<h2 class=\"wp-block-heading\">O badaniach rynkowych w Boliwii<\/h2>\n\n\n\n<p>It\u2019s essential to use many different techniques to get the most helpful info. <a href=\"https:\/\/www.sisinternational.com\/pl\/rozwiazania\/rozwiazania-w-zakresie-badan-jakosciowych-i-ilosciowych\/field-service-market-research\/\" title=\"Badania rynku us\u0142ug terenowych\"  data-wpil-monitor-id=\"8691\">Research in the field<\/a> is the best approach. It lets you get the most up-to-date information. That current info will let you make better and more correct predictions. <a href=\"https:\/\/www.sisinternational.com\/pl\/rozwiazania\/rozwiazania-w-zakresie-badan-jakosciowych-i-ilosciowych\/rekrutacja-do-badan-jakosciowych\/\" title=\"Rekrutacja do bada\u0144 jako\u015bciowych\"  data-wpil-monitor-id=\"8683\">Qualitative and Quantitative research<\/a> is excellent for this. Those can help determine what works and what doesn\u2019t. Also, some other suitable <a href=\"https:\/\/www.sisinternational.com\/pl\/quantitative-market-research-methods-and-techniques\/\" title=\"Quantitative Market Research Methods and Techniques\"  data-wpil-monitor-id=\"8684\">methods include Strategy Research<\/a>, Focus Groups, and Surveys. They can give you a good idea of what is going on in consumers\u2019 heads.<\/p>\n\n\n\n<p>Ten <a href=\"https:\/\/www.sisinternational.com\/pl\/beauty-market-research-in-the-us\/\" title=\"Beauty Market Research in the US\"  data-wpil-monitor-id=\"893\">beauty of Market Research<\/a> is that it lets you be ahead of the curve in the market. That prior knowledge will put you ahead of your competitors so that you can beat them without a sweat.<\/p>\n\n\n\n<p><\/p>","protected":false},"excerpt":{"rendered":"<p>Market Research in Bolivia Bolivia is in west-central South America. Sucre is the capital city, but the financial capital is La Paz. Bolivia went through some financial troubles in the 20th century. It has now bounced back better than ever. With rising GDP and falling rates of poverty, it is enjoying an economic boom. But &#8230; <a title=\"Badania rynku w Boliwii\" class=\"read-more\" href=\"https:\/\/www.sisinternational.com\/pl\/zasieg\/latin-america\/badania-rynku-ameryki-lacinskiej\/badania-rynku-boliwia\/\" aria-label=\"Dowiedz si\u0119 wi\u0119cej o Market Research in Bolivia\">Czytaj dalej<\/a><\/p>","protected":false},"author":1,"featured_media":66214,"parent":14351,"menu_order":20,"comment_status":"closed","ping_status":"closed","template":"","meta":{"footnotes":""},"class_list":["post-39523","page","type-page","status-publish","has-post-thumbnail"],"_links":{"self":[{"href":"https:\/\/www.sisinternational.com\/pl\/wp-json\/wp\/v2\/pages\/39523","targetHints":{"allow":["GET"]}}],"collection":[{"href":"https:\/\/www.sisinternational.com\/pl\/wp-json\/wp\/v2\/pages"}],"about":[{"href":"https:\/\/www.sisinternational.com\/pl\/wp-json\/wp\/v2\/types\/page"}],"author":[{"embeddable":true,"href":"https:\/\/www.sisinternational.com\/pl\/wp-json\/wp\/v2\/users\/1"}],"replies":[{"embeddable":true,"href":"https:\/\/www.sisinternational.com\/pl\/wp-json\/wp\/v2\/comments?post=39523"}],"version-history":[{"count":4,"href":"https:\/\/www.sisinternational.com\/pl\/wp-json\/wp\/v2\/pages\/39523\/revisions"}],"predecessor-version":[{"id":81457,"href":"https:\/\/www.sisinternational.com\/pl\/wp-json\/wp\/v2\/pages\/39523\/revisions\/81457"}],"up":[{"embeddable":true,"href":"https:\/\/www.sisinternational.com\/pl\/wp-json\/wp\/v2\/pages\/14351"}],"wp:featuredmedia":[{"embeddable":true,"href":"https:\/\/www.sisinternational.com\/pl\/wp-json\/wp\/v2\/media\/66214"}],"wp:attachment":[{"href":"https:\/\/www.sisinternational.com\/pl\/wp-json\/wp\/v2\/media?parent=39523"}],"curies":[{"name":"wp","href":"https:\/\/api.w.org\/{rel}","templated":true}]}}