{"id":39521,"date":"2021-12-14T21:19:21","date_gmt":"2021-12-14T21:19:21","guid":{"rendered":"https:\/\/www.sisinternational.com\/?page_id=39521"},"modified":"2025-09-14T21:44:05","modified_gmt":"2025-09-15T01:44:05","slug":"badania-rynku-belize","status":"publish","type":"page","link":"https:\/\/www.sisinternational.com\/pl\/zasieg\/latin-america\/badania-rynku-ameryki-lacinskiej\/badania-rynku-belize\/","title":{"rendered":"Badania rynku w Belize"},"content":{"rendered":"<h1 class=\"wp-block-heading\">Badania rynku w Belize<\/h1>\n\n\n\n<figure class=\"gb-block-image gb-block-image-51ec4602\"><img loading=\"lazy\" decoding=\"async\" width=\"1456\" height=\"816\" class=\"gb-image gb-image-51ec4602\" src=\"https:\/\/www.sisinternational.com\/wp-content\/uploads\/2025\/09\/Belize-3.jpg\" alt=\"SIS Mi\u0119dzynarodowe badania rynku i strategia\" title=\"Belize (3)\" srcset=\"https:\/\/www.sisinternational.com\/wp-content\/uploads\/2025\/09\/Belize-3.jpg 1456w, https:\/\/www.sisinternational.com\/wp-content\/uploads\/2025\/09\/Belize-3-300x168.jpg 300w, https:\/\/www.sisinternational.com\/wp-content\/uploads\/2025\/09\/Belize-3-1024x574.jpg 1024w, https:\/\/www.sisinternational.com\/wp-content\/uploads\/2025\/09\/Belize-3-768x430.jpg 768w, https:\/\/www.sisinternational.com\/wp-content\/uploads\/2025\/09\/Belize-3-18x10.jpg 18w\" sizes=\"auto, (max-width: 1456px) 100vw, 1456px\"><\/figure>\n\n\n\n<p><\/p>\n\n\n\n<p>Jedn\u0105 rzecz\u0105, kt\u00f3ra wyr\u00f3\u017cnia Belize, jest jego ma\u0142a liczba ludno\u015bci \u2013 ma najmniejsz\u0105 populacj\u0119 w Ameryce \u015arodkowej. Jego s\u0105siadami s\u0105 Meksyk i Gwatemala. Jego najwi\u0119kszym miastem jest Belize City, a stolic\u0105 Belmopan.<\/p>\n\n\n\n<p>The main languages are English and Spanish. Mayan is another spoken language, as are&nbsp;Kriol, German, Garifuna, and Chinese. The Mestizo is the most common ethnic <a href=\"https:\/\/www.sisinternational.com\/pl\/rozwiazania\/grupy-fokusowe\/obiekty-grup-fokusowych-nyc\/\" title=\"Obiekty Grupy Fokusowej w Nowym Jorku\"  data-wpil-monitor-id=\"8960\">group within the city<\/a>. Creole, Maya, Garifuna, East Indian, Caucasian, and Asian are further ethnic groups. More than half of the country practices the Christian religion. The currency is the Belize dollar (BZD).<\/p>\n\n\n\n<h2 class=\"wp-block-heading\">Kluczowe bran\u017ce<\/h2>\n\n\n\n<p>Belize ma ma\u0142\u0105, prywatn\u0105 gospodark\u0119. Wi\u0119kszo\u015b\u0107 dochod\u00f3w pochodzi z rolnictwa, turystyki i us\u0142ug. Ropa naftowa to kolejny i nowy dodatek do tej listy. Miasto Spanish Lookout jest teraz gospodarzem pola naftowego. Przynios\u0142o to nowe perspektywy i problemy temu rozwijaj\u0105cemu si\u0119 krajowi. G\u0142\u00f3wnymi produktami eksportowymi Belize s\u0105 cytrusy, cukier i banany. Deficyt handlowy Belize wzrasta z powodu niskich cen eksportowych cukru i banan\u00f3w.<\/p>\n\n\n\n<h2 class=\"wp-block-heading\">Osiedla<\/h2>\n\n\n\n<p>Belmopan, stolica, jest najmniej zaludnion\u0105 stolic\u0105 na kontynencie ameryka\u0144skim. Belmopan jest r\u00f3wnie\u017c trzeci\u0105 co do wielko\u015bci osad\u0105 w Belize. Inne du\u017ce osady to San Ignacio i Belize City. Belmopan, kt\u00f3re powsta\u0142o jako spo\u0142eczno\u015b\u0107 planowana w 1970 r., jest jedn\u0105 z najnowszych stolic narodowych na \u015bwiecie. Od 2000 r. Belmopan jest jedn\u0105 z dw\u00f3ch osad w Belize z oficjalnym statusem miasta. Drug\u0105 jest Belize City.<\/p>\n\n\n\n<p>Belize City, najwi\u0119ksze miasto, by\u0142o kiedy\u015b stolic\u0105 by\u0142ego brytyjskiego Hondurasu. Jest g\u0142\u00f3wnym portem. Jest r\u00f3wnie\u017c centrum finansowym i przemys\u0142owym. W pa\u017adzierniku 1961 roku huragan Hati niemal zniszczy\u0142 Belize City. By\u0142o stolic\u0105, dop\u00f3ki rz\u0105d nie przeni\u00f3s\u0142 si\u0119 do Belmopan w 1970 roku.<\/p>\n\n\n\n<h2 class=\"wp-block-heading\">Trendy<\/h2>\n\n\n\n<figure class=\"gb-block-image gb-block-image-818eed39\"><img loading=\"lazy\" decoding=\"async\" width=\"1456\" height=\"816\" class=\"gb-image gb-image-818eed39\" src=\"https:\/\/www.sisinternational.com\/wp-content\/uploads\/2025\/09\/Belize-4.jpg\" alt=\"SIS Mi\u0119dzynarodowe badania rynku i strategia\" title=\"Belize (4)\" srcset=\"https:\/\/www.sisinternational.com\/wp-content\/uploads\/2025\/09\/Belize-4.jpg 1456w, https:\/\/www.sisinternational.com\/wp-content\/uploads\/2025\/09\/Belize-4-300x168.jpg 300w, https:\/\/www.sisinternational.com\/wp-content\/uploads\/2025\/09\/Belize-4-1024x574.jpg 1024w, https:\/\/www.sisinternational.com\/wp-content\/uploads\/2025\/09\/Belize-4-768x430.jpg 768w, https:\/\/www.sisinternational.com\/wp-content\/uploads\/2025\/09\/Belize-4-18x10.jpg 18w\" sizes=\"auto, (max-width: 1456px) 100vw, 1456px\"><\/figure>\n\n\n\n<p><\/p>\n\n\n\n<p>Liczba turyst\u00f3w wzrasta. Belize sta\u0142o si\u0119 szybko rozwijaj\u0105c\u0105 si\u0119 mekk\u0105 wakacyjn\u0105 w regionie. Do\u015bwiadczy\u0142o r\u00f3wnie\u017c du\u017cej fali innowacji. Obecnie jest liderem w najgor\u0119tszych obszarach technologii (rzeczywisto\u015b\u0107 wirtualna i krypto).<\/p>\n\n\n\n<h2 class=\"wp-block-heading\">Korzy\u015bci i mocne strony na rynku<\/h2>\n\n\n\n<ol class=\"wp-block-list\">\n<li>Potencja\u0142 turystyczny.<\/li>\n\n\n\n<li>Wsparcie ze strony zewn\u0119trznych agencji po\u017cyczkowych.<\/li>\n<\/ol>\n\n\n\n<h2 class=\"wp-block-heading\">Powody, dla kt\u00f3rych warto rozwija\u0107 sw\u00f3j biznes w Belize<\/h2>\n\n\n\n<ul class=\"wp-block-list\">\n<li>Rz\u0105d traktuje zatrudnianie Belizean priorytetowo. Oferuje r\u00f3wnie\u017c zach\u0119ty dla firm, kt\u00f3re chc\u0105 poprawi\u0107 gospodark\u0119. Obejmuj\u0105 one wakacje podatkowe i zwolnienia z ce\u0142 importowych i eksportowych.<\/li>\n\n\n\n<li>Belize jest blisko Stan\u00f3w Zjednoczonych, co oznacza, \u017ce \u0142atwo tam dotrze\u0107. Ponadto linie lotnicze oferuj\u0105 bezpo\u015brednie loty z Nowego Jorku, Kalifornii, Georgii, Florydy i Teksasu.<\/li>\n\n\n\n<li>Podstawowym j\u0119zykiem Belize jest angielski\/kreolski. Ponadto wi\u0119kszo\u015b\u0107 miejscowych m\u00f3wi po angielsku i hiszpa\u0144sku, dw\u00f3ch najpopularniejszych j\u0119zykach \u015bwiata.<\/li>\n\n\n\n<li>Belize ma powi\u0105zania z Ameryk\u0105 \u015arodkow\u0105 i Karaibami. Dlatego te\u017c korzysta z um\u00f3w handlowych podpisanych mi\u0119dzy tymi dwoma regionami.<\/li>\n\n\n\n<li>Belize is still very young and is a developing country. Hence, there are many <a href=\"https:\/\/www.sisinternational.com\/pl\/islamic-banking-opportunities-and-obstacles-for-the-u-s-financial-industry\/\" title=\"Bankowo\u015b\u0107 islamska: szanse i przeszkody dla ameryka\u0144skiego sektora finansowego\"  data-wpil-monitor-id=\"8962\">opportunities to enter new industries<\/a>.<\/li>\n\n\n\n<li>Minimalne wynagrodzenie w Belize jest jednym z najwy\u017cszych w regionie. Mimo to nadal jest niewystarczaj\u0105ce w por\u00f3wnaniu do minimalnego wynagrodzenia w krajach rozwini\u0119tych.<\/li>\n\n\n\n<li>Real estate is cheap to rent or buy. As a matter of fact, much of the land in Belize remains undeveloped. This is good news if your <a href=\"https:\/\/www.sisinternational.com\/pl\/setting-up-a-business-in-turkey\/\" title=\"Zak\u0142adanie firmy w Turcji\"  data-wpil-monitor-id=\"8963\">business plans include setting<\/a> up a farm. The land could also be useful for other purposes. Your business might be far from the city or town, but the land prices will be much lower.<\/li>\n<\/ul>\n\n\n\n<h2 class=\"wp-block-heading\">O badaniach rynkowych w Belize<\/h2>\n\n\n\n<p>Would you like to set up a business in Belize? If so, then you\u2019re in the right place. We set up focus <a href=\"https:\/\/www.sisinternational.com\/pl\/rozwiazania\/rozwiazania-w-zakresie-badan-jakosciowych-i-ilosciowych\/testy-lokalizacji-centralnej-kontra-grupy-fokusowe\/\" title=\"Testy Centralnej Lokalizacji kontra Grupy Fokusowe\"  data-wpil-monitor-id=\"8961\">groups<\/a> in different areas of business in Central America. Likewise, we can conduct quantitative, qualitative, and strategic research for you. This step is vital for doing business in Belize. We will collect the <a href=\"https:\/\/www.sisinternational.com\/pl\/analysis-b2b\/\" title=\"What Business Leaders Need to Know Right Now\"  data-wpil-monitor-id=\"8964\">needed details for you and your business<\/a>. Our interviews, surveys, and other <a href=\"https:\/\/www.sisinternational.com\/pl\/quantitative-market-research-methods-and-techniques\/\" title=\"Quantitative Market Research Methods and Techniques\"  data-wpil-monitor-id=\"8959\">market research methods<\/a> will ensure your success.<\/p>\n\n\n\n<p><\/p>","protected":false},"excerpt":{"rendered":"<p>Market Research in Belize One thing that makes Belize stand out is its small numbers \u2013 it has the smallest populace in Central America. Its neighbors are Mexico and Guatemala. Its largest city is Belize City, and its capital is Belmopan. The main languages are English and Spanish. Mayan is another spoken language, as are&nbsp;Kriol, &#8230; <a title=\"Badania rynku w Belize\" class=\"read-more\" href=\"https:\/\/www.sisinternational.com\/pl\/zasieg\/latin-america\/badania-rynku-ameryki-lacinskiej\/badania-rynku-belize\/\" aria-label=\"Dowiedz si\u0119 wi\u0119cej o Market Research in Belize\">Czytaj dalej<\/a><\/p>","protected":false},"author":1,"featured_media":66210,"parent":14351,"menu_order":19,"comment_status":"closed","ping_status":"closed","template":"","meta":{"footnotes":""},"class_list":["post-39521","page","type-page","status-publish","has-post-thumbnail"],"_links":{"self":[{"href":"https:\/\/www.sisinternational.com\/pl\/wp-json\/wp\/v2\/pages\/39521","targetHints":{"allow":["GET"]}}],"collection":[{"href":"https:\/\/www.sisinternational.com\/pl\/wp-json\/wp\/v2\/pages"}],"about":[{"href":"https:\/\/www.sisinternational.com\/pl\/wp-json\/wp\/v2\/types\/page"}],"author":[{"embeddable":true,"href":"https:\/\/www.sisinternational.com\/pl\/wp-json\/wp\/v2\/users\/1"}],"replies":[{"embeddable":true,"href":"https:\/\/www.sisinternational.com\/pl\/wp-json\/wp\/v2\/comments?post=39521"}],"version-history":[{"count":3,"href":"https:\/\/www.sisinternational.com\/pl\/wp-json\/wp\/v2\/pages\/39521\/revisions"}],"predecessor-version":[{"id":81502,"href":"https:\/\/www.sisinternational.com\/pl\/wp-json\/wp\/v2\/pages\/39521\/revisions\/81502"}],"up":[{"embeddable":true,"href":"https:\/\/www.sisinternational.com\/pl\/wp-json\/wp\/v2\/pages\/14351"}],"wp:featuredmedia":[{"embeddable":true,"href":"https:\/\/www.sisinternational.com\/pl\/wp-json\/wp\/v2\/media\/66210"}],"wp:attachment":[{"href":"https:\/\/www.sisinternational.com\/pl\/wp-json\/wp\/v2\/media?parent=39521"}],"curies":[{"name":"wp","href":"https:\/\/api.w.org\/{rel}","templated":true}]}}