{"id":39519,"date":"2021-12-14T21:15:32","date_gmt":"2021-12-14T21:15:32","guid":{"rendered":"https:\/\/www.sisinternational.com\/?page_id=39519"},"modified":"2025-09-14T21:43:10","modified_gmt":"2025-09-15T01:43:10","slug":"badania-rynku-na-barbadosie","status":"publish","type":"page","link":"https:\/\/www.sisinternational.com\/pl\/zasieg\/badania-rynku-na-karaibach\/badania-rynku-na-barbadosie\/","title":{"rendered":"Badania rynku na Barbadosie"},"content":{"rendered":"<h1 class=\"wp-block-heading\">Badania rynku na Barbadosie<\/h1>\n\n\n\n<figure class=\"gb-block-image gb-block-image-9620d1f7\"><img loading=\"lazy\" decoding=\"async\" width=\"1456\" height=\"816\" class=\"gb-image gb-image-9620d1f7\" src=\"https:\/\/www.sisinternational.com\/wp-content\/uploads\/2025\/09\/Barbados-2.jpg\" alt=\"SIS Mi\u0119dzynarodowe badania rynku i strategia\" title=\"Barbados 2\" srcset=\"https:\/\/www.sisinternational.com\/wp-content\/uploads\/2025\/09\/Barbados-2.jpg 1456w, https:\/\/www.sisinternational.com\/wp-content\/uploads\/2025\/09\/Barbados-2-300x168.jpg 300w, https:\/\/www.sisinternational.com\/wp-content\/uploads\/2025\/09\/Barbados-2-1024x574.jpg 1024w, https:\/\/www.sisinternational.com\/wp-content\/uploads\/2025\/09\/Barbados-2-768x430.jpg 768w, https:\/\/www.sisinternational.com\/wp-content\/uploads\/2025\/09\/Barbados-2-18x10.jpg 18w\" sizes=\"auto, (max-width: 1456px) 100vw, 1456px\"><\/figure>\n\n\n\n<p><\/p>\n\n\n\n<p>Barbados to karaibski kraj wyspiarski, po\u0142o\u017cony na p\u00f3\u0142nocny wsch\u00f3d od Trynidadu i Tobago oraz na wsch\u00f3d od Saint Vincent i Grenadyn. Ten ma\u0142y kraj jest bardzo dobrze rozwini\u0119ty w por\u00f3wnaniu do s\u0105siednich wysp. Co wi\u0119cej, jest to r\u00f3wnie\u017c gospodarka o wysokich dochodach. Jako jedno z najbogatszych pa\u0144stw wyspiarskich na Karaibach, jest to g\u0142\u00f3wne miejsce inwestycji.<\/p>\n\n\n\n<h2 class=\"wp-block-heading\">Kluczowe bran\u017ce<\/h2>\n\n\n\n<p>The main areas of <a href=\"https:\/\/www.sisinternational.com\/pl\/ekspertyza\/branze\/industrial-focus-groups\/\" title=\"Grupy fokusowe przemys\u0142u\"  data-wpil-monitor-id=\"8724\">focus for Barbados are the service industry<\/a> and tourism. These sectors make up three-quarters of the national GDP. Despite this, the country also has a strong agricultural and industrial sector. Also, the large amounts of limestone on the island fuel its mining industry. The island earns much money from the quarrying of clay, gravel, and sand. About three-quarters of the nation\u2019s land is suitable for farming. That land produces lots of sugar for export.<\/p>\n\n\n\n<h2 class=\"wp-block-heading\">Osiedla<\/h2>\n\n\n\n<p>The island has a very flat terrain. It has a few mountains. This terrain dates back to the large coral deposits that were present when the island was forming. Barbados, unlike many of its neighbors, is a limestone island.<\/p>\n\n\n\n<p>Barbados ma 11 parafii, wszystkie nazwane na cze\u015b\u0107 \u015bwi\u0119tych. Ich wioski rozsiane s\u0105 po ca\u0142ej wyspie, ale wi\u0119kszo\u015b\u0107 z nich znajduje si\u0119 na wybrze\u017cu. Opr\u00f3cz tych wiosek Barbados ma kilka miasteczek, z kt\u00f3rych wi\u0119kszo\u015b\u0107 jest centrami handlu i przemys\u0142u.<\/p>\n\n\n\n<h2 class=\"wp-block-heading\">Trendy<\/h2>\n\n\n\n<p>Wi\u0119kszo\u015b\u0107 ludzi jest pochodzenia afryka\u0144skiego (oko\u0142o 91%), a reszta to biali, mieszani lub Hindusi. Tak wi\u0119c Barbados ma bogat\u0105 mieszank\u0119 kultur zachodnioafryka\u0144skich, brytyjskich i indyjskich. Jedn\u0105 z najpopularniejszych rozrywek mieszka\u0144c\u00f3w jest krykiet. Wielu krykiecist\u00f3w w kraju nale\u017cy do regionalnej dru\u017cyny Indii Zachodnich.<\/p>\n\n\n\n<h2 class=\"wp-block-heading\">Korzy\u015bci i mocne strony na rynku<\/h2>\n\n\n\n<p>Barbados has a large amount of arable land for growing a variety of crops. It&#8217;s also known for its large number of <a href=\"https:\/\/www.sisinternational.com\/pl\/rozwiazania\/badania-rynku-i-doradztwo-strategiczne-w-zakresie-sztucznej-inteligencji\/raw-materials-automation-artificial-intelligence-consulting\/\" title=\"Raw Materials Automation and Artificial Intelligence Consulting\"  data-wpil-monitor-id=\"8725\">raw construction materials<\/a>. The rich gravel, sand, and limestone are great for the construction of buildings. Its ease of access and the low price are good news for builders. It\u2019s also one less cause for worry.<\/p>\n\n\n\n<p>The financial <a href=\"https:\/\/www.sisinternational.com\/pl\/rozwiazania\/badania-rynku-konsumenckiego\/\" title=\"Consumer Market Research Services for Smarter Business Decisions\"  data-wpil-monitor-id=\"8727\">services and global business<\/a> sector also boost the country\u2019s GDP. Many large banks and companies are already present there. The sector attracts them because of the quality of supporting services they can access on the island.<\/p>\n\n\n\n<h2 class=\"wp-block-heading\">Baza konsument\u00f3w<\/h2>\n\n\n\n<p>Barbados has one of the densest populations in <a class=\"wpil_keyword_link\" href=\"https:\/\/www.sisinternational.com\/pl\/zasieg\/ameryka\/\"   title=\"Ameryka\" data-wpil-keyword-link=\"linked\"  data-wpil-monitor-id=\"741\">the Americas<\/a>. Most locals speak English or at least a dialect of it. Along with that, almost all locals are literate and educated. That well-educated and skilled population is suitable for any new business. It improves the pool of consumers and potential employees.<\/p>\n\n\n\n<h2 class=\"wp-block-heading\">Reasons to Grow Your Business in the Barbadian Market<\/h2>\n\n\n\n<p>Barbados\u2019 scores are high in the human development index. It means that the country has excellent systems in place, which is good news for investors. Barbados also has good relations with its high-profile trading partners such as the US and the UK. The <a href=\"https:\/\/www.sisinternational.com\/pl\/strategia-kampanii-marketingowej-na-wielu-platformach-dla-emiratyjskiej-spolki-holdingowej-i-konglomeratu-biznesowego\/\" title=\"Us\u0142ugi Reklamy Wielokulturowej dla Holdingu Emirat\u00f3w i Konglomeratu Biznesowego\"  data-wpil-monitor-id=\"8728\">service sector supports new businesses<\/a>. Many people in this sector can assist any <a href=\"https:\/\/www.sisinternational.com\/pl\/setting-up-a-business-in-turkey\/\" title=\"Zak\u0142adanie firmy w Turcji\"  data-wpil-monitor-id=\"8729\">business that wants to set<\/a> itself up there.<\/p>\n\n\n\n<h2 class=\"wp-block-heading\">O badaniach rynkowych na Barbadosie<\/h2>\n\n\n\n<p>Investors need to get the most practical and accurate info. Thus, it\u2019s essential to use many info-gathering techniques. In addition, <a href=\"https:\/\/www.sisinternational.com\/pl\/zasieg\/ameryka\/zasieg-usa\/badania-rynku-w-rhode-island\/\" title=\"Badania rynku w Rhode Island\"  data-wpil-monitor-id=\"8726\">researching an island<\/a> calls for a hands-on approach. It is best to explore the country itself. <a href=\"https:\/\/www.sisinternational.com\/pl\/how-to-design-effective-surveys-for-quantitative-research\/\" title=\"How to Design Effective Surveys for Quantitative Research\"  data-wpil-monitor-id=\"8723\">Quantitative and Qualitative Research<\/a> are excellent tools for this. Those can help investors to find out what works and what doesn\u2019t.<\/p>\n\n\n\n<p>Znalezienie najlepszego sposobu dzia\u0142ania jest niezb\u0119dne dla ka\u017cdej firmy. Pomocne s\u0105 r\u00f3wnie\u017c wywiady, grupy fokusowe, ankiety i badania strategiczne. Mog\u0105 one dostarczy\u0107 wi\u0119cej danych ze \u015bwiata rzeczywistego i da\u0107 Ci poj\u0119cie o tym, co dzieje si\u0119 w g\u0142owach konsument\u00f3w.<\/p>\n\n\n\n<p><\/p>","protected":false},"excerpt":{"rendered":"<p>Badania rynku na Barbadosie Barbados to karaibski kraj wyspiarski, po\u0142o\u017cony na p\u00f3\u0142nocny wsch\u00f3d od Trynidadu i Tobago oraz na wsch\u00f3d od Saint Vincent i Grenadyn. Ten ma\u0142y kraj jest bardzo dobrze rozwini\u0119ty w por\u00f3wnaniu do s\u0105siednich wysp. Co wi\u0119cej, jest to r\u00f3wnie\u017c gospodarka o wysokich dochodach. Jako jedno z najbogatszych pa\u0144stw wyspiarskich na Zachodzie \u2026 <a title=\"Badania rynku na Barbadosie\" class=\"read-more\" href=\"https:\/\/www.sisinternational.com\/pl\/zasieg\/badania-rynku-na-karaibach\/badania-rynku-na-barbadosie\/\" aria-label=\"Dowiedz si\u0119 wi\u0119cej o Market Research in Barbados\">Czytaj dalej<\/a><\/p>","protected":false},"author":1,"featured_media":66391,"parent":33287,"menu_order":1,"comment_status":"closed","ping_status":"closed","template":"","meta":{"footnotes":""},"class_list":["post-39519","page","type-page","status-publish","has-post-thumbnail"],"_links":{"self":[{"href":"https:\/\/www.sisinternational.com\/pl\/wp-json\/wp\/v2\/pages\/39519","targetHints":{"allow":["GET"]}}],"collection":[{"href":"https:\/\/www.sisinternational.com\/pl\/wp-json\/wp\/v2\/pages"}],"about":[{"href":"https:\/\/www.sisinternational.com\/pl\/wp-json\/wp\/v2\/types\/page"}],"author":[{"embeddable":true,"href":"https:\/\/www.sisinternational.com\/pl\/wp-json\/wp\/v2\/users\/1"}],"replies":[{"embeddable":true,"href":"https:\/\/www.sisinternational.com\/pl\/wp-json\/wp\/v2\/comments?post=39519"}],"version-history":[{"count":4,"href":"https:\/\/www.sisinternational.com\/pl\/wp-json\/wp\/v2\/pages\/39519\/revisions"}],"predecessor-version":[{"id":81462,"href":"https:\/\/www.sisinternational.com\/pl\/wp-json\/wp\/v2\/pages\/39519\/revisions\/81462"}],"up":[{"embeddable":true,"href":"https:\/\/www.sisinternational.com\/pl\/wp-json\/wp\/v2\/pages\/33287"}],"wp:featuredmedia":[{"embeddable":true,"href":"https:\/\/www.sisinternational.com\/pl\/wp-json\/wp\/v2\/media\/66391"}],"wp:attachment":[{"href":"https:\/\/www.sisinternational.com\/pl\/wp-json\/wp\/v2\/media?parent=39519"}],"curies":[{"name":"wp","href":"https:\/\/api.w.org\/{rel}","templated":true}]}}