{"id":39322,"date":"2021-11-11T22:14:58","date_gmt":"2021-11-11T22:14:58","guid":{"rendered":"https:\/\/www.sisinternational.com\/?page_id=39322"},"modified":"2025-09-14T22:52:19","modified_gmt":"2025-09-15T02:52:19","slug":"nonprofit-market-research","status":"publish","type":"page","link":"https:\/\/www.sisinternational.com\/pl\/ekspertyza\/nonprofit-market-research\/","title":{"rendered":"Badania rynku non-profit"},"content":{"rendered":"<h1 class=\"wp-block-heading\">Badania rynku non-profit<\/h1>\n\n\n\n<figure class=\"gb-block-image gb-block-image-1beb8d29\"><img loading=\"lazy\" decoding=\"async\" width=\"1456\" height=\"816\" class=\"gb-image gb-image-1beb8d29\" src=\"https:\/\/www.sisinternational.com\/wp-content\/uploads\/2025\/08\/Non-profit-13-1.jpg\" alt=\"SIS Mi\u0119dzynarodowe badania rynku i strategia\" title=\"Non profit (13)\" srcset=\"https:\/\/www.sisinternational.com\/wp-content\/uploads\/2025\/08\/Non-profit-13-1.jpg 1456w, https:\/\/www.sisinternational.com\/wp-content\/uploads\/2025\/08\/Non-profit-13-1-300x168.jpg 300w, https:\/\/www.sisinternational.com\/wp-content\/uploads\/2025\/08\/Non-profit-13-1-1024x574.jpg 1024w, https:\/\/www.sisinternational.com\/wp-content\/uploads\/2025\/08\/Non-profit-13-1-768x430.jpg 768w, https:\/\/www.sisinternational.com\/wp-content\/uploads\/2025\/08\/Non-profit-13-1-18x10.jpg 18w\" sizes=\"auto, (max-width: 1456px) 100vw, 1456px\"><\/figure>\n\n\n\n<p><\/p>\n\n\n\n<h2 class=\"wp-block-heading\">What is Nonprofit Market Research?<\/h2>\n\n\n\n<p>Despite not seeking financial profit, Nonprofits can make good use of market research. In fact, there is a large number of donors looking for a new case to support. So, with the correct information, you can get in front of these donors and bring them to your cause. Thus, it would be best if you had an understanding of Market Research. Such an understanding allows you to meet your goals. It also reduces the risk of your competition pushing you out.<\/p>\n\n\n\n<h2 class=\"wp-block-heading\">As a general plan for market research, there are some essential steps.<\/h2>\n\n\n\n<h3 class=\"wp-block-heading\">Phase 1: Establish Objectives<\/h3>\n\n\n\n<p>Here it\u2019s essential to find out what information you want to collect and how you plan to apply it.<\/p>\n\n\n\n<h3 class=\"wp-block-heading\">Phase 2: Assess Available Resources<\/h3>\n\n\n\n<p>Does your nonprofit have the budget and leadership to conduct the <a href=\"https:\/\/www.sisinternational.com\/pl\/zasieg\/europa\/market-research-liverpool-uk\/\" title=\"Badania rynku w Liverpoolu | Grupy fokusowe w Wielkiej Brytanii i zbieranie danych\"  data-wpil-monitor-id=\"7922\">research and act on the data<\/a>?<\/p>\n\n\n\n<h3 class=\"wp-block-heading\">Phase 3: Define Your Research Approach<\/h3>\n\n\n\n<p>Will your research consist of work from projects that are already done? Or will you base it on the data gained?<\/p>\n\n\n\n<h3 class=\"wp-block-heading\">Phase 4: Design Your Survey<\/h3>\n\n\n\n<p>Set up the qualitative and <a href=\"https:\/\/www.sisinternational.com\/pl\/how-to-design-effective-surveys-for-quantitative-research\/\" title=\"How to Design Effective Surveys for Quantitative Research\"  data-wpil-monitor-id=\"7918\">quantitative research parts of the survey<\/a>.<\/p>\n\n\n\n<h3 class=\"wp-block-heading\">Phase 5: Test Your Questions<\/h3>\n\n\n\n<p>Test every single question to make sure that they are impartial, specific, and direct.<\/p>\n\n\n\n<h3 class=\"wp-block-heading\">Phase 6: Execute the Survey<\/h3>\n\n\n\n<p>Send out the survey on your deployment tool of choice. Options include SurveyMonkey, Typeform, and Google Forms.<\/p>\n\n\n\n<h3 class=\"wp-block-heading\">Phase 7: Cut the Data<\/h3>\n\n\n\n<p>Now it\u2019s time to start editing the data, which a data analyst will undertake.<\/p>\n\n\n\n<h3 class=\"wp-block-heading\">Phase 8: Commit to Re-evaluate<\/h3>\n\n\n\n<p>Finally, there needs to be a commitment to modifying and improving the final report. You add data as you continue to do research.<\/p>\n\n\n\n<h2 class=\"wp-block-heading\">Why is Nonprofit Market Research Important?<\/h2>\n\n\n\n<p>Knowing the mindsets of potential donors is essential to getting their support. It is even more so considering that donor retention can be very low. <a href=\"https:\/\/www.sisinternational.com\/pl\/rozwiazania\/testowanie-smaku\/comparative-taste-testing-market-research\/\" title=\"Badania rynku por\u00f3wnawczego testowania smaku\"  data-wpil-monitor-id=\"7920\">Market Research allows you to compare<\/a> your nonprofit with others in your niche. It helps to see how you measure up to other players in your field. Thus, it ensures that you remain attractive to potential donors. Additionally, it measures brand awareness. In this way, you can be aware of how receptive your nonprofit is to your audience. This knowledge will enable you to make adjustments when needed.<\/p>\n\n\n\n<p>There are many benefits for a nonprofit <a href=\"https:\/\/www.sisinternational.com\/pl\/ekspertyza\/branze\/contract-research-organizations-market-research\/\" title=\"Organizacje badawcze kontraktowe Badania rynku\"  data-wpil-monitor-id=\"7917\">organization to do market research<\/a>. They all tie back to the primary goal of securing funding for the nonprofit. For example, market research can help you gain a better understanding of your base. Additionally, it\u2019s good to understand the demographics. You also need to know the characteristics of your existing supporters. This knowledge allows you to make better decisions for your nonprofit. Market <a href=\"https:\/\/www.sisinternational.com\/pl\/the-social-network-treasury-of-data-for-marketing-researchers\/\" title=\"Badania rynku medi\u00f3w spo\u0142eczno\u015bciowych: szanse i wyzwania\"  data-wpil-monitor-id=\"7916\">Research can help you grow your brand<\/a>. You get a deep understanding of your existing supporters and target audience. This understanding will allow you to craft a brand that appeals to them.<\/p>\n\n\n\n<h2 class=\"wp-block-heading\">Kluczowe stanowiska<\/h2>\n\n\n\n<figure class=\"gb-block-image gb-block-image-2fb4e389\"><img loading=\"lazy\" decoding=\"async\" width=\"1456\" height=\"816\" class=\"gb-image gb-image-2fb4e389\" src=\"https:\/\/www.sisinternational.com\/wp-content\/uploads\/2025\/08\/Non-profit-12-1.jpg\" alt=\"SIS Mi\u0119dzynarodowe badania rynku i strategia\" title=\"Non profit (12)\" srcset=\"https:\/\/www.sisinternational.com\/wp-content\/uploads\/2025\/08\/Non-profit-12-1.jpg 1456w, https:\/\/www.sisinternational.com\/wp-content\/uploads\/2025\/08\/Non-profit-12-1-300x168.jpg 300w, https:\/\/www.sisinternational.com\/wp-content\/uploads\/2025\/08\/Non-profit-12-1-1024x574.jpg 1024w, https:\/\/www.sisinternational.com\/wp-content\/uploads\/2025\/08\/Non-profit-12-1-768x430.jpg 768w, https:\/\/www.sisinternational.com\/wp-content\/uploads\/2025\/08\/Non-profit-12-1-18x10.jpg 18w\" sizes=\"auto, (max-width: 1456px) 100vw, 1456px\"><\/figure>\n\n\n\n<p>Some notable Job Titles:<\/p>\n\n\n\n<ul class=\"wp-block-list\">\n<li>Market Research Analyst<\/li>\n\n\n\n<li>Data Research Analyst<\/li>\n<\/ul>\n\n\n\n<h2 class=\"wp-block-heading\">Why Nonprofits Need Market Research<\/h2>\n\n\n\n<p>Communication with your supporters is essential. Improving that as much as possible is a significant part of a nonprofit\u2019s success. Talks with existing donors are vital to maintaining loyalty. Communication allows you to understand your supporters more. That understanding will enable you to create more targeted messages.<\/p>\n\n\n\n<p>Furthermore, it\u2019s helpful to measure current communications. You also need to manage campaigns with your supporter base. Measuring these two things is very important. Market <a href=\"https:\/\/www.sisinternational.com\/pl\/rozwiazania\/rozwiazania-w-zakresie-badan-jakosciowych-i-ilosciowych\/customer-effort-score-market-research\/\" title=\"Badanie rynku w zakresie wysi\u0142ku klienta\"  data-wpil-monitor-id=\"7919\">Research can enhance your marketing efforts<\/a>. It\u2019s useful for creating campaigns that will speak to your base. Furthermore, some <a href=\"https:\/\/www.sisinternational.com\/pl\/rozwiazania\/podroze-turystyka-hotelarstwo-doradztwo\/tour-guide-company-market-research\/\" title=\"Badania rynku firm przewodnik\u00f3w turystycznych\"  data-wpil-monitor-id=\"7921\">companies operate on a small marketing<\/a> budget. Such firms need to be responsible when it comes to their spending.<\/p>\n\n\n\n<h2 class=\"wp-block-heading\">Kluczowe czynniki sukcesu<\/h2>\n\n\n\n<p>It\u2019s essential as an organization that you get a good Return on Investment. In essence, there\u2019s no point in trying to make changes that you think will get donors if you\u2019re still losing money. Additionally, it\u2019s essential to leverage your base to test new approaches. It would be best to connect with existing donors who are loyal to your cause to gain the support you need, especially when you plan to make significant changes.<\/p>\n\n\n\n<h2 class=\"wp-block-heading\">About Nonprofit Market Research<\/h2>\n\n\n\n<p>You will be doing two types of research: primary and secondary. It is your goal to find out what primary and secondary sources you need. Primary research is the Surveys, Interviews, and Focus Groups that you will use. That is how you will get information from your donors. The secondary research will review <a href=\"https:\/\/www.sisinternational.com\/pl\/rozwiazania\/badania-rynku-w-grupie-fokusowej\/\" title=\"Badania rynku w grupie fokusowej\"  data-wpil-monitor-id=\"7923\">research projects done by other groups<\/a>.<\/p>\n\n\n\n<p><\/p>","protected":false},"excerpt":{"rendered":"<p>Organizacje non-profit mog\u0105 skorzysta\u0107 z bada\u0144 rynku. Maj\u0105c odpowiednie informacje, mog\u0105 przyci\u0105gn\u0105\u0107 darczy\u0144c\u00f3w do swojej sprawy.<\/p>","protected":false},"author":1,"featured_media":63004,"parent":14514,"menu_order":83,"comment_status":"closed","ping_status":"closed","template":"","meta":{"footnotes":""},"class_list":["post-39322","page","type-page","status-publish","has-post-thumbnail"],"_links":{"self":[{"href":"https:\/\/www.sisinternational.com\/pl\/wp-json\/wp\/v2\/pages\/39322","targetHints":{"allow":["GET"]}}],"collection":[{"href":"https:\/\/www.sisinternational.com\/pl\/wp-json\/wp\/v2\/pages"}],"about":[{"href":"https:\/\/www.sisinternational.com\/pl\/wp-json\/wp\/v2\/types\/page"}],"author":[{"embeddable":true,"href":"https:\/\/www.sisinternational.com\/pl\/wp-json\/wp\/v2\/users\/1"}],"replies":[{"embeddable":true,"href":"https:\/\/www.sisinternational.com\/pl\/wp-json\/wp\/v2\/comments?post=39322"}],"version-history":[{"count":4,"href":"https:\/\/www.sisinternational.com\/pl\/wp-json\/wp\/v2\/pages\/39322\/revisions"}],"predecessor-version":[{"id":81335,"href":"https:\/\/www.sisinternational.com\/pl\/wp-json\/wp\/v2\/pages\/39322\/revisions\/81335"}],"up":[{"embeddable":true,"href":"https:\/\/www.sisinternational.com\/pl\/wp-json\/wp\/v2\/pages\/14514"}],"wp:featuredmedia":[{"embeddable":true,"href":"https:\/\/www.sisinternational.com\/pl\/wp-json\/wp\/v2\/media\/63004"}],"wp:attachment":[{"href":"https:\/\/www.sisinternational.com\/pl\/wp-json\/wp\/v2\/media?parent=39322"}],"curies":[{"name":"wp","href":"https:\/\/api.w.org\/{rel}","templated":true}]}}