{"id":39257,"date":"2021-11-03T17:54:06","date_gmt":"2021-11-03T17:54:06","guid":{"rendered":"https:\/\/www.sisinternational.com\/?page_id=39257"},"modified":"2025-09-14T22:17:15","modified_gmt":"2025-09-15T02:17:15","slug":"badania-rynku-na-haiti","status":"publish","type":"page","link":"https:\/\/www.sisinternational.com\/pl\/zasieg\/badania-rynku-na-karaibach\/badania-rynku-na-haiti\/","title":{"rendered":"Badania rynku na Haiti"},"content":{"rendered":"<h1 class=\"wp-block-heading\">Badania rynku na Haiti<\/h1>\n\n\n\n<p><\/p>\n\n\n\n<figure class=\"gb-block-image gb-block-image-24b59cfb\"><img loading=\"lazy\" decoding=\"async\" width=\"1456\" height=\"816\" class=\"gb-image gb-image-24b59cfb\" src=\"https:\/\/www.sisinternational.com\/wp-content\/uploads\/2025\/09\/Haiti-3.jpg\" alt=\"SIS Mi\u0119dzynarodowe badania rynku i strategia\" title=\"Haiti (3)\" srcset=\"https:\/\/www.sisinternational.com\/wp-content\/uploads\/2025\/09\/Haiti-3.jpg 1456w, https:\/\/www.sisinternational.com\/wp-content\/uploads\/2025\/09\/Haiti-3-300x168.jpg 300w, https:\/\/www.sisinternational.com\/wp-content\/uploads\/2025\/09\/Haiti-3-1024x574.jpg 1024w, https:\/\/www.sisinternational.com\/wp-content\/uploads\/2025\/09\/Haiti-3-768x430.jpg 768w, https:\/\/www.sisinternational.com\/wp-content\/uploads\/2025\/09\/Haiti-3-18x10.jpg 18w\" sizes=\"auto, (max-width: 1456px) 100vw, 1456px\"><\/figure>\n\n\n\n<p><\/p>\n\n\n\n<p>Haiti to pa\u0144stwo na Karaibach po\u0142o\u017cone na du\u017cej wyspie o nazwie Hispaniola. Zajmuje zachodni\u0105 trzeci\u0105 cz\u0119\u015b\u0107 wyspy, a Republika Dominikany znajduje si\u0119 po wschodniej stronie. Jest trzecim co do wielko\u015bci krajem na Karaibach pod wzgl\u0119dem powierzchni i ma \u0142\u0105cznie 11,5 miliona mieszka\u0144c\u00f3w. Tym samym prze\u015bcign\u0119\u0142o Kub\u0119 jako najludniejszy kraj na Karaibach. Stolic\u0105 jest Port-au-Prince. Kreolski haita\u0144ski jest podobny do francuskiego i jest najpopularniejszym dialektem kraju.<\/p>\n\n\n\n<h2 class=\"wp-block-heading\">Kluczowe bran\u017ce<\/h2>\n\n\n\n<p>Haiti ma gospodark\u0119 wolnorynkow\u0105 z niskimi kosztami si\u0142y roboczej. Wielu Haita\u0144czyk\u00f3w utrzymuje si\u0119 z rolnictwa. Kraj ten szczyci si\u0119 r\u00f3wnie\u017c sektorem eksportu produkt\u00f3w rolnych. Rolnictwo, le\u015bnictwo i rybo\u0142\u00f3wstwo stanowi\u0105 oko\u0142o jednej czwartej rocznego PKB Haiti. Bran\u017ce te zatrudniaj\u0105 ponad dwie trzecie si\u0142y roboczej. Haiti ma r\u00f3wnie\u017c solidny sektor g\u00f3rniczy. G\u00f3rnicy wydobywaj\u0105 minera\u0142y takie jak boksyt, mied\u017a, w\u0119glan wapnia i z\u0142oto.<\/p>\n\n\n\n<h2 class=\"wp-block-heading\">Osiedla<\/h2>\n\n\n\n<p>Na Haiti przest\u0119pczo\u015b\u0107 jest powszechna we wszystkich formach. Mimo to P\u00e9tion-Ville wydaje si\u0119 by\u0107 najbezpieczniejsz\u0105 opcj\u0105. P\u00e9tion-Ville jest cz\u0119\u015bci\u0105 miasta Port-au-Prince, po\u0142o\u017conego na wschodnich wzg\u00f3rzach Massif de la Selle. Dzielnica s\u0142u\u017cy jako dom i miejsce turystyczne. W ci\u0105gu ostatnich dwudziestu lat osiedli\u0142o si\u0119 tam prawie 100 000 nowych os\u00f3b. Obecnie populacja wynosi 377 000. Ponadto w P\u00e9tion-Ville wielu pos\u0142\u00f3w, w\u0142a\u015bcicieli zagranicznych firm i bogatych ludzi prowadzi interesy i mieszka.<\/p>\n\n\n\n<h2 class=\"wp-block-heading\">Trendy<\/h2>\n\n\n\n<p>Trz\u0119sienie ziemi w 2010 r. zniszczy\u0142o wiele dom\u00f3w i budynk\u00f3w biurowych. W rezultacie ceny dom\u00f3w i nieruchomo\u015bci gwa\u0142townie wzros\u0142y. W tej \u201egospodarce katastroficznej\u201d istnieje presja, aby osi\u0105gn\u0105\u0107 ogromne bogactwo poprzez pobieranie wysokich czynsz\u00f3w. Niekt\u00f3rzy Haita\u0144czycy maj\u0105 to szcz\u0119\u015bcie, \u017ce posiadaj\u0105 nieruchomo\u015bci, kt\u00f3re s\u0105 nadal w dobrym stanie. Maj\u0105 oczywi\u015bcie przewag\u0119.<\/p>\n\n\n\n<h2 class=\"wp-block-heading\">Korzy\u015bci i mocne strony na rynku<\/h2>\n\n\n\n<p>Jednym z najcenniejszych atut\u00f3w Haiti jest cz\u0119sto dwuj\u0119zyczna si\u0142a robocza. Ludno\u015b\u0107 kraju jest r\u00f3wnie\u017c stosunkowo m\u0142oda, z silnym zapotrzebowaniem na prac\u0119. Ponadto regionalna i lokalna energetyka jest jednym z rozwijaj\u0105cych si\u0119 biznes\u00f3w na Haiti.<\/p>\n\n\n\n<p>This country has several hoops to get over. Still, there are chances for small-to-medium-sized US <a href=\"https:\/\/www.sisinternational.com\/pl\/ekspertyza\/branze\/design-firm-market-research\/\" title=\"Badania rynku firmy projektowej\"  data-wpil-monitor-id=\"7836\">firms in the Haitian market<\/a>. The cosmetics, grains, poultry, devices, and transportation <a href=\"https:\/\/www.sisinternational.com\/pl\/venezuela-oil-mining-industry-potential-strategic-forecast-2026-2036\/\" title=\"Venezuela Oil &amp; Mining Industry Potential: Strategic Forecast 2026-2036\"  data-wpil-monitor-id=\"7838\">industries have the export potential<\/a> for US companies.<\/p>\n\n\n\n<h2 class=\"wp-block-heading\">Baza konsument\u00f3w<\/h2>\n\n\n\n<p>A recent study on Haitian buyer preference was in part related to online shopping. The researchers <a href=\"https:\/\/www.sisinternational.com\/pl\/rozwiazania\/online-survey-sampling-market-research-company\/\" title=\"Online Survey Sampling Market Research Company\"  data-wpil-monitor-id=\"7840\">surveyed<\/a> to find out whether Haitians buy online. The <a href=\"https:\/\/www.sisinternational.com\/pl\/sampling-techniques-in-qualitative-research-the-complete-guide-to-choosing-the-right-method\/\" title=\"Sampling Techniques in Qualitative Research: The Complete Guide to Choosing the Right Method\"  data-wpil-monitor-id=\"7846\">sample<\/a> consisted of people reached via the \u201csnowball\u201d method. The study showed that Haitians still hold a dim view of online shopping. They still seem to prefer traditional shopping. The study shows that various social metrics have an impact on online buying in Haiti. These metrics include gender, income, and education.<\/p>\n\n\n\n<h2 class=\"wp-block-heading\">Powody, dla kt\u00f3rych warto prowadzi\u0107 interesy na Haiti<\/h2>\n\n\n\n<ul class=\"wp-block-list\">\n<li>Haiti has preferential access to the <a href=\"https:\/\/www.sisinternational.com\/pl\/ekspertyza\/branze\/frontier-market-country-market-research\/\" title=\"Badania rynku granicznego w kraju\"  data-wpil-monitor-id=\"7835\">markets of 17 developed countries<\/a>.<\/li>\n\n\n\n<li>Dzi\u0119ki ustawodawstwu HOPE II i HELP sektor odzie\u017cowy uzyska\u0142 bezc\u0142owy dost\u0119p do rynku ameryka\u0144skiego.<\/li>\n\n\n\n<li>Ponadto dost\u0119pny jest szeroki zasi\u0119g sieci kom\u00f3rkowych i mo\u017cliwo\u015b\u0107 \u0142\u0105czno\u015bci.<\/li>\n\n\n\n<li>Kraj ma du\u017c\u0105 si\u0142\u0119 robocz\u0105 ludzi ch\u0119tnych do pracy. Ponad 50 procent si\u0142y roboczej ma mniej ni\u017c 30 lat, a Haiti ma du\u017c\u0105 pul\u0119 os\u00f3b m\u00f3wi\u0105cych po angielsku, francusku i hiszpa\u0144sku.<\/li>\n\n\n\n<li>Istniej\u0105 codzienne loty ze Stan\u00f3w Zjednoczonych do Port-au-Prince i Cap Haitien. Mo\u017cna r\u00f3wnie\u017c skorzysta\u0107 z lot\u00f3w krajowych.<\/li>\n<\/ul>\n\n\n\n<h2 class=\"wp-block-heading\">Badania rynku na Haiti<\/h2>\n\n\n\n<p>Doing quantitative, qualitative, and strategic research is critical. Other <a href=\"https:\/\/www.sisinternational.com\/pl\/rozwiazania\/rozwiazania-w-zakresie-badan-jakosciowych-i-ilosciowych\/testy-lokalizacji-centralnej-kontra-grupy-fokusowe\/\" title=\"Testy Centralnej Lokalizacji kontra Grupy Fokusowe\"  data-wpil-monitor-id=\"7834\">central needs are focus groups<\/a>, interviews, and surveys. These tools can expose the customer\u2019s true feelings. and thoughts. Also, in Haiti, the step of <a href=\"https:\/\/www.sisinternational.com\/pl\/rozwiazania\/doradztwo-strategiczne\/badanie-mozliwosci-wejscia-na-rynek\/the-effectiveness-of-product-testing-in-nyc-for-entering-the-american-market\/\" title=\"The Effectiveness of Product testing in NYC for Entering the American Market\"  data-wpil-monitor-id=\"7844\">entering the market<\/a> is like that of many other countries. To begin, you must first go to the country. During a visit, your <a href=\"https:\/\/www.sisinternational.com\/pl\/ekspertyza\/cv-z-doswiadczeniem\/cv-z-doswiadczeniem-w-branzy-motoryzacyjnej\/\" title=\"Firma badawcza rynku bran\u017cy motoryzacyjnej\"  data-wpil-monitor-id=\"7842\">company can create valuable industry<\/a> ties. These relations may be helpful to aid you in succeeding in the market.<\/p>\n\n\n\n<p><\/p>","protected":false},"excerpt":{"rendered":"<p>Badania rynku na Haiti Haiti to pa\u0144stwo na Karaibach po\u0142o\u017cone na du\u017cej wyspie o nazwie Hispaniola. Zajmuje zachodni\u0105 trzeci\u0105 cz\u0119\u015b\u0107 wyspy, a Republika Dominikany znajduje si\u0119 po wschodniej stronie. Jest to trzecie co do wielko\u015bci pa\u0144stwo na Karaibach pod wzgl\u0119dem powierzchni i ma \u0142\u0105cznie 11,5 miliona mieszka\u0144c\u00f3w. Tak wi\u0119c, \u2026 <a title=\"Badania rynku na Haiti\" class=\"read-more\" href=\"https:\/\/www.sisinternational.com\/pl\/zasieg\/badania-rynku-na-karaibach\/badania-rynku-na-haiti\/\" aria-label=\"Dowiedz si\u0119 wi\u0119cej o Market Research In Haiti\">Czytaj dalej<\/a><\/p>","protected":false},"author":1,"featured_media":66128,"parent":33287,"menu_order":0,"comment_status":"closed","ping_status":"closed","template":"","meta":{"footnotes":""},"class_list":["post-39257","page","type-page","status-publish","has-post-thumbnail"],"_links":{"self":[{"href":"https:\/\/www.sisinternational.com\/pl\/wp-json\/wp\/v2\/pages\/39257","targetHints":{"allow":["GET"]}}],"collection":[{"href":"https:\/\/www.sisinternational.com\/pl\/wp-json\/wp\/v2\/pages"}],"about":[{"href":"https:\/\/www.sisinternational.com\/pl\/wp-json\/wp\/v2\/types\/page"}],"author":[{"embeddable":true,"href":"https:\/\/www.sisinternational.com\/pl\/wp-json\/wp\/v2\/users\/1"}],"replies":[{"embeddable":true,"href":"https:\/\/www.sisinternational.com\/pl\/wp-json\/wp\/v2\/comments?post=39257"}],"version-history":[{"count":5,"href":"https:\/\/www.sisinternational.com\/pl\/wp-json\/wp\/v2\/pages\/39257\/revisions"}],"predecessor-version":[{"id":81323,"href":"https:\/\/www.sisinternational.com\/pl\/wp-json\/wp\/v2\/pages\/39257\/revisions\/81323"}],"up":[{"embeddable":true,"href":"https:\/\/www.sisinternational.com\/pl\/wp-json\/wp\/v2\/pages\/33287"}],"wp:featuredmedia":[{"embeddable":true,"href":"https:\/\/www.sisinternational.com\/pl\/wp-json\/wp\/v2\/media\/66128"}],"wp:attachment":[{"href":"https:\/\/www.sisinternational.com\/pl\/wp-json\/wp\/v2\/media?parent=39257"}],"curies":[{"name":"wp","href":"https:\/\/api.w.org\/{rel}","templated":true}]}}