{"id":39169,"date":"2021-10-28T04:52:14","date_gmt":"2021-10-28T04:52:14","guid":{"rendered":"https:\/\/www.sisinternational.com\/?page_id=39169"},"modified":"2026-01-25T16:52:30","modified_gmt":"2026-01-25T21:52:30","slug":"badania-rynku-nowa-fundlandia-i-labrador","status":"publish","type":"page","link":"https:\/\/www.sisinternational.com\/pl\/zasieg\/north-america\/badania-rynku-kanada\/badania-rynku-nowa-fundlandia-i-labrador\/","title":{"rendered":"Badania rynku w Nowej Fundlandii i Labradorze"},"content":{"rendered":"<h1 class=\"wp-block-heading\">Badania rynku w Nowej Fundlandii i Labradorze<\/h1>\n\n\n\n<figure class=\"gb-block-image gb-block-image-f91a9ecd\"><img loading=\"lazy\" decoding=\"async\" width=\"1456\" height=\"816\" class=\"gb-image gb-image-f91a9ecd\" src=\"https:\/\/www.sisinternational.com\/wp-content\/uploads\/2025\/08\/Newfoundland-and-Labrador-2.jpg\" alt=\"SIS Mi\u0119dzynarodowe badania rynku i strategia\" title=\"Newfoundland and Labrador (2)\" srcset=\"https:\/\/www.sisinternational.com\/wp-content\/uploads\/2025\/08\/Newfoundland-and-Labrador-2.jpg 1456w, https:\/\/www.sisinternational.com\/wp-content\/uploads\/2025\/08\/Newfoundland-and-Labrador-2-300x168.jpg 300w, https:\/\/www.sisinternational.com\/wp-content\/uploads\/2025\/08\/Newfoundland-and-Labrador-2-1024x574.jpg 1024w, https:\/\/www.sisinternational.com\/wp-content\/uploads\/2025\/08\/Newfoundland-and-Labrador-2-768x430.jpg 768w, https:\/\/www.sisinternational.com\/wp-content\/uploads\/2025\/08\/Newfoundland-and-Labrador-2-18x10.jpg 18w\" sizes=\"auto, (max-width: 1456px) 100vw, 1456px\"><\/figure>\n\n\n\n<p><\/p>\n\n\n\n<hr class=\"wp-block-separator has-alpha-channel-opacity is-style-dots\"\/>\n\n\n\n<h3 class=\"wp-block-heading\"><span style=\"font-weight: 400;\">Analiza rynku w Nowej Fundlandii i Labradorze ujawnia, \u017ce jest to region pe\u0142en wyj\u0105tkowych mo\u017cliwo\u015bci, ale i z\u0142o\u017conych wyzwa\u0144.<\/span><\/h3>\n\n\n\n<p><span style=\"font-weight: 400;\">Zrozumienie niuans\u00f3w bada\u0144 rynkowych w Nowej Fundlandii i Labradorze mo\u017ce zapewni\u0107 znacz\u0105c\u0105 przewag\u0119 konkurencyjn\u0105. Wyposa\u017ca firmy w dane niezb\u0119dne do rozwoju na tym bogatym w zasoby, ale wymagaj\u0105cym rynku.<\/span><\/p>\n\n\n\n<h2 class=\"wp-block-heading\"><strong>Czym s\u0105 badania rynku w Nowej Fundlandii i Labradorze?<\/strong><\/h2>\n\n\n\n<p><span style=\"font-weight: 400;\">Badania rynku w Nowej Fundlandii i Labradorze maj\u0105 na celu zrozumienie sytuacji gospodarczej tego regionu, kt\u00f3ra charakteryzuje si\u0119 uzale\u017cnieniem od zasob\u00f3w naturalnych, takich jak ropa naftowa, rybo\u0142\u00f3wstwo i g\u00f3rnictwo, a tak\u017ce od wschodz\u0105cych sektor\u00f3w, takich jak turystyka i technologia.<\/span><\/p>\n\n\n\n<p><span style=\"font-weight: 400;\">Celem bada\u0144 rynku w Nowej Fundlandii i Labradorze jest dostarczenie przedsi\u0119biorstwom praktycznych informacji, kt\u00f3re mog\u0105 pom\u00f3c w podejmowaniu strategicznych decyzji \u2014 od wej\u015bcia na rynek i rozwoju produktu po strategie marketingowe i sprzeda\u017cowe.&nbsp;<\/span><\/p>\n\n\n\n<h2 class=\"wp-block-heading\"><strong>Dlaczego firmy potrzebuj\u0105 bada\u0144 rynku w Nowej Fundlandii i Labradorze?<\/strong><\/h2>\n\n\n\n<p><span style=\"font-weight: 400;\">Jednym z g\u0142\u00f3wnych powod\u00f3w, dla kt\u00f3rych firmy potrzebuj\u0105 bada\u0144 rynku w Nowej Fundlandii i Labradorze, jest zrozumienie zachowa\u0144 konsument\u00f3w w regionie charakteryzuj\u0105cym si\u0119 zar\u00f3wno tradycyjnymi warto\u015bciami, jak i nowoczesnymi wp\u0142ywami. Jest to r\u00f3wnie\u017c niezb\u0119dne do oceny krajobrazu konkurencyjnego. Przy mieszance ugruntowanych lokalnych firm i nowych podmiot\u00f3w zrozumienie sposobu dzia\u0142ania konkurent\u00f3w, ich udzia\u0142u w rynku i tego, co ich wyr\u00f3\u017cnia, jest kluczowe dla sukcesu.&nbsp;<\/span><\/p>\n\n\n\n<p><span style=\"font-weight: 400;\">Wreszcie, firmy polegaj\u0105 na badaniach rynku, aby podejmowa\u0107 decyzje strategiczne w okresach transformacji gospodarczej, takich jak zmiany w sektorze energetycznym lub rozw\u00f3j bran\u017c technologicznych w o\u015brodkach miejskich, takich jak St. John&#039;s. Dzi\u0119ki informowaniu si\u0119 o warunkach rynkowych i przewidywaniu przysz\u0142ych trend\u00f3w firmy mog\u0105 proaktywnie dostosowywa\u0107 swoje modele biznesowe, zapewniaj\u0105c, \u017ce pozostan\u0105 istotne i odporne na dynamicznym rynku Nowej Fundlandii i Labradoru.<\/span><\/p>\n\n\n\n<h2 class=\"wp-block-heading\"><strong>Kiedy przeprowadza\u0107 badania rynku w Nowej Fundlandii i Labradorze<\/strong><\/h2>\n\n\n\n<p><span style=\"font-weight: 400;\">Jednym z najwa\u017cniejszych moment\u00f3w na przeprowadzenie bada\u0144 rynkowych jest wej\u015bcie na rynek. Te wst\u0119pne badania pomagaj\u0105 firmom zrozumie\u0107 lokalne warunki ekonomiczne, krajobraz konkurencyjny i preferencje konsument\u00f3w, zapewniaj\u0105c p\u0142ynniejsze i bardziej udane wprowadzenie na rynek.<\/span><\/p>\n\n\n\n<p><span style=\"font-weight: 400;\">Another key <a href=\"https:\/\/www.sisinternational.com\/pl\/momenty-prawdy-badania-rynku\/\" title=\"Badania rynku \u201eChwile prawdy\u201d\"  data-wpil-monitor-id=\"1001\">moment for conducting market research<\/a> in Newfoundland and Labrador is during product development or the introduction of new services. This <a href=\"https:\/\/www.sisinternational.com\/pl\/zasieg\/europa\/market-research-the-vatican\/\" title=\"Badania rynku w Watykanie\"  data-wpil-monitor-id=\"3775\">research is invaluable in assessing market<\/a> readiness, identifying potential customer pain points, and determining the optimal pricing strategy. For instance, companies in the tourism sector can use market research to tailor new experiences that align with the latest travel trends and customer expectations in Newfoundland and Labrador.<\/span><\/p>\n\n\n\n<p><span style=\"font-weight: 400;\">Badania rynku s\u0105 r\u00f3wnie\u017c kluczowe w okresach zmian gospodarczych lub niepewno\u015bci. W Nowej Fundlandii i Labradorze, gdzie bran\u017ce takie jak offshore oil and gas lub odnawialne \u017ar\u00f3d\u0142a energii s\u0105 bardzo dynamiczne, terminowe badania mog\u0105 zapewni\u0107 wgl\u0105d potrzebny do podejmowania strategicznych decyzji z pewno\u015bci\u0105 siebie.<\/span><\/p>\n\n\n\n<figure class=\"gb-block-image gb-block-image-2be3297b\"><img loading=\"lazy\" decoding=\"async\" width=\"1456\" height=\"816\" class=\"gb-image gb-image-2be3297b\" src=\"https:\/\/www.sisinternational.com\/wp-content\/uploads\/2025\/08\/Newfoundland-and-Labrador-3.jpg\" alt=\"SIS Mi\u0119dzynarodowe badania rynku i strategia\" title=\"Newfoundland and Labrador (3)\" srcset=\"https:\/\/www.sisinternational.com\/wp-content\/uploads\/2025\/08\/Newfoundland-and-Labrador-3.jpg 1456w, https:\/\/www.sisinternational.com\/wp-content\/uploads\/2025\/08\/Newfoundland-and-Labrador-3-300x168.jpg 300w, https:\/\/www.sisinternational.com\/wp-content\/uploads\/2025\/08\/Newfoundland-and-Labrador-3-1024x574.jpg 1024w, https:\/\/www.sisinternational.com\/wp-content\/uploads\/2025\/08\/Newfoundland-and-Labrador-3-768x430.jpg 768w, https:\/\/www.sisinternational.com\/wp-content\/uploads\/2025\/08\/Newfoundland-and-Labrador-3-18x10.jpg 18w\" sizes=\"auto, (max-width: 1456px) 100vw, 1456px\"><\/figure>\n\n\n\n<p><\/p>\n\n\n\n<h2 class=\"wp-block-heading\"><strong>Nasz aktualny przegl\u0105d rynku i rekomendacje<\/strong><\/h2>\n\n\n\n<p><span style=\"font-weight: 400;\">W SIS International uwa\u017cnie monitorujemy dynamik\u0119 rynku Nowej Fundlandii i Labradoru, aby dostarcza\u0107 praktycznych spostrze\u017ce\u0144, kt\u00f3re nap\u0119dzaj\u0105 sukces biznesowy. Zalecamy, aby firmy dzia\u0142aj\u0105ce w tym regionie inwestowa\u0142y w sta\u0142e badania rynku, aby wyprzedza\u0107 lokalne trendy gospodarcze i ewoluuj\u0105ce zachowania konsument\u00f3w. Badania rynku w Nowej Fundlandii i Labradorze nie dotycz\u0105 tylko gromadzenia danych; chodzi o przekszta\u0142canie spostrze\u017ce\u0144 w strategiczne dzia\u0142ania, kt\u00f3re nap\u0119dzaj\u0105 biznes do przodu.<\/span><\/p>\n\n\n\n<p><span style=\"font-weight: 400;\">Wierzymy, \u017ce zrozumienie unikalnych cech rynku Nowej Fundlandii i Labradoru \u2014 takich jak zale\u017cno\u015b\u0107 od zasob\u00f3w naturalnych, wyzwania geograficzne i rosn\u0105ce zainteresowanie zr\u00f3wnowa\u017conymi ga\u0142\u0119ziami przemys\u0142u \u2014 jest kluczowe dla przedsi\u0119biorstw, kt\u00f3re chc\u0105 si\u0119 rozwija\u0107. Nasz przegl\u0105d rynku podkre\u015bla kluczowe mo\u017cliwo\u015bci w sektorach takich jak rybo\u0142\u00f3wstwo, turystyka i energia odnawialna, w kt\u00f3rych firmy mog\u0105 wykorzysta\u0107 lokalne mocne strony, aby osi\u0105gn\u0105\u0107 przewag\u0119 konkurencyjn\u0105.<\/span><\/p>\n\n\n\n<h2 class=\"wp-block-heading\"><strong>Kluczowe bran\u017ce w Nowej Fundlandii i Labradorze<\/strong><\/h2>\n\n\n\n<p><span style=\"font-weight: 400;\">Przemys\u0142 rybny i owoc\u00f3w morza pozostaje jednym z najwa\u017cniejszych, przyczyniaj\u0105c si\u0119 nie tylko do lokalnego zatrudnienia, ale tak\u017ce do mi\u0119dzynarodowego eksportu. Firmy takie jak <\/span><b>Wyb\u00f3r oceanu mi\u0119dzynarodowy <\/b><span style=\"font-weight: 400;\">I <\/span><b>Bracia Quinlan<\/b><span style=\"font-weight: 400;\"> s\u0105 wiod\u0105cymi graczami, nap\u0119dzaj\u0105cymi innowacje w zakresie zr\u00f3wnowa\u017conych praktyk po\u0142owowych, kt\u00f3re zaspokajaj\u0105 globalny popyt.<\/span><\/p>\n\n\n\n<p><span style=\"font-weight: 400;\">Sektor ropy naftowej i gazu jest kolejnym filarem gospodarki Nowej Fundlandii i Labradoru. Du\u017ce firmy, takie jak <\/span><b>ExxonMobil <\/b><span style=\"font-weight: 400;\">I <\/span><b>Energia Husky<\/b><span style=\"font-weight: 400;\"> dzia\u0142aj\u0105 na morskich polach naftowych, zapewniaj\u0105c znacz\u0105cy wk\u0142ad ekonomiczny i mo\u017cliwo\u015bci zatrudnienia. Jednak wraz ze wzrostem obaw o \u015brodowisko bran\u017ca stopniowo przechodzi na zr\u00f3wnowa\u017cone rozwi\u0105zania energetyczne, tworz\u0105c nowe mo\u017cliwo\u015bci bada\u0144 rynkowych w Nowej Fundlandii i Labradorze.<\/span><\/p>\n\n\n\n<p><span style=\"font-weight: 400;\">Turystyka r\u00f3wnie\u017c odgrywa kluczow\u0105 rol\u0119, przyci\u0105gaj\u0105c odwiedzaj\u0105cych do osza\u0142amiaj\u0105cych krajobraz\u00f3w prowincji, bogatej historii i t\u0119tni\u0105cej \u017cyciem kultury. Przedsi\u0119biorstwa z tego sektora, od lokalnych touroperator\u00f3w po firmy hotelarskie, czerpi\u0105 du\u017ce korzy\u015bci ze zrozumienia trend\u00f3w rynkowych i preferencji odwiedzaj\u0105cych. Ponadto rozwijaj\u0105ce si\u0119 bran\u017ce, takie jak technologia i energia odnawialna, zyskuj\u0105 na dynamice, oferuj\u0105c nowe mo\u017cliwo\u015bci wzrostu dla przedsi\u0119biorstw ch\u0119tnych do inwestowania w badania rynku w Nowej Fundlandii i Labradorze.<\/span><\/p>\n\n\n\n<h2 class=\"wp-block-heading\"><strong>Najwi\u0119ksze rozwijaj\u0105ce si\u0119 segmenty w Nowej Fundlandii i Labradorze<\/strong><\/h2>\n\n\n\n<p><span style=\"font-weight: 400;\">Jednym z najszybciej rozwijaj\u0105cych si\u0119 segment\u00f3w jest <\/span><b>sektor energii odnawialnej<\/b><span style=\"font-weight: 400;\">, ze wzrastaj\u0105cymi inwestycjami w projekty wiatrowe, hydroelektryczne i p\u0142ywowe. Obfite zasoby naturalne prowincji zapewniaj\u0105 szerokie mo\u017cliwo\u015bci zr\u00f3wnowa\u017conego rozwoju energetycznego, co czyni j\u0105 kluczowym obszarem zainteresowania zar\u00f3wno przedsi\u0119biorstw, jak i inwestor\u00f3w.&nbsp;<\/span><\/p>\n\n\n\n<p><b>Akwakultura<\/b><span style=\"font-weight: 400;\"> jest kolejnym szybko rozwijaj\u0105cym si\u0119 segmentem, uzupe\u0142niaj\u0105cym tradycyjny przemys\u0142 rybny. Firmy inwestuj\u0105 du\u017ce \u015brodki w technologi\u0119 akwakultury i zr\u00f3wnowa\u017cone praktyki rolnicze, aby sprosta\u0107 rosn\u0105cemu \u015bwiatowemu popytowi na owoce morza. Ten wzrost przekszta\u0142ca Now\u0105 Fundlandi\u0119 i Labrador w lider\u00f3w w zr\u00f3wnowa\u017conej produkcji owoc\u00f3w morza, co wymaga szczeg\u00f3\u0142owych bada\u0144 rynku w celu optymalizacji operacji i eksploracji nowych rynk\u00f3w eksportowych.<\/span><\/p>\n\n\n\n<p><span style=\"font-weight: 400;\">Ten <\/span><b>segment technologii i innowacji<\/b><span style=\"font-weight: 400;\"> zyskuje r\u00f3wnie\u017c na popularno\u015bci, szczeg\u00f3lnie w takich obszarach jak rozw\u00f3j oprogramowania, cyberbezpiecze\u0144stwo i technologia finansowa. Dzi\u0119ki firmom takim jak Verafin wyznaczaj\u0105cym tempo, bran\u017ca technologiczna pozycjonuje Now\u0105 Fundlandi\u0119 i Labrador jako konkurencyjnego gracza na arenie krajowej i globalnej.&nbsp;<\/span><\/p>\n\n\n\n<h2 class=\"wp-block-heading\"><strong>G\u0142\u00f3wne atrakcje turystyczne w Nowej Fundlandii i Labradorze<\/strong><\/h2>\n\n\n\n<figure class=\"gb-block-image gb-block-image-096e1a30\"><img loading=\"lazy\" decoding=\"async\" width=\"1456\" height=\"816\" class=\"gb-image gb-image-096e1a30\" src=\"https:\/\/www.sisinternational.com\/wp-content\/uploads\/2025\/08\/Newfoundland-and-Labrador-1.jpg\" alt=\"SIS Mi\u0119dzynarodowe badania rynku i strategia\" title=\"Newfoundland and Labrador (1)\" srcset=\"https:\/\/www.sisinternational.com\/wp-content\/uploads\/2025\/08\/Newfoundland-and-Labrador-1.jpg 1456w, https:\/\/www.sisinternational.com\/wp-content\/uploads\/2025\/08\/Newfoundland-and-Labrador-1-300x168.jpg 300w, https:\/\/www.sisinternational.com\/wp-content\/uploads\/2025\/08\/Newfoundland-and-Labrador-1-1024x574.jpg 1024w, https:\/\/www.sisinternational.com\/wp-content\/uploads\/2025\/08\/Newfoundland-and-Labrador-1-768x430.jpg 768w, https:\/\/www.sisinternational.com\/wp-content\/uploads\/2025\/08\/Newfoundland-and-Labrador-1-18x10.jpg 18w\" sizes=\"auto, (max-width: 1456px) 100vw, 1456px\"><\/figure>\n\n\n\n<p><\/p>\n\n\n\n<p><span style=\"font-weight: 400;\">Badania rynku w Nowej Fundlandii i Labradorze pomagaj\u0105 przedsi\u0119biorstwom turystycznym zrozumie\u0107 preferencje odwiedzaj\u0105cych i dostosowa\u0107 swoj\u0105 ofert\u0119 w celu ulepszenia ich og\u00f3lnych wra\u017ce\u0144.<\/span><\/p>\n\n\n\n<p><b>Park Narodowy Gros Morne<\/b><span style=\"font-weight: 400;\">, obiekt wpisany na list\u0119 \u015bwiatowego dziedzictwa UNESCO, jest jedn\u0105 z najbardziej kultowych atrakcji prowincji, przyci\u0105gaj\u0105c\u0105 turyst\u00f3w osza\u0142amiaj\u0105cymi fiordami, dramatycznymi klifami i r\u00f3\u017cnorodn\u0105 przyrod\u0105. Operatorzy turystyczni mog\u0105 wykorzystywa\u0107 badania rynku do opracowywania dostosowanych do\u015bwiadcze\u0144, kt\u00f3re odpowiadaj\u0105 zar\u00f3wno turystom ekologicznym, poszukiwaczom przyg\u00f3d, jak i entuzjastom kultury.<\/span><\/p>\n\n\n\n<p><b>Wzg\u00f3rze Sygna\u0142owe<\/b><span style=\"font-weight: 400;\"> w St. John&#039;s jest kolejnym wa\u017cnym magnesem dla turyst\u00f3w. Jako miejsce bogate w histori\u0119, w tym pierwsz\u0105 transatlantyck\u0105 komunikacj\u0119 bezprzewodow\u0105, oferuje mieszank\u0119 naturalnego pi\u0119kna i dziedzictwa kulturowego, kt\u00f3re przemawiaj\u0105 do szerokiej publiczno\u015bci. Zrozumienie demografii i preferencji odwiedzaj\u0105cych poprzez badania rynku w Nowej Fundlandii i Labradorze pozwala firmom tworzy\u0107 ukierunkowane kampanie marketingowe i wyj\u0105tkowe do\u015bwiadczenia odwiedzaj\u0105cych.<\/span><\/p>\n\n\n\n<p><span style=\"font-weight: 400;\">Inny obiekt wpisany na list\u0119 UNESCO, <\/span><b>Osada wiking\u00f3w w L&#039;Anse aux Meadows<\/b><span style=\"font-weight: 400;\">, przyci\u0105ga mi\u0142o\u015bnik\u00f3w historii i turyst\u00f3w kulturalnych zainteresowanych odkrywaniem najwcze\u015bniejszej znanej obecno\u015bci Europejczyk\u00f3w w Ameryce P\u00f3\u0142nocnej. Badania rynku w Nowej Fundlandii i Labradorze s\u0105 niezb\u0119dne do wykorzystania takich atrakcji i kierowania firmami w opracowywaniu tematycznych wycieczek, program\u00f3w edukacyjnych i inicjatyw turystycznych opartych na dziedzictwie, kt\u00f3re znajd\u0105 odd\u017awi\u0119k zar\u00f3wno w\u015br\u00f3d lokalnych, jak i mi\u0119dzynarodowych go\u015bci.<\/span><\/p>\n\n\n\n<h2 class=\"wp-block-heading\"><strong>Czynniki nap\u0119dzaj\u0105ce rynek w Nowej Fundlandii i Labradorze<\/strong><\/h2>\n\n\n\n<p><span style=\"font-weight: 400;\">Kilka kluczowych czynnik\u00f3w nap\u0119dzaj\u0105cych rynek nap\u0119dza wzrost w Nowej Fundlandii i Labradorze, co czyni go atrakcyjnym regionem dla rozwoju biznesu. Jednym z g\u0142\u00f3wnych czynnik\u00f3w jest <\/span><b>trwaj\u0105ce inwestycje w projekty energii odnawialnej<\/b><span style=\"font-weight: 400;\">. Dzi\u0119ki obfitym zasobom naturalnym, takim jak wiatr, woda i pr\u0105dy p\u0142ywowe, prowincja pozycjonuje si\u0119 jako lider w zr\u00f3wnowa\u017conej produkcji energii.&nbsp;<\/span><\/p>\n\n\n\n<p><span style=\"font-weight: 400;\">Ten <\/span><b>transformacja cyfrowa w r\u00f3\u017cnych bran\u017cach<\/b><span style=\"font-weight: 400;\"> jest kolejnym znacz\u0105cym motorem nap\u0119dowym, szczeg\u00f3lnie w tradycyjnych sektorach, takich jak rybo\u0142\u00f3wstwo oraz ropa i gaz. Wdra\u017canie zaawansowanych technologii, takich jak AI, analiza danych i automatyzacja, zwi\u0119ksza wydajno\u015b\u0107 operacyjn\u0105 i nap\u0119dza innowacje. Na przyk\u0142ad firmy technologiczne i dostawcy us\u0142ug mog\u0105 wykorzysta\u0107 ten trend, oferuj\u0105c rozwi\u0105zania cyfrowe dostosowane do potrzeb lokalnego przemys\u0142u, wspierane przez spostrze\u017cenia zebrane w ramach bada\u0144 rynku w Nowej Fundlandii i Labradorze.<\/span><\/p>\n\n\n\n<p><span style=\"font-weight: 400;\">Dodatkowo, <\/span><b>inicjatywy rz\u0105dowe i wysi\u0142ki na rzecz dywersyfikacji gospodarczej<\/b><span style=\"font-weight: 400;\"> zach\u0119caj\u0105 do wzrostu w nowych sektorach, w tym technologii, akwakultury i turystyki. Inicjatywy te cz\u0119sto obejmuj\u0105 finansowanie, zach\u0119ty podatkowe i programy wsparcia maj\u0105ce na celu wspieranie innowacyjno\u015bci biznesowej i przyci\u0105ganie inwestycji do prowincji. Dla przedsi\u0119biorstw zrozumienie tych krajobraz\u00f3w politycznych poprzez badania rynku w Nowej Fundlandii i Labradorze jest kluczowe dla dostosowania ich strategii do regionalnych priorytet\u00f3w gospodarczych i wykorzystania dost\u0119pnego wsparcia.<\/span><\/p>\n\n\n\n<h2 class=\"wp-block-heading\"><strong>W jaki spos\u00f3b badania rynku SIS International w Nowej Fundlandii i Labradorze pomagaj\u0105 firmom<\/strong><\/h2>\n\n\n\n<p><span style=\"font-weight: 400;\">Na <\/span><a href=\"https:\/\/www.linkedin.com\/company\/sisinternationalresearch\/\" target=\"_blank\" rel=\"noopener\"><span style=\"font-weight: 400;\">SIS Mi\u0119dzynarodowy<\/span><\/a><span style=\"font-weight: 400;\">, nasz <a href=\"https:\/\/www.linkedin.com\/pulse\/how-market-research-enables-growth-ruth-stanat-phekf\/\" target=\"_blank\" rel=\"noopener\">badania rynku<\/a> w Nowej Fundlandii i Labradorze ma na celu zapewnienie przedsi\u0119biorstwom wgl\u0105du, kt\u00f3rego potrzebuj\u0105, aby rozwija\u0107 si\u0119 w tym wyj\u0105tkowym regionie. Nasze kompleksowe podej\u015bcie pomaga przedsi\u0119biorstwom porusza\u0107 si\u0119 po zawi\u0142o\u015bciach rynku, zapewniaj\u0105c strategie oparte na danych, kt\u00f3re zwi\u0119kszaj\u0105 planowanie strategiczne i wydajno\u015b\u0107 operacyjn\u0105.<\/span><\/p>\n\n\n\n<p><b>Udoskonalone planowanie strategiczne:<\/b><span style=\"font-weight: 400;\">&nbsp;<\/span><\/p>\n\n\n\n<p><span style=\"font-weight: 400;\">Dostarczamy przedsi\u0119biorstwom kluczowych informacji o trendach rynkowych, zachowaniach konsument\u00f3w i otoczeniu konkurencyjnym, co pozwala im podejmowa\u0107 \u015bwiadome decyzje, dostosowane do wyj\u0105tkowego otoczenia gospodarczego Nowej Fundlandii i Labradoru.&nbsp;<\/span><\/p>\n\n\n\n<p><b>Wi\u0119ksze przychody i wy\u017cszy zwrot z inwestycji:<\/b><span style=\"font-weight: 400;\">&nbsp;<\/span><\/p>\n\n\n\n<p><span style=\"font-weight: 400;\">Poprzez identyfikacj\u0119 mo\u017cliwo\u015bci wysokiego wzrostu i optymalizacj\u0119 strategii wej\u015bcia na rynek, nasze badania pomagaj\u0105 firmom dotrze\u0107 do w\u0142a\u015bciwych odbiorc\u00f3w i udoskonali\u0107 ich ofert\u0119 produkt\u00f3w lub us\u0142ug. To ukierunkowane podej\u015bcie prowadzi do zwi\u0119kszenia przychod\u00f3w i maksymalizacji zwrotu z inwestycji, daj\u0105c firmom przewag\u0119 konkurencyjn\u0105 na rozwijaj\u0105cym si\u0119 rynku Nowej Fundlandii i Labradoru.<\/span><\/p>\n\n\n\n<p><b>Redukcja ryzyka i poprawa efektywno\u015bci marketingu:<\/b><span style=\"font-weight: 400;\">&nbsp;<\/span><\/p>\n\n\n\n<p><span style=\"font-weight: 400;\">Nasze badania podkre\u015blaj\u0105 potencjalne zagro\u017cenia, od zmian regulacyjnych po zmiany gospodarcze, umo\u017cliwiaj\u0105c firmom proaktywne \u0142agodzenie wyzwa\u0144. Pomagamy r\u00f3wnie\u017c optymalizowa\u0107 strategie marketingowe, wskazuj\u0105c najskuteczniejsze kana\u0142y i komunikaty, zapewniaj\u0105c firmom skuteczne i efektywne dotarcie do docelowych odbiorc\u00f3w.<\/span><\/p>\n\n\n\n<p><b>Przyspieszony wzrost i innowacja:<\/b><span style=\"font-weight: 400;\">&nbsp;<\/span><\/p>\n\n\n\n<p><span style=\"font-weight: 400;\">Badania rynku SIS International wspieraj\u0105 innowacje poprzez odkrywanie pojawiaj\u0105cych si\u0119 trend\u00f3w i potrzeb konsument\u00f3w, sprzyjaj\u0105c rozwojowi nowych produkt\u00f3w i ekspansji rynkowej. Niezale\u017cnie od tego, czy eksplorujemy odnawialne \u017ar\u00f3d\u0142a energii, technologi\u0119 czy turystyk\u0119, nasze spostrze\u017cenia pomagaj\u0105 firmom przyspieszy\u0107 wzrost w dynamicznym krajobrazie rynkowym Nowej Fundlandii i Labradoru.<\/span><\/p>\n\n\n\n<h2 class=\"wp-block-heading\"><strong>O firmie SIS International<\/strong><\/h2>\n\n\n\n<p><a href=\"https:\/\/www.sisinternational.com\/pl\/\"><span style=\"font-weight: 400;\">SIS Mi\u0119dzynarodowy<\/span><\/a><span style=\"font-weight: 400;\"> oferuje badania ilo\u015bciowe, jako\u015bciowe i strategiczne. Dostarczamy dane, narz\u0119dzia, strategie, raporty i spostrze\u017cenia do podejmowania decyzji. Prowadzimy r\u00f3wnie\u017c wywiady, ankiety, grupy fokusowe i inne metody i podej\u015bcia do bada\u0144 rynku.<\/span><a href=\"https:\/\/www.sisinternational.com\/pl\/o-moich-miedzynarodowych-badaniach\/contact-sis-international-market-research\/\"><span style=\"font-weight: 400;\"> Skontaktuj si\u0119 z nami<\/span><\/a><span style=\"font-weight: 400;\"> dla Twojego kolejnego projektu badania rynku.<\/span><\/p>\n\n\n\n<p><\/p>","protected":false},"excerpt":{"rendered":"<p>Market Research in Newfoundland and Labrador Exploring the landscape of market research in Newfoundland and Labrador reveals a province filled with unique opportunities and complex challenges. Understanding the nuances of market research in Newfoundland and Labrador can offer a significant competitive advantage. It equips companies with the data necessary to thrive in this resource-rich yet &#8230; <a title=\"Badania rynku w Nowej Fundlandii i Labradorze\" class=\"read-more\" href=\"https:\/\/www.sisinternational.com\/pl\/zasieg\/north-america\/badania-rynku-kanada\/badania-rynku-nowa-fundlandia-i-labrador\/\" aria-label=\"Dowiedz si\u0119 wi\u0119cej o Market Research in Newfoundland and Labrador\">Czytaj dalej<\/a><\/p>","protected":false},"author":1,"featured_media":65319,"parent":16507,"menu_order":4,"comment_status":"closed","ping_status":"closed","template":"","meta":{"footnotes":""},"class_list":["post-39169","page","type-page","status-publish","has-post-thumbnail"],"_links":{"self":[{"href":"https:\/\/www.sisinternational.com\/pl\/wp-json\/wp\/v2\/pages\/39169","targetHints":{"allow":["GET"]}}],"collection":[{"href":"https:\/\/www.sisinternational.com\/pl\/wp-json\/wp\/v2\/pages"}],"about":[{"href":"https:\/\/www.sisinternational.com\/pl\/wp-json\/wp\/v2\/types\/page"}],"author":[{"embeddable":true,"href":"https:\/\/www.sisinternational.com\/pl\/wp-json\/wp\/v2\/users\/1"}],"replies":[{"embeddable":true,"href":"https:\/\/www.sisinternational.com\/pl\/wp-json\/wp\/v2\/comments?post=39169"}],"version-history":[{"count":6,"href":"https:\/\/www.sisinternational.com\/pl\/wp-json\/wp\/v2\/pages\/39169\/revisions"}],"predecessor-version":[{"id":77964,"href":"https:\/\/www.sisinternational.com\/pl\/wp-json\/wp\/v2\/pages\/39169\/revisions\/77964"}],"up":[{"embeddable":true,"href":"https:\/\/www.sisinternational.com\/pl\/wp-json\/wp\/v2\/pages\/16507"}],"wp:featuredmedia":[{"embeddable":true,"href":"https:\/\/www.sisinternational.com\/pl\/wp-json\/wp\/v2\/media\/65319"}],"wp:attachment":[{"href":"https:\/\/www.sisinternational.com\/pl\/wp-json\/wp\/v2\/media?parent=39169"}],"curies":[{"name":"wp","href":"https:\/\/api.w.org\/{rel}","templated":true}]}}