{"id":39120,"date":"2021-10-21T04:03:03","date_gmt":"2021-10-21T04:03:03","guid":{"rendered":"https:\/\/www.sisinternational.com\/?page_id=39120"},"modified":"2025-09-14T22:34:39","modified_gmt":"2025-09-15T02:34:39","slug":"psychographics-market-research","status":"publish","type":"page","link":"https:\/\/www.sisinternational.com\/pl\/rozwiazania\/rozwiazania-w-zakresie-badan-jakosciowych-i-ilosciowych\/psychographics-market-research\/","title":{"rendered":"Badania rynku psychograficznego"},"content":{"rendered":"<h1 class=\"wp-block-heading\">Badania rynku psychograficznego<\/h1>\n\n\n\n<figure class=\"gb-block-image gb-block-image-b944f77d\"><img loading=\"lazy\" decoding=\"async\" width=\"1456\" height=\"816\" class=\"gb-image gb-image-b944f77d\" src=\"https:\/\/www.sisinternational.com\/wp-content\/uploads\/2025\/08\/Non-profit-8-1.jpg\" alt=\"SIS Mi\u0119dzynarodowe badania rynku i strategia\" title=\"Non profit (8)\" srcset=\"https:\/\/www.sisinternational.com\/wp-content\/uploads\/2025\/08\/Non-profit-8-1.jpg 1456w, https:\/\/www.sisinternational.com\/wp-content\/uploads\/2025\/08\/Non-profit-8-1-300x168.jpg 300w, https:\/\/www.sisinternational.com\/wp-content\/uploads\/2025\/08\/Non-profit-8-1-1024x574.jpg 1024w, https:\/\/www.sisinternational.com\/wp-content\/uploads\/2025\/08\/Non-profit-8-1-768x430.jpg 768w, https:\/\/www.sisinternational.com\/wp-content\/uploads\/2025\/08\/Non-profit-8-1-18x10.jpg 18w\" sizes=\"auto, (max-width: 1456px) 100vw, 1456px\"><\/figure>\n\n\n\n<hr class=\"wp-block-separator has-alpha-channel-opacity is-style-dots\"\/>\n\n\n\n<h2 class=\"wp-block-heading\">About Psychographics<\/h2>\n\n\n\n<p>Psychographics is one of the four types of segmentation. It is also the study of the consumers based on their mental attributes. Psychographics explains \u201cwhy\u201d consumers are buying your product. It asks questions based on interests, values, lifestyle, income, and beliefs.<\/p>\n\n\n\n<p><strong>This type of Market Research has five variables:<\/strong><\/p>\n\n\n\n<ol class=\"wp-block-list\">\n<li>Personality<\/li>\n\n\n\n<li>Styl \u017cycia<\/li>\n\n\n\n<li>Social Status<\/li>\n\n\n\n<li>AIO (Activities, Interests, Opinions)<\/li>\n\n\n\n<li>Attitude<\/li>\n<\/ol>\n\n\n\n<p>Demographics is about \u201cwho\u201d the customer is. It entails finding data on age, gender, ethnicity, career, and education.<\/p>\n\n\n\n<p>Demographics and Psychographics work together to create a perfect consumer profile. The business can now use this profile to format new product ideas. Those ideas are in line with what the consumer desires.<\/p>\n\n\n\n<h2 class=\"wp-block-heading\">Why is it Important?<\/h2>\n\n\n\n<p>The success of a business lies in its ability to provide the best services to customers. You can only offer the <a href=\"https:\/\/www.linkedin.com\/company\/sisinternationalresearch\" target=\"_blank\" rel=\"noopener\">best services<\/a> if you know the customers you are marketing to. It also helps narrow the customer outlook. Doing so makes it easier to target those who are likely to buy your products and services.<\/p>\n\n\n\n<p>It makes it easy to manage resources. When you understand consumers\u2019 needs, you save resources. You can then develop more accurate products. You also save money from brand campaigns if you have a targeted crowd.<\/p>\n\n\n\n<p>Psychographics applies to many businesses. It is also helpful to customers. By learning their interests and dislikes, you can reject and launch products and build interest in the company. No one would seek a product not targeted to them.<\/p>\n\n\n\n<p>Psychographic segmentation is qualitative. Yet, because each customer has a broad range of AIOs, the information is better understood. When the company understands its buyers, it can improve its products. Seth Godin once said, \u201cDon\u2019t find customers for your products; find products for your customers.\u201d By increasing the value of your products, you keep customers coming back.<\/p>\n\n\n\n<h2 class=\"wp-block-heading\">Kluczowe stanowiska<\/h2>\n\n\n\n<h4 class=\"wp-block-heading\">Marketing Director<\/h4>\n\n\n\n<p>The Marketing Director is responsible for developing brands and customer personas. They also test different channels to optimize the customer experience and gather extensive demographic and psychographic data to do so.<\/p>\n\n\n\n<h4 class=\"wp-block-heading\">Customer Segment Manager<\/h4>\n\n\n\n<p>This person organizes all customer research groups. They must develop products that match customer profiles and transfer information for promoting goods to the marketing teams.<\/p>\n\n\n\n<h2 class=\"wp-block-heading\">Kluczowe czynniki sukcesu<\/h2>\n\n\n\n<p>Social Media is a critical factor in psychographics. The best way to know \u201cwhy\u201d is to ask \u201cwhy.\u201d You can invite customers to give their reasons for buying your products in the form of online surveys. It is a great way to better your services.<\/p>\n\n\n\n<p>Good marketing is also a vital success factor. The business must have a way to put all the psychographic data together. Doing so will enable it to cater to the needs of its customers. You can do all this through specialized advertising. Sales also define the success of this type of research.<\/p>\n\n\n\n<h2 class=\"wp-block-heading\">Why Businesses Need Psychographics<\/h2>\n\n\n\n<p><\/p>\n\n\n\n<figure class=\"gb-block-image gb-block-image-e1789400\"><img loading=\"lazy\" decoding=\"async\" width=\"1456\" height=\"816\" class=\"gb-image gb-image-e1789400\" src=\"https:\/\/www.sisinternational.com\/wp-content\/uploads\/2025\/08\/Business-17.jpg\" alt=\"SIS Mi\u0119dzynarodowe badania rynku i strategia\" title=\"Business (17)\" srcset=\"https:\/\/www.sisinternational.com\/wp-content\/uploads\/2025\/08\/Business-17.jpg 1456w, https:\/\/www.sisinternational.com\/wp-content\/uploads\/2025\/08\/Business-17-300x168.jpg 300w, https:\/\/www.sisinternational.com\/wp-content\/uploads\/2025\/08\/Business-17-1024x574.jpg 1024w, https:\/\/www.sisinternational.com\/wp-content\/uploads\/2025\/08\/Business-17-768x430.jpg 768w, https:\/\/www.sisinternational.com\/wp-content\/uploads\/2025\/08\/Business-17-18x10.jpg 18w\" sizes=\"auto, (max-width: 1456px) 100vw, 1456px\"><\/figure>\n\n\n\n<p><\/p>\n\n\n\n<p>Using psychographics is a creative way of better understanding your consumers. Customers are the root of your business. Without them, failure is bound to happen. Knowing your customer goes way beyond demographics. You also must understand how their minds work. You must know why they make the choices they do. With this, you can make your business and products work for them.<\/p>\n\n\n\n<p>It helps to target specific consumers: those who would likely buy from you. An example of this is a candle-making business. A demographic survey shows \u201cwho\u201d your customers are. Most of your buyers are women aged 17-26. This information is relevant but not enough.<\/p>\n\n\n\n<p>You should know why they buy from you, whether because of price, product, or occasion. Will they use these candles for decoration, gifts, or self? These are all questions psychographics answer. You now have a holistic view and image of your customer and their opinion. Thus, you can better target your products to a specific group. You can even create new products, which will, in turn, generate more sales.<\/p>\n\n\n\n<p>We\u2019ve seen how this tool is vital in helping you find out why customers buy your products. It also helps your business to create a strong user persona. Such a persona helps send the right message to select people. The business would now take the role of the buyer. They can now ask what they would like from the company and their products.<\/p>\n\n\n\n<p>Meeting customers\u2019 needs in products also builds brand loyalty. It gives consumers the feeling that you know them. It also makes them feel special. By meeting their needs in products, you also evoke their loyalty to your brand alone.<\/p>\n\n\n\n<h2 class=\"wp-block-heading\">About Psychographic Market Research<\/h2>\n\n\n\n<p>Psychographics is a unique form of <a class=\"wpil_keyword_link\" href=\"https:\/\/www.sisinternational.com\/pl\/rozwiazania\/badania-rynku-konsumenckiego\/\" title=\"Consumer Market Research Services for Smarter Business Decisions\" data-wpil-keyword-link=\"linked\" data-wpil-monitor-id=\"418\">badania rynku konsumenckiego<\/a>. Companies gather data through Focus Groups, Interviews, and Surveys. The data collected is a form of Qualitative Research, whereas demographics are Quantitative. Strategy Research is also important in making advertising plans. Thus, psychographics is excellent for consumer research.<\/p>\n\n\n\n<h2 class=\"wp-block-heading\">Lokalizacja naszego obiektu w Nowym Jorku<\/h2>\n\n\n\n<p>\n\n\n\n<iframe loading=\"lazy\" src=\"https:\/\/www.google.com\/maps\/embed?pb=!1m18!1m12!1m3!1d3022.976188376966!2d-73.99130312499956!3d40.740549471389315!2m3!1f0!2f0!3f0!3m2!1i1024!2i768!4f13.1!3m3!1m2!1s0x89c259a15798c731%3A0xd695d09bdd495f25!2s11%20E%2022nd%20St%20FL%202%2C%20New%20York%2C%20NY%2010010%2C%20USA!5e0!3m2!1sen!2spe!4v1726171763526!5m2!1sen!2spe\" width=\"600\" height=\"450\" allowfullscreen=\"allowfullscreen\" data-mce-fragment=\"1\"><\/iframe>\n\n\n\n<\/p>\n\n\n\n<h3 class=\"wp-block-heading\">11 E 22nd Street, pi\u0119tro 2, Nowy Jork, NY 10010 T: +1(212) 505-6805<\/h3>\n\n\n\n<hr class=\"wp-block-separator has-alpha-channel-opacity\"\/>\n\n\n\n<h2 class=\"wp-block-heading\"><span style=\"font-weight: 400;\">O firmie SIS International<\/span><\/h2>\n\n\n\n<p><a href=\"https:\/\/www.sisinternational.com\/pl\/\"><span style=\"font-weight: 400;\">SIS Mi\u0119dzynarodowy<\/span><\/a><span style=\"font-weight: 400;\"> oferuje badania ilo\u015bciowe, jako\u015bciowe i strategiczne. Dostarczamy dane, narz\u0119dzia, strategie, raporty i spostrze\u017cenia do podejmowania decyzji. Prowadzimy r\u00f3wnie\u017c wywiady, ankiety, grupy fokusowe i inne metody i podej\u015bcia do bada\u0144 rynku.<\/span><a href=\"https:\/\/www.sisinternational.com\/pl\/o-moich-miedzynarodowych-badaniach\/contact-sis-international-market-research\/\"><span style=\"font-weight: 400;\"> Skontaktuj si\u0119 z nami<\/span><\/a><span style=\"font-weight: 400;\"> dla Twojego kolejnego projektu badania rynku.<\/span><\/p>\n\n\n\n<p><\/p>","protected":false},"excerpt":{"rendered":"<p>Rozwijaj sw\u00f3j biznes dzi\u0119ki badaniom rynku Psychographics.<\/p>","protected":false},"author":1,"featured_media":62999,"parent":14660,"menu_order":22,"comment_status":"closed","ping_status":"closed","template":"","meta":{"footnotes":""},"class_list":["post-39120","page","type-page","status-publish","has-post-thumbnail"],"_links":{"self":[{"href":"https:\/\/www.sisinternational.com\/pl\/wp-json\/wp\/v2\/pages\/39120","targetHints":{"allow":["GET"]}}],"collection":[{"href":"https:\/\/www.sisinternational.com\/pl\/wp-json\/wp\/v2\/pages"}],"about":[{"href":"https:\/\/www.sisinternational.com\/pl\/wp-json\/wp\/v2\/types\/page"}],"author":[{"embeddable":true,"href":"https:\/\/www.sisinternational.com\/pl\/wp-json\/wp\/v2\/users\/1"}],"replies":[{"embeddable":true,"href":"https:\/\/www.sisinternational.com\/pl\/wp-json\/wp\/v2\/comments?post=39120"}],"version-history":[{"count":10,"href":"https:\/\/www.sisinternational.com\/pl\/wp-json\/wp\/v2\/pages\/39120\/revisions"}],"predecessor-version":[{"id":74915,"href":"https:\/\/www.sisinternational.com\/pl\/wp-json\/wp\/v2\/pages\/39120\/revisions\/74915"}],"up":[{"embeddable":true,"href":"https:\/\/www.sisinternational.com\/pl\/wp-json\/wp\/v2\/pages\/14660"}],"wp:featuredmedia":[{"embeddable":true,"href":"https:\/\/www.sisinternational.com\/pl\/wp-json\/wp\/v2\/media\/62999"}],"wp:attachment":[{"href":"https:\/\/www.sisinternational.com\/pl\/wp-json\/wp\/v2\/media?parent=39120"}],"curies":[{"name":"wp","href":"https:\/\/api.w.org\/{rel}","templated":true}]}}