{"id":39109,"date":"2021-10-21T02:28:26","date_gmt":"2021-10-21T02:28:26","guid":{"rendered":"https:\/\/www.sisinternational.com\/?page_id=39109"},"modified":"2025-09-14T23:13:32","modified_gmt":"2025-09-15T03:13:32","slug":"change-management-market-research","status":"publish","type":"page","link":"https:\/\/www.sisinternational.com\/pl\/rozwiazania\/doradztwo-strategiczne\/change-management-market-research\/","title":{"rendered":"Badania rynku zarz\u0105dzania zmian\u0105"},"content":{"rendered":"<h1 class=\"wp-block-heading\">Badania rynku zarz\u0105dzania zmian\u0105<\/h1>\n\n\n\n<figure class=\"gb-block-image gb-block-image-005341ab\"><img loading=\"lazy\" decoding=\"async\" width=\"1456\" height=\"816\" class=\"gb-image gb-image-005341ab\" src=\"https:\/\/www.sisinternational.com\/wp-content\/uploads\/2025\/08\/Inventory-Management-4.jpg\" alt=\"SIS Mi\u0119dzynarodowe badania rynku i strategia\" title=\"Inventory Management (4)\" srcset=\"https:\/\/www.sisinternational.com\/wp-content\/uploads\/2025\/08\/Inventory-Management-4.jpg 1456w, https:\/\/www.sisinternational.com\/wp-content\/uploads\/2025\/08\/Inventory-Management-4-300x168.jpg 300w, https:\/\/www.sisinternational.com\/wp-content\/uploads\/2025\/08\/Inventory-Management-4-1024x574.jpg 1024w, https:\/\/www.sisinternational.com\/wp-content\/uploads\/2025\/08\/Inventory-Management-4-768x430.jpg 768w, https:\/\/www.sisinternational.com\/wp-content\/uploads\/2025\/08\/Inventory-Management-4-18x10.jpg 18w\" sizes=\"auto, (max-width: 1456px) 100vw, 1456px\"><\/figure>\n\n\n\n<p><\/p>\n\n\n\n<h2 class=\"wp-block-heading\">What is Change Management?<\/h2>\n\n\n\n<p>Change is a constant part of a person\u2019s life, and it is also a feature of every business. Companies can manage change.<\/p>\n\n\n\n<p>We often refer to Change Management as \u201cCM.\u201d It describes specific manners and methods used by a business. These methods allow a company to achieve both internal and external change. Some examples include putting the required steps for change in place. Besides, keeping an eye on pre- and post-change activities ensures success when the plan is put into action.<\/p>\n\n\n\n<p>Disruptions within a business are routine. As a result, it is essential to use a structured approach when dealing with the change. Such an approach ensures a good transition.<\/p>\n\n\n\n<h2 class=\"wp-block-heading\">Why is it Important?<\/h2>\n\n\n\n<p>Change Management allows companies to achieve the preferred outcome when going through a change. It also promotes improved business processes. Change Management is vital to businesses as it assesses, redesigns, and implements new strategies.<\/p>\n\n\n\n<p>Change <a href=\"https:\/\/www.sisinternational.com\/pl\/rozwiazania\/sis-global-growth\/global-project-management\/\" title=\"Global Project Management Consulting\"  data-wpil-monitor-id=\"11181\">Management also shrinks project<\/a> overheads. Changes in projects which go unmanaged can lead to high costs. These costs may exceed budget constraints.<\/p>\n\n\n\n<p>Practical Change Management allows for the prediction and prevention of problems.<\/p>\n\n\n\n<p>Risk mitigation is also a benefit. Thus, doing risk assessments and creating risk mitigation plans are common.<\/p>\n\n\n\n<p>Change Management also improves employee experiences and company culture.<\/p>\n\n\n\n<h2 class=\"wp-block-heading\">Kluczowe stanowiska<\/h2>\n\n\n\n<p>In general, people in <a href=\"https:\/\/www.sisinternational.com\/pl\/rozwiazania\/badania-rynku-i-doradztwo-strategiczne-w-zakresie-sztucznej-inteligencji\/change-management-automation-artificial-intelligence-consulting\/\" title=\"Change Management Automation and AI Consulting\"  data-wpil-monitor-id=\"7613\">Change Management jobs may consult<\/a> or have in-house positions. The changes they put in place range from systems design to business practices. There is a wide range of jobs in the field of Change Management. Some examples of critical jobs are:<\/p>\n\n\n\n<ul class=\"wp-block-list\">\n<li>Change Management Specialist<\/li>\n\n\n\n<li>Program Manager<\/li>\n\n\n\n<li>Program Analyst<\/li>\n\n\n\n<li><a href=\"https:\/\/www.sisinternational.com\/pl\/rozwiazania\/doradztwo-strategiczne-fintech-badania\/financial-service-change-management-market-research-strategy-consulting\/\" title=\"Zarz\u0105dzanie zmian\u0105 w us\u0142ugach finansowych Badania rynku i doradztwo strategiczne\"  data-wpil-monitor-id=\"11178\">Change Management Consultant<\/a><\/li>\n\n\n\n<li>Senior Engineer<\/li>\n\n\n\n<li>Change Management Product Owner<\/li>\n<\/ul>\n\n\n\n<h2 class=\"wp-block-heading\">Why Businesses Need Change Management<\/h2>\n\n\n\n<p>Change is a crucial aspect that allows businesses to grow and evolve. As a result, when a company changes, efficiency must be a priority. Change Management provides this efficiency in many ways which aid the business. It helps manage the amount of change that occurs. It also offers financial benefits, and companies can get better results.<\/p>\n\n\n\n<p>Change Management allows a <a href=\"https:\/\/www.sisinternational.com\/pl\/predictive-analytics\/\" title=\"Predictive Analytics: Your Crystal Ball for Business Success\"  data-wpil-monitor-id=\"11190\">business to stay successful<\/a> and competitive. This success comes about because it can help companies to prepare for the many changes which lie ahead.<\/p>\n\n\n\n<p>An established Change Management system in a business inspires consistency. A standard approach allows for the <a href=\"https:\/\/www.sisinternational.com\/pl\/how-to-design-effective-surveys-for-quantitative-research\/\" title=\"How to Design Effective Surveys for Quantitative Research\"  data-wpil-monitor-id=\"11188\">design of more effective<\/a> strategies.<\/p>\n\n\n\n<p>Data suggests that Change Management affects the ROI of a business. Changes in ROI are due to many factors. One example is employees who are non-compliant to change. Non-compliance may cause low productivity, hence a small ROI. Yet, Change Management prevents this as it plans and forges the best way to change a company.<\/p>\n\n\n\n<h2 class=\"wp-block-heading\">Kluczowe czynniki sukcesu<\/h2>\n\n\n\n<figure class=\"gb-block-image gb-block-image-9d575b71\"><img loading=\"lazy\" decoding=\"async\" width=\"1456\" height=\"816\" class=\"gb-image gb-image-9d575b71\" src=\"https:\/\/www.sisinternational.com\/wp-content\/uploads\/2025\/08\/Strategy-consulting-19.jpg\" alt=\"SIS Mi\u0119dzynarodowe badania rynku i strategia\" title=\"Strategy consulting (19)\" srcset=\"https:\/\/www.sisinternational.com\/wp-content\/uploads\/2025\/08\/Strategy-consulting-19.jpg 1456w, https:\/\/www.sisinternational.com\/wp-content\/uploads\/2025\/08\/Strategy-consulting-19-300x168.jpg 300w, https:\/\/www.sisinternational.com\/wp-content\/uploads\/2025\/08\/Strategy-consulting-19-1024x574.jpg 1024w, https:\/\/www.sisinternational.com\/wp-content\/uploads\/2025\/08\/Strategy-consulting-19-768x430.jpg 768w, https:\/\/www.sisinternational.com\/wp-content\/uploads\/2025\/08\/Strategy-consulting-19-18x10.jpg 18w\" sizes=\"auto, (max-width: 1456px) 100vw, 1456px\"><\/figure>\n\n\n\n<p><\/p>\n\n\n\n<p>Many vital factors affect the success of Change Management within a business. Some of these include:<\/p>\n\n\n\n<ul class=\"wp-block-list\">\n<li>Active and visible examples from senior company officials<\/li>\n\n\n\n<li>A structured Change Management approach<\/li>\n\n\n\n<li>Assigning resources and funding to Change Management<\/li>\n\n\n\n<li>Frequent and open reporting about the change and the need for change<\/li>\n\n\n\n<li>Employee engagement<\/li>\n\n\n\n<li>Engagement and <a href=\"https:\/\/www.sisinternational.com\/pl\/rozwiazania\/badania-rynku-i-doradztwo-strategiczne-w-zakresie-sztucznej-inteligencji\/api-integration-management-market-research\/\" title=\"Badania rynku zarz\u0105dzania integracj\u0105 API\"  data-wpil-monitor-id=\"11186\">integration with project management<\/a><\/li>\n\n\n\n<li>Engagement with and support from middle management<\/li>\n<\/ul>\n\n\n\n<p>To summarize, proper planning and reporting are the keys to success with Change Management. Also, a business must <a href=\"https:\/\/www.sisinternational.com\/pl\/rozwiazania\/doradztwo-strategiczne-fintech-badania\/investment-management-market-research\/\" title=\"Badania rynku zarz\u0105dzania inwestycjami\"  data-wpil-monitor-id=\"11185\">invest in Change Management<\/a>. To do this, it has to allot enough resources to Change Management.<\/p>\n\n\n\n<h2 class=\"wp-block-heading\">About Change Management Market Research<\/h2>\n\n\n\n<p>Quantitative, Qualitative, and <a href=\"https:\/\/www.sisinternational.com\/pl\/rozwiazania\/podroze-turystyka-hotelarstwo-doradztwo\/hotel-management-company-market-research-strategy-consulting\/\" title=\"Badania rynku i doradztwo strategiczne dla firm zarz\u0105dzaj\u0105cych hotelami\"  data-wpil-monitor-id=\"11180\">Strategy Research help companies<\/a> to achieve their goals. This research may take the form of Interviews, Surveys, or Focus Groups.<\/p>\n\n\n\n<p>For Change Management, businesses should understand its importance. They should also acknowledge its ability to guarantee success. Thus, research into this area is necessary for any growing business. Many transitions occur during the creation and operation of a new business. Adequate <a href=\"https:\/\/www.sisinternational.com\/pl\/ekspertyza\/branze\/climate-change-market-research\/\" title=\"Badania rynku zmian klimatycznych\"  data-wpil-monitor-id=\"4976\">research into a Change<\/a> Management system and Change Management experts is crucial. <a href=\"https:\/\/www.sisinternational.com\/pl\/ekspertyza\/cv-z-doswiadczeniem\/cv-z-doswiadczeniem-w-branzy-motoryzacyjnej\/\" title=\"Firma badawcza rynku bran\u017cy motoryzacyjnej\"  data-wpil-monitor-id=\"11183\">Research ensures the company<\/a> puts resources toward Change Management and gets the best guidance.<\/p>\n\n\n\n<p><\/p>","protected":false},"excerpt":{"rendered":"<p>SIS to globalna firma konsultingowa w zakresie bada\u0144 rynku i strategii. Rozwijaj sw\u00f3j biznes dzi\u0119ki Change Management Market Research.<\/p>","protected":false},"author":1,"featured_media":64929,"parent":14567,"menu_order":16,"comment_status":"closed","ping_status":"closed","template":"","meta":{"footnotes":""},"class_list":["post-39109","page","type-page","status-publish","has-post-thumbnail"],"_links":{"self":[{"href":"https:\/\/www.sisinternational.com\/pl\/wp-json\/wp\/v2\/pages\/39109","targetHints":{"allow":["GET"]}}],"collection":[{"href":"https:\/\/www.sisinternational.com\/pl\/wp-json\/wp\/v2\/pages"}],"about":[{"href":"https:\/\/www.sisinternational.com\/pl\/wp-json\/wp\/v2\/types\/page"}],"author":[{"embeddable":true,"href":"https:\/\/www.sisinternational.com\/pl\/wp-json\/wp\/v2\/users\/1"}],"replies":[{"embeddable":true,"href":"https:\/\/www.sisinternational.com\/pl\/wp-json\/wp\/v2\/comments?post=39109"}],"version-history":[{"count":6,"href":"https:\/\/www.sisinternational.com\/pl\/wp-json\/wp\/v2\/pages\/39109\/revisions"}],"predecessor-version":[{"id":81825,"href":"https:\/\/www.sisinternational.com\/pl\/wp-json\/wp\/v2\/pages\/39109\/revisions\/81825"}],"up":[{"embeddable":true,"href":"https:\/\/www.sisinternational.com\/pl\/wp-json\/wp\/v2\/pages\/14567"}],"wp:featuredmedia":[{"embeddable":true,"href":"https:\/\/www.sisinternational.com\/pl\/wp-json\/wp\/v2\/media\/64929"}],"wp:attachment":[{"href":"https:\/\/www.sisinternational.com\/pl\/wp-json\/wp\/v2\/media?parent=39109"}],"curies":[{"name":"wp","href":"https:\/\/api.w.org\/{rel}","templated":true}]}}