{"id":39077,"date":"2021-10-20T18:59:39","date_gmt":"2021-10-20T18:59:39","guid":{"rendered":"https:\/\/www.sisinternational.com\/?page_id=39077"},"modified":"2025-10-22T19:40:18","modified_gmt":"2025-10-22T23:40:18","slug":"analiza-maxdiff","status":"publish","type":"page","link":"https:\/\/www.sisinternational.com\/pl\/rozwiazania\/rozwiazania-w-zakresie-badan-jakosciowych-i-ilosciowych\/analiza-maxdiff\/","title":{"rendered":"Analiza Maxdiff"},"content":{"rendered":"<h1 class=\"wp-block-heading\">Analiza Maxdiff<\/h1>\n\n\n\n<figure class=\"gb-block-image gb-block-image-fa50b16a\"><img loading=\"lazy\" decoding=\"async\" width=\"1456\" height=\"816\" class=\"gb-image gb-image-fa50b16a\" src=\"https:\/\/www.sisinternational.com\/wp-content\/uploads\/2025\/10\/analysis-analytics-research-10.jpg\" alt=\"SIS Mi\u0119dzynarodowe badania rynku i strategia\" title=\"analysis analytics research (10)\" srcset=\"https:\/\/www.sisinternational.com\/wp-content\/uploads\/2025\/10\/analysis-analytics-research-10.jpg 1456w, https:\/\/www.sisinternational.com\/wp-content\/uploads\/2025\/10\/analysis-analytics-research-10-300x168.jpg 300w, https:\/\/www.sisinternational.com\/wp-content\/uploads\/2025\/10\/analysis-analytics-research-10-1024x574.jpg 1024w, https:\/\/www.sisinternational.com\/wp-content\/uploads\/2025\/10\/analysis-analytics-research-10-768x430.jpg 768w, https:\/\/www.sisinternational.com\/wp-content\/uploads\/2025\/10\/analysis-analytics-research-10-18x10.jpg 18w\" sizes=\"auto, (max-width: 1456px) 100vw, 1456px\"><\/figure>\n\n\n\n<p><\/p>\n\n\n\n<h2 class=\"wp-block-heading p1\">Analiza Maxdiff jest metod\u0105 skalowania s\u0142u\u017c\u0105c\u0105 do zliczania odpowiedzi udzielanych w ankietach.<\/h2>\n\n\n\n<p class=\"p1\">It also measures preference scores and values that customers put on a list of items. The Maxdiff Analysis is very much like the Conjoint Analysis. But it is much easier to use. It\u2019s also more precise than Conjoint when it comes to analyzing essential information. This method shows participants the best and worst options in a list of items. Companies use it to see the traits that customers find most important. They can then adjust their <a href=\"https:\/\/www.sisinternational.com\/pl\/rozwiazania\/testowanie-smaku\/uslugi-testowania-produktow-w-nowym-jorku\/\" title=\"Us\u0142ugi testowania produkt\u00f3w w Nowym Jorku\"  data-wpil-monitor-id=\"7827\">products or services<\/a> to suit.<\/p>\n\n\n\n<h2 class=\"wp-block-heading\">Dlaczego analiza Maxdiff jest wa\u017cna?<\/h2>\n\n\n\n<p class=\"p1\">Maxdiff analysis is a tremendous aid to researchers. They use this method to find features that suit customers\u2019 choices. <a href=\"https:\/\/www.sisinternational.com\/pl\/rozwiazania\/online-survey-sampling-market-research-company\/\" title=\"Online Survey Sampling Market Research Company\"  data-wpil-monitor-id=\"7826\">Companies create surveys<\/a> to see the most chosen things by customers. Also, to know the things that will make a difference in their business.<\/p>\n\n\n\n<p class=\"p1\">Dzia\u0142y marketingu, na przyk\u0142ad w sektorze turystycznym, cz\u0119sto korzystaj\u0105 z Maxdiff. Ta metoda mo\u017ce pom\u00f3c por\u00f3wna\u0107 osobliwo\u015bci dw\u00f3ch miejsc. Nast\u0119pnie mo\u017ce zaw\u0119zi\u0107 podejmowanie decyzji na podstawie podanego bud\u017cetu. Na przyk\u0142ad mo\u017ce zapewni\u0107 opcje dotycz\u0105ce poziomu luksusu, kuchni i tego, czy odwiedzaj\u0105cy chc\u0105 zobaczy\u0107 lokaln\u0105 przyrod\u0119. Mog\u0105 r\u00f3wnie\u017c zdecydowa\u0107 o \u017cyciu nocnym, pla\u017cach i zaj\u0119ciach kulturalnych na swoj\u0105 podr\u00f3\u017c. Nast\u0119pnie mog\u0105 por\u00f3wna\u0107 opcje i wybra\u0107 jedn\u0105.<\/p>\n\n\n\n<h2 class=\"wp-block-heading\">Kluczowe stanowiska<\/h2>\n\n\n\n<p class=\"p2\">W marketingu analiza ta pe\u0142ni rol\u0119 d\u017awigni. Pomaga badaczom rynku uzyska\u0107 ranking dla wszystkich r\u00f3\u017cnych przedstawionych opcji. Te wyniki pomagaj\u0105 w zarz\u0105dzaniu bud\u017cetem. Pomagaj\u0105 r\u00f3wnie\u017c w ustaleniu, co klienci lubi\u0105 najbardziej, a co najmniej.<span class=\"Apple-converted-space\">&nbsp;<\/span><\/p>\n\n\n\n<p class=\"p2\">The Maxdiff analysis makes specific hunches about how people make their choices, which is very useful for the marketing industry. By using this method, businesses can make profits. Why? Because they spend time focusing on the things the customers want and need instead of stocking up on items people do not want. After gaining this type of information, it\u2019s easier to <a href=\"https:\/\/www.sisinternational.com\/pl\/rozwiazania\/legal-market-research\/law-firm-spend-management-market-research\/\" title=\"Zarz\u0105dzanie wydatkami w kancelarii prawnej Badania rynku\"  data-wpil-monitor-id=\"7825\">manage their spending<\/a>. Profits will rise, and market researchers can then move to find new bestsellers.<\/p>\n\n\n\n<h2 class=\"wp-block-heading\">Dlaczego firmy potrzebuj\u0105 analizy Maxdiff<\/h2>\n\n\n\n<p class=\"p2\">The Maxdiff analysis shows preferences. Likewise, businesses can use it to make final choices in different areas. It also helps to focus on essential areas. Also, it makes the most of the budget by evaluating the answers collected from the surveys. This process then allows the company to make the best choices for itself. Other survey types like rank order, matrix, and rating scales lack this ability. That\u2019s why this <a href=\"https:\/\/www.sisinternational.com\/pl\/quantitative-market-research-methods-and-techniques\/\" title=\"Quantitative Market Research Methods and Techniques\"  data-wpil-monitor-id=\"7823\">method is an excellent research<\/a> tool.<\/p>\n\n\n\n<p class=\"p2\">Ta metoda jest najbardziej u\u017cyteczna w przypadku danych preferencji jednopoziomowych. Jest wygodna, gdy firmy musz\u0105 podejmowa\u0107 wa\u017cne decyzje, takie jak wyb\u00f3r najpopularniejszego rodzaju napoju gazowanego. W ten spos\u00f3b Maxdiff daje klientom g\u0142os w kwestii tego, kt\u00f3re produkty pozostaj\u0105 na p\u00f3\u0142ce, a kt\u00f3re s\u0105 wycinane.<\/p>\n\n\n\n<p class=\"p2\">Conjoint analysis is the opposite of this data collection method. For instance, it comes in handy when collecting many different levels of choices.<\/p>\n\n\n\n<h2 class=\"wp-block-heading\">Kluczowe czynniki sukcesu<\/h2>\n\n\n\n<p class=\"p2\">U\u017cycie tej metody zapewnia wa\u017cne oceny dla ka\u017cdego elementu. Mo\u017ce r\u00f3wnie\u017c pokaza\u0107, jak wa\u017cne s\u0105 te produkty w stosunku do siebie. G\u0142\u00f3wne korzy\u015bci z u\u017cywania Maxdiff to:<\/p>\n\n\n\n<p class=\"p2\">1. Mocny os\u0105d<\/p>\n\n\n\n<p class=\"p2\">2. \u0141atwo jest uzyska\u0107 odpowiedzi<\/p>\n\n\n\n<p class=\"p2\">3. Allows the <a href=\"https:\/\/www.sisinternational.com\/pl\/rozwiazania\/rozwiazania-w-zakresie-brandingu-i-badan-klientow\/badania-rynku-testowanie-produktow\/new-product-concept-testing-methods\/\" title=\"New Product Concept Testing Methods\"  data-wpil-monitor-id=\"7828\">testing<\/a> of more items than with other methods<\/p>\n\n\n\n<p class=\"p2\">4. Podaje dane wsp\u00f3\u0142czynnikowe i mierzy wszystkie r\u00f3\u017cnice<\/p>\n\n\n\n<p class=\"p2\">5. Bez ogranicze\u0144<\/p>\n\n\n\n<p class=\"p2\">Nie tylko potrafi wykonywa\u0107 wszystkie te czynno\u015bci i zarz\u0105dza\u0107 wynikami, ale ma te\u017c inne zalety, takie jak TURF (Total Unduplicated Reach and Frequency \u2013 ca\u0142kowity niezduplikowany zasi\u0119g i cz\u0119stotliwo\u015b\u0107). TURF mo\u017ce wskaza\u0107, kt\u00f3re dane najprawdopodobniej obejm\u0105 znaczn\u0105 cz\u0119\u015b\u0107 Twojego celu.<\/p>\n\n\n\n<h2 class=\"wp-block-heading\">O firmie Maxdiff Market Research<\/h2>\n\n\n\n<p class=\"p2\">If your company is thinking of using this method of analysis, then you\u2019ve come to the right place. We have created focus groups to help in this area, and also in survey making and interviews. This company also does strategic, quantitative, and <a href=\"https:\/\/www.sisinternational.com\/pl\/wiodaca-globalna-firma-zajmujaca-sie-badaniami-jakosciowymi\/\" title=\"Wiod\u0105ca globalna firma zajmuj\u0105ca si\u0119 badaniami jako\u015bciowymi\"  data-wpil-monitor-id=\"7820\">qualitative research for companies<\/a> we support. We can give you the tools to make the best decisions to improve your company. We are always willing to assist in growing new companies. So please feel free to contact us.<\/p>\n\n\n\n<p><\/p>","protected":false},"excerpt":{"rendered":"<p>Analiza Maxdiff to metoda skalowania u\u017cywana do zliczania opinii z ankiet. Mierzy r\u00f3wnie\u017c wyniki preferencji i warto\u015bci, jakie klienci przypisuj\u0105 li\u015bcie pozycji.<\/p>","protected":false},"author":1,"featured_media":71908,"parent":14660,"menu_order":20,"comment_status":"closed","ping_status":"closed","template":"","meta":{"footnotes":""},"class_list":["post-39077","page","type-page","status-publish","has-post-thumbnail"],"_links":{"self":[{"href":"https:\/\/www.sisinternational.com\/pl\/wp-json\/wp\/v2\/pages\/39077","targetHints":{"allow":["GET"]}}],"collection":[{"href":"https:\/\/www.sisinternational.com\/pl\/wp-json\/wp\/v2\/pages"}],"about":[{"href":"https:\/\/www.sisinternational.com\/pl\/wp-json\/wp\/v2\/types\/page"}],"author":[{"embeddable":true,"href":"https:\/\/www.sisinternational.com\/pl\/wp-json\/wp\/v2\/users\/1"}],"replies":[{"embeddable":true,"href":"https:\/\/www.sisinternational.com\/pl\/wp-json\/wp\/v2\/comments?post=39077"}],"version-history":[{"count":5,"href":"https:\/\/www.sisinternational.com\/pl\/wp-json\/wp\/v2\/pages\/39077\/revisions"}],"predecessor-version":[{"id":81320,"href":"https:\/\/www.sisinternational.com\/pl\/wp-json\/wp\/v2\/pages\/39077\/revisions\/81320"}],"up":[{"embeddable":true,"href":"https:\/\/www.sisinternational.com\/pl\/wp-json\/wp\/v2\/pages\/14660"}],"wp:featuredmedia":[{"embeddable":true,"href":"https:\/\/www.sisinternational.com\/pl\/wp-json\/wp\/v2\/media\/71908"}],"wp:attachment":[{"href":"https:\/\/www.sisinternational.com\/pl\/wp-json\/wp\/v2\/media?parent=39077"}],"curies":[{"name":"wp","href":"https:\/\/api.w.org\/{rel}","templated":true}]}}